{"id":223,"date":"2022-01-18T11:03:50","date_gmt":"2022-01-18T11:03:50","guid":{"rendered":"https:\/\/blogsaverroes.juntadeandalucia.es\/iescabeza\/?page_id=223"},"modified":"2025-06-16T10:18:16","modified_gmt":"2025-06-16T10:18:16","slug":"lectura-y-biblioteca","status":"publish","type":"page","link":"https:\/\/blogsaverroes.juntadeandalucia.es\/iescabeza\/lectura-y-biblioteca\/","title":{"rendered":"Lectura y Biblioteca"},"content":{"rendered":"<p><strong><span style=\"font-size: 14pt\">PLAN DE LECTURA Y BIBLIOTECA<\/span><\/strong><\/p>\n<p style=\"text-align: justify\">El objetivo de este plan es fomentar la lectura y el uso de la biblioteca entre el alumnado y dem\u00e1s personal del centro. La biblioteca debe ser un lugar de exposici\u00f3n de trabajos, un punto de encuentro donde relajarse y disfrutar de la lectura, adem\u00e1s se usa como sala de estudio en los recreos y se persigue para los pr\u00f3ximos cursos la consolidaci\u00f3n de nuestra ludoteca con numerosos juegos educativos. En el plan de lectura y Biblioteca se organizan numerosas actividades a lo largo del curso relacionadas con el fomento de la lectura y relacionadas con diversas efem\u00e9rides y varios planes y proyectos educativos de nuestro centro. An\u00edmate a leer porque leer es so\u00f1ar, es viajar, es descubrir, es conocer\u2026<\/p>\n","protected":false},"excerpt":{"rendered":"<p>PLAN DE LECTURA Y BIBLIOTECA El objetivo de este plan es fomentar la lectura y el uso de la biblioteca entre el alumnado y dem\u00e1s personal del centro. La biblioteca debe ser un lugar&#46;&#46;&#46;<\/p>\n","protected":false},"author":13753,"featured_media":0,"parent":0,"menu_order":0,"comment_status":"closed","ping_status":"closed","template":"","meta":{"ngg_post_thumbnail":0,"footnotes":""},"aioseo_notices":[],"_links":{"self":[{"href":"https:\/\/blogsaverroes.juntadeandalucia.es\/iescabeza\/wp-json\/wp\/v2\/pages\/223"}],"collection":[{"href":"https:\/\/blogsaverroes.juntadeandalucia.es\/iescabeza\/wp-json\/wp\/v2\/pages"}],"about":[{"href":"https:\/\/blogsaverroes.juntadeandalucia.es\/iescabeza\/wp-json\/wp\/v2\/types\/page"}],"author":[{"embeddable":true,"href":"https:\/\/blogsaverroes.juntadeandalucia.es\/iescabeza\/wp-json\/wp\/v2\/users\/13753"}],"replies":[{"embeddable":true,"href":"https:\/\/blogsaverroes.juntadeandalucia.es\/iescabeza\/wp-json\/wp\/v2\/comments?post=223"}],"version-history":[{"count":6,"href":"https:\/\/blogsaverroes.juntadeandalucia.es\/iescabeza\/wp-json\/wp\/v2\/pages\/223\/revisions"}],"predecessor-version":[{"id":2671,"href":"https:\/\/blogsaverroes.juntadeandalucia.es\/iescabeza\/wp-json\/wp\/v2\/pages\/223\/revisions\/2671"}],"wp:attachment":[{"href":"https:\/\/blogsaverroes.juntadeandalucia.es\/iescabeza\/wp-json\/wp\/v2\/media?parent=223"}],"curies":[{"name":"wp","href":"https:\/\/api.w.org\/{rel}","templated":true}]}}