{"id":259,"date":"2022-01-19T08:35:26","date_gmt":"2022-01-19T08:35:26","guid":{"rendered":"https:\/\/blogsaverroes.juntadeandalucia.es\/iescabeza\/?page_id=259"},"modified":"2026-01-30T08:41:51","modified_gmt":"2026-01-30T08:41:51","slug":"proyecto-bilingue","status":"publish","type":"page","link":"https:\/\/blogsaverroes.juntadeandalucia.es\/iescabeza\/bilinguismo\/proyecto-bilingue\/","title":{"rendered":"Proyecto Biling\u00fce"},"content":{"rendered":"<p><b>SOMOS BILING\u00dcES<\/b><\/p>\n<p style=\"text-align: justify\"><span style=\"font-weight: 400\">El IES Nuestra Se\u00f1ora de la Cabeza es centro biling\u00fce ingl\u00e9s desde el a\u00f1o 2006. Actualmente el programa biling\u00fce est\u00e1 plenamente implantado en todos los grupos de la Educaci\u00f3n Secundaria Obligatoria (1, 2\u00ba, 3\u00ba y 4\u00ba de ESO) y en Bachillerato.<\/span><\/p>\n<p style=\"text-align: justify\"><span style=\"font-weight: 400\">El proyecto biling\u00fce se organiza en torno a 7 departamentos que imparten<\/span><\/p>\n<p style=\"text-align: justify\"><span style=\"font-weight: 400\">sus asignaturas parcialmente en ingl\u00e9s: Geograf\u00eda\/Historia, Geolog\u00eda\/Biolog\u00eda, Educaci\u00f3n F\u00edsica, F\u00edsica y Qu\u00edmica, Tecnolog\u00eda, Matem\u00e1ticas, y Filosof\u00eda.&nbsp;<\/span><\/p>\n<p style=\"text-align: justify\"><span style=\"font-weight: 400\">Adem\u00e1s, el centro ofrece a sus alumnos la asignatura de Ingl\u00e9s como primera lengua extranjera, y franc\u00e9s o alem\u00e1n como segunda lengua extranjera,&nbsp; lo que lo convierte en un centro de referencia en cuanto a oferta educativa en lenguas extranjeras.<\/span><\/p>\n<p style=\"text-align: justify\"><span style=\"font-weight: 400\">Nuestro alumnado tiene as\u00ed la oportunidad de acceder a los contenidos de estas asignaturas tanto en ingl\u00e9s como en espa\u00f1ol y, a trav\u00e9s de actividades comunicativas y motivadoras, puede practicar y desarrollar sus competencias ling\u00fc\u00edsticas en un idioma que no es el suyo, poniendo especial \u00e9nfasis en la oralidad de la lengua extranjera.<\/span><\/p>\n<p style=\"text-align: justify\"><span style=\"font-weight: 400\">Adem\u00e1s, nuestro programa biling\u00fce ofrece la oportunidad de conocer la cultura de pa\u00edses de habla inglesa. A este respecto, contamos desde hace varios a\u00f1os con la colaboraci\u00f3n de auxiliares de conversaci\u00f3n de habla inglesa que brindan a nuestro alumnado un contacto directo y aut\u00e9ntico con la lengua y cultura de los pa\u00edses de habla inglesa.<\/span><\/p>\n<p style=\"text-align: justify\"><span style=\"font-weight: 400\">!Ya tenemos nuestra propia web!<\/span><\/p>\n<p><a href=\"https:\/\/sites.google.com\/iescabeza.es\/webbilinguismo\/inicio\" target=\"_blank\" rel=\"noopener noreferrer\"><img fetchpriority=\"high\" decoding=\"async\" class=\"aligncenter wp-image-1320 size-full\" src=\"https:\/\/blogsaverroes.juntadeandalucia.es\/iescabeza\/files\/2022\/11\/banner_bilinguismo-980-\u00d7-150-px-600-\u00d7-150-px.gif\" alt=\"\" width=\"600\" height=\"150\"><\/a><\/p>\n<p>&nbsp;<\/p>\n<p><strong>2. PROFESORADO Y ASIGNATURAS<\/strong><\/p>\n<p>Coordinaci\u00f3n: Eva G\u00e1lvez Exp\u00f3sito<\/p>\n<p>PROFESORADO \u00c1REA LING\u00dc\u00cdSTICA :<\/p>\n<ul>\n<li>Lengua Espa\u00f1ola: Concepci\u00f3n Bellido, Roc\u00edo Coello, M\u00aa Jos\u00e9 Soriano, Dolores Ortega, M\u00aa Carmen Cobo<\/li>\n<li>Ingl\u00e9s: Marta Ben\u00edtez, Jos\u00e9 Torres, Eva G\u00e1lvez, Jos\u00e9 Luis R\u00edsquez, Javier Torres<\/li>\n<li>Franc\u00e9s: Mayte Cuesta<\/li>\n<li>Alem\u00e1n: Javier Torres<\/li>\n<\/ul>\n<p>PROFESORADO \u00c1REAS NO LING\u00dc\u00cdSTICAS :<\/p>\n<ul>\n<li>BIOLOG\u00cdA Y GEOLOG\u00cdA : Diego Santaella.<\/li>\n<li>GEOGRAF\u00cdA \/HISTORIA : Juan Moya, Zoi Mella.<\/li>\n<li>F\u00cdSICA Y QU\u00cdMICA : Juan Carlos Gasc\u00f3n.<\/li>\n<li>EDUCACI\u00d3N F\u00cdSICA : Jos\u00e9 Jerez.<\/li>\n<li>MATEM\u00c1TICAS: Maribel Garrido.<\/li>\n<li>FILOSOF\u00cdA: Antonia Segovia.<\/li>\n<li>TECNOLOG\u00cdA: Francisco G\u00f3mez<\/li>\n<\/ul>\n<p>&nbsp;<\/p>\n<p><strong>3. ACTIVIDADES Y RECURSOS<\/strong><\/p>\n<ul style=\"list-style-type: circle\">\n<li style=\"font-weight: 400\"><span style=\"font-weight: 400\">&nbsp;<\/span><a href=\"https:\/\/www.juntadeandalucia.es\/export\/drupaljda\/Guia_informativa_centros_ense%C3%B1anza_bilingue_.pdf\"><span style=\"font-weight: 400\">Gu\u00eda informativa para Centros biling\u00fces<\/span><\/a><\/li>\n<li style=\"font-weight: 400\"><a href=\"https:\/\/www.juntadeandalucia.es\/educacion\/webportal\/web\/aicle\"><span style=\"font-weight: 400\">Unidades AICLE<\/span><\/a><span style=\"font-weight: 400\"> elaboradas por el profesorado con la coordinaci\u00f3n del Servicio de<\/span><span style=\"font-weight: 400\"><br \/>\n<\/span><span style=\"font-weight: 400\">Programas Educativos Internacionales.<\/span><\/li>\n<li style=\"font-weight: 400\"><a href=\"https:\/\/www.juntadeandalucia.es\/educacion\/webportal\/web\/portal-de-plurilinguismo\/recursos-materiales\/elaborados-por-el-profesorado\"><span style=\"font-weight: 400\">Secuencias did\u00e1cticas en alem\u00e1n, franc\u00e9s e ingl\u00e9s elaboradas por el profesorado<\/span><\/a><\/li>\n<li style=\"font-weight: 400\"><a href=\"https:\/\/ieslamadraza.com\/webpablo\/index.html\"><span style=\"font-weight: 400\">http:\/\/ieslamadraza.com\/webpablo\/index.html<\/span><\/a><\/li>\n<li style=\"font-weight: 400\"><a href=\"https:\/\/sciencehelpdesk.com\/\"><span style=\"font-weight: 400\">https:\/\/sciencehelpdesk.com\/<\/span><\/a><\/li>\n<li style=\"font-weight: 400\"><a href=\"http:\/\/efbilingue.com\/\"><span style=\"font-weight: 400\">http:\/\/efbilingue.com\/<\/span><\/a><\/li>\n<li style=\"font-weight: 400\"><a href=\"http:\/\/geohistonetbilingual.blogspot.com\/\"><span style=\"font-weight: 400\">http:\/\/geohistonetbilingual.blogspot.com<\/span><\/a><\/li>\n<li style=\"font-weight: 400\"><a href=\"http:\/\/www.claseshistoria.com\/bilingue\/bilingual.html\"><span style=\"font-weight: 400\">http:\/\/www.claseshistoria.com\/bilingue\/bilingual.html<\/span><\/a><\/li>\n<li style=\"font-weight: 400\"><a href=\"http:\/\/geographyandhistoryclil.blogspot.com\/\"><span style=\"font-weight: 400\">http:\/\/geographyandhistoryclil.blogspot.com\/<\/span><\/a><\/li>\n<li style=\"font-weight: 400\"><a href=\"https:\/\/enmarchaconlastic.educarex.es\/239-emtic\/blogs-y-wikis\/2457-materiales-de-\"><span style=\"font-weight: 400\">https:\/\/enmarchaconlastic.educarex.es\/239-emtic\/blogs-y-wikis\/2457-materiales-de-<\/span><span style=\"font-weight: 400\"><br \/>\n<\/span><\/a><a href=\"https:\/\/enmarchaconlastic.educarex.es\/239-emtic\/blogs-y-wikis\/2457-materiales-de-fisica-y-quimica-para-secciones-bilinguees\"><span style=\"font-weight: 400\">fisica-y-quimica-para-secciones-bilinguees<\/span><\/a><\/li>\n<li style=\"font-weight: 400\"><a href=\"https:\/\/iesmurillo.com\/departamentos\/fisica-y-quimica-recursos-materiales\/\"><span style=\"font-weight: 400\">https:\/\/iesmurillo.com\/departamentos\/fisica-y-quimica-recursos-materiales\/<\/span><\/a><\/li>\n<li style=\"font-weight: 400\"><span style=\"font-weight: 400\">Resources and activities from previous language assistant teachers.&nbsp;<\/span><a href=\"https:\/\/auxiliaresdeconversacion.org\/\"><span style=\"font-weight: 400\">https:\/\/auxiliaresdeconversacion.org\/<\/span><\/a><\/li>\n<li style=\"font-weight: 400\"><span style=\"font-weight: 400\">Flippeando en Primaria: several videos on history and science.&nbsp;<\/span><a href=\"https:\/\/www.youtube.com\/user\/pereilla\/videos\"><span style=\"font-weight: 400\">https:\/\/www.youtube.com\/user\/pereilla\/videos<\/span><\/a><\/li>\n<li style=\"font-weight: 400\"><span style=\"font-weight: 400\">Peekaboo kids: videos on history and geography, natural science etc.&nbsp;<\/span><a href=\"https:\/\/www.youtube.com\/user\/Peekaboo\"><span style=\"font-weight: 400\">https:\/\/www.youtube.com\/user\/Peekaboo<\/span><\/a><\/li>\n<li style=\"font-weight: 400\"><span style=\"font-weight: 400\">Happy Learning English: videos on history, geography and science<\/span><\/li>\n<li style=\"font-weight: 400\"><a href=\"https:\/\/www.youtube.com\/channel\/UC8eJxPzmvTb12v7LlZUJcLQ\/featured\"><span style=\"font-weight: 400\">https:\/\/www.youtube.com\/channel\/UC8eJxPzmvTb12v7LlZUJcLQ\/featured<\/span><\/a><\/li>\n<li style=\"font-weight: 400\"><span style=\"font-weight: 400\">Bill Nye the science guy: videos on physics, chemistry, life and planetary science.&nbsp;<\/span><a href=\"https:\/\/www.billnye.com\/the-science-guy\"><span style=\"font-weight: 400\">https:\/\/www.billnye.com\/the-science-guy<\/span><\/a><\/li>\n<li style=\"font-weight: 400\"><span style=\"font-weight: 400\">Sometimes there are interesting videos on nature:&nbsp;<\/span><a href=\"https:\/\/www.facebook.com\/pg\/BBCOne\/videos\/\"><span style=\"font-weight: 400\">https:\/\/www.facebook.com\/pg\/BBCOne\/videos\/<\/span><\/a><\/li>\n<li style=\"font-weight: 400\"><span style=\"font-weight: 400\">Interesting facts on history and science.&nbsp;<\/span><a href=\"https:\/\/www.dkfindout.com\/uk\/\"><span style=\"font-weight: 400\">https:\/\/www.dkfindout.com\/uk\/<\/span><\/a><\/li>\n<li style=\"font-weight: 400\"><span style=\"font-weight: 400\">Webs for resources and activities for the English classes.&nbsp;<\/span><a href=\"https:\/\/busyteacher.org\/\"><span style=\"font-weight: 400\">https:\/\/busyteacher.org\/<\/span><\/a><\/li>\n<\/ul>\n<p>&nbsp;<\/p>\n<p><img decoding=\"async\" class=\"alignnone size-medium wp-image-946\" src=\"https:\/\/blogsaverroes.juntadeandalucia.es\/iescabeza\/files\/2022\/05\/fse_cuatricro_ue.izqu_-300x75.jpg\" alt=\"\" width=\"300\" height=\"75\" srcset=\"https:\/\/blogsaverroes.juntadeandalucia.es\/iescabeza\/files\/2022\/05\/fse_cuatricro_ue.izqu_-300x75.jpg 300w, https:\/\/blogsaverroes.juntadeandalucia.es\/iescabeza\/files\/2022\/05\/fse_cuatricro_ue.izqu_-1024x256.jpg 1024w, https:\/\/blogsaverroes.juntadeandalucia.es\/iescabeza\/files\/2022\/05\/fse_cuatricro_ue.izqu_-768x192.jpg 768w, https:\/\/blogsaverroes.juntadeandalucia.es\/iescabeza\/files\/2022\/05\/fse_cuatricro_ue.izqu_-1536x384.jpg 1536w, https:\/\/blogsaverroes.juntadeandalucia.es\/iescabeza\/files\/2022\/05\/fse_cuatricro_ue.izqu_-2048x512.jpg 2048w\" sizes=\"(max-width: 300px) 100vw, 300px\" \/><\/p>\n","protected":false},"excerpt":{"rendered":"<p>SOMOS BILING\u00dcES El IES Nuestra Se\u00f1ora de la Cabeza es centro biling\u00fce ingl\u00e9s desde el a\u00f1o 2006. Actualmente el programa biling\u00fce est\u00e1 plenamente implantado en todos los grupos de la Educaci\u00f3n Secundaria Obligatoria (1,&#46;&#46;&#46;<\/p>\n","protected":false},"author":13753,"featured_media":272,"parent":112,"menu_order":0,"comment_status":"closed","ping_status":"closed","template":"","meta":{"ngg_post_thumbnail":0,"footnotes":""},"aioseo_notices":[],"_links":{"self":[{"href":"https:\/\/blogsaverroes.juntadeandalucia.es\/iescabeza\/wp-json\/wp\/v2\/pages\/259"}],"collection":[{"href":"https:\/\/blogsaverroes.juntadeandalucia.es\/iescabeza\/wp-json\/wp\/v2\/pages"}],"about":[{"href":"https:\/\/blogsaverroes.juntadeandalucia.es\/iescabeza\/wp-json\/wp\/v2\/types\/page"}],"author":[{"embeddable":true,"href":"https:\/\/blogsaverroes.juntadeandalucia.es\/iescabeza\/wp-json\/wp\/v2\/users\/13753"}],"replies":[{"embeddable":true,"href":"https:\/\/blogsaverroes.juntadeandalucia.es\/iescabeza\/wp-json\/wp\/v2\/comments?post=259"}],"version-history":[{"count":14,"href":"https:\/\/blogsaverroes.juntadeandalucia.es\/iescabeza\/wp-json\/wp\/v2\/pages\/259\/revisions"}],"predecessor-version":[{"id":2672,"href":"https:\/\/blogsaverroes.juntadeandalucia.es\/iescabeza\/wp-json\/wp\/v2\/pages\/259\/revisions\/2672"}],"up":[{"embeddable":true,"href":"https:\/\/blogsaverroes.juntadeandalucia.es\/iescabeza\/wp-json\/wp\/v2\/pages\/112"}],"wp:featuredmedia":[{"embeddable":true,"href":"https:\/\/blogsaverroes.juntadeandalucia.es\/iescabeza\/wp-json\/wp\/v2\/media\/272"}],"wp:attachment":[{"href":"https:\/\/blogsaverroes.juntadeandalucia.es\/iescabeza\/wp-json\/wp\/v2\/media?parent=259"}],"curies":[{"name":"wp","href":"https:\/\/api.w.org\/{rel}","templated":true}]}}