{"id":282,"date":"2022-01-20T09:19:30","date_gmt":"2022-01-20T09:19:30","guid":{"rendered":"https:\/\/blogsaverroes.juntadeandalucia.es\/iescabeza\/?page_id=282"},"modified":"2022-01-20T09:45:44","modified_gmt":"2022-01-20T09:45:44","slug":"datos-de-contacto","status":"publish","type":"page","link":"https:\/\/blogsaverroes.juntadeandalucia.es\/iescabeza\/datos-de-contacto\/","title":{"rendered":"Datos de Contacto"},"content":{"rendered":"<p><strong>Direcci\u00f3n postal:<\/strong><br \/>\nI.E.S. Ntra. Sra. de la Cabeza<br \/>\nC\/ Argimiro Rodr\u00edguez, S\/N<br \/>\n23740 And\u00fajar (Ja\u00e9n)<\/p>\n<p><strong>Tel\u00e9fonos:<\/strong><br \/>\nTlf. &#8211; 953539525<\/p>\n<p>L\u00ednea m\u00f3vil: 669833981<\/p>\n<p>FAX: 953539531<\/p>\n<p><strong>Correo electr\u00f3nico:<\/strong><br \/>\n<a href=\"mailto:23000556.edu@juntadeandalucia.es\">23000556.edu@juntadeandalucia.es<\/a><\/p>\n<p>Otras direcciones de correo:<\/p>\n<p>Administraci\u00f3n:&nbsp; &nbsp; &nbsp;<a href=\"mailto:oficina@iescabeza.es\">oficina@iescabeza.es<\/a><\/p>\n<p>Secretario:&nbsp; &nbsp; &nbsp; &nbsp;<a href=\"mailto:secretaria@iescabeza.es\">secretaria@iescabeza.es<\/a><\/p>\n<p>Jefatura de Estudios:&nbsp; &nbsp; <a href=\"mailto:j_estudios@iescabeza.es\">j_estudios@iescabeza.es<\/a><\/p>\n<p>Orientador:&nbsp; &nbsp; &nbsp;<a href=\"mailto:orientacion@iescabeza.es\">orientacion@iescabeza.es<\/a><\/p>\n","protected":false},"excerpt":{"rendered":"<p>Direcci\u00f3n postal: I.E.S. Ntra. Sra. de la Cabeza C\/ Argimiro Rodr\u00edguez, S\/N 23740 And\u00fajar (Ja\u00e9n) Tel\u00e9fonos: Tlf. &#8211; 953539525 L\u00ednea m\u00f3vil: 669833981 FAX: 953539531 Correo electr\u00f3nico: 23000556.edu@juntadeandalucia.es Otras direcciones de correo: Administraci\u00f3n:&nbsp; &nbsp; &nbsp;oficina@iescabeza.es&#46;&#46;&#46;<\/p>\n","protected":false},"author":13753,"featured_media":0,"parent":0,"menu_order":0,"comment_status":"closed","ping_status":"closed","template":"","meta":{"ngg_post_thumbnail":0,"footnotes":""},"aioseo_notices":[],"_links":{"self":[{"href":"https:\/\/blogsaverroes.juntadeandalucia.es\/iescabeza\/wp-json\/wp\/v2\/pages\/282"}],"collection":[{"href":"https:\/\/blogsaverroes.juntadeandalucia.es\/iescabeza\/wp-json\/wp\/v2\/pages"}],"about":[{"href":"https:\/\/blogsaverroes.juntadeandalucia.es\/iescabeza\/wp-json\/wp\/v2\/types\/page"}],"author":[{"embeddable":true,"href":"https:\/\/blogsaverroes.juntadeandalucia.es\/iescabeza\/wp-json\/wp\/v2\/users\/13753"}],"replies":[{"embeddable":true,"href":"https:\/\/blogsaverroes.juntadeandalucia.es\/iescabeza\/wp-json\/wp\/v2\/comments?post=282"}],"version-history":[{"count":2,"href":"https:\/\/blogsaverroes.juntadeandalucia.es\/iescabeza\/wp-json\/wp\/v2\/pages\/282\/revisions"}],"predecessor-version":[{"id":293,"href":"https:\/\/blogsaverroes.juntadeandalucia.es\/iescabeza\/wp-json\/wp\/v2\/pages\/282\/revisions\/293"}],"wp:attachment":[{"href":"https:\/\/blogsaverroes.juntadeandalucia.es\/iescabeza\/wp-json\/wp\/v2\/media?parent=282"}],"curies":[{"name":"wp","href":"https:\/\/api.w.org\/{rel}","templated":true}]}}