{"id":2955,"date":"2026-01-27T10:50:08","date_gmt":"2026-01-27T10:50:08","guid":{"rendered":"https:\/\/blogsaverroes.juntadeandalucia.es\/iescabeza\/?page_id=2955"},"modified":"2026-01-27T10:50:08","modified_gmt":"2026-01-27T10:50:08","slug":"programa-aldea-compromiso-con-la-sostenibilidad","status":"publish","type":"page","link":"https:\/\/blogsaverroes.juntadeandalucia.es\/iescabeza\/programa-aldea-compromiso-con-la-sostenibilidad\/","title":{"rendered":"Programa Aldea: Compromiso con la Sostenibilidad"},"content":{"rendered":"<p>En el IES Nuestra Se\u00f1ora de la Cabeza, tenemos el placer de anunciar que durante el presente curso escolar 2025-2026, nuestro centro se ha sumado al Programa Aldea, la iniciativa de Educaci\u00f3n Ambiental para la Sostenibilidad.<\/p>\n<p>Este programa tiene como objetivo principal promover una cultura de respeto por el medio ambiente y fomentar h\u00e1bitos sostenibles entre nuestro alumnado y toda la comunidad educativa. A trav\u00e9s de diversas l\u00edneas de intervenci\u00f3n, trabajaremos en:<\/p>\n<ul>\n<li>Concienciaci\u00f3n sobre el cambio clim\u00e1tico.<\/li>\n<li>Conservaci\u00f3n de la biodiversidad local.<\/li>\n<li>Gesti\u00f3n responsable de residuos y recursos.<\/li>\n<li>Fomento de una vida en armon\u00eda con nuestro entorno natural.<\/li>\n<\/ul>\n<p>Estamos convencidos de que la educaci\u00f3n es la herramienta m\u00e1s poderosa para proteger nuestro planeta, y el Programa Aldea es el marco perfecto para convertir este compromiso en acciones reales.<\/p>\n","protected":false},"excerpt":{"rendered":"<p>En el IES Nuestra Se\u00f1ora de la Cabeza, tenemos el placer de anunciar que durante el presente curso escolar 2025-2026, nuestro centro se ha sumado al Programa Aldea, la iniciativa de Educaci\u00f3n Ambiental para&#46;&#46;&#46;<\/p>\n","protected":false},"author":18412,"featured_media":0,"parent":0,"menu_order":0,"comment_status":"closed","ping_status":"closed","template":"","meta":{"ngg_post_thumbnail":0,"footnotes":""},"aioseo_notices":[],"_links":{"self":[{"href":"https:\/\/blogsaverroes.juntadeandalucia.es\/iescabeza\/wp-json\/wp\/v2\/pages\/2955"}],"collection":[{"href":"https:\/\/blogsaverroes.juntadeandalucia.es\/iescabeza\/wp-json\/wp\/v2\/pages"}],"about":[{"href":"https:\/\/blogsaverroes.juntadeandalucia.es\/iescabeza\/wp-json\/wp\/v2\/types\/page"}],"author":[{"embeddable":true,"href":"https:\/\/blogsaverroes.juntadeandalucia.es\/iescabeza\/wp-json\/wp\/v2\/users\/18412"}],"replies":[{"embeddable":true,"href":"https:\/\/blogsaverroes.juntadeandalucia.es\/iescabeza\/wp-json\/wp\/v2\/comments?post=2955"}],"version-history":[{"count":1,"href":"https:\/\/blogsaverroes.juntadeandalucia.es\/iescabeza\/wp-json\/wp\/v2\/pages\/2955\/revisions"}],"predecessor-version":[{"id":2956,"href":"https:\/\/blogsaverroes.juntadeandalucia.es\/iescabeza\/wp-json\/wp\/v2\/pages\/2955\/revisions\/2956"}],"wp:attachment":[{"href":"https:\/\/blogsaverroes.juntadeandalucia.es\/iescabeza\/wp-json\/wp\/v2\/media?parent=2955"}],"curies":[{"name":"wp","href":"https:\/\/api.w.org\/{rel}","templated":true}]}}