{"id":2957,"date":"2026-01-27T10:54:44","date_gmt":"2026-01-27T10:54:44","guid":{"rendered":"https:\/\/blogsaverroes.juntadeandalucia.es\/iescabeza\/?page_id=2957"},"modified":"2026-01-27T11:28:30","modified_gmt":"2026-01-27T11:28:30","slug":"habitos-vida-saludable","status":"publish","type":"page","link":"https:\/\/blogsaverroes.juntadeandalucia.es\/iescabeza\/habitos-vida-saludable\/","title":{"rendered":"Programa de H\u00e1bitos de Vida Saludable"},"content":{"rendered":"<p>El objetivo de este programa es dotar a nuestro alumnado de las herramientas y competencias necesarias para que integren h\u00e1bitos saludables en su d\u00eda a d\u00eda de forma consciente. Queremos que la salud y el bienestar sean los ejes que acompa\u00f1en su desarrollo acad\u00e9mico y personal, mejorando as\u00ed la calidad de vida de toda nuestra comunidad.<a href=\"https:\/\/blogsaverroes.juntadeandalucia.es\/iescabeza\/files\/2026\/01\/habitos-de-vida-saludable-icono.png\"><img decoding=\"async\" class=\"wp-image-2959 alignright\" src=\"https:\/\/blogsaverroes.juntadeandalucia.es\/iescabeza\/files\/2026\/01\/habitos-de-vida-saludable-icono-300x300.png\" alt=\"\" width=\"203\" height=\"203\" srcset=\"https:\/\/blogsaverroes.juntadeandalucia.es\/iescabeza\/files\/2026\/01\/habitos-de-vida-saludable-icono-300x300.png 300w, https:\/\/blogsaverroes.juntadeandalucia.es\/iescabeza\/files\/2026\/01\/habitos-de-vida-saludable-icono-150x150.png 150w, https:\/\/blogsaverroes.juntadeandalucia.es\/iescabeza\/files\/2026\/01\/habitos-de-vida-saludable-icono-80x80.png 80w, https:\/\/blogsaverroes.juntadeandalucia.es\/iescabeza\/files\/2026\/01\/habitos-de-vida-saludable-icono-320x320.png 320w, https:\/\/blogsaverroes.juntadeandalucia.es\/iescabeza\/files\/2026\/01\/habitos-de-vida-saludable-icono.png 600w\" sizes=\"(max-width: 203px) 100vw, 203px\" \/><\/a><\/p>\n<p>Para lograrlo, trabajamos sobre los siguientes objetivos estrat\u00e9gicos:<\/p>\n<ul>\n<li>Entornos de bienestar: Crear espacios educativos seguros y saludables que cuiden tanto el equilibrio f\u00edsico como el emocional.<\/li>\n<li>Vida activa y alimentaci\u00f3n: Fomentar la actividad f\u00edsica, la nutrici\u00f3n equilibrada y la autonom\u00eda en el autocuidado.<\/li>\n<li>Convivencia y emociones: Promover una cultura de respeto y una educaci\u00f3n emocional s\u00f3lida para una convivencia positiva.<\/li>\n<\/ul>\n<p>Pronto publicaremos m\u00e1s informaci\u00f3n sobre este interesante programa que se desarrolla en nuestro IES.<\/p>\n<p style=\"text-align: center\">&nbsp;<\/p>\n","protected":false},"excerpt":{"rendered":"<p>El objetivo de este programa es dotar a nuestro alumnado de las herramientas y competencias necesarias para que integren h\u00e1bitos saludables en su d\u00eda a d\u00eda de forma consciente. Queremos que la salud y&#46;&#46;&#46;<\/p>\n","protected":false},"author":18412,"featured_media":2959,"parent":0,"menu_order":0,"comment_status":"closed","ping_status":"closed","template":"","meta":{"ngg_post_thumbnail":0,"footnotes":""},"aioseo_notices":[],"_links":{"self":[{"href":"https:\/\/blogsaverroes.juntadeandalucia.es\/iescabeza\/wp-json\/wp\/v2\/pages\/2957"}],"collection":[{"href":"https:\/\/blogsaverroes.juntadeandalucia.es\/iescabeza\/wp-json\/wp\/v2\/pages"}],"about":[{"href":"https:\/\/blogsaverroes.juntadeandalucia.es\/iescabeza\/wp-json\/wp\/v2\/types\/page"}],"author":[{"embeddable":true,"href":"https:\/\/blogsaverroes.juntadeandalucia.es\/iescabeza\/wp-json\/wp\/v2\/users\/18412"}],"replies":[{"embeddable":true,"href":"https:\/\/blogsaverroes.juntadeandalucia.es\/iescabeza\/wp-json\/wp\/v2\/comments?post=2957"}],"version-history":[{"count":3,"href":"https:\/\/blogsaverroes.juntadeandalucia.es\/iescabeza\/wp-json\/wp\/v2\/pages\/2957\/revisions"}],"predecessor-version":[{"id":2961,"href":"https:\/\/blogsaverroes.juntadeandalucia.es\/iescabeza\/wp-json\/wp\/v2\/pages\/2957\/revisions\/2961"}],"wp:featuredmedia":[{"embeddable":true,"href":"https:\/\/blogsaverroes.juntadeandalucia.es\/iescabeza\/wp-json\/wp\/v2\/media\/2959"}],"wp:attachment":[{"href":"https:\/\/blogsaverroes.juntadeandalucia.es\/iescabeza\/wp-json\/wp\/v2\/media?parent=2957"}],"curies":[{"name":"wp","href":"https:\/\/api.w.org\/{rel}","templated":true}]}}