{"id":3023,"date":"2026-02-10T19:24:04","date_gmt":"2026-02-10T19:24:04","guid":{"rendered":"https:\/\/blogsaverroes.juntadeandalucia.es\/iescabeza\/?page_id=3023"},"modified":"2026-02-10T19:25:32","modified_gmt":"2026-02-10T19:25:32","slug":"emprendimiento-educativo","status":"publish","type":"page","link":"https:\/\/blogsaverroes.juntadeandalucia.es\/iescabeza\/emprendimiento-educativo\/","title":{"rendered":"Emprendimiento educativo"},"content":{"rendered":"<p style=\"text-align: justify\"><strong>Emprendimiento Educativo<\/strong> es un programa con el que se estimula en el alumnado la adquisici\u00f3n y desarrollo de <strong>competencias emprendedoras<\/strong> desde todas las dimensiones y \u00e1reas pedag\u00f3gicas. De esta manera, el programa de Emprendimiento Educativo va m\u00e1s all\u00e1 de su <strong>dimensi\u00f3n productiva<\/strong>, incorporando de manera integrada las <strong>dimensiones personal<\/strong> y <strong>social<\/strong> que le son inherentes.<\/p>\n<p style=\"text-align: justify\">Los objetivos que se pretenden lograr con el programa son los siguientes:<\/p>\n<ul>\n<li style=\"text-align: justify\">Desarrollar en el alumnado una actitud proactiva, creativa e innovadora ante los retos del entorno.<\/li>\n<li style=\"text-align: justify\">Fomentar la autonom\u00eda, la toma de decisiones y la capacidad de asumir responsabilidades en proyectos colectivos.<\/li>\n<li style=\"text-align: justify\">Impulsar la cultura emprendedora vinculada a la sostenibilidad, la cooperaci\u00f3n y la transformaci\u00f3n social.<\/li>\n<li style=\"text-align: justify\">Potenciar competencias profesionales como la iniciativa, el trabajo en equipo, la comunicaci\u00f3n y la resoluci\u00f3n de problemas.<\/li>\n<li style=\"text-align: justify\">Promover la creaci\u00f3n de proyectos educativos que fortalezcan el v\u00ednculo entre&nbsp;escuela, comunidad y entorno productivo.<\/li>\n<\/ul>\n<p>&nbsp;<\/p>\n<p>Para el logro de estos objetivos, desde el programa, se ponen a disposici\u00f3n del centro escolar las siguientes iniciativas y recursos:<\/p>\n<ul style=\"list-style-type: square\">\n<li><strong>Finanzas para j\u00f3venes.<\/strong> Dirigido a alumnado de 4\u00ba de ESO.<\/li>\n<li><strong>Finanzas para todos.<\/strong> Dirigido a alumnado de ESO, de Bachillerato o de Formaci\u00f3n Profesional de Grado Medio.<\/li>\n<li><strong>Talleres de Educaci\u00f3n C\u00edvico-Tributaria.<\/strong> Dirigido a alumnado de 4\u00ba de ESO.<\/li>\n<li><strong>Kits de Emprendimiento.<\/strong> Dirigido a alumnado de ESO, Bachillerato y Formaci\u00f3n Profesional.<\/li>\n<li><strong>Escape Room Emprendedor.<\/strong> Dirigido a alumnado de ESO, Bachillerato y Formaci\u00f3n Profesional.<\/li>\n<li><strong>El emprendedor ATULADO.<\/strong> Dirigido a alumnado de ESO, Bachillerato y Formaci\u00f3n Profesional.<\/li>\n<li><strong>Hackathones:<\/strong> Intercentro e Intracentro. Dirigido a alumnado de Bachillerato y Formaci\u00f3n Profesional.<\/li>\n<li><strong>Hackathones Provinciales.<\/strong> Dirigido a alumnado de Bachillerato y Formaci\u00f3n Profesional.<\/li>\n<\/ul>\n","protected":false},"excerpt":{"rendered":"<p>Emprendimiento Educativo es un programa con el que se estimula en el alumnado la adquisici\u00f3n y desarrollo de competencias emprendedoras desde todas las dimensiones y \u00e1reas pedag\u00f3gicas. De esta manera, el programa de Emprendimiento&#46;&#46;&#46;<\/p>\n","protected":false},"author":18412,"featured_media":0,"parent":0,"menu_order":0,"comment_status":"closed","ping_status":"closed","template":"","meta":{"ngg_post_thumbnail":0,"footnotes":""},"aioseo_notices":[],"_links":{"self":[{"href":"https:\/\/blogsaverroes.juntadeandalucia.es\/iescabeza\/wp-json\/wp\/v2\/pages\/3023"}],"collection":[{"href":"https:\/\/blogsaverroes.juntadeandalucia.es\/iescabeza\/wp-json\/wp\/v2\/pages"}],"about":[{"href":"https:\/\/blogsaverroes.juntadeandalucia.es\/iescabeza\/wp-json\/wp\/v2\/types\/page"}],"author":[{"embeddable":true,"href":"https:\/\/blogsaverroes.juntadeandalucia.es\/iescabeza\/wp-json\/wp\/v2\/users\/18412"}],"replies":[{"embeddable":true,"href":"https:\/\/blogsaverroes.juntadeandalucia.es\/iescabeza\/wp-json\/wp\/v2\/comments?post=3023"}],"version-history":[{"count":3,"href":"https:\/\/blogsaverroes.juntadeandalucia.es\/iescabeza\/wp-json\/wp\/v2\/pages\/3023\/revisions"}],"predecessor-version":[{"id":3026,"href":"https:\/\/blogsaverroes.juntadeandalucia.es\/iescabeza\/wp-json\/wp\/v2\/pages\/3023\/revisions\/3026"}],"wp:attachment":[{"href":"https:\/\/blogsaverroes.juntadeandalucia.es\/iescabeza\/wp-json\/wp\/v2\/media?parent=3023"}],"curies":[{"name":"wp","href":"https:\/\/api.w.org\/{rel}","templated":true}]}}