{"id":3037,"date":"2026-02-11T12:09:11","date_gmt":"2026-02-11T12:09:11","guid":{"rendered":"https:\/\/blogsaverroes.juntadeandalucia.es\/iescabeza\/?page_id=3037"},"modified":"2026-02-11T12:21:55","modified_gmt":"2026-02-11T12:21:55","slug":"25-26-iyd-poder-de-la-palabra","status":"publish","type":"page","link":"https:\/\/blogsaverroes.juntadeandalucia.es\/iescabeza\/25-26-iyd-poder-de-la-palabra\/","title":{"rendered":"El Poder de la Palabra"},"content":{"rendered":"<p style=\"text-align: justify\">Este Programa nos ofrece la oportunidad de formar al alumnado altamente motivado y\/o con AACCII en t\u00e9cnicas de oralidad, ret\u00f3rica, oratoria y debate a trav\u00e9s de metodolog\u00edas activas m\u00e1s personalizadas de las empleadas en un grupo de clase ordinario e incluir\u00eda la motivaci\u00f3n de poner en pr\u00e1ctica los aprendizajes adquiridos en los distintos torneos de debate educativo, desarrollando el talento, las aptitudes y el potencial del alumnado participante. Son adem\u00e1s una oportunidad para promover la educaci\u00f3n en valores, la igualdad y los principios que rigen nuestra convivencia democr\u00e1tica a trav\u00e9s del aprendizaje de una adecuada y precisa expresi\u00f3n oral y tiene la finalidad, como producto final, de participar en torneos de debate y la posible creaci\u00f3n de un AULA DE DEBATE en el centro escolar.<\/p>\n<p style=\"text-align: center\"><a href=\"https:\/\/blogsaverroes.juntadeandalucia.es\/iescabeza\/files\/2026\/02\/1-1.jpg\"><img fetchpriority=\"high\" decoding=\"async\" class=\"aligncenter wp-image-3040\" src=\"https:\/\/blogsaverroes.juntadeandalucia.es\/iescabeza\/files\/2026\/02\/1-1-212x300.jpg\" alt=\"\" width=\"365\" height=\"517\" srcset=\"https:\/\/blogsaverroes.juntadeandalucia.es\/iescabeza\/files\/2026\/02\/1-1-212x300.jpg 212w, https:\/\/blogsaverroes.juntadeandalucia.es\/iescabeza\/files\/2026\/02\/1-1-724x1024.jpg 724w, https:\/\/blogsaverroes.juntadeandalucia.es\/iescabeza\/files\/2026\/02\/1-1-768x1086.jpg 768w, https:\/\/blogsaverroes.juntadeandalucia.es\/iescabeza\/files\/2026\/02\/1-1-1086x1536.jpg 1086w, https:\/\/blogsaverroes.juntadeandalucia.es\/iescabeza\/files\/2026\/02\/1-1.jpg 1414w\" sizes=\"(max-width: 365px) 100vw, 365px\" \/><\/a><\/p>\n<p style=\"text-align: justify\">Entre los objetivos que se pretenden alcanzar, destacamos los siguientes:<\/p>\n<ul>\n<li style=\"text-align: justify\">Fomentar el <strong>uso adecuado y preciso de la lengua<\/strong> en contextos sociales reales.<\/li>\n<li style=\"text-align: justify\"><strong>Mejora de la competencia comunicativa:<\/strong> Desarrollar la capacidad de comprender y expresar mensajes de forma correcta y coherente en diversos contextos, tanto oralmente como por escrito.<\/li>\n<li style=\"text-align: justify\"><strong>Uso de la lengua en la realidad:<\/strong> Plantear situaciones reales donde la lengua se proyecte en su uso social y cultural.<\/li>\n<li style=\"text-align: justify\"><strong>Comunicaci\u00f3n integral:<\/strong> Integrar los procesos y dimensiones comunicativas, vinculando la lengua escrita, la lengua oral y los lenguajes no verbales.<\/li>\n<li style=\"text-align: justify\"><strong>Fomento de la lectura:<\/strong> Incrementar el intertexto lector y el gusto por la lectura y la investigaci\u00f3n a la hora de ilustrarse sobre los temas a tratar, desarrollando as\u00ed el inter\u00e9s creativo del alumnado.<\/li>\n<li style=\"text-align: justify\"><strong>Uso de tecnolog\u00edas:<\/strong> Utilizar las tecnolog\u00edas de la informaci\u00f3n y comunicaci\u00f3n (TIC) como herramientas habituales para el desarrollo de la competencia ling\u00fc\u00edstica.<\/li>\n<li style=\"text-align: justify\"><strong>Innovaci\u00f3n:<\/strong> Ofrecer recursos y propuestas de trabajo renovadoras para la mejora de la comunicaci\u00f3n ling\u00fc\u00edstica en los centros.<\/li>\n<li style=\"text-align: justify\"><strong>Trabajo en equipo:<\/strong> Incentivar el trabajo en equipo y en consenso para la mejora de la competencia en comunicaci\u00f3n ling\u00fc\u00edstica del alumnado.<\/li>\n<\/ul>\n<div id=\"attachment_3043\" style=\"width: 486px\" class=\"wp-caption aligncenter\"><a href=\"https:\/\/blogsaverroes.juntadeandalucia.es\/iescabeza\/files\/2026\/02\/IMG_6876-scaled.jpg\" target=\"_blank\" rel=\"noopener\"><img decoding=\"async\" aria-describedby=\"caption-attachment-3043\" class=\"wp-image-3043\" src=\"https:\/\/blogsaverroes.juntadeandalucia.es\/iescabeza\/files\/2026\/02\/IMG_6876-300x225.jpg\" alt=\"\" width=\"476\" height=\"357\" srcset=\"https:\/\/blogsaverroes.juntadeandalucia.es\/iescabeza\/files\/2026\/02\/IMG_6876-300x225.jpg 300w, https:\/\/blogsaverroes.juntadeandalucia.es\/iescabeza\/files\/2026\/02\/IMG_6876-1024x768.jpg 1024w, https:\/\/blogsaverroes.juntadeandalucia.es\/iescabeza\/files\/2026\/02\/IMG_6876-768x576.jpg 768w, https:\/\/blogsaverroes.juntadeandalucia.es\/iescabeza\/files\/2026\/02\/IMG_6876-1536x1152.jpg 1536w, https:\/\/blogsaverroes.juntadeandalucia.es\/iescabeza\/files\/2026\/02\/IMG_6876-2048x1536.jpg 2048w\" sizes=\"(max-width: 476px) 100vw, 476px\" \/><\/a><p id=\"caption-attachment-3043\" class=\"wp-caption-text\"><span style=\"font-size: 12px\"><em>alumnado trabajando en el proyecto<\/em><\/span><\/p><\/div>\n","protected":false},"excerpt":{"rendered":"<p>Este Programa nos ofrece la oportunidad de formar al alumnado altamente motivado y\/o con AACCII en t\u00e9cnicas de oralidad, ret\u00f3rica, oratoria y debate a trav\u00e9s de metodolog\u00edas activas m\u00e1s personalizadas de las empleadas en&#46;&#46;&#46;<\/p>\n","protected":false},"author":18412,"featured_media":0,"parent":0,"menu_order":0,"comment_status":"closed","ping_status":"closed","template":"","meta":{"ngg_post_thumbnail":0,"footnotes":""},"aioseo_notices":[],"_links":{"self":[{"href":"https:\/\/blogsaverroes.juntadeandalucia.es\/iescabeza\/wp-json\/wp\/v2\/pages\/3037"}],"collection":[{"href":"https:\/\/blogsaverroes.juntadeandalucia.es\/iescabeza\/wp-json\/wp\/v2\/pages"}],"about":[{"href":"https:\/\/blogsaverroes.juntadeandalucia.es\/iescabeza\/wp-json\/wp\/v2\/types\/page"}],"author":[{"embeddable":true,"href":"https:\/\/blogsaverroes.juntadeandalucia.es\/iescabeza\/wp-json\/wp\/v2\/users\/18412"}],"replies":[{"embeddable":true,"href":"https:\/\/blogsaverroes.juntadeandalucia.es\/iescabeza\/wp-json\/wp\/v2\/comments?post=3037"}],"version-history":[{"count":6,"href":"https:\/\/blogsaverroes.juntadeandalucia.es\/iescabeza\/wp-json\/wp\/v2\/pages\/3037\/revisions"}],"predecessor-version":[{"id":3051,"href":"https:\/\/blogsaverroes.juntadeandalucia.es\/iescabeza\/wp-json\/wp\/v2\/pages\/3037\/revisions\/3051"}],"wp:attachment":[{"href":"https:\/\/blogsaverroes.juntadeandalucia.es\/iescabeza\/wp-json\/wp\/v2\/media?parent=3037"}],"curies":[{"name":"wp","href":"https:\/\/api.w.org\/{rel}","templated":true}]}}