{"id":345,"date":"2022-02-21T08:44:16","date_gmt":"2022-02-21T08:44:16","guid":{"rendered":"https:\/\/blogsaverroes.juntadeandalucia.es\/iescabeza\/?page_id=345"},"modified":"2024-05-16T16:30:55","modified_gmt":"2024-05-16T16:30:55","slug":"oferta-educativa","status":"publish","type":"page","link":"https:\/\/blogsaverroes.juntadeandalucia.es\/iescabeza\/oferta-educativa\/","title":{"rendered":"OFERTA EDUCATIVA"},"content":{"rendered":"<p><b><span class=\"ILfuVd\"><span class=\"hgKElc\"><span id=\"char-node\">\u00b7<\/span> <\/span><\/span>ESO&nbsp;<\/b><\/p>\n<p><b><span id=\"char-node\">\u00b7<\/span> BACHILLERATO&nbsp;<\/b><\/p>\n<p><b><span id=\"char-node\">\u00b7 <\/span>ADULTOS:&nbsp;<\/b><\/p>\n<p>&nbsp;&nbsp;&nbsp;&nbsp; &#8211; ESPA PRESENCIAL Y SEMIPRESENCIAL&nbsp;<\/p>\n<p>&nbsp;&nbsp;&nbsp;&nbsp; &#8211; BACHILLERATO SEMIPRESENCIAL&nbsp;<\/p>\n<p><b><span id=\"char-node\">\u00b7 <\/span>CICLOS de FP:&nbsp;<\/b><\/p>\n<p>&nbsp;&nbsp;&nbsp;&nbsp; &#8211; T\u00e9cnico en ATENCI\u00d3N A PERSONAS EN SITUACI\u00d3N DE DEPENDENCIA&nbsp;<\/p>\n<p>&nbsp;&nbsp;&nbsp;&nbsp; &#8211; T\u00e9cnico Superior en DIET\u00c9TICA<\/p>\n<p><b><span id=\"char-node\"><\/span><br \/>\n<\/b><\/p>\n","protected":false},"excerpt":{"rendered":"<p>\u00b7 ESO&nbsp; \u00b7 BACHILLERATO&nbsp; \u00b7 ADULTOS:&nbsp; &nbsp;&nbsp;&nbsp;&nbsp; &#8211; ESPA PRESENCIAL Y SEMIPRESENCIAL&nbsp; &nbsp;&nbsp;&nbsp;&nbsp; &#8211; BACHILLERATO SEMIPRESENCIAL&nbsp; \u00b7 CICLOS de FP:&nbsp; &nbsp;&nbsp;&nbsp;&nbsp; &#8211; T\u00e9cnico en ATENCI\u00d3N A PERSONAS EN SITUACI\u00d3N DE DEPENDENCIA&nbsp; &nbsp;&nbsp;&nbsp;&nbsp; &#8211; T\u00e9cnico&#46;&#46;&#46;<\/p>\n","protected":false},"author":13753,"featured_media":0,"parent":0,"menu_order":0,"comment_status":"closed","ping_status":"closed","template":"","meta":{"ngg_post_thumbnail":0,"footnotes":""},"aioseo_notices":[],"_links":{"self":[{"href":"https:\/\/blogsaverroes.juntadeandalucia.es\/iescabeza\/wp-json\/wp\/v2\/pages\/345"}],"collection":[{"href":"https:\/\/blogsaverroes.juntadeandalucia.es\/iescabeza\/wp-json\/wp\/v2\/pages"}],"about":[{"href":"https:\/\/blogsaverroes.juntadeandalucia.es\/iescabeza\/wp-json\/wp\/v2\/types\/page"}],"author":[{"embeddable":true,"href":"https:\/\/blogsaverroes.juntadeandalucia.es\/iescabeza\/wp-json\/wp\/v2\/users\/13753"}],"replies":[{"embeddable":true,"href":"https:\/\/blogsaverroes.juntadeandalucia.es\/iescabeza\/wp-json\/wp\/v2\/comments?post=345"}],"version-history":[{"count":5,"href":"https:\/\/blogsaverroes.juntadeandalucia.es\/iescabeza\/wp-json\/wp\/v2\/pages\/345\/revisions"}],"predecessor-version":[{"id":1918,"href":"https:\/\/blogsaverroes.juntadeandalucia.es\/iescabeza\/wp-json\/wp\/v2\/pages\/345\/revisions\/1918"}],"wp:attachment":[{"href":"https:\/\/blogsaverroes.juntadeandalucia.es\/iescabeza\/wp-json\/wp\/v2\/media?parent=345"}],"curies":[{"name":"wp","href":"https:\/\/api.w.org\/{rel}","templated":true}]}}