{"id":600,"date":"2022-02-23T11:01:19","date_gmt":"2022-02-23T11:01:19","guid":{"rendered":"https:\/\/blogsaverroes.juntadeandalucia.es\/iescabeza\/?page_id=600"},"modified":"2022-03-10T09:02:05","modified_gmt":"2022-03-10T09:02:05","slug":"auladjaque","status":"publish","type":"page","link":"https:\/\/blogsaverroes.juntadeandalucia.es\/iescabeza\/auladjaque\/","title":{"rendered":"aulaDjaque"},"content":{"rendered":"<p><img decoding=\"async\" class=\"alignnone size-medium wp-image-888\" src=\"https:\/\/blogsaverroes.juntadeandalucia.es\/iescabeza\/files\/2022\/03\/logo_aula_Djaque-300x72.png\" alt=\"\" width=\"300\" height=\"72\" srcset=\"https:\/\/blogsaverroes.juntadeandalucia.es\/iescabeza\/files\/2022\/03\/logo_aula_Djaque-300x72.png 300w, https:\/\/blogsaverroes.juntadeandalucia.es\/iescabeza\/files\/2022\/03\/logo_aula_Djaque.png 305w\" sizes=\"(max-width: 300px) 100vw, 300px\" \/><\/p>\n<p>Desde hace dos a\u00f1os, el IES Nuestra Se\u00f1ora de la Cabeza imparte una asignatura denominada Taller de Ajedrez. El a\u00f1o pasado se imparti\u00f3 en segundo de la ESO y este a\u00f1o se decidi\u00f3 trasladarla a primero de la ESO. La perspectiva y el ideario de la asignatura tiene vocaci\u00f3n interdisciplinar y hasta filos\u00f3fica, pues no en vano es una iniciativa del Departamento de Filosof\u00eda.<br \/>\nLos alumnos aprender a jugar al ajedrez, lo que en este caso concreto involucra la adquisici\u00f3n de conocimientos que van mucho m\u00e1s all\u00e1 de un simple juego de mesa. En efecto, contenidos de tipo matem\u00e1tico (c\u00e1lculo de la puntuaci\u00f3n Elo), geom\u00e9trico (desplazamiento sobre un espacio de coordenadas) y combinatorio (torneos y clasificaciones en matrices), pero tambi\u00e9n de tipo ling\u00fc\u00edstico (anotaci\u00f3n descriptiva y algebraica de las partidas de ajedrez), hist\u00f3rico (biograf\u00edas de los distintos campeones, contextualizando sus partidas), psicol\u00f3gico (imagen inerte, sesgos de competici\u00f3n) y l\u00f3gico (estrategia), etc.<br \/>\nEntre las actividades que se han realizado, sobresale la presentaci\u00f3n del libro del Monitor Nacional de Ajedrez, Diego Mar\u00edn. Acudi\u00f3 hasta nuestro Instituto para hablarnos de su obra y el aprovechamiento que se le puede sacar, dad que es el manual con que los alumnos se est\u00e1n iniciando.<\/p>\n<p><a href=\"https:\/\/blogsaverroes.juntadeandalucia.es\/iescabeza\/files\/2022\/03\/Plan-de-Actuaci\u00f3n-20-21-aula-de-jaquepdf.pdf\" target=\"_blank\" rel=\"noopener noreferrer\">Plan de Actuaci\u00f3n aula de jaque<\/a><\/p>\n","protected":false},"excerpt":{"rendered":"<p>Desde hace dos a\u00f1os, el IES Nuestra Se\u00f1ora de la Cabeza imparte una asignatura denominada Taller de Ajedrez. El a\u00f1o pasado se imparti\u00f3 en segundo de la ESO y este a\u00f1o se decidi\u00f3 trasladarla&#46;&#46;&#46;<\/p>\n","protected":false},"author":13753,"featured_media":0,"parent":0,"menu_order":0,"comment_status":"closed","ping_status":"closed","template":"","meta":{"ngg_post_thumbnail":0,"footnotes":""},"aioseo_notices":[],"_links":{"self":[{"href":"https:\/\/blogsaverroes.juntadeandalucia.es\/iescabeza\/wp-json\/wp\/v2\/pages\/600"}],"collection":[{"href":"https:\/\/blogsaverroes.juntadeandalucia.es\/iescabeza\/wp-json\/wp\/v2\/pages"}],"about":[{"href":"https:\/\/blogsaverroes.juntadeandalucia.es\/iescabeza\/wp-json\/wp\/v2\/types\/page"}],"author":[{"embeddable":true,"href":"https:\/\/blogsaverroes.juntadeandalucia.es\/iescabeza\/wp-json\/wp\/v2\/users\/13753"}],"replies":[{"embeddable":true,"href":"https:\/\/blogsaverroes.juntadeandalucia.es\/iescabeza\/wp-json\/wp\/v2\/comments?post=600"}],"version-history":[{"count":4,"href":"https:\/\/blogsaverroes.juntadeandalucia.es\/iescabeza\/wp-json\/wp\/v2\/pages\/600\/revisions"}],"predecessor-version":[{"id":890,"href":"https:\/\/blogsaverroes.juntadeandalucia.es\/iescabeza\/wp-json\/wp\/v2\/pages\/600\/revisions\/890"}],"wp:attachment":[{"href":"https:\/\/blogsaverroes.juntadeandalucia.es\/iescabeza\/wp-json\/wp\/v2\/media?parent=600"}],"curies":[{"name":"wp","href":"https:\/\/api.w.org\/{rel}","templated":true}]}}