{"id":612,"date":"2022-02-23T11:12:03","date_gmt":"2022-02-23T11:12:03","guid":{"rendered":"https:\/\/blogsaverroes.juntadeandalucia.es\/iescabeza\/?page_id=612"},"modified":"2022-09-26T09:37:47","modified_gmt":"2022-09-26T09:37:47","slug":"actividades-extraescolares","status":"publish","type":"page","link":"https:\/\/blogsaverroes.juntadeandalucia.es\/iescabeza\/actividades-extraescolares\/","title":{"rendered":"Actividades Extraescolares"},"content":{"rendered":"<p><a href=\"https:\/\/blogsaverroes.juntadeandalucia.es\/iescabeza\/files\/2022\/03\/MD750401-Hoja-planificaci\u00f3n-actividades-21-22.pdf\" target=\"_blank\" rel=\"noopener noreferrer\">Planificaci\u00f3n de Actividades Extraescolares del curso 2021\/22<\/a><\/p>\n<p><a href=\"https:\/\/blogsaverroes.juntadeandalucia.es\/iescabeza\/files\/2022\/03\/PLANTILLA-AUTORIZACI\u00d3N-VIAJE.docx.pdf\" target=\"_blank\" rel=\"noopener noreferrer\">Documento de Autorizaci\u00f3n para participaci\u00f3n en Actividad Extraescolar<\/a><\/p>\n<p><a href=\"https:\/\/blogsaverroes.juntadeandalucia.es\/iescabeza\/files\/2022\/09\/BAREMO-ALUMNADO.pdf\">Documento con el baremo para la selecci\u00f3n del alumnado participante<\/a><\/p>\n","protected":false},"excerpt":{"rendered":"<p>Planificaci\u00f3n de Actividades Extraescolares del curso 2021\/22 Documento de Autorizaci\u00f3n para participaci\u00f3n en Actividad Extraescolar Documento con el baremo para la selecci\u00f3n del alumnado participante<\/p>\n","protected":false},"author":13753,"featured_media":0,"parent":0,"menu_order":0,"comment_status":"closed","ping_status":"closed","template":"","meta":{"ngg_post_thumbnail":0,"footnotes":""},"aioseo_notices":[],"_links":{"self":[{"href":"https:\/\/blogsaverroes.juntadeandalucia.es\/iescabeza\/wp-json\/wp\/v2\/pages\/612"}],"collection":[{"href":"https:\/\/blogsaverroes.juntadeandalucia.es\/iescabeza\/wp-json\/wp\/v2\/pages"}],"about":[{"href":"https:\/\/blogsaverroes.juntadeandalucia.es\/iescabeza\/wp-json\/wp\/v2\/types\/page"}],"author":[{"embeddable":true,"href":"https:\/\/blogsaverroes.juntadeandalucia.es\/iescabeza\/wp-json\/wp\/v2\/users\/13753"}],"replies":[{"embeddable":true,"href":"https:\/\/blogsaverroes.juntadeandalucia.es\/iescabeza\/wp-json\/wp\/v2\/comments?post=612"}],"version-history":[{"count":5,"href":"https:\/\/blogsaverroes.juntadeandalucia.es\/iescabeza\/wp-json\/wp\/v2\/pages\/612\/revisions"}],"predecessor-version":[{"id":1257,"href":"https:\/\/blogsaverroes.juntadeandalucia.es\/iescabeza\/wp-json\/wp\/v2\/pages\/612\/revisions\/1257"}],"wp:attachment":[{"href":"https:\/\/blogsaverroes.juntadeandalucia.es\/iescabeza\/wp-json\/wp\/v2\/media?parent=612"}],"curies":[{"name":"wp","href":"https:\/\/api.w.org\/{rel}","templated":true}]}}