{"id":684,"date":"2022-02-24T09:12:02","date_gmt":"2022-02-24T09:12:02","guid":{"rendered":"https:\/\/blogsaverroes.juntadeandalucia.es\/iescabeza\/?page_id=684"},"modified":"2026-03-10T22:16:59","modified_gmt":"2026-03-10T22:16:59","slug":"oferta-educativa-formacion-profesional","status":"publish","type":"page","link":"https:\/\/blogsaverroes.juntadeandalucia.es\/iescabeza\/oferta-educativa-formacion-profesional\/","title":{"rendered":"Oferta Educativa Formaci\u00f3n Profesional"},"content":{"rendered":"<h2><a href=\"https:\/\/blogsaverroes.juntadeandalucia.es\/iescabeza\/tecnico-en-atencion-a-personas-en-situacion-de-dependencia\/\"><span style=\"color: #333399\">CFGM Atenci\u00f3n a Personas en Situaci\u00f3n de Dependencia<\/span><\/a><\/h2>\n<table style=\"border-collapse: collapse;width: 100%\">\n<tbody>\n<tr>\n<td style=\"width: 50%\"><a href=\"https:\/\/blogsaverroes.juntadeandalucia.es\/iescabeza\/files\/2026\/03\/TRIPTICO-2o-APSD_page-0002.jpg\"><img fetchpriority=\"high\" decoding=\"async\" class=\"aligncenter wp-image-3116\" src=\"https:\/\/blogsaverroes.juntadeandalucia.es\/iescabeza\/files\/2026\/03\/TRIPTICO-2o-APSD_page-0002-300x212.jpg\" alt=\"\" width=\"400\" height=\"283\" srcset=\"https:\/\/blogsaverroes.juntadeandalucia.es\/iescabeza\/files\/2026\/03\/TRIPTICO-2o-APSD_page-0002-300x212.jpg 300w, https:\/\/blogsaverroes.juntadeandalucia.es\/iescabeza\/files\/2026\/03\/TRIPTICO-2o-APSD_page-0002-1024x724.jpg 1024w, https:\/\/blogsaverroes.juntadeandalucia.es\/iescabeza\/files\/2026\/03\/TRIPTICO-2o-APSD_page-0002-768x543.jpg 768w, https:\/\/blogsaverroes.juntadeandalucia.es\/iescabeza\/files\/2026\/03\/TRIPTICO-2o-APSD_page-0002-1536x1086.jpg 1536w, https:\/\/blogsaverroes.juntadeandalucia.es\/iescabeza\/files\/2026\/03\/TRIPTICO-2o-APSD_page-0002.jpg 1755w\" sizes=\"(max-width: 400px) 100vw, 400px\" \/><\/a><\/td>\n<td style=\"width: 50%\"><a href=\"https:\/\/blogsaverroes.juntadeandalucia.es\/iescabeza\/files\/2026\/03\/TRIPTICO-2o-APSD_page-0001.jpg\"><img decoding=\"async\" class=\"aligncenter wp-image-3115\" src=\"https:\/\/blogsaverroes.juntadeandalucia.es\/iescabeza\/files\/2026\/03\/TRIPTICO-2o-APSD_page-0001-300x212.jpg\" alt=\"\" width=\"400\" height=\"283\" srcset=\"https:\/\/blogsaverroes.juntadeandalucia.es\/iescabeza\/files\/2026\/03\/TRIPTICO-2o-APSD_page-0001-300x212.jpg 300w, https:\/\/blogsaverroes.juntadeandalucia.es\/iescabeza\/files\/2026\/03\/TRIPTICO-2o-APSD_page-0001-1024x724.jpg 1024w, https:\/\/blogsaverroes.juntadeandalucia.es\/iescabeza\/files\/2026\/03\/TRIPTICO-2o-APSD_page-0001-768x543.jpg 768w, https:\/\/blogsaverroes.juntadeandalucia.es\/iescabeza\/files\/2026\/03\/TRIPTICO-2o-APSD_page-0001-1536x1086.jpg 1536w, https:\/\/blogsaverroes.juntadeandalucia.es\/iescabeza\/files\/2026\/03\/TRIPTICO-2o-APSD_page-0001.jpg 1755w\" sizes=\"(max-width: 400px) 100vw, 400px\" \/><\/a><\/td>\n<\/tr>\n<\/tbody>\n<\/table>\n<hr>\n<h2><a href=\"https:\/\/blogsaverroes.juntadeandalucia.es\/iescabeza\/tecnico-superior-en-dietetica\/\"><span style=\"color: #333399\">CFGS Diet\u00e9tica<\/span><\/a><\/h2>\n<table style=\"border-collapse: collapse;width: 100%\">\n<tbody>\n<tr>\n<td style=\"width: 50%\">\n<h2><a href=\"https:\/\/blogsaverroes.juntadeandalucia.es\/iescabeza\/files\/2025\/02\/Triptico-Ciclo-de-Dietetica-0002.jpg\" target=\"_blank\" rel=\"noopener\"><img decoding=\"async\" class=\"aligncenter wp-image-2356\" src=\"https:\/\/blogsaverroes.juntadeandalucia.es\/iescabeza\/files\/2025\/02\/Triptico-Ciclo-de-Dietetica-0002-300x232.jpg\" alt=\"\" width=\"400\" height=\"309\" srcset=\"https:\/\/blogsaverroes.juntadeandalucia.es\/iescabeza\/files\/2025\/02\/Triptico-Ciclo-de-Dietetica-0002-300x232.jpg 300w, https:\/\/blogsaverroes.juntadeandalucia.es\/iescabeza\/files\/2025\/02\/Triptico-Ciclo-de-Dietetica-0002-1024x791.jpg 1024w, https:\/\/blogsaverroes.juntadeandalucia.es\/iescabeza\/files\/2025\/02\/Triptico-Ciclo-de-Dietetica-0002-768x593.jpg 768w, https:\/\/blogsaverroes.juntadeandalucia.es\/iescabeza\/files\/2025\/02\/Triptico-Ciclo-de-Dietetica-0002-1536x1187.jpg 1536w, https:\/\/blogsaverroes.juntadeandalucia.es\/iescabeza\/files\/2025\/02\/Triptico-Ciclo-de-Dietetica-0002.jpg 1650w\" sizes=\"(max-width: 400px) 100vw, 400px\" \/><\/a><\/h2>\n<\/td>\n<td style=\"width: 50%\">\n<h2><a href=\"https:\/\/blogsaverroes.juntadeandalucia.es\/iescabeza\/files\/2025\/02\/Triptico-Ciclo-de-Dietetica-0001.jpg\" target=\"_blank\" rel=\"noopener\"><img loading=\"lazy\" decoding=\"async\" class=\"aligncenter wp-image-2355\" src=\"https:\/\/blogsaverroes.juntadeandalucia.es\/iescabeza\/files\/2025\/02\/Triptico-Ciclo-de-Dietetica-0001-300x232.jpg\" alt=\"\" width=\"400\" height=\"309\" srcset=\"https:\/\/blogsaverroes.juntadeandalucia.es\/iescabeza\/files\/2025\/02\/Triptico-Ciclo-de-Dietetica-0001-300x232.jpg 300w, https:\/\/blogsaverroes.juntadeandalucia.es\/iescabeza\/files\/2025\/02\/Triptico-Ciclo-de-Dietetica-0001-1024x791.jpg 1024w, https:\/\/blogsaverroes.juntadeandalucia.es\/iescabeza\/files\/2025\/02\/Triptico-Ciclo-de-Dietetica-0001-768x593.jpg 768w, https:\/\/blogsaverroes.juntadeandalucia.es\/iescabeza\/files\/2025\/02\/Triptico-Ciclo-de-Dietetica-0001-1536x1187.jpg 1536w, https:\/\/blogsaverroes.juntadeandalucia.es\/iescabeza\/files\/2025\/02\/Triptico-Ciclo-de-Dietetica-0001.jpg 1650w\" sizes=\"(max-width: 400px) 100vw, 400px\" \/><\/a><\/h2>\n<\/td>\n<\/tr>\n<\/tbody>\n<\/table>\n<hr>\n<h2><a href=\"https:\/\/blogsaverroes.juntadeandalucia.es\/iescabeza\/tecnico-superior-en-higiene-bucodental\/\"><span style=\"color: #333399\">CFGS Higiene Bucodental<\/span><\/a><\/h2>\n<table style=\"border-collapse: collapse;width: 100%\">\n<tbody>\n<tr>\n<td style=\"width: 50%\"><a href=\"https:\/\/blogsaverroes.juntadeandalucia.es\/iescabeza\/files\/2025\/02\/Triptico-Ciclo-de-Higiene-Bucodental-0002.jpg\" target=\"_blank\" rel=\"noopener\"><img loading=\"lazy\" decoding=\"async\" class=\"aligncenter wp-image-2359\" src=\"https:\/\/blogsaverroes.juntadeandalucia.es\/iescabeza\/files\/2025\/02\/Triptico-Ciclo-de-Higiene-Bucodental-0002-300x212.jpg\" alt=\"\" width=\"400\" height=\"283\" srcset=\"https:\/\/blogsaverroes.juntadeandalucia.es\/iescabeza\/files\/2025\/02\/Triptico-Ciclo-de-Higiene-Bucodental-0002-300x212.jpg 300w, https:\/\/blogsaverroes.juntadeandalucia.es\/iescabeza\/files\/2025\/02\/Triptico-Ciclo-de-Higiene-Bucodental-0002-1024x725.jpg 1024w, https:\/\/blogsaverroes.juntadeandalucia.es\/iescabeza\/files\/2025\/02\/Triptico-Ciclo-de-Higiene-Bucodental-0002-768x543.jpg 768w, https:\/\/blogsaverroes.juntadeandalucia.es\/iescabeza\/files\/2025\/02\/Triptico-Ciclo-de-Higiene-Bucodental-0002-1536x1087.jpg 1536w, https:\/\/blogsaverroes.juntadeandalucia.es\/iescabeza\/files\/2025\/02\/Triptico-Ciclo-de-Higiene-Bucodental-0002.jpg 1754w\" sizes=\"(max-width: 400px) 100vw, 400px\" \/><\/a><\/td>\n<td style=\"width: 50%\"><a href=\"https:\/\/blogsaverroes.juntadeandalucia.es\/iescabeza\/files\/2025\/02\/Triptico-Ciclo-de-Higiene-Bucodental-0001.jpg\" target=\"_blank\" rel=\"noopener\"><img loading=\"lazy\" decoding=\"async\" class=\"aligncenter wp-image-2358\" src=\"https:\/\/blogsaverroes.juntadeandalucia.es\/iescabeza\/files\/2025\/02\/Triptico-Ciclo-de-Higiene-Bucodental-0001-300x212.jpg\" alt=\"\" width=\"400\" height=\"283\" srcset=\"https:\/\/blogsaverroes.juntadeandalucia.es\/iescabeza\/files\/2025\/02\/Triptico-Ciclo-de-Higiene-Bucodental-0001-300x212.jpg 300w, https:\/\/blogsaverroes.juntadeandalucia.es\/iescabeza\/files\/2025\/02\/Triptico-Ciclo-de-Higiene-Bucodental-0001-1024x725.jpg 1024w, https:\/\/blogsaverroes.juntadeandalucia.es\/iescabeza\/files\/2025\/02\/Triptico-Ciclo-de-Higiene-Bucodental-0001-768x543.jpg 768w, https:\/\/blogsaverroes.juntadeandalucia.es\/iescabeza\/files\/2025\/02\/Triptico-Ciclo-de-Higiene-Bucodental-0001-1536x1087.jpg 1536w, https:\/\/blogsaverroes.juntadeandalucia.es\/iescabeza\/files\/2025\/02\/Triptico-Ciclo-de-Higiene-Bucodental-0001.jpg 1754w\" sizes=\"(max-width: 400px) 100vw, 400px\" \/><\/a><\/td>\n<\/tr>\n<\/tbody>\n<\/table>\n<hr>\n<h2>&nbsp;<\/h2>\n","protected":false},"excerpt":{"rendered":"<p>CFGM Atenci\u00f3n a Personas en Situaci\u00f3n de Dependencia CFGS Diet\u00e9tica CFGS Higiene Bucodental &nbsp;<\/p>\n","protected":false},"author":13753,"featured_media":0,"parent":0,"menu_order":0,"comment_status":"closed","ping_status":"closed","template":"","meta":{"ngg_post_thumbnail":0,"footnotes":""},"aioseo_notices":[],"_links":{"self":[{"href":"https:\/\/blogsaverroes.juntadeandalucia.es\/iescabeza\/wp-json\/wp\/v2\/pages\/684"}],"collection":[{"href":"https:\/\/blogsaverroes.juntadeandalucia.es\/iescabeza\/wp-json\/wp\/v2\/pages"}],"about":[{"href":"https:\/\/blogsaverroes.juntadeandalucia.es\/iescabeza\/wp-json\/wp\/v2\/types\/page"}],"author":[{"embeddable":true,"href":"https:\/\/blogsaverroes.juntadeandalucia.es\/iescabeza\/wp-json\/wp\/v2\/users\/13753"}],"replies":[{"embeddable":true,"href":"https:\/\/blogsaverroes.juntadeandalucia.es\/iescabeza\/wp-json\/wp\/v2\/comments?post=684"}],"version-history":[{"count":16,"href":"https:\/\/blogsaverroes.juntadeandalucia.es\/iescabeza\/wp-json\/wp\/v2\/pages\/684\/revisions"}],"predecessor-version":[{"id":3118,"href":"https:\/\/blogsaverroes.juntadeandalucia.es\/iescabeza\/wp-json\/wp\/v2\/pages\/684\/revisions\/3118"}],"wp:attachment":[{"href":"https:\/\/blogsaverroes.juntadeandalucia.es\/iescabeza\/wp-json\/wp\/v2\/media?parent=684"}],"curies":[{"name":"wp","href":"https:\/\/api.w.org\/{rel}","templated":true}]}}