{"id":762,"date":"2024-03-01T09:09:26","date_gmt":"2024-03-01T09:09:26","guid":{"rendered":"https:\/\/blogsaverroes.juntadeandalucia.es\/iescabeza\/?page_id=762"},"modified":"2026-02-24T18:54:36","modified_gmt":"2026-02-24T18:54:36","slug":"secundaria-y-bachillerato","status":"publish","type":"page","link":"https:\/\/blogsaverroes.juntadeandalucia.es\/iescabeza\/admision-y-matriculacion\/secundaria-y-bachillerato\/","title":{"rendered":"Secundaria y Bachillerato"},"content":{"rendered":"<p>EDUCACI\u00d3N SECUNDARIA OBLIGATORIA Y BACHILLERATO<\/p>\n<table class=\" alignright\" style=\"height: 102px;width: 37.819%\">\n<tbody>\n<tr>\n<td style=\"width: 94.4204%\" colspan=\"2\"><strong>IMPRESOS DE ADMISI\u00d3N<\/strong><\/td>\n<\/tr>\n<tr>\n<td style=\"width: 77.8719%;text-align: left\"><span style=\"color: #333399\"><strong>Impreso admisi\u00f3n ESO y Bachillerato<\/strong><\/span><\/td>\n<td style=\"width: 16.5485%\"><a href=\"https:\/\/blogsaverroes.juntadeandalucia.es\/iescabeza\/files\/2022\/03\/2.-Impreso-solicitud-admisi\u00f3n-ESO-BACH.pdf\" target=\"_blank\" rel=\"noopener\"><button>Descargar<\/button><\/a><\/td>\n<\/tr>\n<\/tbody>\n<\/table>\n<p style=\"text-align: justify\">Durante todo el mes de marzo permanecer\u00e1 abierto en Andaluc\u00eda el plazo para la presentaci\u00f3n de solicitudes de admisi\u00f3n correspondientes al curso escolar 2026\/27 en la red de centros sostenidos con fondos p\u00fablicos. Se inicia de este modo el proceso de escolarizaci\u00f3n en el que participan todos los ni\u00f1os y ni\u00f1as que se incorporan por primera vez al sistema educativo, tanto en centros p\u00fablicos como privados concertados, as\u00ed como el alumnado que cambie de centro escolar.<br \/>\n&nbsp;<\/p>\n<table class=\" alignright alignleft\" style=\"height: 415px;width: 37.819%;border-collapse: collapse\">\n<tbody>\n<tr style=\"height: 24px\">\n<td style=\"width: 94.4204%;text-align: center;height: 24px\" colspan=\"2\">I<strong>MPRESOS DE MATR\u00cdCULA<\/strong><\/td>\n<\/tr>\n<tr style=\"height: 24px\">\n<td style=\"width: 77.6287%;text-align: left;height: 38px\"><span style=\"color: #0000ff\"><strong>Impreso matr\u00edcula 1\u00ba ESO<\/strong><\/span><\/td>\n<td style=\"width: 16.7917%;height: 38px\"><a href=\"https:\/\/blogsaverroes.juntadeandalucia.es\/iescabeza\/files\/2026\/02\/1o-ESO.pdf\" target=\"_blank\" rel=\"noopener\"><button>Descargar<\/button><\/a><\/td>\n<\/tr>\n<tr style=\"height: 24px\">\n<td style=\"width: 77.6287%;text-align: left;height: 36px\"><span style=\"color: #0000ff\"><strong>Impreso matr\u00edcula 2\u00ba ESO<\/strong><\/span><\/td>\n<td style=\"width: 16.7917%;height: 36px\"><a href=\"https:\/\/blogsaverroes.juntadeandalucia.es\/iescabeza\/files\/2026\/02\/2o-ESO.pdf\" target=\"_blank\" rel=\"noopener\"><button>Descargar<\/button><\/a><\/td>\n<\/tr>\n<tr style=\"height: 24px\">\n<td style=\"width: 77.6287%;text-align: left;height: 37px\"><span style=\"color: #0000ff\"><strong>Impreso matr\u00edcula 3\u00ba ESO<\/strong><\/span><\/td>\n<td style=\"width: 16.7917%;height: 37px\"><a href=\"https:\/\/blogsaverroes.juntadeandalucia.es\/iescabeza\/files\/2026\/02\/3o-ESO.pdf\" target=\"_blank\" rel=\"noopener\"><button>Descargar<\/button><\/a><\/td>\n<\/tr>\n<tr style=\"height: 39px\">\n<td style=\"width: 77.6287%;text-align: left;height: 38px\"><span style=\"color: #0000ff\"><strong>Impreso matr\u00edcula 3\u00ba ESO Diversificaci\u00f3n<\/strong><\/span><\/td>\n<td style=\"width: 16.7917%;height: 38px\"><a href=\"https:\/\/blogsaverroes.juntadeandalucia.es\/iescabeza\/files\/2026\/02\/3o-DIVER.pdf\" target=\"_blank\" rel=\"noopener\"><button>Descargar<\/button><\/a><\/td>\n<\/tr>\n<tr style=\"height: 24px\">\n<td style=\"width: 77.6287%;text-align: left;height: 35px\"><span style=\"color: #0000ff\"><strong>Impreso matr\u00edcula 4\u00ba ESO<\/strong><\/span><\/td>\n<td style=\"width: 16.7917%;height: 35px\"><a href=\"https:\/\/blogsaverroes.juntadeandalucia.es\/iescabeza\/files\/2026\/02\/4o-ESO.pdf\" target=\"_blank\" rel=\"noopener\"><button>Descargar<\/button><\/a><\/td>\n<\/tr>\n<tr style=\"height: 48px\">\n<td style=\"width: 77.6287%;text-align: left;height: 37px\"><span style=\"color: #0000ff\"><strong>Impreso matr\u00edcula 4\u00ba ESO Diversificaci\u00f3n<\/strong><\/span><\/td>\n<td style=\"width: 16.7917%;height: 37px\"><a href=\"https:\/\/blogsaverroes.juntadeandalucia.es\/iescabeza\/files\/2026\/02\/4o-DIVER.pdf\" target=\"_blank\" rel=\"noopener\"><button>Descargar<\/button><\/a><\/td>\n<\/tr>\n<tr style=\"height: 48px\">\n<td style=\"width: 77.6287%;text-align: left;height: 54px\"><strong><span style=\"color: #0000ff\">Informaci\u00f3n OPTATIVAS &#8211; ESO<\/span><\/strong><\/td>\n<td style=\"width: 16.7917%;height: 54px\"><a href=\"https:\/\/blogsaverroes.juntadeandalucia.es\/iescabeza\/files\/2026\/02\/OPTATIVAS-ESO-Definitivo.pdf\" target=\"_blank\" rel=\"noopener\"><button>Descargar<\/button><\/a><\/td>\n<\/tr>\n<tr style=\"height: 36px\">\n<td style=\"width: 77.6287%;height: 36px;text-align: left\"><span style=\"color: #0000ff\"><strong>Impreso matr\u00edcula 1\u00ba Bachillerato<\/strong><\/span><\/td>\n<td style=\"width: 16.7917%;height: 36px\"><a href=\"https:\/\/blogsaverroes.juntadeandalucia.es\/iescabeza\/files\/2026\/02\/1o-Bachillerato.pdf\" target=\"_blank\" rel=\"noopener\"><button>Descargar<\/button><\/a><\/td>\n<\/tr>\n<tr style=\"height: 37px\">\n<td style=\"width: 77.6287%;height: 37px;text-align: left\"><span style=\"color: #0000ff\"><strong>Impreso matr\u00edcula 2\u00ba Bachillerato<\/strong><\/span><\/td>\n<td style=\"width: 16.7917%;height: 37px\"><a href=\"https:\/\/blogsaverroes.juntadeandalucia.es\/iescabeza\/files\/2026\/02\/2o-BACH.pdf\" target=\"_blank\" rel=\"noopener\"><button>Descargar<\/button><\/a><\/td>\n<\/tr>\n<tr style=\"height: 43px\">\n<td style=\"width: 77.6287%;text-align: left;height: 43px\"><span style=\"color: #0000ff\"><strong>Informaci\u00f3n OPTATIVAS &#8211; BACH<\/strong><\/span><\/td>\n<td style=\"width: 16.7917%;height: 43px\"><a href=\"https:\/\/blogsaverroes.juntadeandalucia.es\/iescabeza\/files\/2026\/02\/OPTATIVAS-BACHILLERATO-DEFITINITO.pdf\" target=\"_blank\" rel=\"noopener\"><button>Descargar<\/button><\/a><\/td>\n<\/tr>\n<\/tbody>\n<\/table>\n<p style=\"text-align: justify\"><strong>Entre los d\u00edas 1 de marzo y 31 de marzo de 2026, ambos inclusive<\/strong>, deber\u00e1n presentar su solicitud los escolares de educaci\u00f3n secundaria obligatoria y bachillerato de nuevo ingreso o que quieran cambiar de centro.<\/p>\n<p style=\"text-align: justify\">&nbsp;<\/p>\n<p style=\"text-align: justify\">Las ense\u00f1anzas de Secundaria y de Bachillerato otorgan, respectivamente, los siguientes<strong> t\u00edtulos:<\/strong><\/p>\n<ul style=\"list-style-type: disc;text-align: justify\">\n<li><strong>Graduado en Educaci\u00f3n Secundaria Obligatoria<\/strong>: facilita el acceso al Bachillerato y a los Ciclos Formativos de Grado Medio de Formaci\u00f3n Profesional.<\/li>\n<li><strong>Bachillerato<\/strong>: facilita el acceso a la Universidad (a trav\u00e9s de la PEVAU o Selectividad) y a los Ciclos Formativos de Grado Superior de Formaci\u00f3n Profesional.<\/li>\n<\/ul>\n<p style=\"text-align: justify\">Por su parte, los centros educativos publican la relaci\u00f3n de puestos escolares vacantes, as\u00ed como la informaci\u00f3n sobre las direcciones catastrales comprendidas en sus \u00e1reas de influencia y \u00e1reas lim\u00edtrofes. Cuando la oferta de plazas coincida o sea superior a la demanda, los solicitantes ser\u00e1n admitidos y solo en aquellos casos donde no se pueda atender toda la demanda, se proceder\u00e1 a la baremaci\u00f3n de las solicitudes.<\/p>\n<p style=\"text-align: justify\">Los centros har\u00e1n p\u00fablica,<strong> antes del 21 de abril de 2026<\/strong>, en su tabl\u00f3n de anuncios, la relaci\u00f3n de solicitantes con la puntuaci\u00f3n total obtenida y, a partir de esa fecha, se abrir\u00e1 un <strong>plazo de 10 d\u00edas lectivos para la presentaci\u00f3n de alegaciones<\/strong>. Si tras la aplicaci\u00f3n de los criterios de baremaci\u00f3n se producen empates, se aplicar\u00e1 el resultado del <strong>sorteo p\u00fablico<\/strong> que se celebrar\u00e1 el d\u00eda <strong>13 de mayo de 2026<\/strong>. La relaci\u00f3n definitiva de admitidos y no admitidos saldr\u00e1 el <strong>14 de mayo de 2026<\/strong>. El <strong>25 de mayo de 2026<\/strong> se publicar\u00e1 la adjudicaci\u00f3n de plaza escolar al alumnado no admitido en el centro docente elegido como prioritario. El <strong>26 de mayor de 2026<\/strong> comenzar\u00e1 el plazo para la presentaci\u00f3n de recursos de alzada y reclamaciones.<\/p>\n<h4 style=\"text-align: justify\">Criterios de Admisi\u00f3n:<\/h4>\n<ol style=\"list-style-type: lower-alpha;text-align: justify\">\n<li>Existencia de hermanos o hermanas matriculados en el centro.<\/li>\n<li>Proximidad del domicilio familiar o del lugar de trabajo del padre, de la madre o de la persona tutora o guardadora legal.<\/li>\n<li>Renta per c\u00e1pita anual de la unidad familiar.<\/li>\n<li>Concurrencia de discapacidad legalmente reconocida del alumno o la alumna, de sus padres, madres, tutores o guardadores legales, o de alguno de sus hermanos o hermanas o menores en acogimiento en la misma unidad familiar. En el segundo ciclo de la educaci\u00f3n infantil se considerar\u00e1 tambi\u00e9n la presencia en el alumnado de trastornos en el desarrollo.<\/li>\n<li>Que el alumno o la alumna pertenezca a una familia con la condici\u00f3n de numerosa.<\/li>\n<li>Que el alumno o la alumna pertenezca a una familia con la condici\u00f3n de monoparental y sea menor de edad o mayor de edad sujeto a patria potestad prorrogada o tutela.<\/li>\n<li>Que el alumno o la alumna pertenezca a una familia no numerosa ni monoparental en la que tenga un \u00fanico hermano o hermana.<\/li>\n<li>Que quien o quienes ostenten la guarda y custodia del alumno o alumna realicen una actividad laboral o profesional remunerada.<\/li>\n<li>Que el alumno o la alumna est\u00e9 matriculado en el primer ciclo de la educaci\u00f3n infantil en un centro autorizado para ello.<\/li>\n<li>Que el alumno haya nacido de parto m\u00faltiple.&nbsp;<\/li>\n<\/ol>\n<p style=\"text-align: justify\">Para las ense\u00f1anzas de <strong>Bachillerato<\/strong>, se requerir\u00e1 necesariamente <strong>haber obtenido el T\u00edtulo de Educaci\u00f3n Secundaria Obligatoria.<\/strong><\/p>\n<h4 style=\"text-align: justify\">Oferta educativa en Bachillerato:<\/h4>\n<p style=\"text-align: justify\">El I.E.S. Nuestra Se\u00f1ora de la Cabeza oferta en Bachillerato plazas para las siguientes modalidades:<\/p>\n<ul style=\"text-align: justify\">\n<li>Artes pl\u00e1sticas.<\/li>\n<li>Ciencias y tecnolog\u00eda.<\/li>\n<li>Humanidades y Ciencias Sociales.<\/li>\n<li>General.<\/li>\n<\/ul>\n<h4 style=\"text-align: justify\">Inscripci\u00f3n y matriculaci\u00f3n:<\/h4>\n<ul style=\"text-align: justify\">\n<li>El plazo para solicitar plaza es del<strong> 1 al 31 de marzo de 2026.<\/strong><\/li>\n<li>La matr\u00edcula se realizar\u00e1 del <strong>1 al 10 de julio de 2026.(*)<\/strong><\/li>\n<\/ul>\n<p style=\"text-align: justify\">(*) <strong>Para realizar la matr\u00edcula antes hay que ser admitido<\/strong>, si se es alumno o alumna de nuevo ingreso, o ser ya alumno o alumna del Instituto.<\/p>\n<p style=\"text-align: justify\">Una vez cumplimentados, se pueden entregar en la Oficina del Centro o mandarlos a la direcci\u00f3n de correo electr\u00f3nico&nbsp;<a href=\"mailto:oficina@iescabeza.es\">oficina@iescabeza.es<\/a><\/p>\n<p style=\"text-align: justify\">Tambi\u00e9n se pueden cumplimentar los documentos a trav\u00e9s de la p\u00e1gina web de la Secretar\u00eda virtual de los centros educativos andaluces, con lo que ya no es necesario su entrega al Centro:<br \/>\n<a href=\"https:\/\/www.juntadeandalucia.es\/educacion\/secretariavirtual\/\" target=\"_blank\" rel=\"noopener noreferrer\">Secretar\u00eda Virtual de los centros docentes andaluces (juntadeandalucia.es)<\/a><\/p>\n<p>&nbsp;<\/p>\n<h4>HERRAMIENTAS DE AYUDA<\/h4>\n<table style=\"border-collapse: collapse;width: 98.7134%\">\n<tbody>\n<tr>\n<td style=\"width: 22.8388%\">\n<h3 style=\"text-align: center\" title=\"Descarga la app iEscolariza\"><span style=\"color: #0000ff\">app iEscolariza<\/span><\/h3>\n<\/td>\n<td style=\"width: 2.04026%\">&nbsp;<\/td>\n<td style=\"width: 22.3516%\">\n<h3 style=\"text-align: center\" title=\"Descarga la app iEscolariza\"><span style=\"color: #0000ff\">Secretar\u00eda Virtual &#8211; Solicita tu plaza aqu\u00ed<\/span><\/h3>\n<\/td>\n<td style=\"width: 2.73193%\">&nbsp;<\/td>\n<td style=\"width: 23.5713%\">\n<h3 style=\"text-align: center\" title=\"Descarga la app iEscolariza\"><span style=\"color: #0000ff\">Tel\u00e9fono de informaci\u00f3n gratuito<\/span><\/h3>\n<\/td>\n<td style=\"width: 1.94552%\">&nbsp;<\/td>\n<td style=\"width: 22.0119%\">\n<h3 style=\"text-align: center\" title=\"Descarga la app iEscolariza\"><span style=\"color: #0000ff\">Consulta centros y \u00e1reas de influencia<\/span><\/h3>\n<\/td>\n<td style=\"width: 2.37559%\">&nbsp;<\/td>\n<\/tr>\n<tr>\n<td style=\"width: 22.8388%;text-align: justify\">Consulta de centros y puntos para el proceso de escolarizaci\u00f3n de los centros sostenidos con fondos p\u00fablicos de Andaluc\u00eda.<\/td>\n<td style=\"width: 2.04026%;text-align: justify\">&nbsp;<\/td>\n<td style=\"width: 22.3516%;height: 65px;text-align: justify\">\n<p style=\"text-align: justify\" title=\"Descarga la app iEscolariza\"><span style=\"font-size: 16px\">Presentaci\u00f3n telem\u00e1tica de la admisi\u00f3n del alumnado en los centros docentes sostenidos con fondos p\u00fablicos de las ense\u00f1anzas de 2\u00ba Ciclo de Educaci\u00f3n Infantil, Educaci\u00f3n Primaria, Educaci\u00f3n Especial, Educaci\u00f3n Secundaria Obligatoria y Bachillerato<\/span><\/p>\n<\/td>\n<td style=\"width: 2.73193%;text-align: justify\">&nbsp;<\/td>\n<td style=\"width: 23.5713%;text-align: justify\">Para atender consultas sobre todo el proceso de escolarizaci\u00f3n, la Consejer\u00eda ha habilitado un tel\u00e9fono gratuito de informaci\u00f3n (<strong>900 848 000<\/strong>), en horario ininterrumpido de 8.00 a 19.00 horas.<\/td>\n<td style=\"width: 1.94552%;text-align: justify\">&nbsp;<\/td>\n<td style=\"width: 22.0119%;text-align: justify\">Para consultar las \u00e1reas de influencia, seleccione sobre el mapa de la provincia y acceder\u00e1 a la informaci\u00f3n de las diferentes \u00e1reas de influencia y los centros correspondientes consultar la informaci\u00f3n producida por las diferentes Delegaciones Territoriales de la Consejer\u00eda de Desarrollo Educativo y Formaci\u00f3n Profesional, seleccione una provincia.<\/td>\n<td style=\"width: 2.37559%;text-align: justify\">&nbsp;<\/td>\n<\/tr>\n<tr>\n<td style=\"width: 22.8388%\"><a href=\"https:\/\/play.google.com\/store\/apps\/details?id=es.juntadeandalucia.ced.escolarizacion&amp;hl=es\" target=\"_blank\" rel=\"noopener\"><img decoding=\"async\" class=\"aligncenter\" src=\"https:\/\/www.juntadeandalucia.es\/educacion\/portales\/documents\/100629\/185919\/1e3a27414de58d0df178be36670f67a8.png\/08b9e4e7-80aa-a6ed-c03c-be25aa9165f4?t=1649314527447\" alt=\"\" width=\"174\" height=\"52\"><\/a><\/p>\n<p><a href=\"https:\/\/itunes.apple.com\/es\/app\/iescolariza\/id606516551?mt=8\" target=\"_blank\" rel=\"noopener\"><img decoding=\"async\" class=\"aligncenter\" src=\"https:\/\/www.juntadeandalucia.es\/educacion\/portales\/documents\/100629\/185919\/app-store-badge.png\/0220939c-d645-7da1-4523-c6d2490c12ea?t=1649314401757\" alt=\"\" width=\"181\" height=\"54\"><\/a><\/td>\n<td style=\"width: 2.04026%\">&nbsp;<\/td>\n<td style=\"width: 22.3516%;height: 96px;text-align: justify\"><a href=\"https:\/\/secretariavirtual.juntadeandalucia.es\/secretariavirtual\/\" target=\"_blank\" rel=\"noopener\"><img fetchpriority=\"high\" decoding=\"async\" class=\"alignnone\" src=\"https:\/\/secretariavirtual.juntadeandalucia.es\/secretariavirtual\/images\/logo_secretaria_virtual.svg\" alt=\"Secretar\u00eda Virtual\" width=\"833\" height=\"189\"><\/a><\/td>\n<td style=\"width: 2.73193%\">&nbsp;<\/td>\n<td style=\"width: 23.5713%\"><img loading=\"lazy\" decoding=\"async\" class=\"\" src=\"https:\/\/www.juntadeandalucia.es\/educacion\/portales\/documents\/100629\/0\/cauce+%281%29.png\/1b9317d5-8834-ba44-9e7b-0c31c89579d2?t=1677172501818\" width=\"218\" height=\"218\"><\/td>\n<td style=\"width: 1.94552%\">&nbsp;<\/td>\n<td style=\"width: 22.0119%\"><a href=\"https:\/\/www.juntadeandalucia.es\/educacion\/educasig\/escolarizacion\/\" target=\"_blank\" rel=\"noopener\"><img decoding=\"async\" src=\"https:\/\/www.juntadeandalucia.es\/educacion\/portales\/documents\/100629\/0\/educa.png\/cf7edb6a-2e20-10de-8706-af1149426f80?t=1677228067845\"><\/a><\/td>\n<td style=\"width: 2.37559%\">&nbsp;<\/td>\n<\/tr>\n<\/tbody>\n<\/table>\n","protected":false},"excerpt":{"rendered":"<p>EDUCACI\u00d3N SECUNDARIA OBLIGATORIA Y BACHILLERATO IMPRESOS DE ADMISI\u00d3N Impreso admisi\u00f3n ESO y Bachillerato Descargar Durante todo el mes de marzo permanecer\u00e1 abierto en Andaluc\u00eda el plazo para la presentaci\u00f3n de solicitudes de admisi\u00f3n correspondientes&#46;&#46;&#46;<\/p>\n","protected":false},"author":13753,"featured_media":753,"parent":566,"menu_order":0,"comment_status":"closed","ping_status":"closed","template":"page-templates\/child-menu.php","meta":{"ngg_post_thumbnail":0,"footnotes":""},"aioseo_notices":[],"_links":{"self":[{"href":"https:\/\/blogsaverroes.juntadeandalucia.es\/iescabeza\/wp-json\/wp\/v2\/pages\/762"}],"collection":[{"href":"https:\/\/blogsaverroes.juntadeandalucia.es\/iescabeza\/wp-json\/wp\/v2\/pages"}],"about":[{"href":"https:\/\/blogsaverroes.juntadeandalucia.es\/iescabeza\/wp-json\/wp\/v2\/types\/page"}],"author":[{"embeddable":true,"href":"https:\/\/blogsaverroes.juntadeandalucia.es\/iescabeza\/wp-json\/wp\/v2\/users\/13753"}],"replies":[{"embeddable":true,"href":"https:\/\/blogsaverroes.juntadeandalucia.es\/iescabeza\/wp-json\/wp\/v2\/comments?post=762"}],"version-history":[{"count":49,"href":"https:\/\/blogsaverroes.juntadeandalucia.es\/iescabeza\/wp-json\/wp\/v2\/pages\/762\/revisions"}],"predecessor-version":[{"id":3102,"href":"https:\/\/blogsaverroes.juntadeandalucia.es\/iescabeza\/wp-json\/wp\/v2\/pages\/762\/revisions\/3102"}],"up":[{"embeddable":true,"href":"https:\/\/blogsaverroes.juntadeandalucia.es\/iescabeza\/wp-json\/wp\/v2\/pages\/566"}],"wp:featuredmedia":[{"embeddable":true,"href":"https:\/\/blogsaverroes.juntadeandalucia.es\/iescabeza\/wp-json\/wp\/v2\/media\/753"}],"wp:attachment":[{"href":"https:\/\/blogsaverroes.juntadeandalucia.es\/iescabeza\/wp-json\/wp\/v2\/media?parent=762"}],"curies":[{"name":"wp","href":"https:\/\/api.w.org\/{rel}","templated":true}]}}