{"id":877,"date":"2022-03-03T10:27:53","date_gmt":"2022-03-03T10:27:53","guid":{"rendered":"https:\/\/blogsaverroes.juntadeandalucia.es\/iescabeza\/?page_id=877"},"modified":"2022-03-03T10:27:53","modified_gmt":"2022-03-03T10:27:53","slug":"trinity-college-london","status":"publish","type":"page","link":"https:\/\/blogsaverroes.juntadeandalucia.es\/iescabeza\/trinity-college-london\/","title":{"rendered":"Trinity College London"},"content":{"rendered":"<div dir=\"auto\"><img decoding=\"async\" class=\"size-medium wp-image-878 alignleft\" src=\"https:\/\/blogsaverroes.juntadeandalucia.es\/iescabeza\/files\/2022\/03\/trinity_college_london_logo-300x85.png\" alt=\"\" width=\"300\" height=\"85\" srcset=\"https:\/\/blogsaverroes.juntadeandalucia.es\/iescabeza\/files\/2022\/03\/trinity_college_london_logo-300x85.png 300w, https:\/\/blogsaverroes.juntadeandalucia.es\/iescabeza\/files\/2022\/03\/trinity_college_london_logo.png 650w\" sizes=\"(max-width: 300px) 100vw, 300px\" \/>Como ya es conocido por todos, en la actualidad es preceptivo mostrar un nivel B1 en un idioma para que el alumnado pueda obtener el t\u00edtulo de Grado en las universidades espa\u00f1olas, y un B2 para algunos t\u00edtulos de posgrado. Es por ello que el IES Nstra Sra de la Cabeza lleva ya varios a\u00f1os siendo Centro Examinador autorizado de ex\u00e1menes de ingl\u00e9s de la organizaci\u00f3n Trinity College London ( ISE I, ISE II, ISE III) , para de esta manera ayudar al alumnado en la obtenci\u00f3n de los certificados B1, B2 o C1 seg\u00fan el Marco de Referencia Europeo.<\/div>\n<div dir=\"auto\">&nbsp;<\/div>\n<div dir=\"auto\">En el centro se ofertan dos asignaturas optativas para la preparaci\u00f3n de los niveles ISE I (B1) \/ ISE II (B2) que son impartidas por la tarde.<\/div>\n<div dir=\"auto\">&nbsp;<\/div>\n<div dir=\"auto\">Para obtener m\u00e1s recursos en la preparaci\u00f3n de dichos ex\u00e1menes los pueden encontrar en los siguientes enlaces:<\/div>\n<div dir=\"auto\">&nbsp;<\/div>\n<div dir=\"auto\"><a href=\"https:\/\/www.trinitycollege.com\/qualifications\/english-language\/ISE\/ISE-I-B1-resources\" target=\"_blank\" rel=\"noopener noreferrer\" data-saferedirecturl=\"https:\/\/www.google.com\/url?q=https:\/\/www.trinitycollege.com\/qualifications\/english-language\/ISE\/ISE-I-B1-resources&amp;source=gmail&amp;ust=1646389086149000&amp;usg=AOvVaw1EBt0n14dhi2DagU85Q_4x\">https:\/\/www.trinitycollege.com\/qualifications\/english-language\/ISE\/ISE-I-B1-resources<\/a><\/div>\n<div dir=\"auto\">&nbsp;<\/div>\n<div dir=\"auto\"><a href=\"https:\/\/www.trinitycollege.com\/qualifications\/english-language\/ISE\/ISE-II-B2-resources\" target=\"_blank\" rel=\"noopener noreferrer\" data-saferedirecturl=\"https:\/\/www.google.com\/url?q=https:\/\/www.trinitycollege.com\/qualifications\/english-language\/ISE\/ISE-II-B2-resources&amp;source=gmail&amp;ust=1646389086149000&amp;usg=AOvVaw3REEhFnUA-KKhw5-AbgFyA\">https:\/\/www.trinitycollege.com\/qualifications\/english-language\/ISE\/ISE-II-B2-resources<\/a><\/div>\n<div dir=\"auto\">&nbsp;<\/div>\n<div dir=\"auto\"><a href=\"https:\/\/www.trinitycollege.com\/qualifications\/english-language\/ISE\/ISE-III-C1-resources\" target=\"_blank\" rel=\"noopener noreferrer\" data-saferedirecturl=\"https:\/\/www.google.com\/url?q=https:\/\/www.trinitycollege.com\/qualifications\/english-language\/ISE\/ISE-III-C1-resources&amp;source=gmail&amp;ust=1646389086149000&amp;usg=AOvVaw1dipPtbSYN22m7xjffZivD\">https:\/\/www.trinitycollege.com\/qualifications\/english-language\/ISE\/ISE-III-C1-resources<\/a><\/div>\n<div dir=\"auto\">&nbsp;<\/div>\n<div dir=\"auto\">\u00bfCU\u00c1NDO SE REALIZAN LOS EX\u00c1MENES?<\/div>\n<div dir=\"auto\">&nbsp;<\/div>\n<div dir=\"auto\">Durante los meses de abril y mayo, tendr\u00e1n lugar el examen escrito (Reading &amp; Writing) y las pruebas orales (Listening &amp; Speaking) de los niveles ISE I, ISEI II, ISE III. Se realizan en nuestro centro, por lo que las familias se ahorran tener que desplazarse a otra localidad.<\/div>\n<div dir=\"auto\">&nbsp;<\/div>\n<div dir=\"auto\">Esperamos y creemos que nuestros alumnos conseguir\u00e1n unos excelentes resultados.<\/div>\n<div dir=\"auto\">&nbsp;<\/div>\n<div dir=\"auto\">Javier Torres Guti\u00e9rrez Coordinador del Plan de Biling\u00fcismo<\/div>\n","protected":false},"excerpt":{"rendered":"<p>Como ya es conocido por todos, en la actualidad es preceptivo mostrar un nivel B1 en un idioma para que el alumnado pueda obtener el t\u00edtulo de Grado en las universidades espa\u00f1olas, y un&#46;&#46;&#46;<\/p>\n","protected":false},"author":13753,"featured_media":0,"parent":0,"menu_order":0,"comment_status":"closed","ping_status":"closed","template":"","meta":{"ngg_post_thumbnail":0,"footnotes":""},"aioseo_notices":[],"_links":{"self":[{"href":"https:\/\/blogsaverroes.juntadeandalucia.es\/iescabeza\/wp-json\/wp\/v2\/pages\/877"}],"collection":[{"href":"https:\/\/blogsaverroes.juntadeandalucia.es\/iescabeza\/wp-json\/wp\/v2\/pages"}],"about":[{"href":"https:\/\/blogsaverroes.juntadeandalucia.es\/iescabeza\/wp-json\/wp\/v2\/types\/page"}],"author":[{"embeddable":true,"href":"https:\/\/blogsaverroes.juntadeandalucia.es\/iescabeza\/wp-json\/wp\/v2\/users\/13753"}],"replies":[{"embeddable":true,"href":"https:\/\/blogsaverroes.juntadeandalucia.es\/iescabeza\/wp-json\/wp\/v2\/comments?post=877"}],"version-history":[{"count":1,"href":"https:\/\/blogsaverroes.juntadeandalucia.es\/iescabeza\/wp-json\/wp\/v2\/pages\/877\/revisions"}],"predecessor-version":[{"id":879,"href":"https:\/\/blogsaverroes.juntadeandalucia.es\/iescabeza\/wp-json\/wp\/v2\/pages\/877\/revisions\/879"}],"wp:attachment":[{"href":"https:\/\/blogsaverroes.juntadeandalucia.es\/iescabeza\/wp-json\/wp\/v2\/media?parent=877"}],"curies":[{"name":"wp","href":"https:\/\/api.w.org\/{rel}","templated":true}]}}