{"id":1157,"date":"2022-02-21T09:27:27","date_gmt":"2022-02-21T08:27:27","guid":{"rendered":"https:\/\/blogsaverroes.juntadeandalucia.es\/iescabezaradio\/?page_id=1157"},"modified":"2022-02-21T12:24:22","modified_gmt":"2022-02-21T11:24:22","slug":"inicio-2","status":"publish","type":"page","link":"https:\/\/blogsaverroes.juntadeandalucia.es\/iescabezaradio\/","title":{"rendered":"INICIO"},"content":{"rendered":"<p>\u201cConectad@s por las ondas\u201d es un Proyecto de Innovaci\u00f3n de car\u00e1cter transversal en el IES \u201cNtra. Sra. de la Cabeza\u201d de And\u00fajar, cuyo objetivo es la creaci\u00f3n de una Radio Online y la publicaci\u00f3n de Podcasts en esta plataforma con el objetivo de crear una comunidad virtual. La radio online tiene por objetivo amenizar los recreos de manera educativa, creativa y cr\u00edtica. La edici\u00f3n de podcasts se realiza desde las distintas materias y tipos de ense\u00f1anzas del centro<br \/>\n(ESO, Bachillerato y Ciclos Formativos) siendo una propuesta metodol\u00f3gica que se recoge dentro de las programaciones de las distintas materias. Con este proyecto se pretende mejorar la Competencia Ling\u00fc\u00edstica Oral, el aprendizaje aut\u00f3nomo e integral que promueva los valores humanos culturales y art\u00edsticos, la inclusi\u00f3n del alumnado con necesidades educativas<br \/>\ny la mejora de la calidad educativa a trav\u00e9s de una metodolog\u00eda basada en el trabajo cooperativo. No obstante, un proyecto tan motivador contribuye tambi\u00e9n a numerosos los BENEFICIOS como:<\/p>\n<p>\u2022 el desarrollo de las TIC<br \/>\n\u2022 la mejora la competencia ling\u00fc\u00edstica<br \/>\n\u2022 la mejora la dicci\u00f3n y pronunciaci\u00f3n<br \/>\n\u2022 el reconocimiento de distintas formas y modelos de expresi\u00f3n oral<br \/>\n\u2022 el enriquecimiento del vocabulario<br \/>\n\u2022 el desarrollo de una actitud de respeto y tolerancia ante opiniones diferentes<br \/>\n\u2022 la desinhibici\u00f3n del alumnado<br \/>\n\u2022 el desarrollo del pensamiento cr\u00edtico<br \/>\n\u2022 el uso responsable de las redes sociales<br \/>\n\u2022 el fomento del trabajo en equipo<br \/>\n\u2022 el af\u00e1n de superaci\u00f3n de los j\u00f3venes<br \/>\n\u2022 la ense\u00f1anza para la discusi\u00f3n desde la discrepancia respetuosa<\/p>\n<p>\u2022 y el fomento y desarrollo del h\u00e1bito de escucha de radio entre los m\u00e1s j\u00f3venes, que el medio necesita para renovar generacionalmente su audiencia.<\/p>\n<p>El OBJETIVO principal de este proyecto es crear un ambiente de aprendizaje cooperativo y ameno que invite al desarrollo de la lectura, la expresi\u00f3n oral, la comunicaci\u00f3n escrita y el fomento del biling\u00fcismo, siendo LA RADIO un eje vertebrador para toda la Comunidad Educativa, y su uso y difusi\u00f3n contribuyan a la mejora de la calidad educativa, la<br \/>\nconvivencia, la equidad, la inclusi\u00f3n, la integraci\u00f3n y el buen desarrollo del alumnado en nuestra sociedad actual.<br \/>\nAunque este Proyecto de Innovaci\u00f3n tiene dos a\u00f1os de duraci\u00f3n (curso 2021-2022 y curso 2022-2023), la verdadera intenci\u00f3n es seguir funcionando posteriormente sin una fecha l\u00edmite, esto es, que perdure en el tiempo y sirva como un instrumento m\u00e1s dentro del proceso de ense\u00f1anza-aprendizaje adem\u00e1s de un conector virtual para toda la comunidad educativa. Para ello se deber\u00e1n seguir las actuaciones que han tenido \u00e9xito en este proyecto y mejorar aquellas otras que no lo hayan tenido. Cuanta m\u00e1s experiencia se tenga en este proyecto, habr\u00e1 m\u00e1s probabilidades de \u00e9xito y consolidaci\u00f3n.<\/p>\n<p>\u201cDime y lo olvido, ens\u00e9\u00f1ame y lo recuerdo, invol\u00facrame y lo recuerdo\u201d<br \/>\nBenjam\u00edn Franklin<\/p>\n","protected":false},"excerpt":{"rendered":"<p>\u201cConectad@s por las ondas\u201d es un Proyecto de Innovaci\u00f3n de car\u00e1cter transversal en el IES \u201cNtra. Sra. de la Cabeza\u201d de And\u00fajar, cuyo objetivo es la creaci\u00f3n de una Radio Online y la publicaci\u00f3n de Podcasts en esta plataforma con el objetivo de crear una comunidad virtual. La radio online tiene por objetivo amenizar los [&hellip;]<\/p>\n","protected":false},"author":13753,"featured_media":0,"parent":0,"menu_order":0,"comment_status":"closed","ping_status":"closed","template":"","meta":{"_et_pb_use_builder":"off","_et_pb_old_content":"","_et_gb_content_width":"","ngg_post_thumbnail":0,"footnotes":""},"aioseo_notices":[],"_links":{"self":[{"href":"https:\/\/blogsaverroes.juntadeandalucia.es\/iescabezaradio\/wp-json\/wp\/v2\/pages\/1157"}],"collection":[{"href":"https:\/\/blogsaverroes.juntadeandalucia.es\/iescabezaradio\/wp-json\/wp\/v2\/pages"}],"about":[{"href":"https:\/\/blogsaverroes.juntadeandalucia.es\/iescabezaradio\/wp-json\/wp\/v2\/types\/page"}],"author":[{"embeddable":true,"href":"https:\/\/blogsaverroes.juntadeandalucia.es\/iescabezaradio\/wp-json\/wp\/v2\/users\/13753"}],"replies":[{"embeddable":true,"href":"https:\/\/blogsaverroes.juntadeandalucia.es\/iescabezaradio\/wp-json\/wp\/v2\/comments?post=1157"}],"version-history":[{"count":6,"href":"https:\/\/blogsaverroes.juntadeandalucia.es\/iescabezaradio\/wp-json\/wp\/v2\/pages\/1157\/revisions"}],"predecessor-version":[{"id":1219,"href":"https:\/\/blogsaverroes.juntadeandalucia.es\/iescabezaradio\/wp-json\/wp\/v2\/pages\/1157\/revisions\/1219"}],"wp:attachment":[{"href":"https:\/\/blogsaverroes.juntadeandalucia.es\/iescabezaradio\/wp-json\/wp\/v2\/media?parent=1157"}],"curies":[{"name":"wp","href":"https:\/\/api.w.org\/{rel}","templated":true}]}}