{"id":49,"date":"2015-03-13T08:47:05","date_gmt":"2015-03-13T08:47:05","guid":{"rendered":"http:\/\/blogsaverroes.juntadeandalucia.es\/pre\/ceip\/?page_id=49"},"modified":"2021-02-03T11:12:29","modified_gmt":"2021-02-03T10:12:29","slug":"documentos","status":"publish","type":"page","link":"https:\/\/blogsaverroes.juntadeandalucia.es\/iescampina\/documentos\/","title":{"rendered":"Documentos"},"content":{"rendered":"<p>En cumplimiento de la normativa vigente y con el fin de dotar de la m\u00e1xima <strong>transparencia<\/strong> la funci\u00f3n docente, el proceso de ense\u00f1anza-aprendizaje y la gesti\u00f3n econ\u00f3mica del centro se publican a continuaci\u00f3n los documentos que los regulan a nivel de centro educativo (pulse sobre los diferentes enlaces para su descarga):<\/p>\n<p>&nbsp;<\/p>\n<p><strong>Proyecto Educativo<\/strong><\/p>\n<p>Un centro se define en gran medida por su Proyecto Educativo. En \u00e9l se plasma el modelo educativo y la concreci\u00f3n de la normativa que un centro realiza respecto a las ense\u00f1anzas que imparte. Tiene la funci\u00f3n de establecer un marco global de referencia para coordinar todas las actuaciones de la comunidad educativa. Integra la realidad del centro y de su entorno definiendo metas propias y se\u00f1as de identidad para la consecuci\u00f3n de los objetivos educativos del centro.<\/p>\n<ul>\n<li>&nbsp;<a href=\"https:\/\/drive.google.com\/file\/d\/1__1QbxBDL3ip7APNDCJxuorbCMWvlbIR\/view?usp=sharing\">Proyecto Educativo<\/a><\/li>\n<\/ul>\n<p>&nbsp;<\/p>\n<p><strong>Programaciones did\u00e1cticas curso 2019\/20<\/strong><\/p>\n<p>La programaci\u00f3n did\u00e1ctica es una forma de organizar actividad docente, d\u00e1ndole una estructura coherente con las caracter\u00edsticas de la ense\u00f1anza y de las circunstancias en que se produce. Desde un punto de vista reglamentario, la programaci\u00f3n did\u00e1ctica seria \u201cun instrumento espec\u00edfico de planificaci\u00f3n, desarrollo y evaluaci\u00f3n de cada \u00e1mbito, asignatura o m\u00f3dulo del curr\u00edculo\u201d. Son elaboradas y modificadas en su caso, por los Departamentos de coordinaci\u00f3n did\u00e1ctica, y aprobadas por el Consejo Escolar del IES La Campi\u00f1a.<\/p>\n<p>En el siguiente enlace puede descargarse las diferentes programaciones did\u00e1cticas del IES La Campi\u00f1a:<\/p>\n<ul>\n<li><a href=\"https:\/\/drive.google.com\/file\/d\/1Ihtw4ApiktvhtFa8PuH5vLxcbdOSCuPm\/view?usp=sharing\">\u00c1rea cientificotecnol\u00f3gica<\/a><\/li>\n<li><a href=\"https:\/\/drive.google.com\/file\/d\/13azjA3NUadgpl4sCDVPGTyh31khRLHJu\/view?usp=sharing\">\u00c1rea socioling\u00fc\u00edstica<\/a><\/li>\n<li><a href=\"https:\/\/drive.google.com\/file\/d\/1CZkW7ZvCFbechH-OshBFpU3DMX4Xvmkr\/view?usp=sharing\">\u00c1rea art\u00edstica<\/a><\/li>\n<li><a href=\"https:\/\/drive.google.com\/file\/d\/1QES28uu2Ck9B2CmdeKYfbu38j7HCxNe-\/view?usp=sharing\">\u00c1rea ciclos formativos<\/a><\/li>\n<li><a href=\"https:\/\/drive.google.com\/file\/d\/1yjnoJjMaL5Cv9sDFLoy5zXZXgAOwbyFr\/view?usp=sharing\">Orientaci\u00f3n<\/a><\/li>\n<li><a href=\"https:\/\/drive.google.com\/file\/d\/1PrLMs2MF3hpwPcXzX73sn4TEf_56OxSP\/view?usp=sharing\">Religi\u00f3n<\/a><\/li>\n<li><a href=\"https:\/\/drive.google.com\/file\/d\/1vzHX0SfWOcM5Jvwk2Ryjy8yumSItPl5Y\/view?usp=sharing\">Pendientes<\/a><\/li>\n<\/ul>\n<p>&nbsp;<\/p>\n<p><strong>Gesti\u00f3n econ\u00f3mica curso 2016\/17<\/strong><\/p>\n<p>En atribuci\u00f3n a la autonom\u00eda financiera que otorga la normativa vigente a los centros educativos, entendida como la posibilidad de administrar libremente los recursos econ\u00f3micos en relaci\u00f3n a los objetivos educativos previstos, se&nbsp; confiere la libertad para repartir entre los diferentes centros de coste los recursos de que dispone el centro educativo (presupuesto de ingresos y presupuesto de gastos). Esta autonom\u00eda financiera se supedita al control y aprobaci\u00f3n del Consejo Escolar del IES La Campi\u00f1a, as\u00ed como al servicio de Inspecci\u00f3n de la Delegaci\u00f3n Territorial de Educaci\u00f3n de Sevilla y a las reglas de la contabilidad p\u00fablica y normativa vigente.<\/p>\n<p>A continuaci\u00f3n se presentan los documentos que rigen la gesti\u00f3n econ\u00f3mica del centro educativo IES La Campi\u00f1a:<\/p>\n<ul>\n<li><a href=\"https:\/\/www.dropbox.com\/s\/v6o31ps4wijq5vh\/Liquidacion%20economica%202015_16.pdf?dl=0\" target=\"_blank\" rel=\"noopener noreferrer\">Liquidaci\u00f3n econ\u00f3mica curso 2015\/16<\/a><\/li>\n<li><a href=\"https:\/\/www.dropbox.com\/s\/u5ijq8e2a0rtwqb\/Presupesto%20Ingresos2016_17.pdf?dl=0\" target=\"_blank\" rel=\"noopener noreferrer\">Presupuesto de ingresos 2016\/17<\/a><\/li>\n<li><a href=\"https:\/\/www.dropbox.com\/s\/0x89y0xeddj2pbg\/Presupesto%20Gastos%202016_17.pdf?dl=0\" target=\"_blank\" rel=\"noopener noreferrer\">Presupuestos de gastos 2016\/17<\/a><\/li>\n<\/ul>\n<p>&nbsp;<\/p>\n<p><strong>Modelo de Instancia<\/strong><\/p>\n<p>Modelo de instancia para presentar de forma presencial en el Registro del IES La Campi\u00f1a:<\/p>\n<ul>\n<li><a href=\"http:\/\/blogsaverroes.juntadeandalucia.es\/iescampina\/files\/2015\/03\/Instancia.pdf\">Instancia<\/a><\/li>\n<\/ul>\n<p>&nbsp;<\/p>\n","protected":false},"excerpt":{"rendered":"<p>En cumplimiento de la normativa vigente y con el fin de dotar de la m\u00e1xima transparencia la funci\u00f3n docente, el proceso de ense\u00f1anza-aprendizaje y la gesti\u00f3n econ\u00f3mica del centro se publican a continuaci\u00f3n los&#46;&#46;&#46;<\/p>\n","protected":false},"author":1,"featured_media":0,"parent":0,"menu_order":0,"comment_status":"closed","ping_status":"open","template":"","meta":{"ngg_post_thumbnail":0,"footnotes":"","_mc_calendar":[]},"aioseo_notices":[],"_links":{"self":[{"href":"https:\/\/blogsaverroes.juntadeandalucia.es\/iescampina\/wp-json\/wp\/v2\/pages\/49"}],"collection":[{"href":"https:\/\/blogsaverroes.juntadeandalucia.es\/iescampina\/wp-json\/wp\/v2\/pages"}],"about":[{"href":"https:\/\/blogsaverroes.juntadeandalucia.es\/iescampina\/wp-json\/wp\/v2\/types\/page"}],"author":[{"embeddable":true,"href":"https:\/\/blogsaverroes.juntadeandalucia.es\/iescampina\/wp-json\/wp\/v2\/users\/1"}],"replies":[{"embeddable":true,"href":"https:\/\/blogsaverroes.juntadeandalucia.es\/iescampina\/wp-json\/wp\/v2\/comments?post=49"}],"version-history":[{"count":41,"href":"https:\/\/blogsaverroes.juntadeandalucia.es\/iescampina\/wp-json\/wp\/v2\/pages\/49\/revisions"}],"predecessor-version":[{"id":2533,"href":"https:\/\/blogsaverroes.juntadeandalucia.es\/iescampina\/wp-json\/wp\/v2\/pages\/49\/revisions\/2533"}],"wp:attachment":[{"href":"https:\/\/blogsaverroes.juntadeandalucia.es\/iescampina\/wp-json\/wp\/v2\/media?parent=49"}],"curies":[{"name":"wp","href":"https:\/\/api.w.org\/{rel}","templated":true}]}}