{"id":113,"date":"2015-03-16T08:06:00","date_gmt":"2015-03-16T08:06:00","guid":{"rendered":"http:\/\/blogsaverroes.juntadeandalucia.es\/pre\/ceip\/?page_id=113"},"modified":"2025-11-12T13:06:28","modified_gmt":"2025-11-12T12:06:28","slug":"biblioteca","status":"publish","type":"page","link":"https:\/\/blogsaverroes.juntadeandalucia.es\/iescampodetejada\/biblioteca\/","title":{"rendered":"Biblioteca"},"content":{"rendered":"<p><strong>BIBLIOTECA PROFESOR MIGUEL MEDRANO<\/strong><\/p>\n<p>Nuestra biblioteca cuenta con 5268 ejemplares y tiene mucha vida, sobre todo a la hora del recreo ya que es cuando el alumnado puede llevarse los libros en pr\u00e9stamos o devolver los que ya han le\u00eddo. Muchos la utilizan tambi\u00e9n como sala de estudios o consultas. Es un lugar muy confortable y se utiliza como aula de lectura en Lengua castellana y literatura o para jugar a juegos de mesa.<\/p>\n<p>En la biblioteca solemos tener encuentros con escritores y es nuestro espacio preferido para la entrega de premios de los concursos literarios.<\/p>\n<p>&nbsp;<\/p>\n<p><a href=\"https:\/\/blogsaverroes.juntadeandalucia.es\/iescampodetejada\/files\/2025\/11\/FOTO-1.jpg\"><img fetchpriority=\"high\" decoding=\"async\" class=\"aligncenter wp-image-3709 size-medium\" src=\"https:\/\/blogsaverroes.juntadeandalucia.es\/iescampodetejada\/files\/2025\/11\/FOTO-1-300x247.jpg\" alt=\"\" width=\"300\" height=\"247\" srcset=\"https:\/\/blogsaverroes.juntadeandalucia.es\/iescampodetejada\/files\/2025\/11\/FOTO-1-300x247.jpg 300w, https:\/\/blogsaverroes.juntadeandalucia.es\/iescampodetejada\/files\/2025\/11\/FOTO-1-1024x842.jpg 1024w, https:\/\/blogsaverroes.juntadeandalucia.es\/iescampodetejada\/files\/2025\/11\/FOTO-1-768x632.jpg 768w, https:\/\/blogsaverroes.juntadeandalucia.es\/iescampodetejada\/files\/2025\/11\/FOTO-1-1536x1263.jpg 1536w, https:\/\/blogsaverroes.juntadeandalucia.es\/iescampodetejada\/files\/2025\/11\/FOTO-1-2048x1685.jpg 2048w, https:\/\/blogsaverroes.juntadeandalucia.es\/iescampodetejada\/files\/2025\/11\/FOTO-1.jpg 1600w\" sizes=\"(max-width: 300px) 100vw, 300px\" \/><\/a><a href=\"https:\/\/blogsaverroes.juntadeandalucia.es\/iescampodetejada\/files\/2025\/11\/FOTO-2.jpg\"><img decoding=\"async\" class=\"aligncenter wp-image-3710 size-medium\" src=\"https:\/\/blogsaverroes.juntadeandalucia.es\/iescampodetejada\/files\/2025\/11\/FOTO-2-224x300.jpg\" alt=\"\" width=\"224\" height=\"300\" srcset=\"https:\/\/blogsaverroes.juntadeandalucia.es\/iescampodetejada\/files\/2025\/11\/FOTO-2-224x300.jpg 224w, https:\/\/blogsaverroes.juntadeandalucia.es\/iescampodetejada\/files\/2025\/11\/FOTO-2-766x1024.jpg 766w, https:\/\/blogsaverroes.juntadeandalucia.es\/iescampodetejada\/files\/2025\/11\/FOTO-2-768x1027.jpg 768w, https:\/\/blogsaverroes.juntadeandalucia.es\/iescampodetejada\/files\/2025\/11\/FOTO-2-1149x1536.jpg 1149w, https:\/\/blogsaverroes.juntadeandalucia.es\/iescampodetejada\/files\/2025\/11\/FOTO-2-1532x2048.jpg 1532w, https:\/\/blogsaverroes.juntadeandalucia.es\/iescampodetejada\/files\/2025\/11\/FOTO-2.jpg 1197w\" sizes=\"(max-width: 224px) 100vw, 224px\" \/><\/a><a href=\"https:\/\/blogsaverroes.juntadeandalucia.es\/iescampodetejada\/files\/2025\/11\/FOTO-5.jpg\"><img decoding=\"async\" class=\"aligncenter wp-image-3712 size-medium\" src=\"https:\/\/blogsaverroes.juntadeandalucia.es\/iescampodetejada\/files\/2025\/11\/FOTO-5-224x300.jpg\" alt=\"\" width=\"224\" height=\"300\" srcset=\"https:\/\/blogsaverroes.juntadeandalucia.es\/iescampodetejada\/files\/2025\/11\/FOTO-5-224x300.jpg 224w, https:\/\/blogsaverroes.juntadeandalucia.es\/iescampodetejada\/files\/2025\/11\/FOTO-5-766x1024.jpg 766w, https:\/\/blogsaverroes.juntadeandalucia.es\/iescampodetejada\/files\/2025\/11\/FOTO-5-768x1027.jpg 768w, https:\/\/blogsaverroes.juntadeandalucia.es\/iescampodetejada\/files\/2025\/11\/FOTO-5-1149x1536.jpg 1149w, https:\/\/blogsaverroes.juntadeandalucia.es\/iescampodetejada\/files\/2025\/11\/FOTO-5-1532x2048.jpg 1532w, https:\/\/blogsaverroes.juntadeandalucia.es\/iescampodetejada\/files\/2025\/11\/FOTO-5.jpg 1197w\" sizes=\"(max-width: 224px) 100vw, 224px\" \/><\/a><a href=\"https:\/\/blogsaverroes.juntadeandalucia.es\/iescampodetejada\/files\/2025\/11\/FOTO-4.jpg\"><img loading=\"lazy\" decoding=\"async\" class=\"aligncenter wp-image-3711 size-medium\" src=\"https:\/\/blogsaverroes.juntadeandalucia.es\/iescampodetejada\/files\/2025\/11\/FOTO-4-300x141.jpg\" alt=\"\" width=\"300\" height=\"141\" srcset=\"https:\/\/blogsaverroes.juntadeandalucia.es\/iescampodetejada\/files\/2025\/11\/FOTO-4-300x141.jpg 300w, https:\/\/blogsaverroes.juntadeandalucia.es\/iescampodetejada\/files\/2025\/11\/FOTO-4-1024x483.jpg 1024w, https:\/\/blogsaverroes.juntadeandalucia.es\/iescampodetejada\/files\/2025\/11\/FOTO-4-768x362.jpg 768w, https:\/\/blogsaverroes.juntadeandalucia.es\/iescampodetejada\/files\/2025\/11\/FOTO-4-1536x724.jpg 1536w, https:\/\/blogsaverroes.juntadeandalucia.es\/iescampodetejada\/files\/2025\/11\/FOTO-4-2048x966.jpg 2048w, https:\/\/blogsaverroes.juntadeandalucia.es\/iescampodetejada\/files\/2025\/11\/FOTO-4-520x245.jpg 520w, https:\/\/blogsaverroes.juntadeandalucia.es\/iescampodetejada\/files\/2025\/11\/FOTO-4-720x340.jpg 720w, https:\/\/blogsaverroes.juntadeandalucia.es\/iescampodetejada\/files\/2025\/11\/FOTO-4.jpg 1600w\" sizes=\"(max-width: 300px) 100vw, 300px\" \/><\/a><\/p>\n<p>&nbsp;<\/p>\n<p>&nbsp;<\/p>\n<p>&nbsp;<\/p>\n<p>&nbsp;<\/p>\n<p>&nbsp;<\/p>\n<p>&nbsp;<\/p>\n","protected":false},"excerpt":{"rendered":"<p>BIBLIOTECA PROFESOR MIGUEL MEDRANO Nuestra biblioteca cuenta con 5268 ejemplares y tiene mucha vida, sobre todo a la hora del recreo ya que es cuando el alumnado puede llevarse los libros en pr\u00e9stamos o&#46;&#46;&#46;<\/p>\n","protected":false},"author":1,"featured_media":0,"parent":0,"menu_order":0,"comment_status":"open","ping_status":"open","template":"","meta":{"ngg_post_thumbnail":0,"footnotes":"","_mc_calendar":[]},"aioseo_notices":[],"_links":{"self":[{"href":"https:\/\/blogsaverroes.juntadeandalucia.es\/iescampodetejada\/wp-json\/wp\/v2\/pages\/113"}],"collection":[{"href":"https:\/\/blogsaverroes.juntadeandalucia.es\/iescampodetejada\/wp-json\/wp\/v2\/pages"}],"about":[{"href":"https:\/\/blogsaverroes.juntadeandalucia.es\/iescampodetejada\/wp-json\/wp\/v2\/types\/page"}],"author":[{"embeddable":true,"href":"https:\/\/blogsaverroes.juntadeandalucia.es\/iescampodetejada\/wp-json\/wp\/v2\/users\/1"}],"replies":[{"embeddable":true,"href":"https:\/\/blogsaverroes.juntadeandalucia.es\/iescampodetejada\/wp-json\/wp\/v2\/comments?post=113"}],"version-history":[{"count":11,"href":"https:\/\/blogsaverroes.juntadeandalucia.es\/iescampodetejada\/wp-json\/wp\/v2\/pages\/113\/revisions"}],"predecessor-version":[{"id":3716,"href":"https:\/\/blogsaverroes.juntadeandalucia.es\/iescampodetejada\/wp-json\/wp\/v2\/pages\/113\/revisions\/3716"}],"wp:attachment":[{"href":"https:\/\/blogsaverroes.juntadeandalucia.es\/iescampodetejada\/wp-json\/wp\/v2\/media?parent=113"}],"curies":[{"name":"wp","href":"https:\/\/api.w.org\/{rel}","templated":true}]}}