{"id":174,"date":"2015-03-17T07:56:14","date_gmt":"2015-03-17T07:56:14","guid":{"rendered":"http:\/\/blogsaverroes.juntadeandalucia.es\/pre\/ceip\/?page_id=174"},"modified":"2022-11-05T16:08:02","modified_gmt":"2022-11-05T16:08:02","slug":"dibujo","status":"publish","type":"page","link":"https:\/\/blogsaverroes.juntadeandalucia.es\/iescampodetejada\/dibujo\/","title":{"rendered":"Dibujo"},"content":{"rendered":"<p><img fetchpriority=\"high\" decoding=\"async\" class=\"aligncenter size-medium wp-image-2018\" src=\"http:\/\/blogsaverroes.juntadeandalucia.es\/temahuemanies\/files\/2015\/03\/dibujo-300x200.jpg\" alt=\"dibujo\" width=\"300\" height=\"200\" srcset=\"https:\/\/blogsaverroes.juntadeandalucia.es\/iescampodetejada\/files\/2015\/03\/dibujo-300x200.jpg 300w, https:\/\/blogsaverroes.juntadeandalucia.es\/iescampodetejada\/files\/2015\/03\/dibujo.jpg 640w\" sizes=\"(max-width: 300px) 100vw, 300px\" \/><\/p>\n<p><span style=\"font-family: sans-serif;font-size: medium\"><b>Educaci\u00f3n Pl\u00e1stica, Visual y Audiovisual.<\/b><\/span><\/p>\n<p>Esta&nbsp; materia se imparte actualmente en los cursos de 2\u00ba, 3\u00ba y 4\u00ba de ESO.<\/p>\n<p><span style=\"font-family: sans-serif\"><span style=\"font-size: medium\"><strong>Dibujo T\u00e9cnico.<\/strong> <\/span><\/span><\/p>\n<p><span style=\"font-family: sans-serif\"><span style=\"font-size: medium\">Entre las finalidades del Dibujo T\u00e9cnico figura de manera espec\u00edfica dotar al estudiante de las competencias necesarias para poder comunicarse gr\u00e1ficamente con objetividad en un mundo cada vez m\u00e1s complejo, que requiere del dise\u00f1o y fabricaci\u00f3n de productos que resuelvan las necesidades presentes y futuras. Esta funci\u00f3n comunicativa, gracias al acuerdo de una serie de convenciones a escala nacional, comunitaria e internacional, nos permite transmitir, interpretar y comprender ideas o proyectos de manera fiable, objetiva e inequ\u00edvoca. <\/span><\/span><\/p>\n","protected":false},"excerpt":{"rendered":"<p>Educaci\u00f3n Pl\u00e1stica, Visual y Audiovisual. Esta&nbsp; materia se imparte actualmente en los cursos de 2\u00ba, 3\u00ba y 4\u00ba de ESO. Dibujo T\u00e9cnico. Entre las finalidades del Dibujo T\u00e9cnico figura de manera espec\u00edfica dotar al&#46;&#46;&#46;<\/p>\n","protected":false},"author":1,"featured_media":0,"parent":0,"menu_order":0,"comment_status":"open","ping_status":"open","template":"page-templates\/child-menu.php","meta":{"ngg_post_thumbnail":0,"footnotes":"","_mc_calendar":[]},"aioseo_notices":[],"_links":{"self":[{"href":"https:\/\/blogsaverroes.juntadeandalucia.es\/iescampodetejada\/wp-json\/wp\/v2\/pages\/174"}],"collection":[{"href":"https:\/\/blogsaverroes.juntadeandalucia.es\/iescampodetejada\/wp-json\/wp\/v2\/pages"}],"about":[{"href":"https:\/\/blogsaverroes.juntadeandalucia.es\/iescampodetejada\/wp-json\/wp\/v2\/types\/page"}],"author":[{"embeddable":true,"href":"https:\/\/blogsaverroes.juntadeandalucia.es\/iescampodetejada\/wp-json\/wp\/v2\/users\/1"}],"replies":[{"embeddable":true,"href":"https:\/\/blogsaverroes.juntadeandalucia.es\/iescampodetejada\/wp-json\/wp\/v2\/comments?post=174"}],"version-history":[{"count":5,"href":"https:\/\/blogsaverroes.juntadeandalucia.es\/iescampodetejada\/wp-json\/wp\/v2\/pages\/174\/revisions"}],"predecessor-version":[{"id":2945,"href":"https:\/\/blogsaverroes.juntadeandalucia.es\/iescampodetejada\/wp-json\/wp\/v2\/pages\/174\/revisions\/2945"}],"wp:attachment":[{"href":"https:\/\/blogsaverroes.juntadeandalucia.es\/iescampodetejada\/wp-json\/wp\/v2\/media?parent=174"}],"curies":[{"name":"wp","href":"https:\/\/api.w.org\/{rel}","templated":true}]}}