{"id":35,"date":"2015-03-13T08:21:43","date_gmt":"2015-03-13T08:21:43","guid":{"rendered":"http:\/\/blogsaverroes.juntadeandalucia.es\/pre\/ceip\/?page_id=35"},"modified":"2025-10-25T16:21:29","modified_gmt":"2025-10-25T16:21:29","slug":"el-centro-2","status":"publish","type":"page","link":"https:\/\/blogsaverroes.juntadeandalucia.es\/iescampodetejada\/el-centro-2\/","title":{"rendered":"Datos del centro"},"content":{"rendered":"<h2 style=\"text-align: left\"><strong>Localizaci\u00f3n:<\/strong><\/h2>\n<p><iframe src=\"https:\/\/www.google.com\/maps\/embed?pb=!1m18!1m12!1m3!1d3168.8981084897973!2d-6.407587511531214!3d37.4158831607694!2m3!1f0!2f0!3f0!3m2!1i1024!2i768!4f13.1!3m3!1m2!1s0xd121e2923b577a1%3A0x98e118c8f7f054e8!2sInstituto%20de%20Educaci%C3%B3n%20Secundaria%20Campo%20de%20Tejada!5e0!3m2!1ses!2ses!4v1761396248553!5m2!1ses!2ses\" width=\"600\" height=\"450\"><\/iframe><\/p>\n<p>&nbsp;<\/p>\n<h2 style=\"text-align: left\"><strong>Datos de contacto:<\/strong><\/h2>\n<p style=\"text-align: left\"><strong>Direcci\u00f3n:<\/strong> &nbsp;Calle Diego Sosa L\u00f3pez, 6. Paterna del Campo (Huelva). C.P.: 21880<br \/>\n<strong>Tel\u00e9fonos:<\/strong><\/p>\n<ul class=\"U6u95\" style=\"text-align: left\" data-processed=\"true\">\n<li data-hveid=\"CAQQAA\" data-processed=\"true\"><span class=\"T286Pc\" data-sfc-cp=\"\" data-processed=\"true\"><strong class=\"Yjhzub\" data-processed=\"true\">Conserjer\u00eda:<\/strong>&nbsp;959 524 103<\/span><\/li>\n<li data-hveid=\"CAQQAA\" data-processed=\"true\"><strong>Secretar\u00eda<\/strong>: 671 538 576<\/li>\n<\/ul>\n<p style=\"text-align: left\"><strong>Email:<\/strong> 21700204.edu@juntadeandalucia.es<\/p>\n<p style=\"text-align: left\"><strong>Horario<\/strong>: De 8:00 a 14:30<\/p>\n<p>&nbsp;<\/p>\n<h2 style=\"text-align: left\"><strong>Oferta educativa:<\/strong><\/h2>\n<ul>\n<li style=\"text-align: left\">Educaci\u00f3n Secundaria Obligatoria<\/li>\n<li style=\"text-align: left\">Bachillerato modalidad de Humanidades y Ciencias Sociales<\/li>\n<li style=\"text-align: left\">Bachillerato modalidad Ciencias y Tecnolog\u00eda<\/li>\n<li style=\"text-align: left\">Formaci\u00f3n Profesional B\u00e1sica especialidad Carpinter\u00eda y Tapizado<\/li>\n<li style=\"text-align: left\">Formaci\u00f3n Profesional B\u00e1sica especialidad Peluquer\u00eda y Est\u00e9tica<\/li>\n<\/ul>\n<p>&nbsp;<\/p>\n","protected":false},"excerpt":{"rendered":"<p>Localizaci\u00f3n: &nbsp; Datos de contacto: Direcci\u00f3n: &nbsp;Calle Diego Sosa L\u00f3pez, 6. Paterna del Campo (Huelva). C.P.: 21880 Tel\u00e9fonos: Conserjer\u00eda:&nbsp;959 524 103 Secretar\u00eda: 671 538 576 Email: 21700204.edu@juntadeandalucia.es Horario: De 8:00 a 14:30 &nbsp; Oferta&#46;&#46;&#46;<\/p>\n","protected":false},"author":1,"featured_media":0,"parent":0,"menu_order":0,"comment_status":"open","ping_status":"open","template":"","meta":{"ngg_post_thumbnail":0,"footnotes":"","_mc_calendar":[]},"aioseo_notices":[],"_links":{"self":[{"href":"https:\/\/blogsaverroes.juntadeandalucia.es\/iescampodetejada\/wp-json\/wp\/v2\/pages\/35"}],"collection":[{"href":"https:\/\/blogsaverroes.juntadeandalucia.es\/iescampodetejada\/wp-json\/wp\/v2\/pages"}],"about":[{"href":"https:\/\/blogsaverroes.juntadeandalucia.es\/iescampodetejada\/wp-json\/wp\/v2\/types\/page"}],"author":[{"embeddable":true,"href":"https:\/\/blogsaverroes.juntadeandalucia.es\/iescampodetejada\/wp-json\/wp\/v2\/users\/1"}],"replies":[{"embeddable":true,"href":"https:\/\/blogsaverroes.juntadeandalucia.es\/iescampodetejada\/wp-json\/wp\/v2\/comments?post=35"}],"version-history":[{"count":39,"href":"https:\/\/blogsaverroes.juntadeandalucia.es\/iescampodetejada\/wp-json\/wp\/v2\/pages\/35\/revisions"}],"predecessor-version":[{"id":2444,"href":"https:\/\/blogsaverroes.juntadeandalucia.es\/iescampodetejada\/wp-json\/wp\/v2\/pages\/35\/revisions\/2444"}],"wp:attachment":[{"href":"https:\/\/blogsaverroes.juntadeandalucia.es\/iescampodetejada\/wp-json\/wp\/v2\/media?parent=35"}],"curies":[{"name":"wp","href":"https:\/\/api.w.org\/{rel}","templated":true}]}}