{"id":3663,"date":"2025-10-25T16:04:46","date_gmt":"2025-10-25T16:04:46","guid":{"rendered":"https:\/\/blogsaverroes.juntadeandalucia.es\/iescampodetejada\/?page_id=3663"},"modified":"2025-10-25T16:08:02","modified_gmt":"2025-10-25T16:08:02","slug":"tutoriales","status":"publish","type":"page","link":"https:\/\/blogsaverroes.juntadeandalucia.es\/iescampodetejada\/tutoriales\/","title":{"rendered":"Tutoriales"},"content":{"rendered":"<h2>Aqu\u00ed tenemos una selecci\u00f3n de diferentes videotutoriales que consideramos pueden ser de inter\u00e9s:<\/h2>\n<p><iframe title=\"iPASEN 1: Instalaci\u00f3n y Primer Acceso\" width=\"500\" height=\"281\" src=\"https:\/\/www.youtube.com\/embed\/Gywfd_XncSA?feature=oembed&#038;wmode=opaque\" frameborder=\"0\" allow=\"accelerometer; autoplay; clipboard-write; encrypted-media; gyroscope; picture-in-picture; web-share\" referrerpolicy=\"strict-origin-when-cross-origin\" allowfullscreen><\/iframe><br \/>\n<iframe title=\"iPASEN 2: Recuperar Acceso\" width=\"500\" height=\"281\" src=\"https:\/\/www.youtube.com\/embed\/OR7r9OcG8sE?feature=oembed&#038;wmode=opaque\" frameborder=\"0\" allow=\"accelerometer; autoplay; clipboard-write; encrypted-media; gyroscope; picture-in-picture; web-share\" referrerpolicy=\"strict-origin-when-cross-origin\" allowfullscreen><\/iframe><br \/>\n<iframe title=\"Encontrar la clave iANDE dentro de iPasen\" width=\"500\" height=\"281\" src=\"https:\/\/www.youtube.com\/embed\/sOmU9mkmL2g?feature=oembed&#038;wmode=opaque\" frameborder=\"0\" allow=\"accelerometer; autoplay; clipboard-write; encrypted-media; gyroscope; picture-in-picture; web-share\" referrerpolicy=\"strict-origin-when-cross-origin\" allowfullscreen><\/iframe><br \/>\n<iframe title=\"IPASEN 3: Calificaciones Finales y Observaciones en iPasen\" width=\"500\" height=\"281\" src=\"https:\/\/www.youtube.com\/embed\/E6rnS0ZDI_0?feature=oembed&#038;wmode=opaque\" frameborder=\"0\" allow=\"accelerometer; autoplay; clipboard-write; encrypted-media; gyroscope; picture-in-picture; web-share\" referrerpolicy=\"strict-origin-when-cross-origin\" allowfullscreen><\/iframe><br \/>\n<iframe title=\"Tutorial cheque libro padres\" width=\"500\" height=\"281\" src=\"https:\/\/www.youtube.com\/embed\/0f9G8-iUCQc?feature=oembed&#038;wmode=opaque\" frameborder=\"0\" allow=\"accelerometer; autoplay; clipboard-write; encrypted-media; gyroscope; picture-in-picture; web-share\" referrerpolicy=\"strict-origin-when-cross-origin\" allowfullscreen><\/iframe><br \/>\n<iframe title=\"Gesti\u00f3n de tutor\u00edas 5: iPASEN visi\u00f3n de las familias\" width=\"500\" height=\"281\" src=\"https:\/\/www.youtube.com\/embed\/WRvJEhelN0Y?feature=oembed&#038;wmode=opaque\" frameborder=\"0\" allow=\"accelerometer; autoplay; clipboard-write; encrypted-media; gyroscope; picture-in-picture; web-share\" referrerpolicy=\"strict-origin-when-cross-origin\" allowfullscreen><\/iframe><\/p>\n","protected":false},"excerpt":{"rendered":"<p>Aqu\u00ed tenemos una selecci\u00f3n de diferentes videotutoriales que consideramos pueden ser de inter\u00e9s:<\/p>\n","protected":false},"author":9651,"featured_media":0,"parent":0,"menu_order":0,"comment_status":"closed","ping_status":"closed","template":"","meta":{"ngg_post_thumbnail":0,"footnotes":"","_mc_calendar":[]},"aioseo_notices":[],"_links":{"self":[{"href":"https:\/\/blogsaverroes.juntadeandalucia.es\/iescampodetejada\/wp-json\/wp\/v2\/pages\/3663"}],"collection":[{"href":"https:\/\/blogsaverroes.juntadeandalucia.es\/iescampodetejada\/wp-json\/wp\/v2\/pages"}],"about":[{"href":"https:\/\/blogsaverroes.juntadeandalucia.es\/iescampodetejada\/wp-json\/wp\/v2\/types\/page"}],"author":[{"embeddable":true,"href":"https:\/\/blogsaverroes.juntadeandalucia.es\/iescampodetejada\/wp-json\/wp\/v2\/users\/9651"}],"replies":[{"embeddable":true,"href":"https:\/\/blogsaverroes.juntadeandalucia.es\/iescampodetejada\/wp-json\/wp\/v2\/comments?post=3663"}],"version-history":[{"count":21,"href":"https:\/\/blogsaverroes.juntadeandalucia.es\/iescampodetejada\/wp-json\/wp\/v2\/pages\/3663\/revisions"}],"predecessor-version":[{"id":3685,"href":"https:\/\/blogsaverroes.juntadeandalucia.es\/iescampodetejada\/wp-json\/wp\/v2\/pages\/3663\/revisions\/3685"}],"wp:attachment":[{"href":"https:\/\/blogsaverroes.juntadeandalucia.es\/iescampodetejada\/wp-json\/wp\/v2\/media?parent=3663"}],"curies":[{"name":"wp","href":"https:\/\/api.w.org\/{rel}","templated":true}]}}