{"id":49,"date":"2015-03-13T08:47:05","date_gmt":"2015-03-13T08:47:05","guid":{"rendered":"http:\/\/blogsaverroes.juntadeandalucia.es\/pre\/ceip\/?page_id=49"},"modified":"2026-03-02T17:04:31","modified_gmt":"2026-03-02T16:04:31","slug":"proyecto-educativo","status":"publish","type":"page","link":"https:\/\/blogsaverroes.juntadeandalucia.es\/iescampodetejada\/proyecto-educativo\/","title":{"rendered":"Plan de Centro"},"content":{"rendered":"<p><img fetchpriority=\"high\" decoding=\"async\" class=\"alignnone size-medium wp-image-1662\" src=\"http:\/\/blogsaverroes.juntadeandalucia.es\/temahuemanies\/files\/2015\/03\/proyecto-300x266.png\" alt=\"proyecto\" width=\"300\" height=\"266\" srcset=\"https:\/\/blogsaverroes.juntadeandalucia.es\/iescampodetejada\/files\/2015\/03\/proyecto-300x266.png 300w, https:\/\/blogsaverroes.juntadeandalucia.es\/iescampodetejada\/files\/2015\/03\/proyecto.png 640w\" sizes=\"(max-width: 300px) 100vw, 300px\" \/><\/p>\n<h2 data-start=\"102\" data-end=\"131\">\u00bfQu\u00e9 es el Plan de Centro?<\/h2>\n<p data-start=\"133\" data-end=\"440\">El Plan de Centro es el documento marco que recoge la identidad, la organizaci\u00f3n y el funcionamiento de nuestro instituto. En \u00e9l se establecen los principios educativos que gu\u00edan nuestra labor, los objetivos que nos proponemos alcanzar y las normas que regulan la convivencia y la vida acad\u00e9mica del centro.<\/p>\n<p data-start=\"442\" data-end=\"812\">Este documento integra, entre otros aspectos, el Proyecto Educativo, el Reglamento de Organizaci\u00f3n y Funcionamiento y el Proyecto de Gesti\u00f3n. En conjunto, define c\u00f3mo se organiza la ense\u00f1anza, cu\u00e1les son nuestras l\u00edneas pedag\u00f3gicas, c\u00f3mo se atiende a la diversidad del alumnado, qu\u00e9 medidas favorecen la convivencia y c\u00f3mo se gestionan los recursos humanos y materiales.<\/p>\n<h2 data-start=\"814\" data-end=\"850\">\u00bfPor qu\u00e9 es importante conocerlo?<\/h2>\n<p data-start=\"852\" data-end=\"989\">Conocer el Plan de Centro es fundamental para toda la comunidad educativa \u2014alumnado, familias, profesorado y personal no docente\u2014 porque:<\/p>\n<ul data-start=\"991\" data-end=\"1340\">\n<li data-start=\"991\" data-end=\"1087\">\n<p data-start=\"993\" data-end=\"1087\">Permite comprender la filosof\u00eda y los valores que inspiran la labor educativa del instituto.<\/p>\n<\/li>\n<li data-start=\"1088\" data-end=\"1161\">\n<p data-start=\"1090\" data-end=\"1161\">Facilita la participaci\u00f3n activa y responsable en la vida del centro.<\/p>\n<\/li>\n<li data-start=\"1162\" data-end=\"1247\">\n<p data-start=\"1164\" data-end=\"1247\">Garantiza la transparencia en la toma de decisiones y en la organizaci\u00f3n interna.<\/p>\n<\/li>\n<li data-start=\"1248\" data-end=\"1340\">\n<p data-start=\"1250\" data-end=\"1340\">Contribuye a una convivencia basada en el respeto, la responsabilidad y la colaboraci\u00f3n.<\/p>\n<\/li>\n<\/ul>\n<p data-start=\"1342\" data-end=\"1578\">El Plan de Centro no es solo un documento administrativo; es una herramienta viva que orienta nuestro d\u00eda a d\u00eda y refleja el compromiso compartido con una educaci\u00f3n de calidad, inclusiva y adaptada a las necesidades de nuestro alumnado.<\/p>\n<p data-start=\"1580\" data-end=\"1735\">Invitamos a toda la comunidad educativa a consultarlo y conocerlo, ya que constituye la base sobre la que construimos, entre todos, nuestro proyecto com\u00fan.<\/p>\n<p data-start=\"1580\" data-end=\"1735\">&nbsp;<\/p>\n<p data-start=\"1580\" data-end=\"1735\"><a href=\"https:\/\/blogsaverroes.juntadeandalucia.es\/iescampodetejada\/files\/2026\/03\/PLAN-DE-CENTRO-2025-2026-FIRMADO.pdf\">PLAN DE CENTRO 2025-2026<\/a><\/p>\n","protected":false},"excerpt":{"rendered":"<p>\u00bfQu\u00e9 es el Plan de Centro? El Plan de Centro es el documento marco que recoge la identidad, la organizaci\u00f3n y el funcionamiento de nuestro instituto. En \u00e9l se establecen los principios educativos que&#46;&#46;&#46;<\/p>\n","protected":false},"author":1,"featured_media":0,"parent":0,"menu_order":0,"comment_status":"open","ping_status":"open","template":"page-templates\/child-menu.php","meta":{"ngg_post_thumbnail":0,"footnotes":"","_mc_calendar":[]},"aioseo_notices":[],"_links":{"self":[{"href":"https:\/\/blogsaverroes.juntadeandalucia.es\/iescampodetejada\/wp-json\/wp\/v2\/pages\/49"}],"collection":[{"href":"https:\/\/blogsaverroes.juntadeandalucia.es\/iescampodetejada\/wp-json\/wp\/v2\/pages"}],"about":[{"href":"https:\/\/blogsaverroes.juntadeandalucia.es\/iescampodetejada\/wp-json\/wp\/v2\/types\/page"}],"author":[{"embeddable":true,"href":"https:\/\/blogsaverroes.juntadeandalucia.es\/iescampodetejada\/wp-json\/wp\/v2\/users\/1"}],"replies":[{"embeddable":true,"href":"https:\/\/blogsaverroes.juntadeandalucia.es\/iescampodetejada\/wp-json\/wp\/v2\/comments?post=49"}],"version-history":[{"count":9,"href":"https:\/\/blogsaverroes.juntadeandalucia.es\/iescampodetejada\/wp-json\/wp\/v2\/pages\/49\/revisions"}],"predecessor-version":[{"id":3756,"href":"https:\/\/blogsaverroes.juntadeandalucia.es\/iescampodetejada\/wp-json\/wp\/v2\/pages\/49\/revisions\/3756"}],"wp:attachment":[{"href":"https:\/\/blogsaverroes.juntadeandalucia.es\/iescampodetejada\/wp-json\/wp\/v2\/media?parent=49"}],"curies":[{"name":"wp","href":"https:\/\/api.w.org\/{rel}","templated":true}]}}