{"id":2461,"date":"2021-01-18T12:32:10","date_gmt":"2021-01-18T11:32:10","guid":{"rendered":"https:\/\/blogsaverroes.juntadeandalucia.es\/iescamposdenijar\/?page_id=2461"},"modified":"2021-01-28T13:40:03","modified_gmt":"2021-01-28T12:40:03","slug":"historia","status":"publish","type":"page","link":"https:\/\/blogsaverroes.juntadeandalucia.es\/iescamposdenijar\/historia\/","title":{"rendered":"Historia"},"content":{"rendered":"<div class=\"separated-item-38 col-md-12 first-col last-row last-col\">\n<div class=\"bd-griditem-38\">\n<article class=\" bd-article-3\">\n<div class=\" bd-layoutbox-10 bd-no-margins clearfix\">\n<div class=\"bd-container-inner\">\n<div class=\" bd-postcontent-3 bd-tagstyles bd-bootstrap-btn bd-btn-default bd-contentlayout-offset\">\n<h2 class=\" bd-postheader-3 \"><a href=\"https:\/\/blogsaverroes.juntadeandalucia.es\/iescamposdenijar\/files\/2021\/01\/Puerta.jpg\"><img loading=\"lazy\" decoding=\"async\" class=\"alignleft wp-image-2468 size-full\" src=\"https:\/\/blogsaverroes.juntadeandalucia.es\/iescamposdenijar\/files\/2021\/01\/Puerta.jpg\" alt=\"\" width=\"210\" height=\"170\" srcset=\"https:\/\/blogsaverroes.juntadeandalucia.es\/iescamposdenijar\/files\/2021\/01\/Puerta.jpg 210w, https:\/\/blogsaverroes.juntadeandalucia.es\/iescamposdenijar\/files\/2021\/01\/Puerta-24x19.jpg 24w, https:\/\/blogsaverroes.juntadeandalucia.es\/iescamposdenijar\/files\/2021\/01\/Puerta-36x29.jpg 36w, https:\/\/blogsaverroes.juntadeandalucia.es\/iescamposdenijar\/files\/2021\/01\/Puerta-48x39.jpg 48w\" sizes=\"(max-width: 210px) 100vw, 210px\" \/><\/a><\/h2>\n<p style=\"padding-left: 280px;text-align: justify;font-size: 11px\">Nuestro Instituto se encuentra en Campohermoso, pueblo perteneciente al t\u00e9rmino Municipal de N\u00edjar, en el entorno del Parque Natural de Cabo de Gata Nijar.<\/p>\n<p style=\"text-align: justify;padding-left: 280px;font-size: 11px\">El centro tiene una antig\u00fcedad de 20 a\u00f1os, comienza siendo una extensi\u00f3n de un instituto de Almer\u00eda, impartiendo \u00fanicamente BUP. Con la aplicaci\u00f3n de la LOGSE, en la segunda mitad de los 90, al centro se incorpora el primer ciclo de la ESO. Con la llegada de un nuevo milenio comienzan las ense\u00f1anzas de adultos (E.S.A.), los ciclos formativos y el r\u00e9gimen nocturno, alcanzando las condiciones actuales.<\/p>\n<p style=\"text-align: justify;padding-left: 280px;font-size: 11px\">En los \u00faltimos a\u00f1os, se ha realizado una ampliaci\u00f3n en el edificio de la calle Camino del Calvo que ha permitido unificar las ense\u00f1anzas de Primer Ciclo de la ESO que hasta el a\u00f1o 2004 se impart\u00edan en el edificio de la calle el Chopo. Actualmente todas las ense\u00f1anzas se imparten en el edificio del Camino del Calvo.<\/p>\n<\/div>\n<\/div>\n<\/div>\n<\/article>\n<\/div>\n<\/div>\n","protected":false},"excerpt":{"rendered":"<p>Nuestro Instituto se encuentra en Campohermoso, pueblo perteneciente al t\u00e9rmino Municipal de N\u00edjar, en el entorno del Parque Natural de Cabo de Gata Nijar. El centro tiene una antig\u00fcedad de 20 a\u00f1os, comienza siendo&#46;&#46;&#46;<\/p>\n","protected":false},"author":11942,"featured_media":0,"parent":0,"menu_order":0,"comment_status":"closed","ping_status":"closed","template":"","meta":{"ngg_post_thumbnail":0,"footnotes":"","_mc_calendar":[]},"aioseo_notices":[],"_links":{"self":[{"href":"https:\/\/blogsaverroes.juntadeandalucia.es\/iescamposdenijar\/wp-json\/wp\/v2\/pages\/2461"}],"collection":[{"href":"https:\/\/blogsaverroes.juntadeandalucia.es\/iescamposdenijar\/wp-json\/wp\/v2\/pages"}],"about":[{"href":"https:\/\/blogsaverroes.juntadeandalucia.es\/iescamposdenijar\/wp-json\/wp\/v2\/types\/page"}],"author":[{"embeddable":true,"href":"https:\/\/blogsaverroes.juntadeandalucia.es\/iescamposdenijar\/wp-json\/wp\/v2\/users\/11942"}],"replies":[{"embeddable":true,"href":"https:\/\/blogsaverroes.juntadeandalucia.es\/iescamposdenijar\/wp-json\/wp\/v2\/comments?post=2461"}],"version-history":[{"count":20,"href":"https:\/\/blogsaverroes.juntadeandalucia.es\/iescamposdenijar\/wp-json\/wp\/v2\/pages\/2461\/revisions"}],"predecessor-version":[{"id":2648,"href":"https:\/\/blogsaverroes.juntadeandalucia.es\/iescamposdenijar\/wp-json\/wp\/v2\/pages\/2461\/revisions\/2648"}],"wp:attachment":[{"href":"https:\/\/blogsaverroes.juntadeandalucia.es\/iescamposdenijar\/wp-json\/wp\/v2\/media?parent=2461"}],"curies":[{"name":"wp","href":"https:\/\/api.w.org\/{rel}","templated":true}]}}