{"id":3395,"date":"2021-03-17T13:37:44","date_gmt":"2021-03-17T12:37:44","guid":{"rendered":"https:\/\/blogsaverroes.juntadeandalucia.es\/iescamposdenijar\/?page_id=3395"},"modified":"2021-03-17T13:37:44","modified_gmt":"2021-03-17T12:37:44","slug":"educative-offer","status":"publish","type":"page","link":"https:\/\/blogsaverroes.juntadeandalucia.es\/iescamposdenijar\/en\/educative-offer\/","title":{"rendered":"Educative offer"},"content":{"rendered":"<p>(TRADUCIR)<br \/>\n<a href=\"https:\/\/blogsaverroes.juntadeandalucia.es\/iescamposdenijar\/files\/2021\/01\/oferta.jpg\"><img loading=\"lazy\" decoding=\"async\" class=\"wp-image-2718 size-thumbnail aligncenter\" src=\"https:\/\/blogsaverroes.juntadeandalucia.es\/iescamposdenijar\/files\/2021\/01\/oferta-150x150.jpg\" alt=\"\" width=\"150\" height=\"150\" srcset=\"https:\/\/blogsaverroes.juntadeandalucia.es\/iescamposdenijar\/files\/2021\/01\/oferta-150x150.jpg 150w, https:\/\/blogsaverroes.juntadeandalucia.es\/iescamposdenijar\/files\/2021\/01\/oferta-300x300.jpg 300w, https:\/\/blogsaverroes.juntadeandalucia.es\/iescamposdenijar\/files\/2021\/01\/oferta-100x100.jpg 100w, https:\/\/blogsaverroes.juntadeandalucia.es\/iescamposdenijar\/files\/2021\/01\/oferta-24x24.jpg 24w, https:\/\/blogsaverroes.juntadeandalucia.es\/iescamposdenijar\/files\/2021\/01\/oferta-36x36.jpg 36w, https:\/\/blogsaverroes.juntadeandalucia.es\/iescamposdenijar\/files\/2021\/01\/oferta-48x48.jpg 48w, https:\/\/blogsaverroes.juntadeandalucia.es\/iescamposdenijar\/files\/2021\/01\/oferta.jpg 400w\" sizes=\"(max-width: 150px) 100vw, 150px\" \/><\/a><\/p>\n<table style=\"border-collapse: collapse;width: 100%\">\n<tbody>\n<tr>\n<td style=\"width: 100%\">\n<ul>\n<li><strong>EDUCACI\u00d3N SECUNDARIA OBLIGATORIA<\/strong><\/li>\n<\/ul>\n<\/td>\n<\/tr>\n<tr>\n<td style=\"width: 100%\">\n<ul>\n<li><strong>EDUCACI\u00d3N SECUNDARIA DE ADULTOS<\/strong>\n<ul>\n<li>Segundo Ciclo<\/li>\n<\/ul>\n<\/li>\n<\/ul>\n<\/td>\n<\/tr>\n<tr>\n<td style=\"width: 100%\">\n<ul>\n<li><strong>BACHILLERATO<\/strong>\n<ul>\n<li>Ciencias<\/li>\n<li>Humanidades y Ciencia<\/li>\n<\/ul>\n<\/li>\n<\/ul>\n<\/td>\n<\/tr>\n<tr>\n<td style=\"width: 100%\">\n<ul>\n<li><strong>BACHILLERATO DE ADULTOS (SEMIPRESENCIAL)<\/strong>\n<ul>\n<li>Humanidades y Ciencias Sociales<\/li>\n<\/ul>\n<\/li>\n<\/ul>\n<\/td>\n<\/tr>\n<tr>\n<td style=\"width: 100%\">\n<ul>\n<li><strong>FORMACI\u00d3N PROFESIONAL<\/strong>\n<ul>\n<li>Ciclos formativos de Grado Medio:\n<ul>\n<li>Gesti\u00f3n Administrativa.<\/li>\n<li>Sistemas Microinform\u00e1ticos y Redes.<\/li>\n<\/ul>\n<\/li>\n<\/ul>\n<\/li>\n<\/ul>\n<\/td>\n<\/tr>\n<tr>\n<td style=\"width: 100%\">\n<ul>\n<li><strong>FORMACI\u00d3N PROFESIONAL B\u00c1SICA<\/strong>\n<ul>\n<li>Inform\u00e1tica y Comunicaciones<\/li>\n<\/ul>\n<\/li>\n<\/ul>\n<\/td>\n<\/tr>\n<\/tbody>\n<\/table>\n","protected":false},"excerpt":{"rendered":"<p>(TRADUCIR) EDUCACI\u00d3N SECUNDARIA OBLIGATORIA EDUCACI\u00d3N SECUNDARIA DE ADULTOS Segundo Ciclo BACHILLERATO Ciencias Humanidades y Ciencia BACHILLERATO DE ADULTOS (SEMIPRESENCIAL) Humanidades y Ciencias Sociales FORMACI\u00d3N PROFESIONAL Ciclos formativos de Grado Medio: Gesti\u00f3n Administrativa. Sistemas Microinform\u00e1ticos&#46;&#46;&#46;<\/p>\n","protected":false},"author":11942,"featured_media":0,"parent":0,"menu_order":0,"comment_status":"closed","ping_status":"closed","template":"","meta":{"ngg_post_thumbnail":0,"footnotes":"","_mc_calendar":[]},"aioseo_notices":[],"_links":{"self":[{"href":"https:\/\/blogsaverroes.juntadeandalucia.es\/iescamposdenijar\/wp-json\/wp\/v2\/pages\/3395"}],"collection":[{"href":"https:\/\/blogsaverroes.juntadeandalucia.es\/iescamposdenijar\/wp-json\/wp\/v2\/pages"}],"about":[{"href":"https:\/\/blogsaverroes.juntadeandalucia.es\/iescamposdenijar\/wp-json\/wp\/v2\/types\/page"}],"author":[{"embeddable":true,"href":"https:\/\/blogsaverroes.juntadeandalucia.es\/iescamposdenijar\/wp-json\/wp\/v2\/users\/11942"}],"replies":[{"embeddable":true,"href":"https:\/\/blogsaverroes.juntadeandalucia.es\/iescamposdenijar\/wp-json\/wp\/v2\/comments?post=3395"}],"version-history":[{"count":1,"href":"https:\/\/blogsaverroes.juntadeandalucia.es\/iescamposdenijar\/wp-json\/wp\/v2\/pages\/3395\/revisions"}],"predecessor-version":[{"id":3397,"href":"https:\/\/blogsaverroes.juntadeandalucia.es\/iescamposdenijar\/wp-json\/wp\/v2\/pages\/3395\/revisions\/3397"}],"wp:attachment":[{"href":"https:\/\/blogsaverroes.juntadeandalucia.es\/iescamposdenijar\/wp-json\/wp\/v2\/media?parent=3395"}],"curies":[{"name":"wp","href":"https:\/\/api.w.org\/{rel}","templated":true}]}}