{"id":3425,"date":"2021-03-19T12:01:30","date_gmt":"2021-03-19T11:01:30","guid":{"rendered":"https:\/\/blogsaverroes.juntadeandalucia.es\/iescamposdenijar\/?page_id=3425"},"modified":"2021-05-25T11:49:08","modified_gmt":"2021-05-25T10:49:08","slug":"contenidos-de-tecnologia-4oeso","status":"publish","type":"page","link":"https:\/\/blogsaverroes.juntadeandalucia.es\/iescamposdenijar\/contenidos-de-tecnologia-4oeso\/","title":{"rendered":"4\u00baESO &#8211; Contenidos, Criterios de Evaluaci\u00f3n y Competencias Clave"},"content":{"rendered":"<h3><span style=\"color: #0000ff\"><strong>\u00a0\u00a0\u00a0\u00a0\u00a0\u00a0\u00a0\u00a0\u00a0\u00a0\u00a0\u00a0\u00a0\u00a0\u00a0\u00a0\u00a0\u00a0\u00a0\u00a0\u00a0\u00a0\u00a0\u00a0\u00a0\u00a0\u00a0\u00a0\u00a0\u00a0\u00a0\u00a0\u00a0\u00a0\u00a0\u00a0 TECNOLOG\u00cdA 4\u00ba ESO(Instrucci\u00f3n 9\/2020, 15 de Junio)<\/strong><\/span><\/h3>\n<h4><strong><span style=\"color: #00ccff\">BLOQUE I. TECNOLOG\u00cdAS DE LA INFORMACI\u00d3N Y DE LA COMUNICACI\u00d3N<\/span><br \/>\n<\/strong><\/h4>\n<p><span style=\"color: #339966\"><strong>CONTENIDOS<\/strong><\/span><\/p>\n<ul>\n<li><span dir=\"ltr\">Elementos y dispositivos de comunicaci\u00f3n al\u00e1mbrica e inal\u00e1mbrica: telefon\u00eda m\u00f3vil y comunicaci\u00f3n v\u00eda sat\u00e9lite.<\/span><\/li>\n<li><span dir=\"ltr\">Descripci\u00f3n y principios t\u00e9cnicos. <\/span><\/li>\n<li><span dir=\"ltr\">Tipolog\u00eda de redes. Conexiones a Internet. <\/span><\/li>\n<li><span dir=\"ltr\">Publicaci\u00f3n e intercambio de <\/span><span dir=\"ltr\">informaci\u00f3n en medios digitales. <\/span><\/li>\n<li><span dir=\"ltr\">Conceptos b\u00e1sicos e introducci\u00f3n a los lenguajes de programaci\u00f3n.<\/span><span dir=\"ltr\">P<\/span><span dir=\"ltr\">rograma fuente y programa ejecutable, compilaci\u00f3n y ejecuci\u00f3n de un programa, algoritmos, diagrama de <\/span><span dir=\"ltr\">flujo y simbolog\u00eda. <\/span><\/li>\n<li><span dir=\"ltr\">Programas estructurados: constantes, variables, estructuras b\u00e1sicas <\/span><span dir=\"ltr\">de control, funciones,<\/span><span dir=\"ltr\">etc.<\/span><span dir=\"ltr\">Uso de ordenadores y otros sistemas de intercambio de informaci\u00f3n. Uso racional de servicios de <\/span><span dir=\"ltr\">Internet: control y protecci\u00f3n de datos. Internet de las cosas (IoT)<\/span><\/li>\n<\/ul>\n<p><span style=\"color: #339966\"><strong>CRITERIOS EVALUACI\u00d3N &#8211; COMPETENCIAS CLAVE<\/strong><\/span><\/p>\n<p><span dir=\"ltr\">C.E.1.<\/span><span dir=\"ltr\">1. Analizar los elementos y sistemas que configuran la comunicaci\u00f3n al\u00e1mbrica e inal\u00e1mbrica. CMCT, CAA.<\/span><\/p>\n<p><span dir=\"ltr\">C.E.1.2. Acceder a servicios de intercambio y publicaci\u00f3n de informaci\u00f3n digital con criterios de seguridad y uso <\/span><span dir=\"ltr\">responsable. Conocer los principios b\u00e1sicos del funcionamiento de Internet. CMCT, CD, SIEP, CAA, CSC.<\/span><\/p>\n<p><span dir=\"ltr\">C.E.1.3. Elaborar sencillos programas inform\u00e1ticos. CMCT, CD, CAA, SIEP.<\/span><\/p>\n<p><span dir=\"ltr\">C.E.1.4. Utilizar equipos inform\u00e1ticos. CD, CAA.<\/span><\/p>\n<p><span dir=\"ltr\">C.E.1.5. Conocer las partes b\u00e1sicas del funcionamiento de las plataformas de objetos conectados a Internet,<\/span><span dir=\"ltr\">valorando su impacto social. CMCT, CD, CS<\/span><\/p>\n<h4><span style=\"color: #00ccff\"><strong>BLOQUE II. INSTALACIONES EN LA VIVIENDA<\/strong><\/span><\/h4>\n<p><span style=\"color: #339966\"><strong><span dir=\"ltr\">CONTENIDOS<\/span><\/strong><\/span><\/p>\n<ul>\n<li><span dir=\"ltr\">Instalaciones caracter\u00edsticas: instalaci\u00f3n el\u00e9ctrica, instalaci\u00f3n agua sanitaria, instalaci\u00f3n de saneamiento.<\/span><\/li>\n<li><span dir=\"ltr\">Otras instalaciones: calefacci\u00f3n, gas, aire acondicionado, dom\u00f3tica. <\/span><\/li>\n<li><span dir=\"ltr\">Normativa, simbolog\u00eda, an\u00e1lisis y montaje <\/span><span dir=\"ltr\">de instalaciones b\u00e1sicas.<\/span><\/li>\n<li><span dir=\"ltr\"> Ahorro energ\u00e9tico en una vivienda. Arquitectura bioclim\u00e1tica.<\/span><\/li>\n<\/ul>\n<p><span style=\"color: #339966\"><strong><span dir=\"ltr\">CRITERIOS DE EVALUACI\u00d3N<\/span><\/strong><\/span><\/p>\n<p><span dir=\"ltr\">C.E.2.1. Describir los elementos que componen las distintas instalaciones de una vivienda y las normas que regulan<\/span><span dir=\"ltr\">su dise\u00f1o y utilizaci\u00f3n. CMCT, CCL.<\/span><\/p>\n<p><span dir=\"ltr\">C.E.2.2. Realizar dise\u00f1os sencillos empleando la simbolog\u00eda adecuada. CMCT, CAA.<\/span><\/p>\n<p><span dir=\"ltr\">C.E.2.3. Experimentar con el montaje de circuitos b\u00e1sicos y valorar las condiciones que contribuyen al ahorro <\/span><span dir=\"ltr\">energ\u00e9tico. CMCT, SIEP, CAA, CSC.<\/span><\/p>\n<p><span dir=\"ltr\">C.E.2.4. Evaluar la contribuci\u00f3n de la arquitectura de la vivienda, sus instalaciones y de los h\u00e1bitos de consumo al <\/span><span dir=\"ltr\">ahorro energ\u00e9tico. CAA, CSC, CEC<\/span><\/p>\n<h4><span style=\"color: #00ccff\"><strong>BLOQUE III. ELECTR\u00d3NICA<\/strong><\/span><\/h4>\n<p><span style=\"color: #339966\"><strong><span dir=\"ltr\">CONTENIDOS<\/span><\/strong><\/span><\/p>\n<ul>\n<li><span dir=\"ltr\">Electr\u00f3nica anal\u00f3gica. Componentes b\u00e1sicos.<\/span><\/li>\n<li><span dir=\"ltr\"> Simbolog\u00eda y an\u00e1lisis de circuitos elementales. <\/span><\/li>\n<li><span dir=\"ltr\">Montaje de <\/span><span dir=\"ltr\">circuitos sencillos. <\/span><\/li>\n<li><span dir=\"ltr\">Electr\u00f3nica digital. Aplicaci\u00f3n del \u00e1lgebra de Boole a problemas tecnol\u00f3gicos b\u00e1sicos.<\/span><\/li>\n<li><span dir=\"ltr\">Funciones l\u00f3gicas. Puertas l\u00f3gicas. <\/span><\/li>\n<li><span dir=\"ltr\">Uso de simuladores para analizar el comportamiento de los circuitos <\/span><span dir=\"ltr\">electr\u00f3nicos. <\/span><\/li>\n<li><span dir=\"ltr\">Descripci\u00f3n y an\u00e1lisis de sistemas electr\u00f3nicos por bloques: entrada, salida y proceso. <\/span><\/li>\n<li><span dir=\"ltr\">Circuitos <\/span><span dir=\"ltr\">integrados simples.<\/span><\/li>\n<\/ul>\n<p><span style=\"color: #339966\"><strong><span dir=\"ltr\">CRITERIOS DE EVALUACI\u00d3N &#8211; COMPETENCIAS CLAVE<\/span><\/strong><\/span><\/p>\n<p><span dir=\"ltr\">C.E.3.1. Analizar y describir el funcionamiento y la aplicaci\u00f3n de un circuito electr\u00f3nico y sus componentes <\/span><span dir=\"ltr\">elementales. CMCT, CAA.<\/span><\/p>\n<p><span dir=\"ltr\">C.E.3.2. Emplear simuladores que faciliten el dise\u00f1o y permitan la pr\u00e1ctica con la simbolog\u00eda normalizada. <\/span><span dir=\"ltr\">CMCT,<\/span><span dir=\"ltr\">CD, CAA.<\/span><\/p>\n<p><span dir=\"ltr\">C.E.3.3. Experimentar con el montaje de circuitos electr\u00f3nicos anal\u00f3gicos y digitales elementales, describir su <\/span><span dir=\"ltr\">funcionamiento y aplicarlos en el proceso tecnol\u00f3gico. CMCT, CAA, SIEP.<\/span><\/p>\n<p><span dir=\"ltr\">C.E.3.4. Realizar operaciones l\u00f3gicas empleando el \u00e1lgebra de Boole en la resoluci\u00f3n de problemas tecnol\u00f3gicos <\/span><span dir=\"ltr\">sencillos. CMCT, CD.<\/span><\/p>\n<p><span dir=\"ltr\">C.E.3.5. Resolver mediante puertas l\u00f3gicas problemas tecnol\u00f3gicos sencillos. CMCT, CAA, SIEP.<\/span><\/p>\n<p><span dir=\"ltr\">C.E.3.6. Analizar sistemas autom\u00e1ticos, describir sus componentes. Explicar su funcionamiento, y conocer las <\/span><span dir=\"ltr\">aplicaciones m\u00e1s importantes de estos sistemas. CMCT, CAA, SIEP.<\/span><\/p>\n<p><span dir=\"ltr\">C.E.3.7. Montar circuitos sencillos. CMCT, CAA, SIEP<\/span><\/p>\n<h4><strong><span style=\"color: #00ccff\">BLOQUE IV. CONTROL Y ROB\u00d3TICA<\/span><\/strong><\/h4>\n<p><span style=\"color: #339966\"><strong>CONTENIDOS<\/strong><\/span><\/p>\n<ul>\n<li><span dir=\"ltr\">Sistemas autom\u00e1ticos, componentes caracter\u00edsticos de dispositivos de control. <\/span><\/li>\n<li><span dir=\"ltr\">Sensores digitales y anal\u00f3gicos <\/span><span dir=\"ltr\">b\u00e1sicos. <\/span><\/li>\n<li><span dir=\"ltr\">Actuadores. <\/span><\/li>\n<li><span dir=\"ltr\">Dise\u00f1o y construcci\u00f3n de robots. Grados de libertad. <\/span><\/li>\n<li><span dir=\"ltr\">Caracter\u00edsticas t\u00e9cnicas. El <\/span><span dir=\"ltr\">ordenador como elemento de programaci\u00f3n y control. <\/span><\/li>\n<li><span dir=\"ltr\">Lenguajes b\u00e1sicos de programaci\u00f3n.<\/span><\/li>\n<li><span dir=\"ltr\"> Arquitectura y <\/span><span dir=\"ltr\">caracter\u00edsticas b\u00e1sicas de plataformas de hardware de control, ventajas del hardware libre sobre el privativo.<\/span><\/li>\n<li><span dir=\"ltr\">Aplicaci\u00f3n de tarjetas controladoras o plataformas de hardware de control en la experimentaci\u00f3n con <\/span><span dir=\"ltr\">prototipos dise\u00f1ados.<\/span><\/li>\n<li><span dir=\"ltr\"> Dise\u00f1o e impresi\u00f3n 3D. <\/span><\/li>\n<li><span dir=\"ltr\">Cultura MAKER.<\/span><\/li>\n<\/ul>\n<p><span style=\"color: #339966\"><strong><span dir=\"ltr\">CRITERIOS DE EVALUACI\u00d3N &#8211; COMPETENCIAS CLAVE<\/span><\/strong><\/span><\/p>\n<p><span dir=\"ltr\">C.E.4.1. Analizar sistemas autom\u00e1ticos y rob\u00f3ticos, describir sus componentes. Explicar su funcionamiento. CMCT,<\/span><span dir=\"ltr\">CAA, CCL.<\/span><\/p>\n<p><span dir=\"ltr\">C.E.4.2. Montar automatismos sencillos. <\/span><span dir=\"ltr\">Dise\u00f1ar, proyectar y construir el prototipo de un robot o sistema de control <\/span><span dir=\"ltr\">que resuelva un problema tecnol\u00f3gico, cumpliendo con unas condiciones iniciales. CMCT, SIEP, CAA, CSC.<\/span><\/p>\n<p><span dir=\"ltr\">C.E.4.3. Desarrollar programa para controlar un sistema autom\u00e1tico o un robot y su funcionamiento. CMCT, CD,<\/span><span dir=\"ltr\">SIEP.<\/span><\/p>\n<p><span dir=\"ltr\">C.E.4.4. Manejar programas de dise\u00f1o asistido por ordenador de productos y adquirir las habilidades y los <\/span><span dir=\"ltr\">conocimientos b\u00e1sicos para manejar el software que controla una impresora 3D. <\/span><span dir=\"ltr\">CMCT, CD, CAA, SIEP.<\/span><\/p>\n<p><span dir=\"ltr\">C.E.4.5. Conocer el funcionamiento de una impresora 3D y dise\u00f1ar e imprimir piezas necesarias en el desarrollo de <\/span><span dir=\"ltr\">un proyecto tecnol\u00f3gico. CMCT, CD, CAA, SIEP.<\/span><\/p>\n<p><span dir=\"ltr\">C.E.4.6. Valorar la importancia que tiene para la difusi\u00f3n del conocimiento tecnol\u00f3gico la cultura libre.CEC.<\/span><\/p>\n<h4><strong><span dir=\"ltr\" style=\"color: #00ccff\">BLOQUE V. NEUM\u00c1TICA E HIDR\u00c1ULICA<\/span><\/strong><\/h4>\n<p><span style=\"color: #339966\"><strong><span dir=\"ltr\">CONTENIDOS<\/span><\/strong><\/span><\/p>\n<ul>\n<li><span dir=\"ltr\">An\u00e1lisis de sistemas hidr\u00e1ulicos y neum\u00e1ticos. Componentes. Simbolog\u00eda. <\/span><\/li>\n<li><span dir=\"ltr\">Principios f\u00edsicos de<\/span><span dir=\"ltr\"> funcionamiento. <\/span><\/li>\n<li><span dir=\"ltr\">Montajes sencillos. <\/span><\/li>\n<li><span dir=\"ltr\">Uso de simuladores en el dise\u00f1o de circuitos b\u00e1sicos. <\/span><\/li>\n<li><span dir=\"ltr\">Aplicaci\u00f3n en <\/span><span dir=\"ltr\">sistemas industriales.<\/span><\/li>\n<\/ul>\n<p><strong><span dir=\"ltr\" style=\"color: #339966\">CRITERIOS DE EVALUACI\u00d3N &#8211; COMPETENCIAS CLAVE<\/span><\/strong><\/p>\n<p><span dir=\"ltr\">C.E. 5.1. Conocer las principales aplicaciones de las tecnolog\u00edas hidr\u00e1ulica y neum\u00e1tica. CMCT, CEC.<\/span><\/p>\n<p><span dir=\"ltr\">C.E.5.2. Identificar y describir las caracter\u00edsticas y funcionamiento de este tipo de sistemas. Principios de <\/span><span dir=\"ltr\">funcionamiento, componentes y utilizaci\u00f3n segura en el manejo de circuitos neum\u00e1ticos e hidr\u00e1ulicos. CMCT,<\/span><span dir=\"ltr\">CAA, CSC, CCL.<\/span><\/p>\n<p><span dir=\"ltr\">C.E.5.3. Conocer y manejar con soltura la simbolog\u00eda necesaria para representar circuitos. <\/span><span dir=\"ltr\">CMCT, CAA, CCL.<\/span><\/p>\n<p><span dir=\"ltr\">C.E.5.4. Experimentar con dispositivos neum\u00e1ticos e hidr\u00e1ulicos y\/o simuladores inform\u00e1ticos. <\/span><span dir=\"ltr\">CMCT, CD, CAA,<\/span><span dir=\"ltr\">SIEP.<\/span><\/p>\n<p><span dir=\"ltr\">C.E.5.5. Dise\u00f1ar sistemas capaces de resolver un problema cotidiano utilizando energ\u00eda hidr\u00e1ulica o neum\u00e1tica.<\/span><span dir=\"ltr\">CMCT, CAA, SIEP.<\/span><\/p>\n<h4><span style=\"color: #00ccff\"><strong>BLOQUE VI. TECNOLOG\u00cdA Y SOCIEDAD<\/strong><\/span><\/h4>\n<p><span style=\"color: #339966\"><strong>CONTENIDOS<\/strong><\/span><\/p>\n<ul>\n<li><span dir=\"ltr\">Conocer la evoluci\u00f3n tecnol\u00f3gica a lo largo de la historia. <\/span><\/li>\n<li><span dir=\"ltr\">Analizar objetos t\u00e9cnicos y tecnol\u00f3gicos mediante el <\/span><span dir=\"ltr\">an\u00e1lisis de objetos. <\/span><\/li>\n<li><span dir=\"ltr\">Valorar la repercusi\u00f3n <\/span><span dir=\"ltr\">de la tecnolog\u00eda en el d\u00eda a d\u00eda.<\/span><\/li>\n<li><span dir=\"ltr\"> Desarrollo sostenible y <\/span><span dir=\"ltr\">obsolescencia programada.<\/span><\/li>\n<\/ul>\n<p><span style=\"color: #339966\"><strong><span dir=\"ltr\">CRITERIOS DE EVALUACI\u00d3N &#8211; COMPETENCIAS CLAVE<\/span><\/strong><\/span><\/p>\n<p><span dir=\"ltr\">C.E.6.1. Conocer la evoluci\u00f3n tecnol\u00f3gica a lo largo de la historia. CMCT, CAA, CEC, CLL.<\/span><\/p>\n<p><span dir=\"ltr\">C.E.6.2. Analizar objetos t\u00e9cnicos y tecnol\u00f3gicos mediante el an\u00e1lisis de objetos. CMCT, CAA, CD, CLL.<\/span><\/p>\n<p><span dir=\"ltr\">C.E.6.3. Valorar la repercusi\u00f3n de la tecnolog\u00eda en el d\u00eda a d\u00eda. Adquirir h\u00e1bitos que potencien el desarrollo <\/span><span dir=\"ltr\">sostenible. CSC, CEC<\/span><\/p>\n","protected":false},"excerpt":{"rendered":"<p>\u00a0\u00a0\u00a0\u00a0\u00a0\u00a0\u00a0\u00a0\u00a0\u00a0\u00a0\u00a0\u00a0\u00a0\u00a0\u00a0\u00a0\u00a0\u00a0\u00a0\u00a0\u00a0\u00a0\u00a0\u00a0\u00a0\u00a0\u00a0\u00a0\u00a0\u00a0\u00a0\u00a0\u00a0\u00a0\u00a0 TECNOLOG\u00cdA 4\u00ba ESO(Instrucci\u00f3n 9\/2020, 15 de Junio) BLOQUE I. TECNOLOG\u00cdAS DE LA INFORMACI\u00d3N Y DE LA COMUNICACI\u00d3N CONTENIDOS Elementos y dispositivos de comunicaci\u00f3n al\u00e1mbrica e inal\u00e1mbrica: telefon\u00eda m\u00f3vil y comunicaci\u00f3n v\u00eda sat\u00e9lite. Descripci\u00f3n&#46;&#46;&#46;<\/p>\n","protected":false},"author":11942,"featured_media":0,"parent":0,"menu_order":0,"comment_status":"closed","ping_status":"closed","template":"","meta":{"ngg_post_thumbnail":0,"footnotes":"","_mc_calendar":[]},"aioseo_notices":[],"_links":{"self":[{"href":"https:\/\/blogsaverroes.juntadeandalucia.es\/iescamposdenijar\/wp-json\/wp\/v2\/pages\/3425"}],"collection":[{"href":"https:\/\/blogsaverroes.juntadeandalucia.es\/iescamposdenijar\/wp-json\/wp\/v2\/pages"}],"about":[{"href":"https:\/\/blogsaverroes.juntadeandalucia.es\/iescamposdenijar\/wp-json\/wp\/v2\/types\/page"}],"author":[{"embeddable":true,"href":"https:\/\/blogsaverroes.juntadeandalucia.es\/iescamposdenijar\/wp-json\/wp\/v2\/users\/11942"}],"replies":[{"embeddable":true,"href":"https:\/\/blogsaverroes.juntadeandalucia.es\/iescamposdenijar\/wp-json\/wp\/v2\/comments?post=3425"}],"version-history":[{"count":6,"href":"https:\/\/blogsaverroes.juntadeandalucia.es\/iescamposdenijar\/wp-json\/wp\/v2\/pages\/3425\/revisions"}],"predecessor-version":[{"id":4144,"href":"https:\/\/blogsaverroes.juntadeandalucia.es\/iescamposdenijar\/wp-json\/wp\/v2\/pages\/3425\/revisions\/4144"}],"wp:attachment":[{"href":"https:\/\/blogsaverroes.juntadeandalucia.es\/iescamposdenijar\/wp-json\/wp\/v2\/media?parent=3425"}],"curies":[{"name":"wp","href":"https:\/\/api.w.org\/{rel}","templated":true}]}}