{"id":35,"date":"2015-03-13T08:21:43","date_gmt":"2015-03-13T08:21:43","guid":{"rendered":"http:\/\/blogsaverroes.juntadeandalucia.es\/pre\/ceip\/?page_id=35"},"modified":"2025-09-20T13:20:45","modified_gmt":"2025-09-20T12:20:45","slug":"datos-del-centro","status":"publish","type":"page","link":"https:\/\/blogsaverroes.juntadeandalucia.es\/iescamposdenijar\/datos-del-centro\/","title":{"rendered":"Datos del centro"},"content":{"rendered":"<p><iframe loading=\"lazy\" src=\"https:\/\/www.google.com\/maps\/embed?pb=!1m18!1m12!1m3!1d2570.2393624458414!2d-2.1346364853826487!3d36.93998816751938!2m3!1f0!2f0!3f0!3m2!1i1024!2i768!4f13.1!3m3!1m2!1s0xd7ac1b36a372085%3A0x1176e62c524b6559!2sIES%20Campos%20de%20Nijar!5e1!3m2!1ses!2ses!4v1612179817694!5m2!1ses!2ses\" width=\"800\" height=\"600\" frameborder=\"0\"><span data-mce-type=\"bookmark\" style=\"width: 0px;overflow: hidden;line-height: 0\" class=\"mce_SELRES_start\">\ufeff<\/span><span data-mce-type=\"bookmark\" style=\"width: 0px;overflow: hidden;line-height: 0\" class=\"mce_SELRES_start\">\ufeff<\/span><\/iframe><\/p>\n<h4><strong>Datos de contacto<\/strong><\/h4>\n<ul style=\"list-style-type: square\">\n<li><strong>Direcci\u00f3n:<\/strong> &nbsp;Calle Camino del Calvo 43, Campohermoso 04110 Almer\u00eda<\/li>\n<li><strong>Tel\u00e9fono:&nbsp; <\/strong>950 36 89 15<\/li>\n<li><strong>FAX: <\/strong>950 36 89 10<\/li>\n<li><strong>Email: <\/strong> 04700132.edu@juntadeandalucia.es<\/li>\n<\/ul>\n<h4><strong>Horarios<\/strong><\/h4>\n<p>El centro permanecer\u00e1 abierto de lunes a viernes de 8:15 a 14:45 durante la sesi\u00f3n matinal, y de 16:00 a 22:00 durante la sesi\u00f3n vespertina. El horario para contactar con secretar\u00eda es de 9 a 14 horas entre lunes y viernes.&nbsp;<\/p>\n<h4><strong>Oferta educativa<\/strong><\/h4>\n<p>El I.E.S. Campos de N\u00edjar posee una amplia oferta educativa incluyendo la modalidad de bachillerato, de bachillerato para adultos y ciclos de formaci\u00f3n profesional. Para m\u00e1s informaci\u00f3n <a href=\"https:\/\/blogsaverroes.juntadeandalucia.es\/iescamposdenijar\/oferta-educativa\/\">pinche aqu\u00ed<\/a>.<\/p>\n<h4><strong>Instalaciones (<a href=\"https:\/\/blogsaverroes.juntadeandalucia.es\/iescamposdenijar\/nuestras-instalaciones\/\">Ver Fotos<\/a>)<\/strong><\/h4>\n<p>El centro cuenta con dos pistas polideportivas, una de ellas cubierta. Adem\u00e1s, posee 4 laboratorios especializados, 3 aulas de inform\u00e1tica, cantina y multitud de aulas para acoger al alumnado.&nbsp;<\/p>\n<p>&nbsp;<br \/>\n<iframe loading=\"lazy\" src=\"https:\/\/www.google.com\/maps\/embed?pb=!4v1614942800394!6m8!1m7!1s26V6idpyvTfSx27PztHtQw!2m2!1d36.94000916856938!2d-2.132297858357736!3f232.10462681053647!4f-12.206496572716276!5f0.7820865974627469\" width=\"600\" height=\"450\"><\/iframe><\/p>\n","protected":false},"excerpt":{"rendered":"<p>\ufeff\ufeff Datos de contacto Direcci\u00f3n: &nbsp;Calle Camino del Calvo 43, Campohermoso 04110 Almer\u00eda Tel\u00e9fono:&nbsp; 950 36 89 15 FAX: 950 36 89 10 Email: 04700132.edu@juntadeandalucia.es Horarios El centro permanecer\u00e1 abierto de lunes a viernes&#46;&#46;&#46;<\/p>\n","protected":false},"author":1,"featured_media":0,"parent":0,"menu_order":0,"comment_status":"closed","ping_status":"closed","template":"","meta":{"ngg_post_thumbnail":0,"footnotes":"","_mc_calendar":[]},"aioseo_notices":[],"_links":{"self":[{"href":"https:\/\/blogsaverroes.juntadeandalucia.es\/iescamposdenijar\/wp-json\/wp\/v2\/pages\/35"}],"collection":[{"href":"https:\/\/blogsaverroes.juntadeandalucia.es\/iescamposdenijar\/wp-json\/wp\/v2\/pages"}],"about":[{"href":"https:\/\/blogsaverroes.juntadeandalucia.es\/iescamposdenijar\/wp-json\/wp\/v2\/types\/page"}],"author":[{"embeddable":true,"href":"https:\/\/blogsaverroes.juntadeandalucia.es\/iescamposdenijar\/wp-json\/wp\/v2\/users\/1"}],"replies":[{"embeddable":true,"href":"https:\/\/blogsaverroes.juntadeandalucia.es\/iescamposdenijar\/wp-json\/wp\/v2\/comments?post=35"}],"version-history":[{"count":31,"href":"https:\/\/blogsaverroes.juntadeandalucia.es\/iescamposdenijar\/wp-json\/wp\/v2\/pages\/35\/revisions"}],"predecessor-version":[{"id":4959,"href":"https:\/\/blogsaverroes.juntadeandalucia.es\/iescamposdenijar\/wp-json\/wp\/v2\/pages\/35\/revisions\/4959"}],"wp:attachment":[{"href":"https:\/\/blogsaverroes.juntadeandalucia.es\/iescamposdenijar\/wp-json\/wp\/v2\/media?parent=35"}],"curies":[{"name":"wp","href":"https:\/\/api.w.org\/{rel}","templated":true}]}}