{"id":3597,"date":"2021-04-05T11:11:09","date_gmt":"2021-04-05T10:11:09","guid":{"rendered":"https:\/\/blogsaverroes.juntadeandalucia.es\/iescamposdenijar\/?page_id=3597"},"modified":"2021-04-05T11:11:09","modified_gmt":"2021-04-05T10:11:09","slug":"secretary","status":"publish","type":"page","link":"https:\/\/blogsaverroes.juntadeandalucia.es\/iescamposdenijar\/en\/secretary\/","title":{"rendered":"Secretary"},"content":{"rendered":"<p><a href=\"https:\/\/blogsaverroes.juntadeandalucia.es\/iescamposdenijar\/files\/2015\/03\/horario2.jpg\"><img loading=\"lazy\" decoding=\"async\" class=\"size-medium wp-image-1675 aligncenter\" src=\"https:\/\/blogsaverroes.juntadeandalucia.es\/iescamposdenijar\/files\/2015\/03\/horario2-300x211.jpg\" alt=\"\" width=\"300\" height=\"211\" srcset=\"https:\/\/blogsaverroes.juntadeandalucia.es\/iescamposdenijar\/files\/2015\/03\/horario2-300x211.jpg 300w, https:\/\/blogsaverroes.juntadeandalucia.es\/iescamposdenijar\/files\/2015\/03\/horario2.jpg 640w\" sizes=\"(max-width: 300px) 100vw, 300px\" \/><\/a>TRADUCIR<\/p>\n<p>Principales tr\u00e1mites que realiza la Secretar\u00eda.<\/p>\n<ul style=\"list-style-type: square\">\n<li>Preinscripciones de alumnos\/as.<\/li>\n<li>Matr\u00edcula<\/li>\n<li>Notas<\/li>\n<li>Altas y bajas de alumnos<\/li>\n<li>Certificados<\/li>\n<li>Solicitud de T\u00edtulos<\/li>\n<li>Informaci\u00f3n sobre Becas<\/li>\n<li>Temas relacionados con el transporte escolar<\/li>\n<\/ul>\n<ul>\n<li style=\"list-style-type: none\">\n<ul>\n<li style=\"list-style-type: none\">\n<ul>\n<li style=\"list-style-type: none\">&nbsp;<\/li>\n<\/ul>\n<\/li>\n<\/ul>\n<\/li>\n<\/ul>\n<p>El horario de atenci\u00f3n al p\u00fablico es de 9 a 14 horas de lunes a viernes.<\/p>\n<p>El personal de Administraci\u00f3n y Servicios que le atender\u00e1 en el centro es:<\/p>\n<ul>\n<li><strong><em>D. Salvador \u00c1ngel Garc\u00eda Valls.<br \/>\n<\/em><\/strong><\/li>\n<\/ul>\n<p>Para contactar telef\u00f3nicamente con la Secetar\u00eda del Centro, hay que llamar al n\u00famero del instituto 950 36 89 15 y solicitar que te pasen con Secretar\u00eda.<\/p>\n<p>El n\u00famero de FAX para comunicaciones es tambi\u00e9n el <strong>950 36 89 10. <\/strong><\/p>\n<p>Para env\u00edos por correo, la direcci\u00f3n postal es:<\/p>\n<hr>\n<div style=\"text-align: center\">\n<p>IES &#8220;Campos de N\u00edjar&#8221;<\/p>\n<p>C\/ Camino del Calvo, 43<\/p>\n<div>04110 &#8211; Campohermoso (Almer\u00eda)<\/div>\n<\/div>\n","protected":false},"excerpt":{"rendered":"<p>TRADUCIR Principales tr\u00e1mites que realiza la Secretar\u00eda. Preinscripciones de alumnos\/as. Matr\u00edcula Notas Altas y bajas de alumnos Certificados Solicitud de T\u00edtulos Informaci\u00f3n sobre Becas Temas relacionados con el transporte escolar &nbsp; El horario de&#46;&#46;&#46;<\/p>\n","protected":false},"author":11942,"featured_media":0,"parent":0,"menu_order":0,"comment_status":"closed","ping_status":"open","template":"","meta":{"ngg_post_thumbnail":0,"footnotes":"","_mc_calendar":[]},"aioseo_notices":[],"_links":{"self":[{"href":"https:\/\/blogsaverroes.juntadeandalucia.es\/iescamposdenijar\/wp-json\/wp\/v2\/pages\/3597"}],"collection":[{"href":"https:\/\/blogsaverroes.juntadeandalucia.es\/iescamposdenijar\/wp-json\/wp\/v2\/pages"}],"about":[{"href":"https:\/\/blogsaverroes.juntadeandalucia.es\/iescamposdenijar\/wp-json\/wp\/v2\/types\/page"}],"author":[{"embeddable":true,"href":"https:\/\/blogsaverroes.juntadeandalucia.es\/iescamposdenijar\/wp-json\/wp\/v2\/users\/11942"}],"replies":[{"embeddable":true,"href":"https:\/\/blogsaverroes.juntadeandalucia.es\/iescamposdenijar\/wp-json\/wp\/v2\/comments?post=3597"}],"version-history":[{"count":1,"href":"https:\/\/blogsaverroes.juntadeandalucia.es\/iescamposdenijar\/wp-json\/wp\/v2\/pages\/3597\/revisions"}],"predecessor-version":[{"id":3600,"href":"https:\/\/blogsaverroes.juntadeandalucia.es\/iescamposdenijar\/wp-json\/wp\/v2\/pages\/3597\/revisions\/3600"}],"wp:attachment":[{"href":"https:\/\/blogsaverroes.juntadeandalucia.es\/iescamposdenijar\/wp-json\/wp\/v2\/media?parent=3597"}],"curies":[{"name":"wp","href":"https:\/\/api.w.org\/{rel}","templated":true}]}}