{"id":3607,"date":"2021-04-05T11:13:38","date_gmt":"2021-04-05T10:13:38","guid":{"rendered":"https:\/\/blogsaverroes.juntadeandalucia.es\/iescamposdenijar\/?page_id=3607"},"modified":"2021-04-05T11:13:38","modified_gmt":"2021-04-05T10:13:38","slug":"educative-project","status":"publish","type":"page","link":"https:\/\/blogsaverroes.juntadeandalucia.es\/iescamposdenijar\/en\/educative-project\/","title":{"rendered":"Educative project"},"content":{"rendered":"<p>TRADUCIR<\/p>\n<p><img loading=\"lazy\" decoding=\"async\" class=\"alignnone size-medium wp-image-1662\" src=\"http:\/\/blogsaverroes.juntadeandalucia.es\/temahuemanies\/files\/2015\/03\/proyecto-300x266.png\" alt=\"proyecto\" width=\"300\" height=\"266\" srcset=\"https:\/\/blogsaverroes.juntadeandalucia.es\/iescamposdenijar\/files\/2015\/03\/proyecto-300x266.png 300w, https:\/\/blogsaverroes.juntadeandalucia.es\/iescamposdenijar\/files\/2015\/03\/proyecto.png 640w\" sizes=\"(max-width: 300px) 100vw, 300px\" \/><a href=\"https:\/\/blogsaverroes.juntadeandalucia.es\/iescamposdenijar\/files\/2021\/01\/plancentro_orig.png\"><img loading=\"lazy\" decoding=\"async\" class=\"alignnone size-medium wp-image-2606\" src=\"https:\/\/blogsaverroes.juntadeandalucia.es\/iescamposdenijar\/files\/2021\/01\/plancentro_orig-300x238.png\" alt=\"\" width=\"300\" height=\"238\" srcset=\"https:\/\/blogsaverroes.juntadeandalucia.es\/iescamposdenijar\/files\/2021\/01\/plancentro_orig-300x238.png 300w, https:\/\/blogsaverroes.juntadeandalucia.es\/iescamposdenijar\/files\/2021\/01\/plancentro_orig-768x610.png 768w, https:\/\/blogsaverroes.juntadeandalucia.es\/iescamposdenijar\/files\/2021\/01\/plancentro_orig-24x19.png 24w, https:\/\/blogsaverroes.juntadeandalucia.es\/iescamposdenijar\/files\/2021\/01\/plancentro_orig-36x29.png 36w, https:\/\/blogsaverroes.juntadeandalucia.es\/iescamposdenijar\/files\/2021\/01\/plancentro_orig-48x38.png 48w, https:\/\/blogsaverroes.juntadeandalucia.es\/iescamposdenijar\/files\/2021\/01\/plancentro_orig.png 1007w\" sizes=\"(max-width: 300px) 100vw, 300px\" \/><\/a><\/p>\n<p>Un centro se define en gran medida por su <strong>Proyecto Educativo<\/strong>. En \u00e9l se plasma el modelo educativo y la concreci\u00f3n de la normativa que un centro realiza respecto a las ense\u00f1anzas que imparte. Aspectos tales como las finales educativas, objetivos, atenci\u00f3n a la diversidad, etc.<\/p>\n<p>Que la web de un centro informe de su Proyecto Educativo es una apuesta clara por la <strong>transparencia<\/strong>.<\/p>\n<p>Documentos con informaci\u00f3n detallada:<\/p>\n<ul style=\"list-style-type: circle\">\n<li>\n<h3><a href=\"https:\/\/drive.google.com\/file\/d\/183frUk3NII8jfXrPOp6NEA-B-G2HTsJx\/view\">Proyecto Educativo de Centro<\/a><\/h3>\n<\/li>\n<li>\n<h3><a href=\"https:\/\/drive.google.com\/file\/d\/1pM5o3KFyN5xctgZLPXyCa-CoFKnoNuU6\/view\">Reglamento de Ordenaci\u00f3n y Funcionamiento (R.O.F.)<\/a><\/h3>\n<\/li>\n<li>\n<h3><a href=\"https:\/\/drive.google.com\/file\/d\/10OYGgb-MXjIBYAEF_jWo6x_cD-sZUj_3\/view\">Proyecto de Gesti\u00f3n (P.G.)<\/a><\/h3>\n<\/li>\n<li>\n<h3><a href=\"http:\/\/www.juntadeandalucia.es\/averroes\/centros-tic\/04700132\/moodle\/login\/index.php\">Programaciones Did\u00e1cticas y Criterios de Calificaci\u00f3n.<\/a><\/h3>\n<\/li>\n<li>\n<h3><a href=\"https:\/\/drive.google.com\/file\/d\/1O4bNMtPmFb81BZlATHHZCdB5k1nlvhmT\/view\">Plan de mejora.<\/a><\/h3>\n<\/li>\n<li>\n<h3><a href=\"https:\/\/drive.google.com\/file\/d\/145B-wCwoGFpvzTOS-_lUFUer_kbNXGYC\/view\">Protocolo de actuaci\u00f3n COVID19<\/a><\/h3>\n<\/li>\n<\/ul>\n<p>&nbsp;<\/p>\n","protected":false},"excerpt":{"rendered":"<p>TRADUCIR Un centro se define en gran medida por su Proyecto Educativo. En \u00e9l se plasma el modelo educativo y la concreci\u00f3n de la normativa que un centro realiza respecto a las ense\u00f1anzas que&#46;&#46;&#46;<\/p>\n","protected":false},"author":11942,"featured_media":0,"parent":0,"menu_order":0,"comment_status":"closed","ping_status":"closed","template":"","meta":{"ngg_post_thumbnail":0,"footnotes":"","_mc_calendar":[]},"aioseo_notices":[],"_links":{"self":[{"href":"https:\/\/blogsaverroes.juntadeandalucia.es\/iescamposdenijar\/wp-json\/wp\/v2\/pages\/3607"}],"collection":[{"href":"https:\/\/blogsaverroes.juntadeandalucia.es\/iescamposdenijar\/wp-json\/wp\/v2\/pages"}],"about":[{"href":"https:\/\/blogsaverroes.juntadeandalucia.es\/iescamposdenijar\/wp-json\/wp\/v2\/types\/page"}],"author":[{"embeddable":true,"href":"https:\/\/blogsaverroes.juntadeandalucia.es\/iescamposdenijar\/wp-json\/wp\/v2\/users\/11942"}],"replies":[{"embeddable":true,"href":"https:\/\/blogsaverroes.juntadeandalucia.es\/iescamposdenijar\/wp-json\/wp\/v2\/comments?post=3607"}],"version-history":[{"count":1,"href":"https:\/\/blogsaverroes.juntadeandalucia.es\/iescamposdenijar\/wp-json\/wp\/v2\/pages\/3607\/revisions"}],"predecessor-version":[{"id":3609,"href":"https:\/\/blogsaverroes.juntadeandalucia.es\/iescamposdenijar\/wp-json\/wp\/v2\/pages\/3607\/revisions\/3609"}],"wp:attachment":[{"href":"https:\/\/blogsaverroes.juntadeandalucia.es\/iescamposdenijar\/wp-json\/wp\/v2\/media?parent=3607"}],"curies":[{"name":"wp","href":"https:\/\/api.w.org\/{rel}","templated":true}]}}