{"id":3619,"date":"2021-04-05T11:17:38","date_gmt":"2021-04-05T10:17:38","guid":{"rendered":"https:\/\/blogsaverroes.juntadeandalucia.es\/iescamposdenijar\/?page_id=3619"},"modified":"2021-04-05T11:17:38","modified_gmt":"2021-04-05T10:17:38","slug":"directors-greeting","status":"publish","type":"page","link":"https:\/\/blogsaverroes.juntadeandalucia.es\/iescamposdenijar\/en\/directors-greeting\/","title":{"rendered":"Director&#8217;s greeting"},"content":{"rendered":"<p><a href=\"https:\/\/blogsaverroes.juntadeandalucia.es\/iescamposdenijar\/files\/2021\/01\/LOGO_RETOCADO-SINCOLOR.png\"><img loading=\"lazy\" decoding=\"async\" class=\"wp-image-2482 aligncenter\" src=\"https:\/\/blogsaverroes.juntadeandalucia.es\/iescamposdenijar\/files\/2021\/01\/LOGO_RETOCADO-SINCOLOR-300x300.png\" alt=\"\" width=\"158\" height=\"158\" srcset=\"https:\/\/blogsaverroes.juntadeandalucia.es\/iescamposdenijar\/files\/2021\/01\/LOGO_RETOCADO-SINCOLOR-300x300.png 300w, https:\/\/blogsaverroes.juntadeandalucia.es\/iescamposdenijar\/files\/2021\/01\/LOGO_RETOCADO-SINCOLOR-1019x1024.png 1019w, https:\/\/blogsaverroes.juntadeandalucia.es\/iescamposdenijar\/files\/2021\/01\/LOGO_RETOCADO-SINCOLOR-150x150.png 150w, https:\/\/blogsaverroes.juntadeandalucia.es\/iescamposdenijar\/files\/2021\/01\/LOGO_RETOCADO-SINCOLOR-768x772.png 768w, https:\/\/blogsaverroes.juntadeandalucia.es\/iescamposdenijar\/files\/2021\/01\/LOGO_RETOCADO-SINCOLOR-100x100.png 100w, https:\/\/blogsaverroes.juntadeandalucia.es\/iescamposdenijar\/files\/2021\/01\/LOGO_RETOCADO-SINCOLOR-24x24.png 24w, https:\/\/blogsaverroes.juntadeandalucia.es\/iescamposdenijar\/files\/2021\/01\/LOGO_RETOCADO-SINCOLOR-36x36.png 36w, https:\/\/blogsaverroes.juntadeandalucia.es\/iescamposdenijar\/files\/2021\/01\/LOGO_RETOCADO-SINCOLOR-48x48.png 48w, https:\/\/blogsaverroes.juntadeandalucia.es\/iescamposdenijar\/files\/2021\/01\/LOGO_RETOCADO-SINCOLOR.png 1046w\" sizes=\"(max-width: 158px) 100vw, 158px\" \/><\/a>TRADUCIR<\/p>\n<p style=\"text-align: justify\">Me complace daros la bienvenida a la p\u00e1gina web del IES &#8220;CAMPOS DE N\u00cdJAR&#8221; de CAMPOHERMOSO (Almer\u00eda).<\/p>\n<p style=\"text-align: justify\">Desde el nuevo Equipo Directivo comenzamos trabajando para que nuestro centro sea un referente de calidad en la provincia y para que esta p\u00e1gina sea un instrumento de comunicaci\u00f3n de toda la comunidad educativa: Alumnado, Profesorado, Personal de administraci\u00f3n, y Madres y Padres. Para esto a trav\u00e9s de la web compartiremos informaci\u00f3n, ideas, proyectos, iniciativas y, en definitiva, todo lo que enriquezca la labor educativa.<\/p>\n<p style=\"text-align: justify\">Desde el firme compromiso del nuevo Equipo Directivo por la calidad iniciamos una ardua pero apasionante tarea para perseguir una serie de objetivos y dotar a nuestro Instituto de todos los recursos suficientes que permitan a nuestro alumnado conseguir su pleno desarrollo personal. Inauguramos as\u00ed, este espacio en la Red como uno de los objetivos de nuestro proyecto de Direcci\u00f3n.<\/p>\n<p style=\"text-align: justify\">Ponemos a disposici\u00f3n de la Comunidad Educativa esta nueva herramienta donde publicaremos las numerosas actividades derivadas de la intensa vida escolar de nuestro Centro a la vez que fomentamos el intercambio informativo, mediante la habilitaci\u00f3n del Aula Virtual e iPasen, que supondr\u00e1 un paso decisivo en la adaptaci\u00f3n de nuestras ense\u00f1anzas a las nuevas tecnolog\u00edas de la informaci\u00f3n y la comunicaci\u00f3n.<\/p>\n<p style=\"text-align: justify\">Con el entusiasmo e ilusi\u00f3n de ofrecer lo mejor de nosotros, les abrimos las puertas de esta casa y les invitamos a participar activamente con nosotros.<\/p>\n<p style=\"text-align: justify\">Sin otro particular, reciban un cordial saludo.<\/p>\n<p style=\"text-align: justify\">Manuel J. Mart\u00ednez-Santaolalla Mart\u00ednez<\/p>\n<p style=\"text-align: justify\">&nbsp;<\/p>\n<p>&nbsp;<\/p>\n","protected":false},"excerpt":{"rendered":"<p>TRADUCIR Me complace daros la bienvenida a la p\u00e1gina web del IES &#8220;CAMPOS DE N\u00cdJAR&#8221; de CAMPOHERMOSO (Almer\u00eda). Desde el nuevo Equipo Directivo comenzamos trabajando para que nuestro centro sea un referente de calidad&#46;&#46;&#46;<\/p>\n","protected":false},"author":11942,"featured_media":0,"parent":0,"menu_order":0,"comment_status":"closed","ping_status":"closed","template":"","meta":{"ngg_post_thumbnail":0,"footnotes":"","_mc_calendar":[]},"aioseo_notices":[],"_links":{"self":[{"href":"https:\/\/blogsaverroes.juntadeandalucia.es\/iescamposdenijar\/wp-json\/wp\/v2\/pages\/3619"}],"collection":[{"href":"https:\/\/blogsaverroes.juntadeandalucia.es\/iescamposdenijar\/wp-json\/wp\/v2\/pages"}],"about":[{"href":"https:\/\/blogsaverroes.juntadeandalucia.es\/iescamposdenijar\/wp-json\/wp\/v2\/types\/page"}],"author":[{"embeddable":true,"href":"https:\/\/blogsaverroes.juntadeandalucia.es\/iescamposdenijar\/wp-json\/wp\/v2\/users\/11942"}],"replies":[{"embeddable":true,"href":"https:\/\/blogsaverroes.juntadeandalucia.es\/iescamposdenijar\/wp-json\/wp\/v2\/comments?post=3619"}],"version-history":[{"count":1,"href":"https:\/\/blogsaverroes.juntadeandalucia.es\/iescamposdenijar\/wp-json\/wp\/v2\/pages\/3619\/revisions"}],"predecessor-version":[{"id":3622,"href":"https:\/\/blogsaverroes.juntadeandalucia.es\/iescamposdenijar\/wp-json\/wp\/v2\/pages\/3619\/revisions\/3622"}],"wp:attachment":[{"href":"https:\/\/blogsaverroes.juntadeandalucia.es\/iescamposdenijar\/wp-json\/wp\/v2\/media?parent=3619"}],"curies":[{"name":"wp","href":"https:\/\/api.w.org\/{rel}","templated":true}]}}