{"id":3631,"date":"2021-04-05T11:22:39","date_gmt":"2021-04-05T10:22:39","guid":{"rendered":"https:\/\/blogsaverroes.juntadeandalucia.es\/iescamposdenijar\/?page_id=3631"},"modified":"2021-04-05T11:22:39","modified_gmt":"2021-04-05T10:22:39","slug":"becrea","status":"publish","type":"page","link":"https:\/\/blogsaverroes.juntadeandalucia.es\/iescamposdenijar\/en\/becrea\/","title":{"rendered":"BECREA"},"content":{"rendered":"<h2>TRADUCIR<\/h2>\n<h2 class=\" bd-container-192 bd-tagstyles bd-bootstrap-btn bd-btn-default\">BECREA<\/h2>\n<div class=\" bd-grid-5 bd-margins\">\n<div class=\"container-fluid\">\n<div class=\"separated-grid row\">\n<div class=\"col-lg-12 col-md-12 col-sm-12 col-xs-12\">\n<div class=\"bd-griditem-30\">\n<article class=\" bd-article-2\">\n<div class=\" bd-layoutcontainer-13 bd-columns bd-no-margins\">\n<div class=\"bd-container-inner\">\n<div class=\"container-fluid\">\n<div class=\"row \">\n<div class=\" bd-columnwrapper-37 col-lg-12 col-md-11 col-sm-10\">\n<div class=\"bd-layoutcolumn-37 bd-column\">\n<div class=\"bd-vertical-align-wrapper\">\n<div class=\" bd-settopagebackground-1 bd-settopagebackground\">\n<div class=\" bd-flexalign-9 bd-no-margins bd-flexalign\">\n<h2 class=\" bd-postheader-2 \">Cat\u00e1logo de lecturas<\/h2>\n<p>&nbsp;<\/p>\n<p><a href=\"https:\/\/blogsaverroes.juntadeandalucia.es\/iescamposdenijar\/files\/2021\/02\/sss.png\"><img loading=\"lazy\" decoding=\"async\" class=\"wp-image-2759 alignleft\" src=\"https:\/\/blogsaverroes.juntadeandalucia.es\/iescamposdenijar\/files\/2021\/02\/sss.png\" alt=\"\" width=\"102\" height=\"125\" srcset=\"https:\/\/blogsaverroes.juntadeandalucia.es\/iescamposdenijar\/files\/2021\/02\/sss.png 203w, https:\/\/blogsaverroes.juntadeandalucia.es\/iescamposdenijar\/files\/2021\/02\/sss-20x24.png 20w, https:\/\/blogsaverroes.juntadeandalucia.es\/iescamposdenijar\/files\/2021\/02\/sss-29x36.png 29w, https:\/\/blogsaverroes.juntadeandalucia.es\/iescamposdenijar\/files\/2021\/02\/sss-39x48.png 39w\" sizes=\"(max-width: 102px) 100vw, 102px\" \/><\/a><\/p>\n<\/div>\n<\/div>\n<\/div>\n<p>&nbsp;<\/p>\n<\/div>\n<\/div>\n<\/div>\n<\/div>\n<\/div>\n<\/div>\n<\/article>\n<\/div>\n<\/div>\n<div class=\"bd-container-inner\" style=\"text-align: center\">Aqu\u00ed tienes las lecturas de nuestra biblioteca para que puedas usar nuestro servicio de pr\u00e9stamo.<\/div>\n<\/div>\n<\/div>\n<\/div>\n<div class=\" bd-grid-5 bd-margins\">\n<div class=\"container-fluid\">\n<div class=\"separated-grid row\">\n<div class=\"separated-item-30 col-md-12 first-col last-col\">\n<div class=\"bd-griditem-30\">\n<article class=\" bd-article-2\">\n<div class=\" bd-layoutcontainer-13 bd-columns bd-no-margins\">\n<div class=\"bd-container-inner\">\n<div class=\"container-fluid\">\n<div class=\"row \">\n<div class=\" bd-columnwrapper-37 col-lg-12 col-md-11 col-sm-10\">\n<div class=\"bd-layoutcolumn-37 bd-column\">\n<h2>&nbsp;<\/h2>\n<div class=\"bd-vertical-align-wrapper\">\n<div class=\" bd-settopagebackground-1 bd-settopagebackground\">\n<h2>&nbsp;<\/h2>\n<div class=\" bd-flexalign-9 bd-no-margins bd-flexalign\">\n<h2 class=\" bd-postheader-2 \">D\u00eda del libro &#8211; 2020<\/h2>\n<\/div>\n<\/div>\n<\/div>\n<\/div>\n<\/div>\n<\/div>\n<\/div>\n<\/div>\n<\/div>\n<div class=\" bd-layoutbox-7 bd-no-margins clearfix\">\n<div class=\"bd-container-inner\">&nbsp;<\/div>\n<\/div>\n<div class=\" bd-postcontent-2 bd-tagstyles bd-custom-blockquotes bd-bootstrap-btn bd-btn-default bd-contentlayout-offset\">\n<p><a href=\"https:\/\/blogsaverroes.juntadeandalucia.es\/iescamposdenijar\/files\/2021\/02\/ddd.jpg\"><img loading=\"lazy\" decoding=\"async\" class=\"size-medium wp-image-2813 aligncenter\" src=\"https:\/\/blogsaverroes.juntadeandalucia.es\/iescamposdenijar\/files\/2021\/02\/ddd-300x154.jpg\" alt=\"\" width=\"300\" height=\"154\" srcset=\"https:\/\/blogsaverroes.juntadeandalucia.es\/iescamposdenijar\/files\/2021\/02\/ddd-300x154.jpg 300w, https:\/\/blogsaverroes.juntadeandalucia.es\/iescamposdenijar\/files\/2021\/02\/ddd-1024x525.jpg 1024w, https:\/\/blogsaverroes.juntadeandalucia.es\/iescamposdenijar\/files\/2021\/02\/ddd-768x394.jpg 768w, https:\/\/blogsaverroes.juntadeandalucia.es\/iescamposdenijar\/files\/2021\/02\/ddd-24x12.jpg 24w, https:\/\/blogsaverroes.juntadeandalucia.es\/iescamposdenijar\/files\/2021\/02\/ddd-36x18.jpg 36w, https:\/\/blogsaverroes.juntadeandalucia.es\/iescamposdenijar\/files\/2021\/02\/ddd-48x25.jpg 48w, https:\/\/blogsaverroes.juntadeandalucia.es\/iescamposdenijar\/files\/2021\/02\/ddd.jpg 1198w\" sizes=\"(max-width: 300px) 100vw, 300px\" \/><\/a><\/p>\n<\/div>\n<\/article>\n<div class=\"bd-empty-grid-item\">&nbsp;<\/div>\n<div class=\"bd-container-inner\">&nbsp;<\/div>\n<\/div>\n<\/div>\n<div class=\"separated-item-30 col-md-12 first-col last-col\">\n<div class=\"bd-griditem-30\">\n<article class=\" bd-article-2\">\n<div class=\" bd-layoutcontainer-13 bd-columns bd-no-margins\">\n<div class=\"bd-container-inner\">\n<div class=\"container-fluid\">\n<div class=\"row \">\n<div class=\" bd-columnwrapper-37 col-lg-12 col-md-11 col-sm-10\">\n<div class=\"bd-layoutcolumn-37 bd-column\">\n<div class=\"bd-vertical-align-wrapper\">\n<div class=\" bd-settopagebackground-1 bd-settopagebackground\">\n<div class=\" bd-flexalign-9 bd-no-margins bd-flexalign\">\n<h2 class=\" bd-postheader-2 \">Biblioteca del terror<\/h2>\n<\/div>\n<\/div>\n<\/div>\n<\/div>\n<\/div>\n<\/div>\n<\/div>\n<\/div>\n<\/div>\n<div class=\" bd-layoutbox-7 bd-no-margins clearfix\">\n<div class=\"bd-container-inner\">&nbsp;<\/div>\n<\/div>\n<div class=\" bd-postcontent-2 bd-tagstyles bd-custom-blockquotes bd-bootstrap-btn bd-btn-default bd-contentlayout-offset\">\n<p>Con motivo de Halloween el equipo de la biblioteca y el Departamento de Orientaci\u00f3n han organizado una actividad dirigida a los alumnos de 1\u00ba de ESO.<\/p>\n<p><a href=\"https:\/\/blogsaverroes.juntadeandalucia.es\/iescamposdenijar\/files\/2021\/02\/haloween-portada.png\"><img loading=\"lazy\" decoding=\"async\" class=\" wp-image-2815 aligncenter\" src=\"https:\/\/blogsaverroes.juntadeandalucia.es\/iescamposdenijar\/files\/2021\/02\/haloween-portada-300x124.png\" alt=\"\" width=\"409\" height=\"169\" srcset=\"https:\/\/blogsaverroes.juntadeandalucia.es\/iescamposdenijar\/files\/2021\/02\/haloween-portada-300x124.png 300w, https:\/\/blogsaverroes.juntadeandalucia.es\/iescamposdenijar\/files\/2021\/02\/haloween-portada-24x10.png 24w, https:\/\/blogsaverroes.juntadeandalucia.es\/iescamposdenijar\/files\/2021\/02\/haloween-portada-36x15.png 36w, https:\/\/blogsaverroes.juntadeandalucia.es\/iescamposdenijar\/files\/2021\/02\/haloween-portada-48x20.png 48w, https:\/\/blogsaverroes.juntadeandalucia.es\/iescamposdenijar\/files\/2021\/02\/haloween-portada.png 500w\" sizes=\"(max-width: 409px) 100vw, 409px\" \/><\/a><\/p>\n<p style=\"text-align: center\">Gracias a los alumnos de 1\u00ba de Bachillerato, FP B\u00e1sica II y a todos los profesores por su colaboraci\u00f3n.<\/p>\n<h2 style=\"text-align: center\"><span style=\"color: #ff0000\">\u00a1 La actividad fue un \u00e9xito !<\/span><\/h2>\n<p>\u00bfQuer\u00e9is ver algunas fotos?<\/p>\n<\/div>\n<p><a class=\"bd-postreadmore-2 bd-button-25 \" href=\"http:\/\/www2.iescamposdenijar.org\/departamentos-didacticos\/10-biblioteca\/13-biblioteca-del-terror\"> Leer m\u00e1s: Biblioteca del terror<\/a><\/p>\n<\/article>\n<div class=\"bd-empty-grid-item\">&nbsp;<\/div>\n<div class=\"bd-container-inner\">&nbsp;<\/div>\n<\/div>\n<\/div>\n<div class=\"separated-item-30 col-md-12 first-col last-row last-col\">\n<div class=\"bd-griditem-30\">\n<article class=\" bd-article-2\">\n<div class=\" bd-layoutcontainer-13 bd-columns bd-no-margins\">\n<div class=\"bd-container-inner\">\n<div class=\"container-fluid\">\n<div class=\"row \">\n<div class=\" bd-columnwrapper-37 col-lg-12 col-md-11 col-sm-10\">\n<div class=\"bd-layoutcolumn-37 bd-column\">\n<div class=\"bd-vertical-align-wrapper\">\n<div class=\" bd-settopagebackground-1 bd-settopagebackground\">\n<div class=\" bd-flexalign-9 bd-no-margins bd-flexalign\">\n<h2 class=\" bd-postheader-2 \"><a href=\"http:\/\/www2.iescamposdenijar.org\/departamentos-didacticos\/10-biblioteca\/11-biblioteca\"> Biblioteca <\/a><\/h2>\n<\/div>\n<\/div>\n<\/div>\n<\/div>\n<\/div>\n<\/div>\n<\/div>\n<\/div>\n<\/div>\n<div class=\" bd-layoutbox-7 bd-no-margins clearfix\">\n<div class=\"bd-container-inner\">&nbsp;<\/div>\n<\/div>\n<div class=\" bd-postcontent-2 bd-tagstyles bd-custom-blockquotes bd-bootstrap-btn bd-btn-default bd-contentlayout-offset\">\n<h3>Bienvenid@s a la Biblioteca del IES Campos de N\u00edjar.<\/h3>\n<p><img loading=\"lazy\" decoding=\"async\" class=\"alignleft\" src=\"http:\/\/www2.iescamposdenijar.org\/images\/banners\/Biblioweb.png\" width=\"142\" height=\"146\"><\/p>\n<p>Aqu\u00ed podr\u00e1s encontrar toda la informaci\u00f3n sobre las actividades que se organizan en la Biblioteca de nuestro centro, as\u00ed como conocer todos los servicios que prestamos a la comunidad educativa a lo largo de cada curso escolar.As\u00edmismo podr\u00e1s estar al d\u00eda en las novedades que entren a formar parte de los recursos que ponemos a disposici\u00f3n de la comunidad educativa de nuestro centro. Esperamos convertirnos en un medio \u00fatil para la dinamizaci\u00f3n de nuestra Biblioteca y, sobre todo, para el fomento y animaci\u00f3n a la lectura entre todos los que compartimos este centro escolar.<\/p>\n<p style=\"text-align: center\"><a title=\"Blog de la Biblioteca IES CAMPOS DE NIJAR\" href=\"http:\/\/bibliotecacamposdenijar.blogspot.com.es\/\">http:\/\/bibliotecacamposdenijar.blogspot.com.es\/<\/a><\/p>\n<p>&nbsp;<\/p>\n<p>&nbsp;Adem\u00e1s puede seguirnos en instagram (<a href=\"https:\/\/www.instagram.com\/bibliotecacamposdenijar\">https:\/\/www.instagram.com\/bibliotecacamposdenijar<\/a>):<\/p>\n<p><a title=\"La Biblioteca en instagram\" href=\"https:\/\/www.instagram.com\/bibliotecacamposdenijar\" target=\"_blank\" rel=\"noopener noreferrer\"><img loading=\"lazy\" decoding=\"async\" class=\"aligncenter\" src=\"http:\/\/www2.iescamposdenijar.org\/images\/img\/centro\/instagram.jpg\" width=\"100\" height=\"76\"><\/a><\/p>\n<\/div>\n<\/article>\n<\/div>\n<\/div>\n<\/div>\n<\/div>\n<\/div>\n","protected":false},"excerpt":{"rendered":"<p>TRADUCIR BECREA Cat\u00e1logo de lecturas &nbsp; &nbsp; Aqu\u00ed tienes las lecturas de nuestra biblioteca para que puedas usar nuestro servicio de pr\u00e9stamo. &nbsp; &nbsp; D\u00eda del libro &#8211; 2020 &nbsp; &nbsp; &nbsp; Biblioteca del&#46;&#46;&#46;<\/p>\n","protected":false},"author":11942,"featured_media":0,"parent":0,"menu_order":0,"comment_status":"closed","ping_status":"closed","template":"","meta":{"ngg_post_thumbnail":0,"footnotes":"","_mc_calendar":[]},"aioseo_notices":[],"_links":{"self":[{"href":"https:\/\/blogsaverroes.juntadeandalucia.es\/iescamposdenijar\/wp-json\/wp\/v2\/pages\/3631"}],"collection":[{"href":"https:\/\/blogsaverroes.juntadeandalucia.es\/iescamposdenijar\/wp-json\/wp\/v2\/pages"}],"about":[{"href":"https:\/\/blogsaverroes.juntadeandalucia.es\/iescamposdenijar\/wp-json\/wp\/v2\/types\/page"}],"author":[{"embeddable":true,"href":"https:\/\/blogsaverroes.juntadeandalucia.es\/iescamposdenijar\/wp-json\/wp\/v2\/users\/11942"}],"replies":[{"embeddable":true,"href":"https:\/\/blogsaverroes.juntadeandalucia.es\/iescamposdenijar\/wp-json\/wp\/v2\/comments?post=3631"}],"version-history":[{"count":1,"href":"https:\/\/blogsaverroes.juntadeandalucia.es\/iescamposdenijar\/wp-json\/wp\/v2\/pages\/3631\/revisions"}],"predecessor-version":[{"id":3632,"href":"https:\/\/blogsaverroes.juntadeandalucia.es\/iescamposdenijar\/wp-json\/wp\/v2\/pages\/3631\/revisions\/3632"}],"wp:attachment":[{"href":"https:\/\/blogsaverroes.juntadeandalucia.es\/iescamposdenijar\/wp-json\/wp\/v2\/media?parent=3631"}],"curies":[{"name":"wp","href":"https:\/\/api.w.org\/{rel}","templated":true}]}}