{"id":3670,"date":"2021-04-05T11:36:18","date_gmt":"2021-04-05T10:36:18","guid":{"rendered":"https:\/\/blogsaverroes.juntadeandalucia.es\/iescamposdenijar\/?page_id=3670"},"modified":"2021-04-05T11:36:26","modified_gmt":"2021-04-05T10:36:26","slug":"book-catlog","status":"publish","type":"page","link":"https:\/\/blogsaverroes.juntadeandalucia.es\/iescamposdenijar\/en\/book-catlog\/","title":{"rendered":"Book Catalog"},"content":{"rendered":"<p><img loading=\"lazy\" decoding=\"async\" class=\"alignnone size-medium wp-image-551\" src=\"http:\/\/blogsaverroes.juntadeandalucia.es\/temahuemanies\/files\/2014\/12\/libros1-300x246.png\" alt=\"libros1\" width=\"300\" height=\"246\" srcset=\"https:\/\/blogsaverroes.juntadeandalucia.es\/iescamposdenijar\/files\/2014\/12\/libros1-300x246.png 300w, https:\/\/blogsaverroes.juntadeandalucia.es\/iescamposdenijar\/files\/2014\/12\/libros1.png 640w\" sizes=\"(max-width: 300px) 100vw, 300px\" \/><\/p>\n<p>TRADUCIR<\/p>\n<p><strong>Estamos trabajando para poner a su disposici\u00f3n, pr\u00f3ximamente, el cat\u00e1logo de la Biblioteca. <\/strong><\/p>\n<p><strong>Gracias por su comprensi\u00f3n.<\/strong><\/p>\n<p>&nbsp;<\/p>\n","protected":false},"excerpt":{"rendered":"<p>TRADUCIR Estamos trabajando para poner a su disposici\u00f3n, pr\u00f3ximamente, el cat\u00e1logo de la Biblioteca. Gracias por su comprensi\u00f3n. &nbsp;<\/p>\n","protected":false},"author":11942,"featured_media":0,"parent":0,"menu_order":0,"comment_status":"closed","ping_status":"closed","template":"","meta":{"ngg_post_thumbnail":0,"footnotes":"","_mc_calendar":[]},"aioseo_notices":[],"_links":{"self":[{"href":"https:\/\/blogsaverroes.juntadeandalucia.es\/iescamposdenijar\/wp-json\/wp\/v2\/pages\/3670"}],"collection":[{"href":"https:\/\/blogsaverroes.juntadeandalucia.es\/iescamposdenijar\/wp-json\/wp\/v2\/pages"}],"about":[{"href":"https:\/\/blogsaverroes.juntadeandalucia.es\/iescamposdenijar\/wp-json\/wp\/v2\/types\/page"}],"author":[{"embeddable":true,"href":"https:\/\/blogsaverroes.juntadeandalucia.es\/iescamposdenijar\/wp-json\/wp\/v2\/users\/11942"}],"replies":[{"embeddable":true,"href":"https:\/\/blogsaverroes.juntadeandalucia.es\/iescamposdenijar\/wp-json\/wp\/v2\/comments?post=3670"}],"version-history":[{"count":2,"href":"https:\/\/blogsaverroes.juntadeandalucia.es\/iescamposdenijar\/wp-json\/wp\/v2\/pages\/3670\/revisions"}],"predecessor-version":[{"id":3672,"href":"https:\/\/blogsaverroes.juntadeandalucia.es\/iescamposdenijar\/wp-json\/wp\/v2\/pages\/3670\/revisions\/3672"}],"wp:attachment":[{"href":"https:\/\/blogsaverroes.juntadeandalucia.es\/iescamposdenijar\/wp-json\/wp\/v2\/media?parent=3670"}],"curies":[{"name":"wp","href":"https:\/\/api.w.org\/{rel}","templated":true}]}}