{"id":4021,"date":"2021-05-13T08:54:38","date_gmt":"2021-05-13T07:54:38","guid":{"rendered":"https:\/\/blogsaverroes.juntadeandalucia.es\/iescamposdenijar\/?page_id=4021"},"modified":"2022-05-05T10:22:31","modified_gmt":"2022-05-05T09:22:31","slug":"plurilinguismo","status":"publish","type":"page","link":"https:\/\/blogsaverroes.juntadeandalucia.es\/iescamposdenijar\/plurilinguismo\/","title":{"rendered":"Pluriling\u00fcismo"},"content":{"rendered":"<p>Informaci\u00f3n relevante sobre el Centro y su entorno para auxiliares de conversaci\u00f3n:<\/p>\n<ul>\n<li><a href=\"https:\/\/blogsaverroes.juntadeandalucia.es\/iescamposdenijar\/files\/2022\/05\/Ficha-de-Informaci\u00f3n-para-Auxiliares-de-Conversaci\u00f3n.pdf\">Ficha de Informaci\u00f3n para Auxiliares de Conversaci\u00f3n<\/a><\/li>\n<li><a href=\"https:\/\/blogsaverroes.juntadeandalucia.es\/iescamposdenijar\/files\/2022\/05\/Information-Sheet-for-LANGUAGE-Assistants.pdf\">Information Sheet for LANGUAGE Assistants<\/a><\/li>\n<\/ul>\n","protected":false},"excerpt":{"rendered":"<p>Informaci\u00f3n relevante sobre el Centro y su entorno para auxiliares de conversaci\u00f3n: Ficha de Informaci\u00f3n para Auxiliares de Conversaci\u00f3n Information Sheet for LANGUAGE Assistants<\/p>\n","protected":false},"author":5991,"featured_media":0,"parent":0,"menu_order":0,"comment_status":"closed","ping_status":"closed","template":"","meta":{"ngg_post_thumbnail":0,"footnotes":"","_mc_calendar":[]},"aioseo_notices":[],"_links":{"self":[{"href":"https:\/\/blogsaverroes.juntadeandalucia.es\/iescamposdenijar\/wp-json\/wp\/v2\/pages\/4021"}],"collection":[{"href":"https:\/\/blogsaverroes.juntadeandalucia.es\/iescamposdenijar\/wp-json\/wp\/v2\/pages"}],"about":[{"href":"https:\/\/blogsaverroes.juntadeandalucia.es\/iescamposdenijar\/wp-json\/wp\/v2\/types\/page"}],"author":[{"embeddable":true,"href":"https:\/\/blogsaverroes.juntadeandalucia.es\/iescamposdenijar\/wp-json\/wp\/v2\/users\/5991"}],"replies":[{"embeddable":true,"href":"https:\/\/blogsaverroes.juntadeandalucia.es\/iescamposdenijar\/wp-json\/wp\/v2\/comments?post=4021"}],"version-history":[{"count":3,"href":"https:\/\/blogsaverroes.juntadeandalucia.es\/iescamposdenijar\/wp-json\/wp\/v2\/pages\/4021\/revisions"}],"predecessor-version":[{"id":4406,"href":"https:\/\/blogsaverroes.juntadeandalucia.es\/iescamposdenijar\/wp-json\/wp\/v2\/pages\/4021\/revisions\/4406"}],"wp:attachment":[{"href":"https:\/\/blogsaverroes.juntadeandalucia.es\/iescamposdenijar\/wp-json\/wp\/v2\/media?parent=4021"}],"curies":[{"name":"wp","href":"https:\/\/api.w.org\/{rel}","templated":true}]}}