{"id":4286,"date":"2021-06-15T11:40:13","date_gmt":"2021-06-15T10:40:13","guid":{"rendered":"https:\/\/blogsaverroes.juntadeandalucia.es\/iescamposdenijar\/?page_id=4286"},"modified":"2021-06-30T16:17:12","modified_gmt":"2021-06-30T15:17:12","slug":"concursos-de-fotografia","status":"publish","type":"page","link":"https:\/\/blogsaverroes.juntadeandalucia.es\/iescamposdenijar\/concursos-de-fotografia\/","title":{"rendered":"Concursos de fotograf\u00eda"},"content":{"rendered":"<h3 style=\"text-align: center\">Curso Escolar 2020-21:<\/h3>\n<hr>\n<p><strong>CONCURSO DE FOTOGRAF\u00cdA &#8220;N\u00cdJAR TIERRA DE CINE&#8221;:<\/strong><\/p>\n<p style=\"text-align: center\"><a href=\"https:\/\/blogsaverroes.juntadeandalucia.es\/iescamposdenijar\/files\/2021\/06\/CARTEL-BUENO-concurso-de-fotograf\u00eda.pdf\"><strong>CARTEL<\/strong>&nbsp; concurso de fotograf\u00eda &#8220;N\u00edjar tierra de cine&#8221;<\/a><\/p>\n<p style=\"text-align: center\"><a href=\"https:\/\/blogsaverroes.juntadeandalucia.es\/iescamposdenijar\/files\/2021\/06\/Bases-concurso-Aula-Cine.pdf\"><strong>BASES<\/strong> del concurso <\/a><a href=\"https:\/\/blogsaverroes.juntadeandalucia.es\/iescamposdenijar\/files\/2021\/06\/CARTEL-BUENO-concurso-de-fotograf\u00eda.pdf\">&#8220;N\u00edjar tierra de cine&#8221;<\/a><\/p>\n<p style=\"text-align: center\"><a href=\"https:\/\/blogsaverroes.juntadeandalucia.es\/iescamposdenijar\/finalistas-del-concurso-nijar-tierra-de-cine\/\">GANADORES del concurso &#8220;N\u00edjar tierra de cine&#8221;<\/a><\/p>\n<hr>\n<p><strong>CONCURSO DE FOTOGRAF\u00cdA &#8220;LA MUJER Y LA NI\u00d1A EN CAMPOHERMOSO&#8221;:<\/strong><\/p>\n<p style=\"text-align: center\"><a href=\"https:\/\/blogsaverroes.juntadeandalucia.es\/iescamposdenijar\/files\/2021\/06\/CARTEL-MUJER-concurso-de-fotograf\u00eda.pdf\"><strong>CARTEL<\/strong> concurso de fotograf\u00eda &#8220;La mujer y la ni\u00f1a <\/a><a href=\"https:\/\/blogsaverroes.juntadeandalucia.es\/iescamposdenijar\/premios-i-concurso-de-fotografia-la-mujer-y-la-nina-en-campohermoso\/\"> en Campohermoso<\/a><a href=\"https:\/\/blogsaverroes.juntadeandalucia.es\/iescamposdenijar\/files\/2021\/06\/CARTEL-MUJER-concurso-de-fotograf\u00eda.pdf\">&#8220;<\/a><\/p>\n<p style=\"text-align: center\"><a href=\"https:\/\/blogsaverroes.juntadeandalucia.es\/iescamposdenijar\/premios-i-concurso-de-fotografia-la-mujer-y-la-nina-en-campohermoso\/\"><strong>GANADORES<\/strong>&nbsp;concurso fotograf\u00eda &#8220;La mujer y la ni\u00f1a en Campohermoso&#8221;<\/a><\/p>\n<hr>\n<p>&nbsp;<\/p>\n","protected":false},"excerpt":{"rendered":"<p>Curso Escolar 2020-21: CONCURSO DE FOTOGRAF\u00cdA &#8220;N\u00cdJAR TIERRA DE CINE&#8221;: CARTEL&nbsp; concurso de fotograf\u00eda &#8220;N\u00edjar tierra de cine&#8221; BASES del concurso &#8220;N\u00edjar tierra de cine&#8221; GANADORES del concurso &#8220;N\u00edjar tierra de cine&#8221; CONCURSO DE&#46;&#46;&#46;<\/p>\n","protected":false},"author":11942,"featured_media":4293,"parent":0,"menu_order":0,"comment_status":"closed","ping_status":"closed","template":"","meta":{"ngg_post_thumbnail":0,"footnotes":"","_mc_calendar":[]},"aioseo_notices":[],"_links":{"self":[{"href":"https:\/\/blogsaverroes.juntadeandalucia.es\/iescamposdenijar\/wp-json\/wp\/v2\/pages\/4286"}],"collection":[{"href":"https:\/\/blogsaverroes.juntadeandalucia.es\/iescamposdenijar\/wp-json\/wp\/v2\/pages"}],"about":[{"href":"https:\/\/blogsaverroes.juntadeandalucia.es\/iescamposdenijar\/wp-json\/wp\/v2\/types\/page"}],"author":[{"embeddable":true,"href":"https:\/\/blogsaverroes.juntadeandalucia.es\/iescamposdenijar\/wp-json\/wp\/v2\/users\/11942"}],"replies":[{"embeddable":true,"href":"https:\/\/blogsaverroes.juntadeandalucia.es\/iescamposdenijar\/wp-json\/wp\/v2\/comments?post=4286"}],"version-history":[{"count":6,"href":"https:\/\/blogsaverroes.juntadeandalucia.es\/iescamposdenijar\/wp-json\/wp\/v2\/pages\/4286\/revisions"}],"predecessor-version":[{"id":4335,"href":"https:\/\/blogsaverroes.juntadeandalucia.es\/iescamposdenijar\/wp-json\/wp\/v2\/pages\/4286\/revisions\/4335"}],"wp:featuredmedia":[{"embeddable":true,"href":"https:\/\/blogsaverroes.juntadeandalucia.es\/iescamposdenijar\/wp-json\/wp\/v2\/media\/4293"}],"wp:attachment":[{"href":"https:\/\/blogsaverroes.juntadeandalucia.es\/iescamposdenijar\/wp-json\/wp\/v2\/media?parent=4286"}],"curies":[{"name":"wp","href":"https:\/\/api.w.org\/{rel}","templated":true}]}}