{"id":44,"date":"2015-03-13T08:42:15","date_gmt":"2015-03-13T08:42:15","guid":{"rendered":"http:\/\/blogsaverroes.juntadeandalucia.es\/pre\/ceip\/?page_id=44"},"modified":"2025-10-06T12:28:20","modified_gmt":"2025-10-06T11:28:20","slug":"planes-y-proyectos","status":"publish","type":"page","link":"https:\/\/blogsaverroes.juntadeandalucia.es\/iescamposdenijar\/planes-y-proyectos\/","title":{"rendered":"Planes y Programas"},"content":{"rendered":"<p><img loading=\"lazy\" decoding=\"async\" class=\"size-medium wp-image-1667 aligncenter\" src=\"http:\/\/blogsaverroes.juntadeandalucia.es\/temahuemanies\/files\/2015\/03\/planes-300x150.png\" alt=\"planes\" width=\"300\" height=\"150\" srcset=\"https:\/\/blogsaverroes.juntadeandalucia.es\/iescamposdenijar\/files\/2015\/03\/planes-300x150.png 300w, https:\/\/blogsaverroes.juntadeandalucia.es\/iescamposdenijar\/files\/2015\/03\/planes.png 640w\" sizes=\"(max-width: 300px) 100vw, 300px\" \/><\/p>\n<p>Cada centro personaliza y adapta su Proyecto Educativo adheriendose a diferentes <strong>Planes y Programas<\/strong> promovidos desde la Consejer\u00eda de Desarrollo Educativo y Formaci\u00f3n Profesional.&nbsp;<\/p>\n<p>Este apartado recoge la descripci\u00f3n, finalidades, actividades, coordinador\/a, etc. de estos Planes y Programas desarrollados por el centro. A continuaci\u00f3n se muestran algunos de ellos.<\/p>\n<p><strong>Tipo A: Participaci\u00f3n de oficio&nbsp;<\/strong><\/p>\n<table style=\"border-collapse: collapse;width: 100%;height: 120px\">\n<tbody>\n<tr style=\"height: 24px\">\n<td style=\"width: 50%;height: 24px\"><strong>Bienestar Emocional&nbsp; <\/strong><\/td>\n<td style=\"width: 50%;height: 24px\">Carmen M\u00aa Segura Rum\u00ed<\/td>\n<\/tr>\n<tr style=\"height: 24px\">\n<td style=\"width: 50%;height: 24px\"><strong>Bibliotecas Escolares<\/strong><\/td>\n<td style=\"width: 50%;height: 24px\">Noelia Ortiz Valverde<\/td>\n<\/tr>\n<tr style=\"height: 24px\">\n<td style=\"width: 50%;height: 24px\"><strong>C\u00f3digo Escuela 4.0&nbsp;&nbsp;&nbsp; <\/strong><\/td>\n<td style=\"width: 50%;height: 24px\">Daniel Ayala Soriano<\/td>\n<\/tr>\n<tr style=\"height: 24px\">\n<td style=\"width: 50%;height: 24px\"><strong>Plan de Actuaci\u00f3n Digital&nbsp; <\/strong><\/td>\n<td style=\"width: 50%;height: 24px\">Daniel Ayala Soriano<\/td>\n<\/tr>\n<tr style=\"height: 24px\">\n<td style=\"width: 50%;height: 24px\"><strong>Plan de Igualdad de G\u00e9nero en Educaci\u00f3n de Andaluc\u00eda<\/strong><\/td>\n<td style=\"width: 50%;height: 24px\">Luc\u00eda Cabezas Rosa<\/td>\n<\/tr>\n<\/tbody>\n<\/table>\n<p>&nbsp;<\/p>\n<p><strong>Tipo B: Convocatoria general&nbsp;<\/strong><\/p>\n<table style=\"border-collapse: collapse;width: 100%\">\n<tbody>\n<tr>\n<td style=\"width: 50%\">H\u00e1bitos de vida saludable<\/td>\n<td style=\"width: 50%\">Salvador Cayuela Flores<\/td>\n<\/tr>\n<tr>\n<td style=\"width: 50%\">Aldea<\/td>\n<td style=\"width: 50%\">Aitana Sanz Paredes<\/td>\n<\/tr>\n<tr>\n<td style=\"width: 50%\">Conred<\/td>\n<td style=\"width: 50%\">Carmen Mari Segura Rum\u00ed<\/td>\n<\/tr>\n<tr>\n<td style=\"width: 50%\">ADA &#8211; Alumnado Ayudante Digital Andaluz<\/td>\n<td style=\"width: 50%\">Carmen Mari Segura Rum\u00ed<\/td>\n<\/tr>\n<tr>\n<td style=\"width: 50%\">ComunicA<\/td>\n<td style=\"width: 50%\">M\u00aa Montserrat Serrano de Castro<\/td>\n<\/tr>\n<tr>\n<td style=\"width: 50%\">aulaDjaque<\/td>\n<td style=\"width: 50%\">Raquel L\u00f3pez Poveda<\/td>\n<\/tr>\n<tr>\n<td style=\"width: 50%\">Red&nbsp; Andaluza: \u201cEscuela Espacio de Paz\u201d<\/td>\n<td style=\"width: 50%\">Carmen Mari Segura Rum\u00ed<\/td>\n<\/tr>\n<tr>\n<td style=\"width: 50%\">Pr\u00e1cticum<\/td>\n<td style=\"width: 50%\">Mar\u00eda Escudero Jim\u00e9nez<\/td>\n<\/tr>\n<\/tbody>\n<\/table>\n<p><strong>&nbsp;<\/strong><strong>&nbsp;<\/strong><\/p>\n<p><strong>Tipo C: Convocatoria espec\u00edfica<\/strong><\/p>\n<table style=\"border-collapse: collapse;width: 100%\">\n<tbody>\n<tr>\n<td style=\"width: 50%\">Red de Escuelas Promotoras de Salud de Andaluc\u00eda<\/td>\n<td style=\"width: 50%\">Roberto Hern\u00e1ndez Toledo<\/td>\n<\/tr>\n<tr>\n<td style=\"width: 50%\">Proyecto Aulas Verdes Abiertas<\/td>\n<td style=\"width: 50%\">Mar\u00eda Jos\u00e9 Ruiz Hidalgo<\/td>\n<\/tr>\n<tr>\n<td style=\"width: 50%\">Programa de Refuerzo Educativo en periodo estival<\/td>\n<td style=\"width: 50%\">Juan Jos\u00e9 Mart\u00ednez Fern\u00e1ndez<\/td>\n<\/tr>\n<tr>\n<td style=\"width: 50%\">Programa de Refuerzo, Orientaci\u00f3n y Apoyo (PROA Andaluc\u00eda)<\/td>\n<td style=\"width: 50%\">Juan Manuel Novo D\u00edaz<\/td>\n<\/tr>\n<tr>\n<td style=\"width: 50%\">Pacto de Estado: Prevenci\u00f3n Violencia de g\u00e9nero<\/td>\n<td style=\"width: 50%\">Luc\u00eda Cabezas Rosa<\/td>\n<\/tr>\n<tr>\n<td style=\"width: 50%\">Programa de Intercambios Escolares<\/td>\n<td style=\"width: 50%\">Inmaculada Salvador Teodoro<\/td>\n<\/tr>\n<\/tbody>\n<\/table>\n<p><strong>PROA+ FSE : TRANSFORMATE:<\/strong> Carmen Mari Segura Rum\u00ed<\/p>\n<p><strong>ERASMUS+:<\/strong> Paula L\u00f3pez Villaveir\u00e1n<\/p>\n<p><strong>BILING\u00dcISMO:<\/strong> Cristina Ruiz Delgado<\/p>\n<p style=\"text-align: center\">Para m\u00e1s informaci\u00f3n consultar el dossier en el siguiente enlace (<a href=\"https:\/\/www.juntadeandalucia.es\/educacion\/portales\/documents\/20123\/2475523\/Dosier+Programas+Educativos.pdf\/49f20533-93e1-4fed-c05f-156fb7804411?t=1756894911685\">pincha aqu\u00ed<\/a>).<\/p>\n","protected":false},"excerpt":{"rendered":"<p>Cada centro personaliza y adapta su Proyecto Educativo adheriendose a diferentes Planes y Programas promovidos desde la Consejer\u00eda de Desarrollo Educativo y Formaci\u00f3n Profesional.&nbsp; Este apartado recoge la descripci\u00f3n, finalidades, actividades, coordinador\/a, etc. de&#46;&#46;&#46;<\/p>\n","protected":false},"author":1,"featured_media":0,"parent":0,"menu_order":0,"comment_status":"open","ping_status":"closed","template":"page-templates\/child-menu.php","meta":{"ngg_post_thumbnail":0,"footnotes":"","_mc_calendar":[]},"aioseo_notices":[],"_links":{"self":[{"href":"https:\/\/blogsaverroes.juntadeandalucia.es\/iescamposdenijar\/wp-json\/wp\/v2\/pages\/44"}],"collection":[{"href":"https:\/\/blogsaverroes.juntadeandalucia.es\/iescamposdenijar\/wp-json\/wp\/v2\/pages"}],"about":[{"href":"https:\/\/blogsaverroes.juntadeandalucia.es\/iescamposdenijar\/wp-json\/wp\/v2\/types\/page"}],"author":[{"embeddable":true,"href":"https:\/\/blogsaverroes.juntadeandalucia.es\/iescamposdenijar\/wp-json\/wp\/v2\/users\/1"}],"replies":[{"embeddable":true,"href":"https:\/\/blogsaverroes.juntadeandalucia.es\/iescamposdenijar\/wp-json\/wp\/v2\/comments?post=44"}],"version-history":[{"count":10,"href":"https:\/\/blogsaverroes.juntadeandalucia.es\/iescamposdenijar\/wp-json\/wp\/v2\/pages\/44\/revisions"}],"predecessor-version":[{"id":4986,"href":"https:\/\/blogsaverroes.juntadeandalucia.es\/iescamposdenijar\/wp-json\/wp\/v2\/pages\/44\/revisions\/4986"}],"wp:attachment":[{"href":"https:\/\/blogsaverroes.juntadeandalucia.es\/iescamposdenijar\/wp-json\/wp\/v2\/media?parent=44"}],"curies":[{"name":"wp","href":"https:\/\/api.w.org\/{rel}","templated":true}]}}