{"id":2235,"date":"2015-06-18T09:40:04","date_gmt":"2015-06-18T09:40:04","guid":{"rendered":"http:\/\/blogsaverroes.juntadeandalucia.es\/temahuemanies\/?page_id=2235"},"modified":"2021-12-15T11:05:32","modified_gmt":"2021-12-15T11:05:32","slug":"covid","status":"publish","type":"page","link":"https:\/\/blogsaverroes.juntadeandalucia.es\/iescanadarosal\/covid\/","title":{"rendered":"Covid"},"content":{"rendered":"<div class=\"centrado\"><a target=\"_blank\" href=\"https:\/\/www.mscbs.gob.es\/profesionales\/saludPublica\/ccayes\/alertasActual\/nCov\/home.htm\" rel=\"noopener noreferrer\"><img decoding=\"async\" src=\"https:\/\/blogsaverroes.juntadeandalucia.es\/iescanadarosal\/files\/2021\/06\/b2anner-covid.jpg\" width=\"75%\" \/><\/a><\/div>\n<div class=\"centrado\">\n<\/p>\n<h3>Informaci\u00f3n de inter\u00e9s y protocolos a seguir<\/h3>\n<ol>\n<li class=\"sinp\"><a target=\"_blank\" href=\"https:\/\/blogsaverroes.juntadeandalucia.es\/iescanadarosal\/files\/2021\/12\/PLAN-DE-ACTUACION-COVID-19-2021-2022.pdf\" rel=\"noopener noreferrer\">Protocolo de actuaci\u00f3n 2021 &#8211; 2022<\/a><\/li>\n<li class=\"sinp\"><a target=\"_blank\" href=\"https:\/\/blogsaverroes.juntadeandalucia.es\/iescanadarosal\/files\/2021\/05\/2.-Actuacion-ante-un-caso-Covid.pdf\" rel=\"noopener noreferrer\">Actuaci\u00f3n ante un caso de covid.<\/a><\/li>\n<li class=\"sinp\"><a target=\"_blank\" href=\"https:\/\/blogsaverroes.juntadeandalucia.es\/iescanadarosal\/files\/2021\/05\/3.-Dec\u00e1logo-Colegios.pdf\" rel=\"noopener noreferrer\">Dec\u00e1logo colegios.<\/a><\/li>\n<li class=\"sinp\"><a target=\"_blank\" href=\"https:\/\/blogsaverroes.juntadeandalucia.es\/iescanadarosal\/files\/2021\/05\/4.-Recomendaciones-para-una-buena-ventilacion-de-aulas..pdf\" rel=\"noopener noreferrer\">Recomendaciones ventilaci\u00f3n.<\/a><\/li>\n<li class=\"sinp ocultar\"><a target=\"_blank\" href=\"https:\/\/blogsaverroes.juntadeandalucia.es\/iescanadarosal\/files\/2021\/05\/5.-PROTOCOLO_ACT_CASOS_CENTRO_DOCENTE_2020-10-02.pdf\" rel=\"noopener noreferrer\">Protocolo actuaci\u00f3n 2020.<\/a><\/li>\n<li class=\"sinp\"><a target=\"_blank\" href=\"https:\/\/blogsaverroes.juntadeandalucia.es\/iescanadarosal\/files\/2021\/05\/6.ANEX_PROT_ACT_CASOS_DOC_NO_UNI.pdf\" rel=\"noopener noreferrer\">Anexo protocolos.<\/a><\/li>\n<\/ol>\n<ol>\n<a target=\"_blank\" href=\"http:\/\/www.canada-rosal.org\/es\/covid-19\/\" rel=\"noopener noreferrer\">Informaci\u00f3n Ayuntamiento Ca\u00f1ada Rosal<\/a>\n<\/ol>\n<\/div>\n","protected":false},"excerpt":{"rendered":"<p>Informaci\u00f3n de inter\u00e9s y protocolos a seguir Protocolo de actuaci\u00f3n 2021 &#8211; 2022 Actuaci\u00f3n ante un caso de covid. Dec\u00e1logo colegios. Recomendaciones ventilaci\u00f3n. Protocolo actuaci\u00f3n 2020. Anexo protocolos. Informaci\u00f3n Ayuntamiento Ca\u00f1ada Rosal<\/p>\n","protected":false},"author":1,"featured_media":0,"parent":0,"menu_order":0,"comment_status":"open","ping_status":"open","template":"page-templates\/child-menu.php","meta":{"ngg_post_thumbnail":0,"footnotes":"","_mc_calendar":[]},"aioseo_notices":[],"_links":{"self":[{"href":"https:\/\/blogsaverroes.juntadeandalucia.es\/iescanadarosal\/wp-json\/wp\/v2\/pages\/2235"}],"collection":[{"href":"https:\/\/blogsaverroes.juntadeandalucia.es\/iescanadarosal\/wp-json\/wp\/v2\/pages"}],"about":[{"href":"https:\/\/blogsaverroes.juntadeandalucia.es\/iescanadarosal\/wp-json\/wp\/v2\/types\/page"}],"author":[{"embeddable":true,"href":"https:\/\/blogsaverroes.juntadeandalucia.es\/iescanadarosal\/wp-json\/wp\/v2\/users\/1"}],"replies":[{"embeddable":true,"href":"https:\/\/blogsaverroes.juntadeandalucia.es\/iescanadarosal\/wp-json\/wp\/v2\/comments?post=2235"}],"version-history":[{"count":33,"href":"https:\/\/blogsaverroes.juntadeandalucia.es\/iescanadarosal\/wp-json\/wp\/v2\/pages\/2235\/revisions"}],"predecessor-version":[{"id":3672,"href":"https:\/\/blogsaverroes.juntadeandalucia.es\/iescanadarosal\/wp-json\/wp\/v2\/pages\/2235\/revisions\/3672"}],"wp:attachment":[{"href":"https:\/\/blogsaverroes.juntadeandalucia.es\/iescanadarosal\/wp-json\/wp\/v2\/media?parent=2235"}],"curies":[{"name":"wp","href":"https:\/\/api.w.org\/{rel}","templated":true}]}}