{"id":2957,"date":"2021-05-19T15:06:40","date_gmt":"2021-05-19T15:06:40","guid":{"rendered":"https:\/\/blogsaverroes.juntadeandalucia.es\/iescanadarosal\/?page_id=2957"},"modified":"2021-06-11T10:15:39","modified_gmt":"2021-06-11T10:15:39","slug":"proyecto-educativo","status":"publish","type":"page","link":"https:\/\/blogsaverroes.juntadeandalucia.es\/iescanadarosal\/proyecto-educativo\/","title":{"rendered":"Proyecto educativo"},"content":{"rendered":"<p><img decoding=\"async\" src=\"https:\/\/blogsaverroes.juntadeandalucia.es\/iescanadarosal\/files\/2021\/05\/18-1-scaled.jpg\" alt=\"Hall salida\" style=\"float:right;width:45%;border-radius:15px\" \/><\/p>\n<ol>\n<li><a target=\"_blank\" href=\"https:\/\/blogsaverroes.juntadeandalucia.es\/iescanadarosal\/files\/2021\/05\/PE01.Objetivos-para-la-mejora-del-Rendimiento-Escolar.pdf\" rel=\"noopener noreferrer\">Objetivos para la mejora del Rendimiento Escolar.<\/a><\/li>\n<li><a target=\"_blank\" href=\"https:\/\/blogsaverroes.juntadeandalucia.es\/iescanadarosal\/files\/2021\/05\/PE02-Linea-Pedag\u00f3gica.pdf\" rel=\"noopener noreferrer\">L\u00ednea Pedag\u00f3gica.<\/a><\/li>\n<li><a target=\"_blank\" href=\"https:\/\/blogsaverroes.juntadeandalucia.es\/iescanadarosal\/files\/2021\/05\/PE03.-El-Centro-y-su-entorno.pdf\" rel=\"noopener noreferrer\">El Centro y su Entorno.<\/a><\/li>\n<li><a target=\"_blank\" href=\"https:\/\/blogsaverroes.juntadeandalucia.es\/iescanadarosal\/files\/2021\/05\/PE04.-Criterios-Pedag\u00f3.-organos-docente.pdf\" rel=\"noopener noreferrer\">Criterios Pedag\u00f3. \u00d3rganos docentes.<\/a><\/li>\n<li><a target=\"_blank\" href=\"https:\/\/blogsaverroes.juntadeandalucia.es\/iescanadarosal\/files\/2021\/05\/PE05-Procedimientos-Criterios-de-Evaluaci\u00f3n-Promoci\u00f3n-y-Titulaci\u00f3n-2018-1.pdf\" rel=\"noopener noreferrer\">Procedimientos, Criterios de Evaluaci\u00f3n, Promoci\u00f3n y Titulaci\u00f3n.<\/a><\/li>\n<li><a target=\"_blank\" href=\"https:\/\/blogsaverroes.juntadeandalucia.es\/iescanadarosal\/files\/2021\/05\/PE06.-Atenci\u00f3n-a-la-Diversidad-..pdf\" rel=\"noopener noreferrer\">Atenci\u00f3n a la Diversidad.<\/a><\/li>\n<li><a target=\"_blank\" href=\"https:\/\/blogsaverroes.juntadeandalucia.es\/iescanadarosal\/files\/2021\/05\/PE08.-Plan-de-Orientaci\u00f3n-y-A.-TutorialT-2017-18.pdf\" rel=\"noopener noreferrer\">Plan de Orientaci\u00f3n y A. Tutorial.<\/a><\/li>\n<li><a target=\"_blank\" href=\"https:\/\/blogsaverroes.juntadeandalucia.es\/iescanadarosal\/files\/2021\/05\/PE09.Compromisos-Educ-y-Convivencia-17-18.pdf\" rel=\"noopener noreferrer\">Compromisos Educativo y Convivencia.<\/a><\/li>\n<li><a target=\"_blank\" href=\"https:\/\/blogsaverroes.juntadeandalucia.es\/iescanadarosal\/files\/2021\/05\/PE10-Plan-de-Convivencia-revisi\u00f3n-2015-16version-defin.pdf\" rel=\"noopener noreferrer\">Plan de Convivencia.<\/a><\/li>\n<li><a target=\"_blank\" href=\"https:\/\/blogsaverroes.juntadeandalucia.es\/iescanadarosal\/files\/2021\/05\/PE11.-Plan-de-Formacion.pdf\" rel=\"noopener noreferrer\">Plan de Formaci\u00f3n.<\/a><\/li>\n<li><a target=\"_blank\" href=\"https:\/\/blogsaverroes.juntadeandalucia.es\/iescanadarosal\/files\/2021\/05\/PE12.-Los-criterios-para-organizar-y-distribuir-el-tirempo-escoalr-asi-como-objetivos-y-programas-parea-intervenci\u00f3n-en-el-tiempo-extraesc-2018.pdf\" rel=\"noopener noreferrer\">Los criterios para organizar y distribuir el tiempo escolar, as\u00ed como objetivos y programas parea intervenci\u00f3n en el tiempo extraescolar.<\/a><\/li>\n<li><a target=\"_blank\" href=\"https:\/\/blogsaverroes.juntadeandalucia.es\/iescanadarosal\/files\/2021\/05\/PE13.-Procedimientos-de-Evaluaci\u00f3n-Interna.pdf\" rel=\"noopener noreferrer\">Procedimientos de Evaluaci\u00f3n Interna.<\/a><\/li>\n<li><a target=\"_blank\" href=\"https:\/\/blogsaverroes.juntadeandalucia.es\/iescanadarosal\/files\/2021\/05\/PE14.-Criterios-de-agrupaminetos-y-tutorias..pdf\" rel=\"noopener noreferrer\">Criterios de agrupamientos y tutor\u00edas.<\/a><\/li>\n<li><a target=\"_blank\" href=\"https:\/\/blogsaverroes.juntadeandalucia.es\/iescanadarosal\/files\/2021\/05\/PE15.-Oferta-de-materias-de-libre-configuraci\u00f3n-libre-disposicion-y-organizaci\u00f3n-4\u00ba-curso-16-17-REVISADO.pdf\" rel=\"noopener noreferrer\">Oferta de materias de libre configuraci\u00f3n, libre disposici\u00f3n y organizaci\u00f3n 4\u00ba curso .<\/a><\/li>\n<li><a target=\"_blank\" href=\"https:\/\/blogsaverroes.juntadeandalucia.es\/iescanadarosal\/files\/2021\/05\/PE16-criterios-prog.-didactica-IES-Ca\u00f1ada-20-21.pdf\" rel=\"noopener noreferrer\">Criterios programaciones. Did\u00e1cticas.<\/a><\/li>\n<li><a target=\"_blank\" href=\"https:\/\/blogsaverroes.juntadeandalucia.es\/iescanadarosal\/files\/2021\/06\/PE17-Planes-Estrategic0sC.pdf\" rel=\"noopener noreferrer\">Plan Estrat\u00e9gico.<\/a><\/li>\n<\/ol>\n<div class=\"centrado\"><img decoding=\"async\" class=\"mw25\" src=\"https:\/\/blogsaverroes.juntadeandalucia.es\/iescanadarosal\/files\/2021\/06\/le\u00f3n3-scaled.jpg\" alt=\"Escuela de atenas\" style=\"margin-top:3%;border-radius:15px\" \/><\/div>\n","protected":false},"excerpt":{"rendered":"<p>Objetivos para la mejora del Rendimiento Escolar. L\u00ednea Pedag\u00f3gica. El Centro y su Entorno. Criterios Pedag\u00f3. \u00d3rganos docentes. Procedimientos, Criterios de Evaluaci\u00f3n, Promoci\u00f3n y Titulaci\u00f3n. Atenci\u00f3n a la Diversidad. Plan de Orientaci\u00f3n y A.&#46;&#46;&#46;<\/p>\n","protected":false},"author":6456,"featured_media":0,"parent":0,"menu_order":0,"comment_status":"closed","ping_status":"closed","template":"","meta":{"ngg_post_thumbnail":0,"footnotes":"","_mc_calendar":[]},"aioseo_notices":[],"_links":{"self":[{"href":"https:\/\/blogsaverroes.juntadeandalucia.es\/iescanadarosal\/wp-json\/wp\/v2\/pages\/2957"}],"collection":[{"href":"https:\/\/blogsaverroes.juntadeandalucia.es\/iescanadarosal\/wp-json\/wp\/v2\/pages"}],"about":[{"href":"https:\/\/blogsaverroes.juntadeandalucia.es\/iescanadarosal\/wp-json\/wp\/v2\/types\/page"}],"author":[{"embeddable":true,"href":"https:\/\/blogsaverroes.juntadeandalucia.es\/iescanadarosal\/wp-json\/wp\/v2\/users\/6456"}],"replies":[{"embeddable":true,"href":"https:\/\/blogsaverroes.juntadeandalucia.es\/iescanadarosal\/wp-json\/wp\/v2\/comments?post=2957"}],"version-history":[{"count":16,"href":"https:\/\/blogsaverroes.juntadeandalucia.es\/iescanadarosal\/wp-json\/wp\/v2\/pages\/2957\/revisions"}],"predecessor-version":[{"id":3619,"href":"https:\/\/blogsaverroes.juntadeandalucia.es\/iescanadarosal\/wp-json\/wp\/v2\/pages\/2957\/revisions\/3619"}],"wp:attachment":[{"href":"https:\/\/blogsaverroes.juntadeandalucia.es\/iescanadarosal\/wp-json\/wp\/v2\/media?parent=2957"}],"curies":[{"name":"wp","href":"https:\/\/api.w.org\/{rel}","templated":true}]}}