{"id":3150,"date":"2021-05-24T15:31:48","date_gmt":"2021-05-24T15:31:48","guid":{"rendered":"https:\/\/blogsaverroes.juntadeandalucia.es\/iescanadarosal\/?page_id=3150"},"modified":"2023-09-12T09:13:35","modified_gmt":"2023-09-12T09:13:35","slug":"protocolo-telematico","status":"publish","type":"page","link":"https:\/\/blogsaverroes.juntadeandalucia.es\/iescanadarosal\/protocolo-telematico\/","title":{"rendered":"Protocolo telem\u00e1tico"},"content":{"rendered":"<p><a href=\"https:\/\/blogsaverroes.juntadeandalucia.es\/iescanadarosal\/files\/2023\/09\/Protoclo-Telem\u00e1tico-22-23.pdf\" target=\"_blank\" rel=\"noopener noreferrer\"><strong>Protocolo telem\u00e1tico<\/strong> 2022.<\/a><\/p>\n<p>Los centros docentes han elaborado un Protocolo de actuaci\u00f3n COVID-19 para que los procesos de ense\u00f1anza aprendizaje se desarrollen con seguridad durante el curso escolar 2022\/2023, teniendo en cuenta lo establecido en las Instrucciones de 6 de julio de 2020, de la viceconsejer\u00eda de educaci\u00f3n y deporte y lo que determine la autoridad sanitaria en cada momento, adaptado al contexto espec\u00edfico del centro.<\/p>\n<p>El protocolo contempla las siguientes situaciones:<\/p>\n<p>a) Situaci\u00f3n de docencia presencial, ajustada al protocolo de actuaci\u00f3n espec\u00edfico.<br \/>\nb) Situaci\u00f3n excepcional con docencia telem\u00e1tica.<\/p>\n<p>El protocolo de actuaci\u00f3n espec\u00edfico es flexible y est\u00e1 sujeto a la evoluci\u00f3n de la crisis sanitaria. La vigencia del mismo es el curso 2022\/2023.<\/p>\n<p>Las medidas del protocolo de actuaci\u00f3n COVID-19 se incluyen en el Plan de Centro.<\/p>\n","protected":false},"excerpt":{"rendered":"<p>Protocolo telem\u00e1tico 2022. Los centros docentes han elaborado un Protocolo de actuaci\u00f3n COVID-19 para que los procesos de ense\u00f1anza aprendizaje se desarrollen con seguridad durante el curso escolar 2022\/2023, teniendo en cuenta lo establecido&#46;&#46;&#46;<\/p>\n","protected":false},"author":6456,"featured_media":0,"parent":0,"menu_order":0,"comment_status":"closed","ping_status":"closed","template":"","meta":{"ngg_post_thumbnail":0,"footnotes":"","_mc_calendar":[]},"aioseo_notices":[],"_links":{"self":[{"href":"https:\/\/blogsaverroes.juntadeandalucia.es\/iescanadarosal\/wp-json\/wp\/v2\/pages\/3150"}],"collection":[{"href":"https:\/\/blogsaverroes.juntadeandalucia.es\/iescanadarosal\/wp-json\/wp\/v2\/pages"}],"about":[{"href":"https:\/\/blogsaverroes.juntadeandalucia.es\/iescanadarosal\/wp-json\/wp\/v2\/types\/page"}],"author":[{"embeddable":true,"href":"https:\/\/blogsaverroes.juntadeandalucia.es\/iescanadarosal\/wp-json\/wp\/v2\/users\/6456"}],"replies":[{"embeddable":true,"href":"https:\/\/blogsaverroes.juntadeandalucia.es\/iescanadarosal\/wp-json\/wp\/v2\/comments?post=3150"}],"version-history":[{"count":9,"href":"https:\/\/blogsaverroes.juntadeandalucia.es\/iescanadarosal\/wp-json\/wp\/v2\/pages\/3150\/revisions"}],"predecessor-version":[{"id":3678,"href":"https:\/\/blogsaverroes.juntadeandalucia.es\/iescanadarosal\/wp-json\/wp\/v2\/pages\/3150\/revisions\/3678"}],"wp:attachment":[{"href":"https:\/\/blogsaverroes.juntadeandalucia.es\/iescanadarosal\/wp-json\/wp\/v2\/media?parent=3150"}],"curies":[{"name":"wp","href":"https:\/\/api.w.org\/{rel}","templated":true}]}}