{"id":872,"date":"2015-03-16T12:50:42","date_gmt":"2015-03-16T12:50:42","guid":{"rendered":"http:\/\/blogsaverroes.juntadeandalucia.es\/pre\/ceip\/?page_id=120"},"modified":"2024-12-12T17:50:34","modified_gmt":"2024-12-12T17:50:34","slug":"contacto","status":"publish","type":"page","link":"https:\/\/blogsaverroes.juntadeandalucia.es\/iescanadarosal\/contacto\/","title":{"rendered":"Contacto"},"content":{"rendered":"<p><code><iframe loading=\"lazy\" src=\"https:\/\/www.google.com\/maps\/embed?pb=!1m18!1m12!1m3!1d3161.1376670128757!2d-5.2141299!3d37.59891890000001!2m3!1f0!2f0!3f0!3m2!1i1024!2i768!4f13.1!3m3!1m2!1s0xd12c8ba874150c5%3A0x45ad4953cc41ca58!2sInstituto%20de%20Educaci%C3%B3n%20Secundaria%20IES%20Ca%C3%B1ada%20Rosal!5e0!3m2!1ses!2ses!4v1734025723333!5m2!1ses!2ses\" width=\"600\" height=\"450\"><\/iframe><\/code><\/p>\n<p>&nbsp;<\/p>\n<p><i class=\"fa fa-map-marker\"> Direcci\u00f3n: <a href=\"https:\/\/www.google.es\/maps\/place\/Instituto+de+Educaci%C3%B3n+Secundaria+Ies+Ca%C3%B1ada+Rosal\/@37.5990919,-5.2144057,114m\/data=!3m1!1e3!4m5!3m4!1s0x0:0x45ad4953cc41ca58!8m2!3d37.5992892!4d-5.2143753\">Calle Conde de Aranda, 41439 Ca\u00f1ada Rosal (Sevilla)<\/a><\/i><\/p>\n<p><i class=\"fa fa-envelope\"> Email: <a href=\"mailto:41702141.edu@juntadeandalucia.es\">41702141.edu@juntadeandalucia.es<\/a><\/i><\/p>\n<p><i class=\"fa fa-phone\"> Tel\u00e9fono: <a href=\"tel:955879500\">955 879 500<\/a><\/i><\/p>\n<p><i class=\"fa fa-mobile\"> Movil: <a href=\"tel:697952843\"> 697 952 843<\/a><\/i><\/p>\n<h4><strong>Horarios<\/strong><\/h4>\n<p>Horario general: 8:30 &#8211; 15:00<br \/>\nPlan de apoyo: De lunes a jueves por la tarde (El horario depender\u00e1 del grupo).<\/p>\n<p>&nbsp;<\/p>\n<p>Si desea contactar con nosotros, rellene el siguiente cuestionario. Intentaremos contestarle a la mayor brevedad posible. *(campo obligatorio)<\/p>\n<form method=\"post\" id=\"cntctfrm_contact_form\" class=\"cntctfrm_contact_form cntctfrm_one_column cntctfrm_ltr cntctfrm_width_custom\" action=\"\/iescanadarosal\/wp-json\/wp\/v2\/pages\/872#cntctfrm_contact_form\" enctype=\"multipart\/form-data\"><div id=\"cntctfrm_first_column\" class=\"cntctfrm_column\"><div class=\"cntctfrm_field_wrap cntctfrm_field_name_wrap\"namecontact><div class=\"cntctfrm_label cntctfrm_label_name\">\n\t\t\t\t\t\t\t\t\t<label for=\"cntctfrm_contact_name\">Nombre: <span class=\"required\">*<\/span><\/label><\/div><div class=\"cntctfrm_input cntctfrm_input_name\">\n\t\t\t\t\t\t\t\t\t<input namecontact class=\"text\" type=\"text\" size=\"40\" pattern=\"^[\\p{L}\\p{M}]{3,}(\\s\\p{M}*\\p{L}+)*\" title=\"Please enter only letters at least 3 characters, words seperated by spaces\" value=\"\" name=\"cntctfrm_contact_name\" id=\"cntctfrm_contact_name\" \/><\/div><\/div><div class=\"cntctfrm_field_wrap cntctfrm_field_email_wrap\"email><div class=\"cntctfrm_label cntctfrm_label_email\">\n\t\t\t\t\t\t\t\t\t<label for=\"cntctfrm_contact_email\">Direcci\u00f3n de correo electr\u00f3nico: <span class=\"required\">*<\/span><\/label>\n\t\t\t\t\t\t\t\t<\/div><div class=\"cntctfrm_input cntctfrm_input_email\">\n\t\t\t\t\t\t\t\t\t<input email class=\"text\" type=\"email\" size=\"40\" value=\"\" name=\"cntctfrm_contact_email\" id=\"cntctfrm_contact_email\" \/><\/div><\/div><div class=\"cntctfrm_field_wrap cntctfrm_field_phone_wrap\"><div class=\"cntctfrm_label cntctfrm_label_phone\">\n\t\t\t\t\t\t\t\t\t\t<label for=\"cntctfrm_contact_phone\">N\u00famero de tel\u00e9fono:<\/label>\n\t\t\t\t\t\t\t\t\t<\/div><div class=\"cntctfrm_input cntctfrm_input_phone\">\n\t\t\t\t\t\t\t\t\t<input class=\"text\" type=\"text\" size=\"40\" value=\"\" pattern=\"[0-9]{6,}\" title=\"Please enter only numbers at least 6 characters\" name=\"cntctfrm_contact_phone\" id=\"cntctfrm_contact_phone\" \/><\/div><\/div><div class=\"cntctfrm_field_wrap cntctfrm_field_subject_wrap\"subject><div class=\"cntctfrm_label cntctfrm_label_subject\">\n\t\t\t\t\t\t\t\t\t<label for=\"cntctfrm_contact_subject\">Asunto:<\/label>\n\t\t\t\t\t\t\t\t<\/div><div class=\"cntctfrm_input cntctfrm_input_subject\">\n\t\t\t\t\t\t\t\t<input subject pattern=\"^[\\p{M}\\p{L}]{3,}(\\s\\p{M}*\\p{L}+)*\" title=\"Please enter only letters at least 3 characters, words seperated by spaces\" class=\"text\" type=\"text\" size=\"40\" value=\"\" name=\"cntctfrm_contact_subject\" id=\"cntctfrm_contact_subject\" \/><\/div><\/div><div class=\"cntctfrm_field_wrap cntctfrm_field_message_wrap\"message><div class=\"cntctfrm_label cntctfrm_label_message\">\n\t\t\t\t\t\t\t\t<label for=\"cntctfrm_contact_message\">Mensaje: <span class=\"required\">*<\/span><\/label>\n\t\t\t\t\t\t\t<\/div><div class=\"cntctfrm_input cntctfrm_input_message\">\n\t\t\t\t\t\t\t\t<textarea message rows=\"5\" cols=\"30\"name=\"cntctfrm_contact_message\" id=\"cntctfrm_contact_message\"><\/textarea><\/div><\/div><\/div><div class=\"clear\"><\/div><div class=\"cntctfrm_submit_wrap\"><div id=\"cntctfrm_submit_first_column\" class=\"cntctfrm_column\"><\/div><div id=\"cntctfrm_submit_second_column\" class=\"cntctfrm_column\"><div class=\"cntctfrm_input cntctfrm_input_submit\"><input type=\"hidden\" value=\"send\" name=\"cntctfrm_contact_action\">\n\t\t\t\t\t\t\t<input type=\"hidden\" value=\"default\" name=\"cntctfrm_language\">\n\t\t\t\t\t\t\t<input type=\"hidden\" value=\"1\" name=\"cntctfrm_form_submited\">\n\t\t\t\t\t\t\t<input type=\"hidden\" value=\"cntctfrm_options\" name=\"cntctfrm_options_name\">\n\t\t\t\t\t\t\t<input type=\"submit\" value=\"Enviar\" class=\"cntctfrm_contact_submit\" \/>\n\t\t\t\t\t\t<\/div><\/div><div class=\"clear\"><\/div>\n\t\t\t<\/div>\n\t\t\t<\/form>\n","protected":false},"excerpt":{"rendered":"<p>&nbsp; Direcci\u00f3n: Calle Conde de Aranda, 41439 Ca\u00f1ada Rosal (Sevilla) Email: 41702141.edu@juntadeandalucia.es Tel\u00e9fono: 955 879 500 Movil: 697 952 843 Horarios Horario general: 8:30 &#8211; 15:00 Plan de apoyo: De lunes a jueves por&#46;&#46;&#46;<\/p>\n","protected":false},"author":1,"featured_media":0,"parent":0,"menu_order":0,"comment_status":"open","ping_status":"open","template":"","meta":{"ngg_post_thumbnail":0,"footnotes":"","_mc_calendar":[]},"aioseo_notices":[],"_links":{"self":[{"href":"https:\/\/blogsaverroes.juntadeandalucia.es\/iescanadarosal\/wp-json\/wp\/v2\/pages\/872"}],"collection":[{"href":"https:\/\/blogsaverroes.juntadeandalucia.es\/iescanadarosal\/wp-json\/wp\/v2\/pages"}],"about":[{"href":"https:\/\/blogsaverroes.juntadeandalucia.es\/iescanadarosal\/wp-json\/wp\/v2\/types\/page"}],"author":[{"embeddable":true,"href":"https:\/\/blogsaverroes.juntadeandalucia.es\/iescanadarosal\/wp-json\/wp\/v2\/users\/1"}],"replies":[{"embeddable":true,"href":"https:\/\/blogsaverroes.juntadeandalucia.es\/iescanadarosal\/wp-json\/wp\/v2\/comments?post=872"}],"version-history":[{"count":35,"href":"https:\/\/blogsaverroes.juntadeandalucia.es\/iescanadarosal\/wp-json\/wp\/v2\/pages\/872\/revisions"}],"predecessor-version":[{"id":3708,"href":"https:\/\/blogsaverroes.juntadeandalucia.es\/iescanadarosal\/wp-json\/wp\/v2\/pages\/872\/revisions\/3708"}],"wp:attachment":[{"href":"https:\/\/blogsaverroes.juntadeandalucia.es\/iescanadarosal\/wp-json\/wp\/v2\/media?parent=872"}],"curies":[{"name":"wp","href":"https:\/\/api.w.org\/{rel}","templated":true}]}}