{"id":1039,"date":"2022-12-09T10:34:10","date_gmt":"2022-12-09T09:34:10","guid":{"rendered":"https:\/\/blogsaverroes.juntadeandalucia.es\/iescantely\/?page_id=1039"},"modified":"2023-01-31T11:48:23","modified_gmt":"2023-01-31T10:48:23","slug":"pautas-para-familias","status":"publish","type":"page","link":"https:\/\/blogsaverroes.juntadeandalucia.es\/iescantely\/pautas-para-familias\/","title":{"rendered":"Pautas para familias"},"content":{"rendered":"<p>A continuaci\u00f3n se listan documentos de inter\u00e9s para las familias. Pulse sobre ello para abrir el pdf.<\/p>\n<p><a href=\"https:\/\/blogsaverroes.juntadeandalucia.es\/iescantely\/files\/2022\/12\/Paso-secundaria-1-1.pdf\">Paso-secundaria<\/a><\/p>\n<p><a href=\"https:\/\/blogsaverroes.juntadeandalucia.es\/iescantely\/files\/2022\/12\/Pautas-educativas-basicas-1.pdf\">Pautas-educativas-b\u00e1sicas<\/a><\/p>\n<p><a href=\"https:\/\/blogsaverroes.juntadeandalucia.es\/iescantely\/files\/2022\/12\/Pautas-padres-separados-1.pdf\">Pautas-padres-separados<\/a><\/p>\n<p><a href=\"https:\/\/blogsaverroes.juntadeandalucia.es\/iescantely\/files\/2022\/12\/Guia-TikTok-Padres-Madres-PantallasAmigas-1-1.pdf\">Guia-TikTok-Padres-Madres-PantallasAmigas<\/a><\/p>\n<p><a href=\"https:\/\/blogsaverroes.juntadeandalucia.es\/iescantely\/files\/2022\/12\/GU\u00cdA-PADRES-Y-MADRES-RELACIONES-CON-LOS-HIJOS-ADOLESCENTES-1.pdf\">Gu\u00eda para padres y madres y las relaciones con hijos\/as adolescentes<\/a><\/p>\n<p><a href=\"https:\/\/blogsaverroes.juntadeandalucia.es\/iescantely\/files\/2023\/01\/el_novio_de_mi_hija_la_maltrata.pdf\">el_novio_de_mi_hija_la_maltrata<\/a><\/p>\n<p>&nbsp;<\/p>\n<p>&nbsp;<\/p>\n","protected":false},"excerpt":{"rendered":"<p>A continuaci\u00f3n se listan documentos de inter\u00e9s para las familias. Pulse sobre ello para abrir el pdf. Paso-secundaria Pautas-educativas-b\u00e1sicas Pautas-padres-separados Guia-TikTok-Padres-Madres-PantallasAmigas Gu\u00eda para padres y madres y las relaciones con hijos\/as adolescentes el_novio_de_mi_hija_la_maltrata &nbsp; &nbsp;<\/p>\n","protected":false},"author":14686,"featured_media":0,"parent":0,"menu_order":0,"comment_status":"closed","ping_status":"closed","template":"","meta":{"ngg_post_thumbnail":0,"footnotes":""},"aioseo_notices":[],"_links":{"self":[{"href":"https:\/\/blogsaverroes.juntadeandalucia.es\/iescantely\/wp-json\/wp\/v2\/pages\/1039"}],"collection":[{"href":"https:\/\/blogsaverroes.juntadeandalucia.es\/iescantely\/wp-json\/wp\/v2\/pages"}],"about":[{"href":"https:\/\/blogsaverroes.juntadeandalucia.es\/iescantely\/wp-json\/wp\/v2\/types\/page"}],"author":[{"embeddable":true,"href":"https:\/\/blogsaverroes.juntadeandalucia.es\/iescantely\/wp-json\/wp\/v2\/users\/14686"}],"replies":[{"embeddable":true,"href":"https:\/\/blogsaverroes.juntadeandalucia.es\/iescantely\/wp-json\/wp\/v2\/comments?post=1039"}],"version-history":[{"count":5,"href":"https:\/\/blogsaverroes.juntadeandalucia.es\/iescantely\/wp-json\/wp\/v2\/pages\/1039\/revisions"}],"predecessor-version":[{"id":1182,"href":"https:\/\/blogsaverroes.juntadeandalucia.es\/iescantely\/wp-json\/wp\/v2\/pages\/1039\/revisions\/1182"}],"wp:attachment":[{"href":"https:\/\/blogsaverroes.juntadeandalucia.es\/iescantely\/wp-json\/wp\/v2\/media?parent=1039"}],"curies":[{"name":"wp","href":"https:\/\/api.w.org\/{rel}","templated":true}]}}