{"id":632,"date":"2022-04-05T22:11:48","date_gmt":"2022-04-05T21:11:48","guid":{"rendered":"https:\/\/blogsaverroes.juntadeandalucia.es\/iescantely\/?page_id=632"},"modified":"2022-05-08T21:26:03","modified_gmt":"2022-05-08T20:26:03","slug":"contexto","status":"publish","type":"page","link":"https:\/\/blogsaverroes.juntadeandalucia.es\/iescantely\/contexto\/","title":{"rendered":"Contexto"},"content":{"rendered":"<h1><span style=\"color: #3366ff\">Nuestro centro.<\/span><\/h1>\n<p class=\"contenido1\" align=\"justify\">Nuestro centro,&nbsp;<b>IES Cantely<\/b>, es un Instituto P\u00fablico de Ense\u00f1anza Secundaria Obligatoria, dependiente de la Consejer\u00eda de Educaci\u00f3n, Cultura y Deporte de la Junta de Andaluc\u00eda.<\/p>\n<p>El objetivo principal de nuestra comunidad educativa es preparar a nuestro alumnado para un futuro lleno de expectativas, ofreciendo una ense\u00f1anza de calidad y una formaci\u00f3n tanto acad\u00e9mica como humana, que les facilite el tr\u00e1nsito a la vida laboral o estudios posteriores.<\/p>\n<p>Nuestra comunidad educativa desea que todos nuestros alumnos y alumnas logren desarrollar sus talentos para formarse como ciudadanos aut\u00f3nomos, participativos, creativos y capaces de adaptarse a una sociedad tecnol\u00f3gica en continua transformaci\u00f3n y que demanda personas emprendedoras.<\/p>\n<p>Nuestro objetivo \u00faltimo es educar ciudadanos que se respeten por encima de diferencias pol\u00edticas, econ\u00f3micas, sociales, raciales o religiosas y que tengan entre sus prioridades el respeto al medio ambiente y la cooperaci\u00f3n para construir entre todos una sociedad m\u00e1s justa y solidaria.<\/p>\n","protected":false},"excerpt":{"rendered":"<p>Nuestro centro. Nuestro centro,&nbsp;IES Cantely, es un Instituto P\u00fablico de Ense\u00f1anza Secundaria Obligatoria, dependiente de la Consejer\u00eda de Educaci\u00f3n, Cultura y Deporte de la Junta de Andaluc\u00eda. El objetivo principal de nuestra comunidad educativa es preparar a nuestro alumnado para un futuro lleno de expectativas, ofreciendo una ense\u00f1anza de calidad y una formaci\u00f3n tanto acad\u00e9mica &hellip; <\/p>\n<p><a class=\"more-link btn\" href=\"https:\/\/blogsaverroes.juntadeandalucia.es\/iescantely\/contexto\/\">Seguir leyendo<\/a><\/p>\n","protected":false},"author":14304,"featured_media":0,"parent":0,"menu_order":0,"comment_status":"closed","ping_status":"closed","template":"","meta":{"ngg_post_thumbnail":0,"footnotes":""},"aioseo_notices":[],"_links":{"self":[{"href":"https:\/\/blogsaverroes.juntadeandalucia.es\/iescantely\/wp-json\/wp\/v2\/pages\/632"}],"collection":[{"href":"https:\/\/blogsaverroes.juntadeandalucia.es\/iescantely\/wp-json\/wp\/v2\/pages"}],"about":[{"href":"https:\/\/blogsaverroes.juntadeandalucia.es\/iescantely\/wp-json\/wp\/v2\/types\/page"}],"author":[{"embeddable":true,"href":"https:\/\/blogsaverroes.juntadeandalucia.es\/iescantely\/wp-json\/wp\/v2\/users\/14304"}],"replies":[{"embeddable":true,"href":"https:\/\/blogsaverroes.juntadeandalucia.es\/iescantely\/wp-json\/wp\/v2\/comments?post=632"}],"version-history":[{"count":3,"href":"https:\/\/blogsaverroes.juntadeandalucia.es\/iescantely\/wp-json\/wp\/v2\/pages\/632\/revisions"}],"predecessor-version":[{"id":679,"href":"https:\/\/blogsaverroes.juntadeandalucia.es\/iescantely\/wp-json\/wp\/v2\/pages\/632\/revisions\/679"}],"wp:attachment":[{"href":"https:\/\/blogsaverroes.juntadeandalucia.es\/iescantely\/wp-json\/wp\/v2\/media?parent=632"}],"curies":[{"name":"wp","href":"https:\/\/api.w.org\/{rel}","templated":true}]}}