{"id":682,"date":"2022-05-09T08:21:18","date_gmt":"2022-05-09T07:21:18","guid":{"rendered":"https:\/\/blogsaverroes.juntadeandalucia.es\/iescantely\/?page_id=682"},"modified":"2024-12-12T22:01:13","modified_gmt":"2024-12-12T21:01:13","slug":"organigrama-2","status":"publish","type":"page","link":"https:\/\/blogsaverroes.juntadeandalucia.es\/iescantely\/organigrama-2\/","title":{"rendered":"Organigrama"},"content":{"rendered":"<div class=\"fusion-title title fusion-title-1 fusion-title-text fusion-title-size-one\">\n<h1 class=\"title-heading-left\">Organigrama<\/h1>\n<div class=\"title-sep-container title-sep-container-right\">\n<div class=\"title-sep sep-double sep-solid\"><strong>EQUIPO DIRECTIVO<\/strong><\/div>\n<\/div>\n<\/div>\n<div class=\"fusion-text fusion-text-1\">\n<ul>\n<li><strong>Directora:&nbsp;<\/strong>Dolores Galey Gonz\u00e1lez<\/li>\n<li><strong>Jefa de Estudios:<\/strong> Cristina Velasco G\u00f3mez de Pantoja<\/li>\n<li><strong>Secretaria:<\/strong> Manuela Mart\u00ednez de la Torre<\/li>\n<\/ul>\n<p><strong>\u00d3RGANOS DE COORDINACI\u00d3N DOCENTE<\/strong><\/p>\n<p><strong>\u00c1rea de Competencia Socio-ling\u00fc\u00edstica<\/strong><\/p>\n<ul>\n<li><strong>Coordinadora:<\/strong> M\u00aa Luisa Ortiz Gonz\u00e1lez de Canales<\/li>\n<li><strong>Departamento de Lengua Castellana y Literatura:<\/strong> M\u00aa Luisa Ortiz Gonz\u00e1lez de Canales<\/li>\n<li><strong>Departamento de Sociales:<\/strong> Carlos Machuca P\u00e9rez<\/li>\n<li><strong>Departamento de Ingl\u00e9s:&nbsp;<\/strong>Mercedes Fern\u00e1ndez Ram\u00edrez<\/li>\n<li><strong>Departamento de Franc\u00e9s:<\/strong> Fabiola Vicente G\u00e1lvez<\/li>\n<\/ul>\n<p><strong>\u00c1rea de Competencia Cient\u00edfico-Tecnol\u00f3gica<\/strong><\/p>\n<ul>\n<li><strong>Coordinadora:<\/strong> Lourdes Parees Moreno<\/li>\n<li><strong>Departamento de Matem\u00e1ticas:<\/strong> Juan Fernando Rodr\u00edguez&nbsp;<\/li>\n<li><strong>Departamento de Ciencias Naturales:<\/strong> Marta Rubio Tenor<\/li>\n<li><strong>Departamento de Tecnolog\u00eda:<\/strong> Lourdes Parees Moreno<\/li>\n<\/ul>\n<p><strong>\u00c1rea de Competencia Art\u00edstica<\/strong><\/p>\n<ul>\n<li><strong>Coordinador:<\/strong> Laura M\u00aa Montesinos Basc\u00f3n<\/li>\n<li><strong>Departamento de M\u00fasica:<\/strong>&nbsp;Guillermo Calvo de Mora Mart\u00ednez<\/li>\n<li><strong>Departamento de Educaci\u00f3n F\u00edsica:<\/strong> Laura M\u00aa Montesinos Basc\u00f3n<\/li>\n<li><strong>Educaci\u00f3n Pl\u00e1stica y Visual: <\/strong>M\u00aa Jos\u00e9 Guti\u00e9rrez Mart\u00ednez<\/li>\n<\/ul>\n<p><strong>Departamento de<\/strong><strong>&nbsp;Formaci\u00f3n, Evaluaci\u00f3n e Innovaci\u00f3n Educativa<\/strong><\/p>\n<ul>\n<li><strong>Jefa del Departamento:<\/strong> M\u00aa Beatriz Campa\u00f1a Madrid<\/li>\n<li><strong>Departamento de Orientaci\u00f3n: <\/strong>Silvia Hurtado de Mendoza<\/li>\n<li><strong>\u00c1rea de competencia Art\u00edstica:<\/strong> Laura Montesinos Basc\u00f3n<\/li>\n<li><strong>\u00c1rea de competencia Socio-Ling\u00fc\u00edstica: <\/strong>M\u00aa Luisa Ortiz Gonz\u00e1lez de Canales<\/li>\n<li><strong>\u00c1rea de Competencia Cient\u00edfico-Tecnol\u00f3gica: <\/strong>Lourdes Parees Moreno<\/li>\n<\/ul>\n<p><strong>Departamento de Orientaci\u00f3n.<\/strong><\/p>\n<ul>\n<li><strong>Jefa de departamento: <\/strong>Silvia Hurtado Mendoza Acosta<\/li>\n<li><strong>Pedagog\u00eda Terap\u00e9utica: <\/strong>Isabel Eugenio Tinoco<\/li>\n<li><strong>Pedagog\u00eda Terap\u00e9utica:&nbsp;<\/strong>M\u00aa Bel\u00e9n Romeo Bernab\u00e9<\/li>\n<li><strong>Pedagog\u00eda Terap\u00e9utica: <\/strong>M\u00aa Rosario Jim\u00e9nez Mauri<\/li>\n<li><strong>Audici\u00f3n y Lenguaje ESO Signos:<\/strong> Marina Mart\u00ednez Jim\u00e9nez<\/li>\n<\/ul>\n<p><strong>Departamento de Actividades Complementarias y Extraescolares:<\/strong><\/p>\n<ul>\n<li><strong>Jefe de departamento:<\/strong> Antonio Fuentes&nbsp; Barrag\u00e1n<\/li>\n<\/ul>\n<p><strong>Departamento de Convivencia e Igualdad:<\/strong>&nbsp;<\/p>\n<ul>\n<li><strong>Jefa de departamento:<\/strong> Isabel Mar\u00eda Eugenio Tinoco<\/li>\n<\/ul>\n<\/div>\n<p><strong>RESPONSABLES DE PLANES Y PROYECTOS<\/strong><\/p>\n<ul>\n<li><strong>Biblioteca:<\/strong> Cristina Velasco G\u00f3mez Pantoja<\/li>\n<li><strong>Biling\u00fcismo: <\/strong>Irene Gass\u00edn Mondaca<\/li>\n<li><strong>Plan de Salud y Prevenci\u00f3n de Riesgos Laborales:<\/strong> Francisco de As\u00eds Salmoral P\u00e9rez<\/li>\n<li><strong>Escuela \u00abEspacio de Paz\u00bb:<\/strong> Sonia Nievas Garc\u00eda<\/li>\n<li><strong>Plan de Igualdad:<\/strong> Raquel Silva Le\u00f3n<\/li>\n<li><strong>Programa de Refuerzo, Orientaci\u00f3n y Apoyo (PROA):<\/strong> Waldo Matitos Carretero<\/li>\n<li><strong>Trasformaci\u00f3n Digital:<\/strong> Juan Fernando Rodr\u00edguez Medina<\/li>\n<li><strong>Programa CIMA<\/strong> coordinadora M\u00f3nica M\u00e9ndez Hern\u00e1ndez.\n<div class=\"row fila-SNC\">\n<div class=\"celda-SNC col-lg-7 celda_X_EMPLEADO1\">\n<div class=\"form-group\"><label class=\" w-100\" for=\"X_EMPLEADO1\"><strong>Promoci\u00f3n de h\u00e1bitos de vida saludable<\/strong> (HHVS): Carlos Aranda L\u00f3pez<\/label><\/div>\n<div class=\"form-group\"><label class=\" w-100\" for=\"X_EMPLEADO2\"><strong>Educaci\u00f3n Ambiental para la sostenibilidad, Aldea:<\/strong> Francisco Jos\u00e9 Urrutia Ybarra<\/label><\/div>\n<div class=\"form-group\"><label class=\" w-100\" for=\"X_EMPLEADO3\"><strong>STEAM:<\/strong> Rub\u00e9n Medrano Carretero<\/label><\/div>\n<div class=\"form-group\"><label class=\" w-100\" for=\"X_EMPLEADO4\"><strong>Arte, cultura y creatividad:<\/strong> Antonio Fuentes Barrag\u00e1n<\/label><\/div>\n<\/div>\n<\/div>\n<div class=\"row fila-SNC\">\n<div class=\"celda-SNC col-lg-6 celda_X_EMPLEADO5\">\n<div class=\"form-group\"><label class=\" w-100\" for=\"X_EMPLEADO5\"><strong>Educomunicaci\u00f3n:<\/strong> Fabiola Vicente G\u00e1lvez&nbsp; &nbsp; <\/label><\/div>\n<\/div>\n<\/div>\n<\/li>\n<\/ul>\n<div class=\"fusion-text fusion-text-1\">&nbsp;<\/div>\n","protected":false},"excerpt":{"rendered":"<p>Organigrama EQUIPO DIRECTIVO Directora:&nbsp;Dolores Galey Gonz\u00e1lez Jefa de Estudios: Cristina Velasco G\u00f3mez de Pantoja Secretaria: Manuela Mart\u00ednez de la Torre \u00d3RGANOS DE COORDINACI\u00d3N DOCENTE \u00c1rea de Competencia Socio-ling\u00fc\u00edstica Coordinadora: M\u00aa Luisa Ortiz Gonz\u00e1lez de Canales Departamento de Lengua Castellana y Literatura: M\u00aa Luisa Ortiz Gonz\u00e1lez de Canales Departamento de Sociales: Carlos Machuca P\u00e9rez Departamento de &hellip; <\/p>\n<p><a class=\"more-link btn\" href=\"https:\/\/blogsaverroes.juntadeandalucia.es\/iescantely\/organigrama-2\/\">Seguir leyendo<\/a><\/p>\n","protected":false},"author":14304,"featured_media":0,"parent":0,"menu_order":0,"comment_status":"closed","ping_status":"closed","template":"","meta":{"ngg_post_thumbnail":0,"footnotes":""},"aioseo_notices":[],"_links":{"self":[{"href":"https:\/\/blogsaverroes.juntadeandalucia.es\/iescantely\/wp-json\/wp\/v2\/pages\/682"}],"collection":[{"href":"https:\/\/blogsaverroes.juntadeandalucia.es\/iescantely\/wp-json\/wp\/v2\/pages"}],"about":[{"href":"https:\/\/blogsaverroes.juntadeandalucia.es\/iescantely\/wp-json\/wp\/v2\/types\/page"}],"author":[{"embeddable":true,"href":"https:\/\/blogsaverroes.juntadeandalucia.es\/iescantely\/wp-json\/wp\/v2\/users\/14304"}],"replies":[{"embeddable":true,"href":"https:\/\/blogsaverroes.juntadeandalucia.es\/iescantely\/wp-json\/wp\/v2\/comments?post=682"}],"version-history":[{"count":17,"href":"https:\/\/blogsaverroes.juntadeandalucia.es\/iescantely\/wp-json\/wp\/v2\/pages\/682\/revisions"}],"predecessor-version":[{"id":1624,"href":"https:\/\/blogsaverroes.juntadeandalucia.es\/iescantely\/wp-json\/wp\/v2\/pages\/682\/revisions\/1624"}],"wp:attachment":[{"href":"https:\/\/blogsaverroes.juntadeandalucia.es\/iescantely\/wp-json\/wp\/v2\/media?parent=682"}],"curies":[{"name":"wp","href":"https:\/\/api.w.org\/{rel}","templated":true}]}}