{"id":2378,"date":"2018-08-15T10:45:58","date_gmt":"2018-08-15T08:45:58","guid":{"rendered":"http:\/\/blogsaverroes.juntadeandalucia.es\/iescarbula\/?page_id=2378"},"modified":"2024-10-08T11:56:29","modified_gmt":"2024-10-08T10:56:29","slug":"departamentos","status":"publish","type":"page","link":"https:\/\/blogsaverroes.juntadeandalucia.es\/iescarbulaweb\/departamentos\/","title":{"rendered":"Departamentos"},"content":{"rendered":"<p>[et_pb_section fb_built=\u00bb1&#8243; _builder_version=\u00bb4.16&#8243; custom_padding=\u00bb0px||0px|\u00bb z_index_tablet=\u00bb500&#8243; box_shadow_horizontal_tablet=\u00bb0px\u00bb box_shadow_vertical_tablet=\u00bb0px\u00bb box_shadow_blur_tablet=\u00bb40px\u00bb box_shadow_spread_tablet=\u00bb0px\u00bb global_colors_info=\u00bb{}\u00bb][et_pb_row admin_label=\u00bbEncabezado\u00bb _builder_version=\u00bb4.16&#8243; background_size=\u00bbinitial\u00bb background_position=\u00bbtop_left\u00bb background_repeat=\u00bbrepeat\u00bb global_colors_info=\u00bb{}\u00bb][et_pb_column type=\u00bb4_4&#8243; _builder_version=\u00bb4.16&#8243; custom_padding=\u00bb|||\u00bb global_colors_info=\u00bb{}\u00bb custom_padding__hover=\u00bb|||\u00bb][et_pb_text admin_label=\u00bbTexto descriptivo\u00bb _builder_version=\u00bb4.16&#8243; z_index_tablet=\u00bb500&#8243; text_text_shadow_horizontal_length_tablet=\u00bb0px\u00bb text_text_shadow_vertical_length_tablet=\u00bb0px\u00bb text_text_shadow_blur_strength_tablet=\u00bb1px\u00bb link_text_shadow_horizontal_length_tablet=\u00bb0px\u00bb link_text_shadow_vertical_length_tablet=\u00bb0px\u00bb link_text_shadow_blur_strength_tablet=\u00bb1px\u00bb ul_text_shadow_horizontal_length_tablet=\u00bb0px\u00bb ul_text_shadow_vertical_length_tablet=\u00bb0px\u00bb ul_text_shadow_blur_strength_tablet=\u00bb1px\u00bb ol_text_shadow_horizontal_length_tablet=\u00bb0px\u00bb ol_text_shadow_vertical_length_tablet=\u00bb0px\u00bb ol_text_shadow_blur_strength_tablet=\u00bb1px\u00bb quote_text_shadow_horizontal_length_tablet=\u00bb0px\u00bb quote_text_shadow_vertical_length_tablet=\u00bb0px\u00bb quote_text_shadow_blur_strength_tablet=\u00bb1px\u00bb header_text_shadow_horizontal_length_tablet=\u00bb0px\u00bb header_text_shadow_vertical_length_tablet=\u00bb0px\u00bb header_text_shadow_blur_strength_tablet=\u00bb1px\u00bb header_2_text_shadow_horizontal_length_tablet=\u00bb0px\u00bb header_2_text_shadow_vertical_length_tablet=\u00bb0px\u00bb header_2_text_shadow_blur_strength_tablet=\u00bb1px\u00bb header_3_text_shadow_horizontal_length_tablet=\u00bb0px\u00bb header_3_text_shadow_vertical_length_tablet=\u00bb0px\u00bb header_3_text_shadow_blur_strength_tablet=\u00bb1px\u00bb header_4_text_shadow_horizontal_length_tablet=\u00bb0px\u00bb header_4_text_shadow_vertical_length_tablet=\u00bb0px\u00bb header_4_text_shadow_blur_strength_tablet=\u00bb1px\u00bb header_5_text_shadow_horizontal_length_tablet=\u00bb0px\u00bb header_5_text_shadow_vertical_length_tablet=\u00bb0px\u00bb header_5_text_shadow_blur_strength_tablet=\u00bb1px\u00bb header_6_text_shadow_horizontal_length_tablet=\u00bb0px\u00bb header_6_text_shadow_vertical_length_tablet=\u00bb0px\u00bb header_6_text_shadow_blur_strength_tablet=\u00bb1px\u00bb box_shadow_horizontal_tablet=\u00bb0px\u00bb box_shadow_vertical_tablet=\u00bb0px\u00bb box_shadow_blur_tablet=\u00bb40px\u00bb box_shadow_spread_tablet=\u00bb0px\u00bb global_colors_info=\u00bb{}\u00bb]<\/p>\n<h2 style=\"text-align: center\"><span style=\"font-size: 36pt\">DEPARTAMENTOS<\/span><\/h2>\n<p>El IES CARBULA cuenta con un total de 10departamentos did\u00e1cticos:<\/p>\n<p>En esta secci\u00f3n podr\u00e1 acceder a la p\u00e1gina de cada departamento, conocer a su profesorado, y consultar los documentos del departamento, como presentaciones de materias.<br \/>\n[\/et_pb_text][et_pb_image src=\u00bbhttps:\/\/blogsaverroes.juntadeandalucia.es\/iescarbulaweb\/files\/2020\/01\/cabecera-interior-3.jpg\u00bb title_text=\u00bbcabecera-interior-3&#8243; admin_label=\u00bbImagen de la portada\u00bb _builder_version=\u00bb4.16&#8243; z_index_tablet=\u00bb500&#8243; box_shadow_horizontal_tablet=\u00bb0px\u00bb box_shadow_vertical_tablet=\u00bb0px\u00bb box_shadow_blur_tablet=\u00bb40px\u00bb box_shadow_spread_tablet=\u00bb0px\u00bb global_colors_info=\u00bb{}\u00bb][\/et_pb_image][\/et_pb_column][\/et_pb_row][et_pb_row column_structure=\u00bb1_2,1_2&#8243; _builder_version=\u00bb4.16&#8243; _module_preset=\u00bbdefault\u00bb global_colors_info=\u00bb{}\u00bb][et_pb_column type=\u00bb1_2&#8243; _builder_version=\u00bb4.16&#8243; _module_preset=\u00bbdefault\u00bb global_colors_info=\u00bb{}\u00bb][et_pb_blurb title=\u00bbDepartamento de Lengua y Literatura\u00bb url=\u00bb@ET-DC@eyJkeW5hbWljIjp0cnVlLCJjb250ZW50IjoicG9zdF9saW5rX3VybF9wYWdlIiwic2V0dGluZ3MiOnsicG9zdF9pZCI6IjUzNzAiLCJlbmFibGVfaHRtbCI6Im9mZiJ9fQ==@\u00bb use_icon=\u00bbon\u00bb font_icon=\u00bb&#xf52d;||fa||900&#8243; icon_placement=\u00bbleft\u00bb admin_label=\u00bbLCL\u00bb _builder_version=\u00bb4.16&#8243; _dynamic_attributes=\u00bblink_option_url,url\u00bb _module_preset=\u00bbdefault\u00bb header_font=\u00bb|600|on|||on|||\u00bb header_text_align=\u00bbcenter\u00bb header_font_size=\u00bb20px\u00bb header_line_height=\u00bb2.5em\u00bb image_icon_custom_margin=\u00bb4px|||4px|false|false\u00bb image_icon_custom_padding=\u00bb4px|||4px|false|false\u00bb text_orientation=\u00bbcenter\u00bb width=\u00bb100%\u00bb min_height=\u00bb58px\u00bb link_option_url=\u00bb@ET-DC@eyJkeW5hbWljIjp0cnVlLCJjb250ZW50IjoicG9zdF9saW5rX3VybF9wYWdlIiwic2V0dGluZ3MiOnsicG9zdF9pZCI6IjUzNzAiLCJlbmFibGVfaHRtbCI6Im9mZiJ9fQ==@\u00bb border_width_all_image=\u00bb6px\u00bb border_color_all_image=\u00bbRGBA(255,255,255,0)\u00bb box_shadow_style=\u00bbpreset3&#8243; text_shadow_style=\u00bbpreset4&#8243; global_colors_info=\u00bb{}\u00bb][\/et_pb_blurb][et_pb_blurb title=\u00bbDepartamento de Matem\u00e1ticas\u00bb url=\u00bb@ET-DC@eyJkeW5hbWljIjp0cnVlLCJjb250ZW50IjoicG9zdF9saW5rX3VybF9wYWdlIiwic2V0dGluZ3MiOnsicG9zdF9pZCI6IjU4MDkiLCJlbmFibGVfaHRtbCI6Im9mZiJ9fQ==@\u00bb use_icon=\u00bbon\u00bb font_icon=\u00bb&#xf698;||fa||900&#8243; icon_placement=\u00bbleft\u00bb admin_label=\u00bbLCL\u00bb _builder_version=\u00bb4.16&#8243; _dynamic_attributes=\u00bburl\u00bb _module_preset=\u00bbdefault\u00bb header_font=\u00bb|600|on|||on|||\u00bb header_text_align=\u00bbcenter\u00bb header_font_size=\u00bb20px\u00bb header_line_height=\u00bb2.5em\u00bb image_icon_custom_margin=\u00bb4px|||4px|false|false\u00bb image_icon_custom_padding=\u00bb4px|||4px|false|false\u00bb text_orientation=\u00bbcenter\u00bb width=\u00bb100%\u00bb min_height=\u00bb58px\u00bb border_width_all_image=\u00bb6px\u00bb border_color_all_image=\u00bbRGBA(255,255,255,0)\u00bb box_shadow_style=\u00bbpreset3&#8243; text_shadow_style=\u00bbpreset4&#8243; global_colors_info=\u00bb{}\u00bb][\/et_pb_blurb][et_pb_blurb title=\u00bbDepartamento de Tecnolog\u00eda\u00bb url=\u00bb@ET-DC@eyJkeW5hbWljIjp0cnVlLCJjb250ZW50IjoicG9zdF9saW5rX3VybF9wYWdlIiwic2V0dGluZ3MiOnsicG9zdF9pZCI6IjU1NTciLCJlbmFibGVfaHRtbCI6Im9mZiJ9fQ==@\u00bb use_icon=\u00bbon\u00bb font_icon=\u00bb&#xf085;||fa||900&#8243; icon_placement=\u00bbleft\u00bb admin_label=\u00bbLCL\u00bb _builder_version=\u00bb4.16&#8243; _dynamic_attributes=\u00bburl\u00bb _module_preset=\u00bbdefault\u00bb header_font=\u00bb|600|on|||on|||\u00bb header_text_align=\u00bbcenter\u00bb header_font_size=\u00bb20px\u00bb header_line_height=\u00bb2.5em\u00bb image_icon_custom_margin=\u00bb4px|||4px|false|false\u00bb image_icon_custom_padding=\u00bb4px|||4px|false|false\u00bb text_orientation=\u00bbcenter\u00bb width=\u00bb100%\u00bb min_height=\u00bb58px\u00bb border_width_all_image=\u00bb6px\u00bb border_color_all_image=\u00bbRGBA(255,255,255,0)\u00bb box_shadow_style=\u00bbpreset3&#8243; text_shadow_style=\u00bbpreset4&#8243; global_colors_info=\u00bb{}\u00bb][\/et_pb_blurb][et_pb_blurb title=\u00bbDepartamento Art\u00edstico\u00bb url=\u00bb@ET-DC@eyJkeW5hbWljIjp0cnVlLCJjb250ZW50IjoicG9zdF9saW5rX3VybF9wYWdlIiwic2V0dGluZ3MiOnsicG9zdF9pZCI6IjU4MjEiLCJlbmFibGVfaHRtbCI6Im9mZiJ9fQ==@\u00bb use_icon=\u00bbon\u00bb font_icon=\u00bb&#xf53f;||fa||900&#8243; icon_placement=\u00bbleft\u00bb admin_label=\u00bbLCL\u00bb _builder_version=\u00bb4.16&#8243; _dynamic_attributes=\u00bburl\u00bb _module_preset=\u00bbdefault\u00bb header_font=\u00bb|600|on|||on|||\u00bb header_text_align=\u00bbcenter\u00bb header_font_size=\u00bb20px\u00bb header_line_height=\u00bb2.5em\u00bb image_icon_custom_margin=\u00bb4px|||4px|false|false\u00bb image_icon_custom_padding=\u00bb4px|||4px|false|false\u00bb text_orientation=\u00bbcenter\u00bb width=\u00bb100%\u00bb min_height=\u00bb58px\u00bb border_width_all_image=\u00bb6px\u00bb border_color_all_image=\u00bbRGBA(255,255,255,0)\u00bb box_shadow_style=\u00bbpreset3&#8243; text_shadow_style=\u00bbpreset4&#8243; global_colors_info=\u00bb{}\u00bb][\/et_pb_blurb][et_pb_blurb title=\u00bbDepartamento de Electricidad y Electr\u00f3nica\u00bb use_icon=\u00bbon\u00bb font_icon=\u00bb&#xe072;||divi||400&#8243; icon_placement=\u00bbleft\u00bb admin_label=\u00bbLCL\u00bb _builder_version=\u00bb4.16&#8243; _module_preset=\u00bbdefault\u00bb header_font=\u00bb|600|on|||on|||\u00bb header_text_align=\u00bbcenter\u00bb header_font_size=\u00bb20px\u00bb header_line_height=\u00bb2.5em\u00bb image_icon_custom_margin=\u00bb4px|||4px|false|false\u00bb image_icon_custom_padding=\u00bb4px|||4px|false|false\u00bb text_orientation=\u00bbcenter\u00bb width=\u00bb100%\u00bb min_height=\u00bb58px\u00bb border_width_all_image=\u00bb6px\u00bb border_color_all_image=\u00bbRGBA(255,255,255,0)\u00bb box_shadow_style=\u00bbpreset3&#8243; text_shadow_style=\u00bbpreset4&#8243; global_colors_info=\u00bb{}\u00bb][\/et_pb_blurb][et_pb_blurb title=\u00bbDepartamento de Orientaci\u00f3n\u00bb url=\u00bb@ET-DC@eyJkeW5hbWljIjp0cnVlLCJjb250ZW50IjoicG9zdF9saW5rX3VybF9wYWdlIiwic2V0dGluZ3MiOnsicG9zdF9pZCI6IjY2NzUiLCJlbmFibGVfaHRtbCI6Im9mZiJ9fQ==@\u00bb use_icon=\u00bbon\u00bb font_icon=\u00bb&#xe0e6;||divi||400&#8243; icon_placement=\u00bbleft\u00bb admin_label=\u00bbLCL\u00bb _builder_version=\u00bb4.24.2&#8243; _dynamic_attributes=\u00bburl\u00bb _module_preset=\u00bbdefault\u00bb header_font=\u00bb|600|on|||on|||\u00bb header_text_align=\u00bbcenter\u00bb header_font_size=\u00bb20px\u00bb header_line_height=\u00bb2.5em\u00bb image_icon_custom_margin=\u00bb4px|||4px|false|false\u00bb image_icon_custom_padding=\u00bb4px|||4px|false|false\u00bb text_orientation=\u00bbcenter\u00bb width=\u00bb100%\u00bb min_height=\u00bb58px\u00bb hover_enabled=\u00bb0&#8243; border_width_all_image=\u00bb6px\u00bb border_color_all_image=\u00bbRGBA(255,255,255,0)\u00bb box_shadow_style=\u00bbpreset3&#8243; text_shadow_style=\u00bbpreset4&#8243; global_colors_info=\u00bb{}\u00bb sticky_enabled=\u00bb0&#8243;][\/et_pb_blurb][et_pb_blurb title=\u00bbDepartamento de Econom\u00eda y Comercio\u00bb url=\u00bb@ET-DC@eyJkeW5hbWljIjp0cnVlLCJjb250ZW50IjoicG9zdF9saW5rX3VybF9wYWdlIiwic2V0dGluZ3MiOnsicG9zdF9pZCI6IjY3MDQiLCJlbmFibGVfaHRtbCI6Im9mZiJ9fQ==@\u00bb use_icon=\u00bbon\u00bb font_icon=\u00bb&#xf51e;||fa||900&#8243; icon_placement=\u00bbleft\u00bb admin_label=\u00bbLCL\u00bb _builder_version=\u00bb4.24.2&#8243; _dynamic_attributes=\u00bburl\u00bb _module_preset=\u00bbdefault\u00bb header_font=\u00bb|600|on|||on|||\u00bb header_text_align=\u00bbcenter\u00bb header_font_size=\u00bb20px\u00bb header_line_height=\u00bb2.5em\u00bb image_icon_custom_margin=\u00bb4px|||4px|false|false\u00bb image_icon_custom_padding=\u00bb4px|||4px|false|false\u00bb text_orientation=\u00bbcenter\u00bb width=\u00bb100%\u00bb min_height=\u00bb58px\u00bb border_width_all_image=\u00bb6px\u00bb border_color_all_image=\u00bbRGBA(255,255,255,0)\u00bb box_shadow_style=\u00bbpreset3&#8243; text_shadow_style=\u00bbpreset4&#8243; global_colors_info=\u00bb{}\u00bb][\/et_pb_blurb][\/et_pb_column][et_pb_column type=\u00bb1_2&#8243; _builder_version=\u00bb4.16&#8243; _module_preset=\u00bbdefault\u00bb global_colors_info=\u00bb{}\u00bb][et_pb_blurb title=\u00bbDepartamento de F\u00edsica y Qu\u00edmica\u00bb url=\u00bb@ET-DC@eyJkeW5hbWljIjp0cnVlLCJjb250ZW50IjoicG9zdF9saW5rX3VybF9wYWdlIiwic2V0dGluZ3MiOnsicG9zdF9pZCI6IjU3MDkiLCJlbmFibGVfaHRtbCI6Im9mZiJ9fQ==@\u00bb use_icon=\u00bbon\u00bb font_icon=\u00bb&#xf0c3;||fa||900&#8243; icon_placement=\u00bbleft\u00bb admin_label=\u00bbLCL\u00bb _builder_version=\u00bb4.16&#8243; _dynamic_attributes=\u00bburl\u00bb _module_preset=\u00bbdefault\u00bb header_font=\u00bb|600|on|||on|||\u00bb header_text_align=\u00bbcenter\u00bb header_font_size=\u00bb20px\u00bb header_line_height=\u00bb2.5em\u00bb image_icon_custom_margin=\u00bb4px|||4px|false|false\u00bb image_icon_custom_padding=\u00bb4px|||4px|false|false\u00bb text_orientation=\u00bbcenter\u00bb width=\u00bb100%\u00bb min_height=\u00bb58px\u00bb border_width_all_image=\u00bb6px\u00bb border_color_all_image=\u00bbRGBA(255,255,255,0)\u00bb box_shadow_style=\u00bbpreset3&#8243; text_shadow_style=\u00bbpreset4&#8243; global_colors_info=\u00bb{}\u00bb][\/et_pb_blurb][et_pb_blurb title=\u00bbDepartamento de Geograf\u00eda e Historia\u00bb url=\u00bb@ET-DC@eyJkeW5hbWljIjp0cnVlLCJjb250ZW50IjoicG9zdF9saW5rX3VybF9wYWdlIiwic2V0dGluZ3MiOnsicG9zdF9pZCI6IjU2MDEiLCJlbmFibGVfaHRtbCI6Im9mZiJ9fQ==@\u00bb use_icon=\u00bbon\u00bb font_icon=\u00bb&#xf57d;||fa||900&#8243; icon_placement=\u00bbleft\u00bb admin_label=\u00bbLCL\u00bb _builder_version=\u00bb4.16&#8243; _dynamic_attributes=\u00bburl\u00bb _module_preset=\u00bbdefault\u00bb header_font=\u00bb|600|on|||on|||\u00bb header_text_align=\u00bbcenter\u00bb header_font_size=\u00bb20px\u00bb header_line_height=\u00bb2.5em\u00bb image_icon_custom_margin=\u00bb4px|||4px|false|false\u00bb image_icon_custom_padding=\u00bb4px|||4px|false|false\u00bb text_orientation=\u00bbcenter\u00bb width=\u00bb100%\u00bb min_height=\u00bb58px\u00bb border_width_all_image=\u00bb6px\u00bb border_color_all_image=\u00bbRGBA(255,255,255,0)\u00bb box_shadow_style=\u00bbpreset3&#8243; text_shadow_style=\u00bbpreset4&#8243; global_colors_info=\u00bb{}\u00bb][\/et_pb_blurb][et_pb_blurb title=\u00bbDepartamento de Biolog\u00eda y Geolog\u00eda\u00bb url=\u00bb@ET-DC@eyJkeW5hbWljIjp0cnVlLCJjb250ZW50IjoicG9zdF9saW5rX3VybF9wYWdlIiwic2V0dGluZ3MiOnsicG9zdF9pZCI6IjU3MzAiLCJlbmFibGVfaHRtbCI6Im9mZiJ9fQ==@\u00bb use_icon=\u00bbon\u00bb font_icon=\u00bb&#xe05a;||fa||900&#8243; icon_placement=\u00bbleft\u00bb admin_label=\u00bbLCL\u00bb _builder_version=\u00bb4.16&#8243; _dynamic_attributes=\u00bburl\u00bb _module_preset=\u00bbdefault\u00bb header_font=\u00bb|600|on|||on|||\u00bb header_text_align=\u00bbcenter\u00bb header_font_size=\u00bb20px\u00bb header_line_height=\u00bb2.5em\u00bb image_icon_custom_margin=\u00bb4px|||4px|false|false\u00bb image_icon_custom_padding=\u00bb4px|||4px|false|false\u00bb text_orientation=\u00bbcenter\u00bb width=\u00bb100%\u00bb min_height=\u00bb58px\u00bb border_width_all_image=\u00bb6px\u00bb border_color_all_image=\u00bbRGBA(255,255,255,0)\u00bb box_shadow_style=\u00bbpreset3&#8243; text_shadow_style=\u00bbpreset4&#8243; global_colors_info=\u00bb{}\u00bb][\/et_pb_blurb][et_pb_blurb title=\u00bbDepartamento de Idiomas\u00bb url=\u00bb@ET-DC@eyJkeW5hbWljIjp0cnVlLCJjb250ZW50IjoicG9zdF9saW5rX3VybF9wYWdlIiwic2V0dGluZ3MiOnsicG9zdF9pZCI6IjU2NTIiLCJlbmFibGVfaHRtbCI6Im9mZiJ9fQ==@\u00bb use_icon=\u00bbon\u00bb font_icon=\u00bb&#xf1ab;||fa||900&#8243; icon_placement=\u00bbleft\u00bb admin_label=\u00bbLCL\u00bb _builder_version=\u00bb4.16&#8243; _dynamic_attributes=\u00bburl\u00bb _module_preset=\u00bbdefault\u00bb header_font=\u00bb|600|on|||on|||\u00bb header_text_align=\u00bbcenter\u00bb header_font_size=\u00bb20px\u00bb header_line_height=\u00bb2.5em\u00bb image_icon_custom_margin=\u00bb4px|||4px|false|false\u00bb image_icon_custom_padding=\u00bb4px|||4px|false|false\u00bb text_orientation=\u00bbcenter\u00bb width=\u00bb100%\u00bb min_height=\u00bb58px\u00bb border_width_all_image=\u00bb6px\u00bb border_color_all_image=\u00bbRGBA(255,255,255,0)\u00bb box_shadow_style=\u00bbpreset3&#8243; text_shadow_style=\u00bbpreset4&#8243; global_colors_info=\u00bb{}\u00bb][\/et_pb_blurb][et_pb_blurb title=\u00bbDepartamento de Sanitaria\u00bb url=\u00bb@ET-DC@eyJkeW5hbWljIjp0cnVlLCJjb250ZW50IjoicG9zdF9saW5rX3VybF9wYWdlIiwic2V0dGluZ3MiOnsicG9zdF9pZCI6IjU1ODIiLCJlbmFibGVfaHRtbCI6Im9mZiJ9fQ==@\u00bb use_icon=\u00bbon\u00bb font_icon=\u00bb&#xf21e;||fa||900&#8243; icon_placement=\u00bbleft\u00bb admin_label=\u00bbLCL\u00bb _builder_version=\u00bb4.16&#8243; _dynamic_attributes=\u00bburl\u00bb _module_preset=\u00bbdefault\u00bb header_font=\u00bb|600|on|||on|||\u00bb header_text_align=\u00bbcenter\u00bb header_font_size=\u00bb20px\u00bb header_line_height=\u00bb2.5em\u00bb image_icon_custom_margin=\u00bb4px|||4px|false|false\u00bb image_icon_custom_padding=\u00bb4px|||4px|false|false\u00bb text_orientation=\u00bbcenter\u00bb width=\u00bb100%\u00bb min_height=\u00bb58px\u00bb border_width_all_image=\u00bb6px\u00bb border_color_all_image=\u00bbRGBA(255,255,255,0)\u00bb box_shadow_style=\u00bbpreset3&#8243; text_shadow_style=\u00bbpreset4&#8243; global_colors_info=\u00bb{}\u00bb][\/et_pb_blurb][et_pb_blurb title=\u00bbDepartamento de Imagen Personal\u00bb url=\u00bb@ET-DC@eyJkeW5hbWljIjp0cnVlLCJjb250ZW50IjoicG9zdF9saW5rX3VybF9wYWdlIiwic2V0dGluZ3MiOnsicG9zdF9pZCI6IjU1ODIiLCJlbmFibGVfaHRtbCI6Im9mZiJ9fQ==@\u00bb use_icon=\u00bbon\u00bb font_icon=\u00bb&#xf0c4;||fa||900&#8243; icon_placement=\u00bbleft\u00bb admin_label=\u00bbLCL\u00bb _builder_version=\u00bb4.24.2&#8243; _dynamic_attributes=\u00bburl\u00bb _module_preset=\u00bbdefault\u00bb header_font=\u00bb|600|on|||on|||\u00bb header_text_align=\u00bbcenter\u00bb header_font_size=\u00bb20px\u00bb header_line_height=\u00bb2.5em\u00bb image_icon_custom_margin=\u00bb4px|||4px|false|false\u00bb image_icon_custom_padding=\u00bb4px|||4px|false|false\u00bb text_orientation=\u00bbcenter\u00bb width=\u00bb100%\u00bb min_height=\u00bb58px\u00bb border_width_all_image=\u00bb6px\u00bb border_color_all_image=\u00bbRGBA(255,255,255,0)\u00bb box_shadow_style=\u00bbpreset3&#8243; text_shadow_style=\u00bbpreset4&#8243; global_colors_info=\u00bb{}\u00bb][\/et_pb_blurb][\/et_pb_column][\/et_pb_row][\/et_pb_section]<\/p>\n","protected":false},"excerpt":{"rendered":"<p>DEPARTAMENTOS El IES CARBULA cuenta con un total de 10departamentos did\u00e1cticos: En esta secci\u00f3n podr\u00e1 acceder a la p\u00e1gina de cada departamento, conocer a su profesorado, y consultar los documentos del departamento, como presentaciones de materias.<\/p>\n","protected":false},"author":3731,"featured_media":0,"parent":0,"menu_order":0,"comment_status":"closed","ping_status":"closed","template":"","meta":{"_et_pb_use_builder":"on","_et_pb_old_content":"<table style=\"height: 896px; width: 0%; border-color: #9c9797;\" width=\"0%\"><tbody><tr><td style=\"width: 13.2132%;\" width=\"83\"><strong>\u00c1rea<\/strong><\/td><td style=\"width: 17.0497%;\" width=\"148\"><strong>Departamento<\/strong><\/td><td style=\"width: 36.7041%;\" width=\"187\"><strong>Jefatura<\/strong><\/td><td style=\"width: 31.5315%;\" width=\"186\">\u00a0<\/td><\/tr><tr><td style=\"width: 13.2132%;\" rowspan=\"5\" width=\"83\"><strong>Cient\u00edfico-Tecnol\u00f3gica<\/strong><\/td><td style=\"width: 17.0497%;\" width=\"148\">Matem\u00e1ticas<\/td><td style=\"width: 36.7041%;\" width=\"187\">Gabriel Hurtado del Real<\/td><td style=\"width: 31.5315%;\" width=\"186\">matematicas@iescarbula.net<\/td><\/tr><tr><td style=\"width: 17.0497%;\" width=\"148\">Biolog\u00eda y geolog\u00eda<\/td><td style=\"width: 36.7041%;\" width=\"187\">Juan Rodr\u00edguez<\/td><td style=\"width: 31.5315%;\" width=\"186\">byg@iescarbula.net<\/td><\/tr><tr><td style=\"width: 17.0497%;\" width=\"148\">F\u00edsica y qu\u00edmica<\/td><td style=\"width: 36.7041%;\" width=\"187\">Teresa G\u00f3mez<\/td><td style=\"width: 31.5315%;\" width=\"186\">fyq@iescarbula.net<\/td><\/tr><tr><td style=\"width: 17.0497%;\" width=\"148\">Tecnolog\u00eda<\/td><td style=\"width: 36.7041%;\" width=\"187\">Juan Andr\u00e9s\u00a0 de Alba<\/td><td style=\"width: 31.5315%;\" width=\"186\">tecnologia@iescarbula.net<\/td><\/tr><tr><td style=\"width: 17.0497%;\" width=\"148\">Econom\u00eda<\/td><td style=\"width: 36.7041%;\" width=\"187\">Ra\u00fal Exp\u00f3sito<\/td><td style=\"width: 31.5315%;\" width=\"186\">economia@iescarbula.net<\/td><\/tr><tr><td style=\"width: 13.2132%;\" rowspan=\"6\" width=\"83\"><strong>Social-ling\u00fc\u00edstica<\/strong><\/td><td style=\"width: 17.0497%;\" width=\"148\">Lengua castellana y literatura<\/td><td style=\"width: 36.7041%;\" width=\"187\">Antonia Mar\u00edn Moreno<\/td><td style=\"width: 31.5315%;\" width=\"186\">lengua@iescarbula.net<\/td><\/tr><tr><td style=\"width: 17.0497%;\" width=\"148\">Geograf\u00eda e Historia<\/td><td style=\"width: 36.7041%;\" width=\"187\">Ferm\u00edn Valenzuela<\/td><td style=\"width: 31.5315%;\" width=\"186\">geh@iescarbula.net<\/td><\/tr><tr><td style=\"width: 17.0497%;\" width=\"148\">Ingl\u00e9s<\/td><td style=\"width: 36.7041%;\" width=\"187\">M\u00aa Jos\u00e9 Ortega<\/td><td style=\"width: 31.5315%;\" width=\"186\">ingles@iescarbula.net<\/td><\/tr><tr><td style=\"width: 17.0497%;\" width=\"148\">Franc\u00e9s<\/td><td style=\"width: 36.7041%;\" width=\"187\">Pilar L\u00f3pez Bajo<\/td><td style=\"width: 31.5315%;\" width=\"186\">franc\u00e9s@iescarbula.net<\/td><\/tr><tr><td style=\"width: 17.0497%;\" width=\"148\">Cl\u00e1sicas<\/td><td style=\"width: 36.7041%;\" width=\"187\">Teresa Romero<\/td><td style=\"width: 31.5315%;\" width=\"186\">clasicas@iescarbula.net<\/td><\/tr><tr><td style=\"width: 17.0497%;\" width=\"148\">Filosof\u00eda<\/td><td style=\"width: 36.7041%;\" width=\"187\">Francisco Garc\u00eda Mart\u00ednez<\/td><td style=\"width: 31.5315%;\" width=\"186\">filosofia@iescarbula.net<\/td><\/tr><tr><td style=\"width: 13.2132%;\" rowspan=\"3\" width=\"83\"><strong>Art\u00edstica<\/strong><\/td><td style=\"width: 17.0497%;\" width=\"148\">Dibujo<\/td><td style=\"width: 36.7041%;\" width=\"187\">Marta Campos<\/td><td style=\"width: 31.5315%;\" width=\"186\">dibujo@iescarbula.net<\/td><\/tr><tr><td style=\"width: 17.0497%;\" width=\"148\">Educaci\u00f3n F\u00edsica<\/td><td style=\"width: 36.7041%;\" width=\"187\">Isabel Urbano<\/td><td style=\"width: 31.5315%;\" width=\"186\">e.fisica@iescarbula.net<\/td><\/tr><tr><td style=\"width: 17.0497%;\" width=\"148\">M\u00fasica<\/td><td style=\"width: 36.7041%;\" width=\"187\">Nuria Gil<\/td><td style=\"width: 31.5315%;\" width=\"186\">musica@iescarbula.net<\/td><\/tr><tr><td style=\"width: 13.2132%;\" width=\"83\"><strong>FP<\/strong><\/td><td style=\"width: 17.0497%;\" width=\"148\">Sanitaria<\/td><td style=\"width: 36.7041%;\" width=\"187\">Nieves Ort\u00edz<\/td><td style=\"width: 31.5315%;\" width=\"186\">sanitaria@iescarbula.net<\/td><\/tr><tr><td style=\"width: 13.2132%;\" width=\"83\">\u00a0<\/td><td style=\"width: 17.0497%;\" width=\"148\">Orientaci\u00f3n<\/td><td style=\"width: 36.7041%;\" width=\"187\"><p>Francisco Manuel L\u00f3pez Reyes<\/p><p>\u00a0<\/p><\/td><td style=\"width: 31.5315%;\" width=\"186\">orientacion@iescarbula.net<\/td><\/tr><\/tbody><\/table><p>\u00a0<\/p>","_et_gb_content_width":"","ngg_post_thumbnail":0,"footnotes":""},"aioseo_notices":[],"_links":{"self":[{"href":"https:\/\/blogsaverroes.juntadeandalucia.es\/iescarbulaweb\/wp-json\/wp\/v2\/pages\/2378"}],"collection":[{"href":"https:\/\/blogsaverroes.juntadeandalucia.es\/iescarbulaweb\/wp-json\/wp\/v2\/pages"}],"about":[{"href":"https:\/\/blogsaverroes.juntadeandalucia.es\/iescarbulaweb\/wp-json\/wp\/v2\/types\/page"}],"author":[{"embeddable":true,"href":"https:\/\/blogsaverroes.juntadeandalucia.es\/iescarbulaweb\/wp-json\/wp\/v2\/users\/3731"}],"replies":[{"embeddable":true,"href":"https:\/\/blogsaverroes.juntadeandalucia.es\/iescarbulaweb\/wp-json\/wp\/v2\/comments?post=2378"}],"version-history":[{"count":25,"href":"https:\/\/blogsaverroes.juntadeandalucia.es\/iescarbulaweb\/wp-json\/wp\/v2\/pages\/2378\/revisions"}],"predecessor-version":[{"id":6851,"href":"https:\/\/blogsaverroes.juntadeandalucia.es\/iescarbulaweb\/wp-json\/wp\/v2\/pages\/2378\/revisions\/6851"}],"wp:attachment":[{"href":"https:\/\/blogsaverroes.juntadeandalucia.es\/iescarbulaweb\/wp-json\/wp\/v2\/media?parent=2378"}],"curies":[{"name":"wp","href":"https:\/\/api.w.org\/{rel}","templated":true}]}}