{"id":4889,"date":"2023-05-23T14:41:31","date_gmt":"2023-05-23T12:41:31","guid":{"rendered":"http:\/\/blogsaverroes.juntadeandalucia.es\/iescarbula\/?page_id=4889"},"modified":"2023-05-23T14:41:31","modified_gmt":"2023-05-23T12:41:31","slug":"17-de-mayo-dia-internacional-contra-la-homofobia-bifobia-y-transfobia","status":"publish","type":"page","link":"https:\/\/blogsaverroes.juntadeandalucia.es\/iescarbulaweb\/17-de-mayo-dia-internacional-contra-la-homofobia-bifobia-y-transfobia\/","title":{"rendered":"17 de Mayo d\u00eda internacional contra la homofobia, bifobia y transfobia."},"content":{"rendered":"<p><a href=\"https:\/\/blogsaverroes.juntadeandalucia.es\/iescarbulaweb\/files\/2023\/05\/Talleres17mayo_1.jpeg\"><img loading=\"lazy\" decoding=\"async\" class=\"size-medium wp-image-4890 alignnone\" src=\"https:\/\/blogsaverroes.juntadeandalucia.es\/iescarbulaweb\/files\/2023\/05\/Talleres17mayo_1-300x225.jpeg\" alt=\"\" width=\"300\" height=\"225\"><\/a> <a href=\"https:\/\/blogsaverroes.juntadeandalucia.es\/iescarbulaweb\/files\/2023\/05\/Talleres17mayo_2.jpeg\"><img loading=\"lazy\" decoding=\"async\" class=\"size-medium wp-image-4891 alignnone\" src=\"https:\/\/blogsaverroes.juntadeandalucia.es\/iescarbulaweb\/files\/2023\/05\/Talleres17mayo_2-300x225.jpeg\" alt=\"\" width=\"300\" height=\"225\"><\/a> <a href=\"https:\/\/blogsaverroes.juntadeandalucia.es\/iescarbulaweb\/files\/2023\/05\/Talleres17mayo_3.jpeg\"><img loading=\"lazy\" decoding=\"async\" class=\"size-medium wp-image-4892 alignnone\" src=\"https:\/\/blogsaverroes.juntadeandalucia.es\/iescarbulaweb\/files\/2023\/05\/Talleres17mayo_3-300x225.jpeg\" alt=\"\" width=\"300\" height=\"225\"><\/a> <a href=\"https:\/\/blogsaverroes.juntadeandalucia.es\/iescarbulaweb\/files\/2023\/05\/Talleres17mayo_4.jpeg\"><img loading=\"lazy\" decoding=\"async\" class=\"size-medium wp-image-4893 alignnone\" src=\"https:\/\/blogsaverroes.juntadeandalucia.es\/iescarbulaweb\/files\/2023\/05\/Talleres17mayo_4-300x169.jpeg\" alt=\"\" width=\"300\" height=\"169\"><\/a> <a href=\"https:\/\/blogsaverroes.juntadeandalucia.es\/iescarbulaweb\/files\/2023\/05\/Talleres17mayo_5.jpeg\"><img loading=\"lazy\" decoding=\"async\" class=\"size-medium wp-image-4894 alignnone\" src=\"https:\/\/blogsaverroes.juntadeandalucia.es\/iescarbulaweb\/files\/2023\/05\/Talleres17mayo_5-300x169.jpeg\" alt=\"\" width=\"300\" height=\"169\"><\/a> <a href=\"https:\/\/blogsaverroes.juntadeandalucia.es\/iescarbulaweb\/files\/2023\/05\/Talleres17mayo_6.jpeg\"><img loading=\"lazy\" decoding=\"async\" class=\"size-medium wp-image-4895 alignnone\" src=\"https:\/\/blogsaverroes.juntadeandalucia.es\/iescarbulaweb\/files\/2023\/05\/Talleres17mayo_6-300x225.jpeg\" alt=\"\" width=\"300\" height=\"225\"><\/a><\/p>\n<p>Durante los d\u00edas 16, 18 y 22 de mayo, con motivo de la conmemoraci\u00f3n del 17 de Mayo d\u00eda internacional contra la homofobia, bifobia y transfobia, se organizaron varios talleres desde el plan de Igualdad con la asociaci\u00f3n Inserta Andalucia taller de prevenci\u00f3n de la violencia y del acoso hacia el colectivo LGTBI dirigido al alumnado de 3\u00ba ESO, PMAR y grupo flexible de tres horas de duraci\u00f3n por cada grupo, taller muy enriquecedor.<\/p>\n","protected":false},"excerpt":{"rendered":"<p>Durante los d\u00edas 16, 18 y 22 de mayo, con motivo de la conmemoraci\u00f3n del 17 de Mayo d\u00eda internacional contra la homofobia, bifobia y transfobia, se organizaron varios talleres desde el plan de Igualdad con la asociaci\u00f3n Inserta Andalucia taller de prevenci\u00f3n de la violencia y del acoso hacia el colectivo LGTBI dirigido al [&hellip;]<\/p>\n","protected":false},"author":3731,"featured_media":0,"parent":0,"menu_order":0,"comment_status":"closed","ping_status":"closed","template":"","meta":{"_et_pb_use_builder":"","_et_pb_old_content":"","_et_gb_content_width":"","ngg_post_thumbnail":0,"footnotes":""},"aioseo_notices":[],"_links":{"self":[{"href":"https:\/\/blogsaverroes.juntadeandalucia.es\/iescarbulaweb\/wp-json\/wp\/v2\/pages\/4889"}],"collection":[{"href":"https:\/\/blogsaverroes.juntadeandalucia.es\/iescarbulaweb\/wp-json\/wp\/v2\/pages"}],"about":[{"href":"https:\/\/blogsaverroes.juntadeandalucia.es\/iescarbulaweb\/wp-json\/wp\/v2\/types\/page"}],"author":[{"embeddable":true,"href":"https:\/\/blogsaverroes.juntadeandalucia.es\/iescarbulaweb\/wp-json\/wp\/v2\/users\/3731"}],"replies":[{"embeddable":true,"href":"https:\/\/blogsaverroes.juntadeandalucia.es\/iescarbulaweb\/wp-json\/wp\/v2\/comments?post=4889"}],"version-history":[{"count":0,"href":"https:\/\/blogsaverroes.juntadeandalucia.es\/iescarbulaweb\/wp-json\/wp\/v2\/pages\/4889\/revisions"}],"wp:attachment":[{"href":"https:\/\/blogsaverroes.juntadeandalucia.es\/iescarbulaweb\/wp-json\/wp\/v2\/media?parent=4889"}],"curies":[{"name":"wp","href":"https:\/\/api.w.org\/{rel}","templated":true}]}}