{"id":5370,"date":"2023-09-10T11:53:48","date_gmt":"2023-09-10T10:53:48","guid":{"rendered":"https:\/\/blogsaverroes.juntadeandalucia.es\/iescarbulaweb\/?page_id=5370"},"modified":"2025-10-05T13:22:25","modified_gmt":"2025-10-05T12:22:25","slug":"departamento-de-lengua-y-literatura","status":"publish","type":"page","link":"https:\/\/blogsaverroes.juntadeandalucia.es\/iescarbulaweb\/departamentos\/departamento-de-lengua-y-literatura\/","title":{"rendered":"Departamento de Lengua y Literatura"},"content":{"rendered":"<p>[et_pb_section fb_built=\u00bb1&#8243; admin_label=\u00bbSecci\u00f3n\u00bb _builder_version=\u00bb4.16&#8243; custom_margin=\u00bb|-73px||||\u00bb custom_padding=\u00bb0px||0px|\u00bb z_index_tablet=\u00bb500&#8243; box_shadow_horizontal_tablet=\u00bb0px\u00bb box_shadow_vertical_tablet=\u00bb0px\u00bb box_shadow_blur_tablet=\u00bb40px\u00bb box_shadow_spread_tablet=\u00bb0px\u00bb global_colors_info=\u00bb{}\u00bb][et_pb_row admin_label=\u00bbEncabezado\u00bb _builder_version=\u00bb4.16&#8243; background_size=\u00bbinitial\u00bb background_position=\u00bbtop_left\u00bb background_repeat=\u00bbrepeat\u00bb collapsed=\u00bboff\u00bb global_colors_info=\u00bb{}\u00bb][et_pb_column type=\u00bb4_4&#8243; _builder_version=\u00bb4.16&#8243; custom_padding=\u00bb|||\u00bb global_colors_info=\u00bb{}\u00bb custom_padding__hover=\u00bb|||\u00bb][et_pb_image src=\u00bbhttps:\/\/blogsaverroes.juntadeandalucia.es\/iescarbulaweb\/files\/2023\/09\/Cabecera_Lengua.png\u00bb title_text=\u00bbCabecera_Lengua\u00bb admin_label=\u00bbImagen departamento\u00bb _builder_version=\u00bb4.16&#8243; z_index_tablet=\u00bb500&#8243; box_shadow_horizontal_tablet=\u00bb0px\u00bb box_shadow_vertical_tablet=\u00bb0px\u00bb box_shadow_blur_tablet=\u00bb40px\u00bb box_shadow_spread_tablet=\u00bb0px\u00bb global_colors_info=\u00bb{}\u00bb][\/et_pb_image][\/et_pb_column][\/et_pb_row][et_pb_row admin_label=\u00bbTitulo Profesorado\u00bb _builder_version=\u00bb4.16&#8243; _module_preset=\u00bbdefault\u00bb collapsed=\u00bboff\u00bb global_colors_info=\u00bb{}\u00bb][et_pb_column type=\u00bb4_4&#8243; _builder_version=\u00bb4.16&#8243; _module_preset=\u00bbdefault\u00bb global_colors_info=\u00bb{}\u00bb][et_pb_text admin_label=\u00bbTitulo Profesorado\u00bb _builder_version=\u00bb4.16&#8243; _module_preset=\u00bbdefault\u00bb text_orientation=\u00bbcenter\u00bb custom_margin=\u00bb||1px|||\u00bb custom_padding=\u00bb||29px|||\u00bb animation_style=\u00bbfade\u00bb box_shadow_style=\u00bbpreset1&#8243; global_colors_info=\u00bb{}\u00bb]<\/p>\n<h1>&nbsp;<\/h1>\n<h1>Profesorado<\/h1>\n<p>[\/et_pb_text][\/et_pb_column][\/et_pb_row][et_pb_row column_structure=\u00bb1_5,1_5,1_5,1_5,1_5&#8243; _builder_version=\u00bb4.16&#8243; _module_preset=\u00bbdefault\u00bb global_colors_info=\u00bb{}\u00bb][et_pb_column type=\u00bb1_5&#8243; _builder_version=\u00bb4.24.2&#8243; _module_preset=\u00bbdefault\u00bb global_colors_info=\u00bb{}\u00bb][et_pb_team_member name=\u00bbTo\u00f1i Mart\u00edn\u00bb position=\u00bbJefa de Departamento\u00bb image_url=\u00bbhttps:\/\/blogsaverroes.juntadeandalucia.es\/iescarbulaweb\/files\/2025\/10\/LENGUA-Toni-Martin-Montero.jpg\u00bb admin_label=\u00bbProfesor 1&#8243; _builder_version=\u00bb4.24.2&#8243; _module_preset=\u00bbdefault\u00bb position_text_color=\u00bb#000000&#8243; hover_enabled=\u00bb0&#8243; global_colors_info=\u00bb{}\u00bb title_text=\u00bbLENGUA To\u00f1i Mart\u00edn Montero\u00bb sticky_enabled=\u00bb0&#8243;]<\/p>\n<p><strong>Email:&nbsp; lengua@iescarbula.net<\/strong><\/p>\n<p>[\/et_pb_team_member][\/et_pb_column][et_pb_column type=\u00bb1_5&#8243; _builder_version=\u00bb4.24.2&#8243; _module_preset=\u00bbdefault\u00bb global_colors_info=\u00bb{}\u00bb][et_pb_team_member name=\u00bbPilar Romero\u00bb position=\u00bbProfesora de Lengua y Literatura\u00bb image_url=\u00bbhttps:\/\/blogsaverroes.juntadeandalucia.es\/iescarbulaweb\/files\/2025\/10\/Captura-de-pantalla-2025-10-05-141322-1.png\u00bb image_url_tablet=\u00bbhttps:\/\/blogsaverroes.juntadeandalucia.es\/iescarbulaweb\/files\/2023\/09\/LENGUA-Agust\u00edn-Carmona-Romero-1.jpg\u00bb image_url_phone=\u00bbhttps:\/\/blogsaverroes.juntadeandalucia.es\/iescarbulaweb\/files\/2023\/09\/LENGUA-Agust\u00edn-Carmona-Romero-1.jpg\u00bb image_url_last_edited=\u00bboff|phone\u00bb admin_label=\u00bbProfesor 1&#8243; _builder_version=\u00bb4.24.2&#8243; _module_preset=\u00bbdefault\u00bb position_text_color=\u00bb#000000&#8243; custom_padding=\u00bb||2px|||\u00bb hover_enabled=\u00bb0&#8243; locked=\u00bboff\u00bb global_colors_info=\u00bb{}\u00bb title_text=\u00bbCaptura de pantalla 2025-10-05 141322&#8243; sticky_enabled=\u00bb0&#8243;]<\/p>\n<p><strong>Email:&nbsp; promero.lcl@iescarbula.net<\/strong><\/p>\n<p>[\/et_pb_team_member][\/et_pb_column][et_pb_column type=\u00bb1_5&#8243; _builder_version=\u00bb4.24.2&#8243; _module_preset=\u00bbdefault\u00bb global_colors_info=\u00bb{}\u00bb][et_pb_team_member name=\u00bbFrancisco Esquinas\u00bb position=\u00bbProfesor de Lengua y Literatura\u00bb image_url=\u00bbhttps:\/\/blogsaverroes.juntadeandalucia.es\/iescarbulaweb\/files\/2025\/10\/LENGUA-Fran-Esquinas-Sanchez.jpg\u00bb admin_label=\u00bbProfesor 1&#8243; _builder_version=\u00bb4.24.2&#8243; _module_preset=\u00bbdefault\u00bb position_text_color=\u00bb#000000&#8243; custom_margin=\u00bb||43px|||\u00bb hover_enabled=\u00bb0&#8243; locked=\u00bboff\u00bb global_colors_info=\u00bb{}\u00bb title_text=\u00bbLENGUA Fran Esquinas S\u00e1nchez\u00bb sticky_enabled=\u00bb0&#8243;]<\/p>\n<p><strong>Email:&nbsp; fesquinas.lcl@iescarbula.net<\/strong><\/p>\n<p>[\/et_pb_team_member][\/et_pb_column][et_pb_column type=\u00bb1_5&#8243; _builder_version=\u00bb4.24.2&#8243; _module_preset=\u00bbdefault\u00bb global_colors_info=\u00bb{}\u00bb][et_pb_team_member name=\u00bbF\u00e1tima Mart\u00ednez\u00bb position=\u00bbProfesora de Lengua y Literatura\u00bb image_url=\u00bbhttps:\/\/blogsaverroes.juntadeandalucia.es\/iescarbulaweb\/files\/2025\/10\/LENGUA-Fatima-Martinez-Velasco.jpg\u00bb image_url_tablet=\u00bbhttps:\/\/blogsaverroes.juntadeandalucia.es\/iescarbulaweb\/files\/2023\/09\/LENGUA-Agust\u00edn-Carmona-Romero-1.jpg\u00bb image_url_phone=\u00bbhttps:\/\/blogsaverroes.juntadeandalucia.es\/iescarbulaweb\/files\/2023\/09\/LENGUA-Agust\u00edn-Carmona-Romero-1.jpg\u00bb image_url_last_edited=\u00bboff|phone\u00bb admin_label=\u00bbProfesor 1&#8243; _builder_version=\u00bb4.24.2&#8243; _module_preset=\u00bbdefault\u00bb position_text_color=\u00bb#000000&#8243; hover_enabled=\u00bb0&#8243; locked=\u00bboff\u00bb global_colors_info=\u00bb{}\u00bb title_text=\u00bbLENGUA F\u00e1tima Mart\u00ednez Velasco\u00bb sticky_enabled=\u00bb0&#8243;]<\/p>\n<p><strong>Email:&nbsp; fmartinez.lcl@iescarbula.net<\/strong><\/p>\n<p>[\/et_pb_team_member][\/et_pb_column][et_pb_column type=\u00bb1_5&#8243; _builder_version=\u00bb4.24.2&#8243; _module_preset=\u00bbdefault\u00bb global_colors_info=\u00bb{}\u00bb][et_pb_team_member name=\u00bbIsidro Molina\u00bb position=\u00bbProfesor de Filosof\u00eda\u00bb image_url=\u00bbhttps:\/\/blogsaverroes.juntadeandalucia.es\/iescarbulaweb\/files\/2025\/10\/Isidro-Molina-Naharro-FILOSOFIA-1.jpg\u00bb image_url_tablet=\u00bbhttps:\/\/blogsaverroes.juntadeandalucia.es\/iescarbulaweb\/files\/2023\/09\/LENGUA-Agust\u00edn-Carmona-Romero-1.jpg\u00bb image_url_phone=\u00bbhttps:\/\/blogsaverroes.juntadeandalucia.es\/iescarbulaweb\/files\/2023\/09\/LENGUA-Agust\u00edn-Carmona-Romero-1.jpg\u00bb image_url_last_edited=\u00bboff|phone\u00bb admin_label=\u00bbProfesor 1&#8243; _builder_version=\u00bb4.24.2&#8243; _module_preset=\u00bbdefault\u00bb position_text_color=\u00bb#000000&#8243; hover_enabled=\u00bb0&#8243; locked=\u00bboff\u00bb global_colors_info=\u00bb{}\u00bb sticky_enabled=\u00bb0&#8243; title_text=\u00bbIsidro Molina Naharro FILOSOF\u00cdA (1)\u00bb]<\/p>\n<p><strong>Email:&nbsp; imolina.fil@iescarbula.net<\/strong><\/p>\n<p>[\/et_pb_team_member][\/et_pb_column][\/et_pb_row][et_pb_row admin_label=\u00bbPresentaciones de materias\u00bb _builder_version=\u00bb4.16&#8243; _module_preset=\u00bbdefault\u00bb locked=\u00bboff\u00bb collapsed=\u00bboff\u00bb global_colors_info=\u00bb{}\u00bb][et_pb_column type=\u00bb4_4&#8243; _builder_version=\u00bb4.16&#8243; _module_preset=\u00bbdefault\u00bb global_colors_info=\u00bb{}\u00bb][et_pb_text admin_label=\u00bbPresentaciones de materias\u00bb _builder_version=\u00bb4.16&#8243; _module_preset=\u00bbdefault\u00bb background_color=\u00bbrgba(0,0,0,0.01)\u00bb text_orientation=\u00bbcenter\u00bb min_height=\u00bb101px\u00bb custom_margin=\u00bb126px||14px|||\u00bb custom_padding=\u00bb0px||48px|||\u00bb box_shadow_style=\u00bbpreset2&#8243; global_colors_info=\u00bb{}\u00bb]<\/p>\n<h1>\u00a0<\/h1>\n<h1>Presentaciones de materias<\/h1>\n<p>[\/et_pb_text][\/et_pb_column][\/et_pb_row][et_pb_row column_structure=\u00bb1_2,1_2&#8243; admin_label=\u00bbPresentaciones de materias ESO\u00bb _builder_version=\u00bb4.16&#8243; _module_preset=\u00bbdefault\u00bb link_option_url=\u00bbhttps:\/\/drive.google.com\/drive\/folders\/1QIBy00WM2Jt5_USArkj91psjZ88Q8Hv_?usp=drive_link\u00bb locked=\u00bboff\u00bb collapsed=\u00bboff\u00bb global_colors_info=\u00bb{}\u00bb][et_pb_column type=\u00bb1_2&#8243; _builder_version=\u00bb4.16&#8243; _module_preset=\u00bbdefault\u00bb global_colors_info=\u00bb{}\u00bb][et_pb_blurb title=\u00bbLengua y Literatura\u00bb use_icon=\u00bbon\u00bb font_icon=\u00bb&#x69;||divi||400&#8243; image_icon_width=\u00bb70px\u00bb admin_label=\u00bb1ESO\u00bb _builder_version=\u00bb4.16&#8243; _module_preset=\u00bbdefault\u00bb header_text_align=\u00bbcenter\u00bb header_font_size=\u00bb24px\u00bb image_icon_custom_margin=\u00bb4px||||false|false\u00bb image_icon_custom_padding=\u00bb4px||||false|false\u00bb text_orientation=\u00bbcenter\u00bb border_color_all_image=\u00bb#000000&#8243; box_shadow_style=\u00bbpreset1&#8243; global_colors_info=\u00bb{}\u00bb]<\/p>\n<p style=\"text-align: center\">Presentaci\u00f3n de Materias\u00a0<\/p>\n<p>[\/et_pb_blurb][et_pb_blurb title=\u00bbMateria Ling\u00fc\u00edstico-Transversal\u00bb use_icon=\u00bbon\u00bb font_icon=\u00bb&#x69;||divi||400&#8243; image_icon_width=\u00bb70px\u00bb admin_label=\u00bb1ESO\u00bb _builder_version=\u00bb4.16&#8243; _module_preset=\u00bbdefault\u00bb header_text_align=\u00bbcenter\u00bb header_font_size=\u00bb24px\u00bb image_icon_custom_margin=\u00bb4px||||false|false\u00bb image_icon_custom_padding=\u00bb4px||||false|false\u00bb text_orientation=\u00bbcenter\u00bb link_option_url=\u00bbhttps:\/\/drive.google.com\/drive\/folders\/1GdNUq8K7usF-8NqHW_4EUv-6MsmhhDef?usp=drive_link\u00bb border_color_all_image=\u00bb#000000&#8243; box_shadow_style=\u00bbpreset1&#8243; global_colors_info=\u00bb{}\u00bb]<\/p>\n<p style=\"text-align: center\">Presentaci\u00f3n de Materias<\/p>\n<p>[\/et_pb_blurb][et_pb_blurb title=\u00bbValores c\u00edvico \u00e9ticos\u00bb use_icon=\u00bbon\u00bb font_icon=\u00bb&#x69;||divi||400&#8243; image_icon_width=\u00bb70px\u00bb admin_label=\u00bb1ESO\u00bb _builder_version=\u00bb4.16&#8243; _module_preset=\u00bbdefault\u00bb header_text_align=\u00bbcenter\u00bb header_font_size=\u00bb24px\u00bb image_icon_custom_margin=\u00bb4px||||false|false\u00bb image_icon_custom_padding=\u00bb4px||||false|false\u00bb text_orientation=\u00bbcenter\u00bb link_option_url=\u00bbhttps:\/\/drive.google.com\/drive\/folders\/1qbOiqsRZ92IFb3O32D6cWf_C696PMUgg?usp=drive_link\u00bb border_color_all_image=\u00bb#000000&#8243; box_shadow_style=\u00bbpreset1&#8243; global_colors_info=\u00bb{}\u00bb]<\/p>\n<p style=\"text-align: center\">Presentaci\u00f3n de Materias<\/p>\n<p>[\/et_pb_blurb][\/et_pb_column][et_pb_column type=\u00bb1_2&#8243; _builder_version=\u00bb4.16&#8243; _module_preset=\u00bbdefault\u00bb global_colors_info=\u00bb{}\u00bb][et_pb_blurb title=\u00bbFilosof\u00eda e H\u00aa de la Filosof\u00eda\u00bb use_icon=\u00bbon\u00bb font_icon=\u00bb&#x69;||divi||400&#8243; image_icon_width=\u00bb70px\u00bb admin_label=\u00bb1ESO\u00bb _builder_version=\u00bb4.16&#8243; _module_preset=\u00bbdefault\u00bb header_text_align=\u00bbcenter\u00bb header_font_size=\u00bb24px\u00bb image_icon_custom_margin=\u00bb4px||||false|false\u00bb image_icon_custom_padding=\u00bb4px||||false|false\u00bb text_orientation=\u00bbcenter\u00bb link_option_url=\u00bbhttps:\/\/drive.google.com\/drive\/folders\/123r2vBHPj4bak3yC8CMrgQ0BwAD8sAsT?usp=drive_link\u00bb border_color_all_image=\u00bb#000000&#8243; box_shadow_style=\u00bbpreset1&#8243; global_colors_info=\u00bb{}\u00bb]<\/p>\n<p style=\"text-align: center\">Presentaci\u00f3n de Materias<\/p>\n<p>[\/et_pb_blurb][et_pb_blurb title=\u00bbAntropolog\u00eda\u00bb use_icon=\u00bbon\u00bb font_icon=\u00bb&#x69;||divi||400&#8243; image_icon_width=\u00bb70px\u00bb admin_label=\u00bb1ESO\u00bb _builder_version=\u00bb4.16&#8243; _module_preset=\u00bbdefault\u00bb header_text_align=\u00bbcenter\u00bb header_font_size=\u00bb24px\u00bb image_icon_custom_margin=\u00bb4px||||false|false\u00bb image_icon_custom_padding=\u00bb4px||||false|false\u00bb text_orientation=\u00bbcenter\u00bb link_option_url=\u00bbhttps:\/\/drive.google.com\/drive\/folders\/1X1UFVyTJEraVwRdmz1b0P8EY-fAJ-x_S?usp=drive_link\u00bb border_color_all_image=\u00bb#000000&#8243; box_shadow_style=\u00bbpreset1&#8243; global_colors_info=\u00bb{}\u00bb]<\/p>\n<p style=\"text-align: center\">Presentaci\u00f3n de Materias<\/p>\n<p>[\/et_pb_blurb][et_pb_blurb title=\u00bbPsicolog\u00eda\u00bb use_icon=\u00bbon\u00bb font_icon=\u00bb&#x69;||divi||400&#8243; image_icon_width=\u00bb70px\u00bb admin_label=\u00bb1ESO\u00bb _builder_version=\u00bb4.16&#8243; _module_preset=\u00bbdefault\u00bb header_text_align=\u00bbcenter\u00bb header_font_size=\u00bb24px\u00bb image_icon_custom_margin=\u00bb4px||||false|false\u00bb image_icon_custom_padding=\u00bb4px||||false|false\u00bb text_orientation=\u00bbcenter\u00bb link_option_url=\u00bbhttps:\/\/drive.google.com\/drive\/folders\/1H1dgx5BJT417RAuKQ2ZAbsv1_ihMdrHn?usp=drive_link\u00bb border_color_all_image=\u00bb#000000&#8243; box_shadow_style=\u00bbpreset1&#8243; global_colors_info=\u00bb{}\u00bb]<\/p>\n<p style=\"text-align: center\">Presentaci\u00f3n de Materias<\/p>\n<p>[\/et_pb_blurb][\/et_pb_column][\/et_pb_row][et_pb_row admin_label=\u00bbNoticias Departamento\u00bb _builder_version=\u00bb4.16&#8243; _module_preset=\u00bbdefault\u00bb collapsed=\u00bboff\u00bb global_colors_info=\u00bb{}\u00bb][et_pb_column type=\u00bb4_4&#8243; _builder_version=\u00bb4.16&#8243; _module_preset=\u00bbdefault\u00bb global_colors_info=\u00bb{}\u00bb][et_pb_text admin_label=\u00bbPresentaciones de materias\u00bb _builder_version=\u00bb4.16&#8243; _module_preset=\u00bbdefault\u00bb background_color=\u00bbrgba(0,0,0,0.01)\u00bb text_orientation=\u00bbcenter\u00bb min_height=\u00bb101px\u00bb custom_margin=\u00bb134px||14px|||\u00bb custom_padding=\u00bb0px||48px|||\u00bb box_shadow_style=\u00bbpreset2&#8243; global_colors_info=\u00bb{}\u00bb]<\/p>\n<h1>&nbsp;<\/h1>\n<h1>Noticias y actividades<\/h1>\n<p>[\/et_pb_text][et_pb_blog posts_number=\u00bb5&#8243; include_categories=\u00bb21&#8243; _builder_version=\u00bb4.16&#8243; _module_preset=\u00bbdefault\u00bb custom_margin=\u00bb71px|||||\u00bb global_colors_info=\u00bb{}\u00bb][\/et_pb_blog][\/et_pb_column][\/et_pb_row][\/et_pb_section]<\/p>\n","protected":false},"excerpt":{"rendered":"<p>&nbsp; ProfesoradoEmail:&nbsp; lengua@iescarbula.netEmail:&nbsp; promero.lcl@iescarbula.netEmail:&nbsp; fesquinas.lcl@iescarbula.netEmail:&nbsp; fmartinez.lcl@iescarbula.netEmail:&nbsp; imolina.fil@iescarbula.net\u00a0 Presentaciones de materiasPresentaci\u00f3n de Materias\u00a0Presentaci\u00f3n de MateriasPresentaci\u00f3n de MateriasPresentaci\u00f3n de MateriasPresentaci\u00f3n de MateriasPresentaci\u00f3n de Materias&nbsp; Noticias y actividades<\/p>\n","protected":false},"author":3731,"featured_media":0,"parent":2378,"menu_order":0,"comment_status":"closed","ping_status":"closed","template":"","meta":{"_et_pb_use_builder":"on","_et_pb_old_content":"","_et_gb_content_width":"","ngg_post_thumbnail":0,"footnotes":""},"aioseo_notices":[],"_links":{"self":[{"href":"https:\/\/blogsaverroes.juntadeandalucia.es\/iescarbulaweb\/wp-json\/wp\/v2\/pages\/5370"}],"collection":[{"href":"https:\/\/blogsaverroes.juntadeandalucia.es\/iescarbulaweb\/wp-json\/wp\/v2\/pages"}],"about":[{"href":"https:\/\/blogsaverroes.juntadeandalucia.es\/iescarbulaweb\/wp-json\/wp\/v2\/types\/page"}],"author":[{"embeddable":true,"href":"https:\/\/blogsaverroes.juntadeandalucia.es\/iescarbulaweb\/wp-json\/wp\/v2\/users\/3731"}],"replies":[{"embeddable":true,"href":"https:\/\/blogsaverroes.juntadeandalucia.es\/iescarbulaweb\/wp-json\/wp\/v2\/comments?post=5370"}],"version-history":[{"count":62,"href":"https:\/\/blogsaverroes.juntadeandalucia.es\/iescarbulaweb\/wp-json\/wp\/v2\/pages\/5370\/revisions"}],"predecessor-version":[{"id":7345,"href":"https:\/\/blogsaverroes.juntadeandalucia.es\/iescarbulaweb\/wp-json\/wp\/v2\/pages\/5370\/revisions\/7345"}],"up":[{"embeddable":true,"href":"https:\/\/blogsaverroes.juntadeandalucia.es\/iescarbulaweb\/wp-json\/wp\/v2\/pages\/2378"}],"wp:attachment":[{"href":"https:\/\/blogsaverroes.juntadeandalucia.es\/iescarbulaweb\/wp-json\/wp\/v2\/media?parent=5370"}],"curies":[{"name":"wp","href":"https:\/\/api.w.org\/{rel}","templated":true}]}}