{"id":5601,"date":"2023-09-18T14:41:15","date_gmt":"2023-09-18T13:41:15","guid":{"rendered":"https:\/\/blogsaverroes.juntadeandalucia.es\/iescarbulaweb\/?page_id=5601"},"modified":"2025-10-05T13:32:53","modified_gmt":"2025-10-05T12:32:53","slug":"departamento-de-geografia-e-historia","status":"publish","type":"page","link":"https:\/\/blogsaverroes.juntadeandalucia.es\/iescarbulaweb\/departamentos\/departamento-de-geografia-e-historia\/","title":{"rendered":"Departamento de Geograf\u00eda e Historia"},"content":{"rendered":"<p>[et_pb_section fb_built=\u00bb1&#8243; admin_label=\u00bbSecci\u00f3n\u00bb _builder_version=\u00bb4.16&#8243; custom_margin=\u00bb|-73px||||\u00bb custom_padding=\u00bb0px||0px|\u00bb z_index_tablet=\u00bb500&#8243; box_shadow_horizontal_tablet=\u00bb0px\u00bb box_shadow_vertical_tablet=\u00bb0px\u00bb box_shadow_blur_tablet=\u00bb40px\u00bb box_shadow_spread_tablet=\u00bb0px\u00bb global_colors_info=\u00bb{}\u00bb][et_pb_row admin_label=\u00bbEncabezado\u00bb _builder_version=\u00bb4.16&#8243; background_size=\u00bbinitial\u00bb background_position=\u00bbtop_left\u00bb background_repeat=\u00bbrepeat\u00bb collapsed=\u00bboff\u00bb global_colors_info=\u00bb{}\u00bb][et_pb_column type=\u00bb4_4&#8243; _builder_version=\u00bb4.16&#8243; custom_padding=\u00bb|||\u00bb global_colors_info=\u00bb{}\u00bb custom_padding__hover=\u00bb|||\u00bb][et_pb_image src=\u00bbhttps:\/\/blogsaverroes.juntadeandalucia.es\/iescarbulaweb\/files\/2023\/09\/cabecera__geh.png\u00bb title_text=\u00bbcabecera__geh\u00bb admin_label=\u00bbImagen departamento\u00bb _builder_version=\u00bb4.16&#8243; z_index_tablet=\u00bb500&#8243; box_shadow_horizontal_tablet=\u00bb0px\u00bb box_shadow_vertical_tablet=\u00bb0px\u00bb box_shadow_blur_tablet=\u00bb40px\u00bb box_shadow_spread_tablet=\u00bb0px\u00bb global_colors_info=\u00bb{}\u00bb][\/et_pb_image][\/et_pb_column][\/et_pb_row][et_pb_row admin_label=\u00bbTitulo Profesorado\u00bb _builder_version=\u00bb4.16&#8243; _module_preset=\u00bbdefault\u00bb collapsed=\u00bboff\u00bb global_colors_info=\u00bb{}\u00bb][et_pb_column type=\u00bb4_4&#8243; _builder_version=\u00bb4.16&#8243; _module_preset=\u00bbdefault\u00bb global_colors_info=\u00bb{}\u00bb][et_pb_text admin_label=\u00bbTitulo Profesorado\u00bb _builder_version=\u00bb4.16&#8243; _module_preset=\u00bbdefault\u00bb text_orientation=\u00bbcenter\u00bb custom_margin=\u00bb||1px|||\u00bb custom_padding=\u00bb||62px|||\u00bb animation_style=\u00bbfade\u00bb box_shadow_style=\u00bbpreset1&#8243; global_colors_info=\u00bb{}\u00bb]<\/p>\n<h1>&nbsp;<\/h1>\n<h1>Profesorado<\/h1>\n<p>[\/et_pb_text][\/et_pb_column][\/et_pb_row][et_pb_row column_structure=\u00bb1_3,1_3,1_3&#8243; admin_label=\u00bbProfesorado\u00bb _builder_version=\u00bb4.24.2&#8243; _module_preset=\u00bbdefault\u00bb collapsed=\u00bboff\u00bb global_colors_info=\u00bb{}\u00bb][et_pb_column type=\u00bb1_3&#8243; _builder_version=\u00bb4.24.2&#8243; _module_preset=\u00bbdefault\u00bb global_colors_info=\u00bb{}\u00bb][et_pb_team_member name=\u00bbF\u00e9lix Huertos\u00bb position=\u00bbJefe de Departamento\u00bb image_url=\u00bbhttps:\/\/blogsaverroes.juntadeandalucia.es\/iescarbulaweb\/files\/2025\/10\/Ga-HISTORIA-Felix-Huertos-Paredes.jpg\u00bb admin_label=\u00bbProfesor 1&#8243; _builder_version=\u00bb4.24.2&#8243; _module_preset=\u00bbdefault\u00bb position_text_color=\u00bb#000000&#8243; custom_padding=\u00bb||0px|||\u00bb hover_enabled=\u00bb0&#8243; global_colors_info=\u00bb{}\u00bb title_text=\u00bbG\u00aa HISTORIA F\u00e9lix Huertos Paredes\u00bb sticky_enabled=\u00bb0&#8243;]<\/p>\n<p><strong>Email:&nbsp; geh@iescarbula.net<\/strong><\/p>\n<p>[\/et_pb_team_member][et_pb_team_member name=\u00bbLidia Requena\u00bb position=\u00bbProfesora de Cultura Cl\u00e1sica\u00bb image_url=\u00bbhttps:\/\/blogsaverroes.juntadeandalucia.es\/iescarbulaweb\/files\/2025\/10\/CULTURA-CLASICA-Lidia-Requena-Caballero.jpg\u00bb admin_label=\u00bbProfesor 1&#8243; _builder_version=\u00bb4.24.2&#8243; _module_preset=\u00bbdefault\u00bb position_text_color=\u00bb#000000&#8243; hover_enabled=\u00bb0&#8243; locked=\u00bboff\u00bb global_colors_info=\u00bb{}\u00bb title_text=\u00bbCULTURA CL\u00c1SICA Lidia Requena Caballero\u00bb sticky_enabled=\u00bb0&#8243;]<\/p>\n<p><strong>Email: lrequena.cla@iescarbula.net<\/strong><\/p>\n<p>[\/et_pb_team_member][\/et_pb_column][et_pb_column _builder_version=\u00bb4.24.2&#8243; _module_preset=\u00bbdefault\u00bb type=\u00bb1_3&#8243;][et_pb_team_member name=\u00bbVictor Rodr\u00edguez\u00bb position=\u00bbProfesor de Geograf\u00eda e Historia\u00bb image_url=\u00bbhttps:\/\/blogsaverroes.juntadeandalucia.es\/iescarbulaweb\/files\/2025\/10\/GEOGRAFIA-E-HISTORIA-Victor-Rodriguez-Baena.jpg\u00bb admin_label=\u00bbProfesor 1&#8243; _builder_version=\u00bb4.24.2&#8243; _module_preset=\u00bbdefault\u00bb position_text_color=\u00bb#000000&#8243; hover_enabled=\u00bb0&#8243; global_colors_info=\u00bb{}\u00bb title_text=\u00bbGEOGRAF\u00cdA E HISTORIA V\u00edctor Rodr\u00edguez Baena\u00bb sticky_enabled=\u00bb0&#8243;]<\/p>\n<p><strong>Email:&nbsp; vrodriguez.geh@iescarbula.net<\/strong><\/p>\n<p>[\/et_pb_team_member][et_pb_team_member name=\u00bbLorena Barba\u00bb position=\u00bbProfesora ZTS\u00bb image_url=\u00bbhttps:\/\/blogsaverroes.juntadeandalucia.es\/iescarbulaweb\/files\/2025\/10\/Lorena-Barba-Herrero-GEOGRAFIA-E-HISTORIA-ZTS.jpg\u00bb admin_label=\u00bbProfesor 1&#8243; _builder_version=\u00bb4.24.2&#8243; _module_preset=\u00bbdefault\u00bb position_text_color=\u00bb#000000&#8243; hover_enabled=\u00bb0&#8243; locked=\u00bboff\u00bb global_colors_info=\u00bb{}\u00bb title_text=\u00bbLorena Barba Herrero GEOGRAF\u00cdA E HISTORIA ZTS\u00bb sticky_enabled=\u00bb0&#8243;]<\/p>\n<p><strong>Email: lbarba.zts<\/strong><strong>@iescarbula.net<\/strong><\/p>\n<p>[\/et_pb_team_member][\/et_pb_column][et_pb_column _builder_version=\u00bb4.24.2&#8243; _module_preset=\u00bbdefault\u00bb type=\u00bb1_3&#8243;][et_pb_team_member name=\u00bbPablo Berm\u00fadez\u00bb position=\u00bbProfesor de Geograf\u00eda e Historia\u00bb image_url=\u00bbhttps:\/\/blogsaverroes.juntadeandalucia.es\/iescarbulaweb\/files\/2025\/10\/GEOGRAFIA-HISTORIA-Pablo-Bermudez-Caballero.jpg\u00bb admin_label=\u00bbProfesor 1&#8243; _builder_version=\u00bb4.24.2&#8243; _module_preset=\u00bbdefault\u00bb position_text_color=\u00bb#000000&#8243; hover_enabled=\u00bb0&#8243; global_colors_info=\u00bb{}\u00bb title_text=\u00bbGEOGRAF\u00cdA &amp; HISTORIA Pablo Bermudez Caballero\u00bb sticky_enabled=\u00bb0&#8243;]<\/p>\n<p><strong>Email:&nbsp; pbermudez.geh@iescarbula.net<\/strong><\/p>\n<p>[\/et_pb_team_member][\/et_pb_column][\/et_pb_row][et_pb_row admin_label=\u00bbPresentaciones de materias\u00bb _builder_version=\u00bb4.16&#8243; _module_preset=\u00bbdefault\u00bb custom_padding=\u00bb0px|||||\u00bb locked=\u00bboff\u00bb collapsed=\u00bboff\u00bb global_colors_info=\u00bb{}\u00bb][et_pb_column type=\u00bb4_4&#8243; _builder_version=\u00bb4.16&#8243; _module_preset=\u00bbdefault\u00bb global_colors_info=\u00bb{}\u00bb][et_pb_text admin_label=\u00bbPresentaciones de materias\u00bb _builder_version=\u00bb4.16&#8243; _module_preset=\u00bbdefault\u00bb background_color=\u00bbrgba(0,0,0,0.01)\u00bb text_orientation=\u00bbcenter\u00bb min_height=\u00bb91px\u00bb custom_margin=\u00bb3px||14px||false|false\u00bb custom_padding=\u00bb0px||35px||false|false\u00bb box_shadow_style=\u00bbpreset2&#8243; global_colors_info=\u00bb{}\u00bb]<\/p>\n<h1>&nbsp;<\/h1>\n<h1>Presentaciones de materias<\/h1>\n<p>[\/et_pb_text][\/et_pb_column][\/et_pb_row][et_pb_row column_structure=\u00bb1_2,1_2&#8243; admin_label=\u00bbPresentaciones de materias ESO\u00bb _builder_version=\u00bb4.16&#8243; _module_preset=\u00bbdefault\u00bb locked=\u00bboff\u00bb collapsed=\u00bboff\u00bb global_colors_info=\u00bb{}\u00bb][et_pb_column type=\u00bb1_2&#8243; _builder_version=\u00bb4.16&#8243; _module_preset=\u00bbdefault\u00bb global_colors_info=\u00bb{}\u00bb][et_pb_blurb title=\u00bbGeograf\u00eda e Historia\u00bb use_icon=\u00bbon\u00bb font_icon=\u00bb&#x69;||divi||400&#8243; image_icon_width=\u00bb70px\u00bb admin_label=\u00bb1ESO\u00bb _builder_version=\u00bb4.16&#8243; _module_preset=\u00bbdefault\u00bb header_text_align=\u00bbcenter\u00bb header_font_size=\u00bb24px\u00bb image_icon_custom_margin=\u00bb4px||||false|false\u00bb image_icon_custom_padding=\u00bb4px||||false|false\u00bb text_orientation=\u00bbcenter\u00bb link_option_url=\u00bbhttps:\/\/drive.google.com\/drive\/folders\/1VcTyREYQD4uheq4wd9UPDBHKJvfDq1bB?usp=drive_link\u00bb border_color_all_image=\u00bb#000000&#8243; box_shadow_style=\u00bbpreset1&#8243; global_colors_info=\u00bb{}\u00bb]<\/p>\n<p style=\"text-align: center\">Presentaci\u00f3n de Materias<\/p>\n<p style=\"text-align: center\">&nbsp;<\/p>\n<p>[\/et_pb_blurb][\/et_pb_column][et_pb_column type=\u00bb1_2&#8243; _builder_version=\u00bb4.16&#8243; _module_preset=\u00bbdefault\u00bb global_colors_info=\u00bb{}\u00bb][et_pb_blurb title=\u00bbLat\u00edn, Griego, y Cultura Cl\u00e1sica\u00bb use_icon=\u00bbon\u00bb font_icon=\u00bb&#x69;||divi||400&#8243; image_icon_width=\u00bb70px\u00bb admin_label=\u00bb1ESO\u00bb _builder_version=\u00bb4.16&#8243; _module_preset=\u00bbdefault\u00bb header_text_align=\u00bbcenter\u00bb header_font_size=\u00bb24px\u00bb image_icon_custom_margin=\u00bb4px||||false|false\u00bb image_icon_custom_padding=\u00bb4px||||false|false\u00bb text_orientation=\u00bbcenter\u00bb link_option_url=\u00bbhttps:\/\/drive.google.com\/drive\/folders\/1hWtV_gevCSRD9IJdGvNIV5Oqm2RzwdJ2?usp=drive_link\u00bb border_color_all_image=\u00bb#000000&#8243; box_shadow_style=\u00bbpreset1&#8243; global_colors_info=\u00bb{}\u00bb]<\/p>\n<p style=\"text-align: center\">Presentaci\u00f3n de Materias<\/p>\n<p style=\"text-align: center\">&nbsp;<\/p>\n<p>[\/et_pb_blurb][\/et_pb_column][\/et_pb_row][et_pb_row admin_label=\u00bbNoticias Departamento\u00bb _builder_version=\u00bb4.16&#8243; _module_preset=\u00bbdefault\u00bb collapsed=\u00bboff\u00bb global_colors_info=\u00bb{}\u00bb][et_pb_column type=\u00bb4_4&#8243; _builder_version=\u00bb4.16&#8243; _module_preset=\u00bbdefault\u00bb global_colors_info=\u00bb{}\u00bb][et_pb_text admin_label=\u00bbNoticias y Actividades\u00bb _builder_version=\u00bb4.16&#8243; _module_preset=\u00bbdefault\u00bb background_color=\u00bbrgba(0,0,0,0.01)\u00bb text_orientation=\u00bbcenter\u00bb min_height=\u00bb101px\u00bb custom_margin=\u00bb5px||14px|||\u00bb custom_padding=\u00bb0px||48px|||\u00bb box_shadow_style=\u00bbpreset2&#8243; global_colors_info=\u00bb{}\u00bb]<\/p>\n<h1>&nbsp;<\/h1>\n<h1>Noticias y actividades<\/h1>\n<p>[\/et_pb_text][et_pb_blog posts_number=\u00bb5&#8243; include_categories=\u00bb130,17&#8243; _builder_version=\u00bb4.16&#8243; _module_preset=\u00bbdefault\u00bb custom_margin=\u00bb71px|||||\u00bb global_colors_info=\u00bb{}\u00bb][\/et_pb_blog][\/et_pb_column][\/et_pb_row][\/et_pb_section]<\/p>\n","protected":false},"excerpt":{"rendered":"<p>&nbsp; Profesorado Email:&nbsp; geh@iescarbula.netEmail: lrequena.cla@iescarbula.netEmail:&nbsp; vrodriguez.geh@iescarbula.netEmail: lbarba.zts@iescarbula.netEmail:&nbsp; pbermudez.geh@iescarbula.net&nbsp; Presentaciones de materias Presentaci\u00f3n de Materias &nbsp; Presentaci\u00f3n de Materias &nbsp; &nbsp; Noticias y actividades<\/p>\n","protected":false},"author":3731,"featured_media":0,"parent":2378,"menu_order":0,"comment_status":"closed","ping_status":"closed","template":"","meta":{"_et_pb_use_builder":"on","_et_pb_old_content":"","_et_gb_content_width":"","ngg_post_thumbnail":0,"footnotes":""},"aioseo_notices":[],"_links":{"self":[{"href":"https:\/\/blogsaverroes.juntadeandalucia.es\/iescarbulaweb\/wp-json\/wp\/v2\/pages\/5601"}],"collection":[{"href":"https:\/\/blogsaverroes.juntadeandalucia.es\/iescarbulaweb\/wp-json\/wp\/v2\/pages"}],"about":[{"href":"https:\/\/blogsaverroes.juntadeandalucia.es\/iescarbulaweb\/wp-json\/wp\/v2\/types\/page"}],"author":[{"embeddable":true,"href":"https:\/\/blogsaverroes.juntadeandalucia.es\/iescarbulaweb\/wp-json\/wp\/v2\/users\/3731"}],"replies":[{"embeddable":true,"href":"https:\/\/blogsaverroes.juntadeandalucia.es\/iescarbulaweb\/wp-json\/wp\/v2\/comments?post=5601"}],"version-history":[{"count":16,"href":"https:\/\/blogsaverroes.juntadeandalucia.es\/iescarbulaweb\/wp-json\/wp\/v2\/pages\/5601\/revisions"}],"predecessor-version":[{"id":7369,"href":"https:\/\/blogsaverroes.juntadeandalucia.es\/iescarbulaweb\/wp-json\/wp\/v2\/pages\/5601\/revisions\/7369"}],"up":[{"embeddable":true,"href":"https:\/\/blogsaverroes.juntadeandalucia.es\/iescarbulaweb\/wp-json\/wp\/v2\/pages\/2378"}],"wp:attachment":[{"href":"https:\/\/blogsaverroes.juntadeandalucia.es\/iescarbulaweb\/wp-json\/wp\/v2\/media?parent=5601"}],"curies":[{"name":"wp","href":"https:\/\/api.w.org\/{rel}","templated":true}]}}