{"id":5652,"date":"2023-10-01T08:28:14","date_gmt":"2023-10-01T07:28:14","guid":{"rendered":"https:\/\/blogsaverroes.juntadeandalucia.es\/iescarbulaweb\/?page_id=5652"},"modified":"2026-01-30T09:04:29","modified_gmt":"2026-01-30T08:04:29","slug":"departamento-de-idiomas","status":"publish","type":"page","link":"https:\/\/blogsaverroes.juntadeandalucia.es\/iescarbulaweb\/departamentos\/departamento-de-idiomas\/","title":{"rendered":"Departamento de Idiomas"},"content":{"rendered":"<p>[et_pb_section fb_built=\u00bb1&#8243; admin_label=\u00bbSecci\u00f3n\u00bb _builder_version=\u00bb4.16&#8243; custom_margin=\u00bb|-73px||||\u00bb custom_padding=\u00bb0px||0px|\u00bb z_index_tablet=\u00bb500&#8243; box_shadow_horizontal_tablet=\u00bb0px\u00bb box_shadow_vertical_tablet=\u00bb0px\u00bb box_shadow_blur_tablet=\u00bb40px\u00bb box_shadow_spread_tablet=\u00bb0px\u00bb global_colors_info=\u00bb{}\u00bb][et_pb_row admin_label=\u00bbEncabezado\u00bb _builder_version=\u00bb4.16&#8243; background_size=\u00bbinitial\u00bb background_position=\u00bbtop_left\u00bb background_repeat=\u00bbrepeat\u00bb collapsed=\u00bboff\u00bb global_colors_info=\u00bb{}\u00bb][et_pb_column type=\u00bb4_4&#8243; _builder_version=\u00bb4.16&#8243; custom_padding=\u00bb|||\u00bb global_colors_info=\u00bb{}\u00bb custom_padding__hover=\u00bb|||\u00bb][et_pb_image src=\u00bbhttps:\/\/blogsaverroes.juntadeandalucia.es\/iescarbulaweb\/files\/2023\/10\/Cabecera_Idiomas.png\u00bb title_text=\u00bbCabecera_Idiomas\u00bb admin_label=\u00bbImagen departamento\u00bb _builder_version=\u00bb4.16&#8243; z_index_tablet=\u00bb500&#8243; box_shadow_horizontal_tablet=\u00bb0px\u00bb box_shadow_vertical_tablet=\u00bb0px\u00bb box_shadow_blur_tablet=\u00bb40px\u00bb box_shadow_spread_tablet=\u00bb0px\u00bb global_colors_info=\u00bb{}\u00bb][\/et_pb_image][\/et_pb_column][\/et_pb_row][et_pb_row admin_label=\u00bbTitulo Profesorado\u00bb _builder_version=\u00bb4.16&#8243; _module_preset=\u00bbdefault\u00bb collapsed=\u00bboff\u00bb global_colors_info=\u00bb{}\u00bb][et_pb_column type=\u00bb4_4&#8243; _builder_version=\u00bb4.16&#8243; _module_preset=\u00bbdefault\u00bb global_colors_info=\u00bb{}\u00bb][et_pb_text admin_label=\u00bbTitulo Profesorado\u00bb _builder_version=\u00bb4.16&#8243; _module_preset=\u00bbdefault\u00bb text_orientation=\u00bbcenter\u00bb custom_margin=\u00bb||1px|||\u00bb custom_padding=\u00bb||29px|||\u00bb animation_style=\u00bbfade\u00bb box_shadow_style=\u00bbpreset1&#8243; global_colors_info=\u00bb{}\u00bb]<\/p>\n<h1>&nbsp;<\/h1>\n<h1>Profesorado<\/h1>\n<p>[\/et_pb_text][\/et_pb_column][\/et_pb_row][et_pb_row column_structure=\u00bb1_4,1_4,1_4,1_4&#8243; _builder_version=\u00bb4.16&#8243; _module_preset=\u00bbdefault\u00bb global_colors_info=\u00bb{}\u00bb][et_pb_column type=\u00bb1_4&#8243; _builder_version=\u00bb4.16&#8243; _module_preset=\u00bbdefault\u00bb global_colors_info=\u00bb{}\u00bb][et_pb_team_member name=\u00bbAzahara L\u00f3pez\u00bb position=\u00bbJefa de Departamento\u00bb image_url=\u00bbhttps:\/\/blogsaverroes.juntadeandalucia.es\/iescarbulaweb\/files\/2025\/10\/INGLES-Azahara-Lopez-Duque.jpg\u00bb admin_label=\u00bbProfesor 1&#8243; _builder_version=\u00bb4.24.2&#8243; _module_preset=\u00bbdefault\u00bb position_text_color=\u00bb#000000&#8243; global_colors_info=\u00bb{}\u00bb]<\/p>\n<p><strong>Email:&nbsp; idiomas@iescarbula.net<\/strong><\/p>\n<p>[\/et_pb_team_member][et_pb_team_member name=\u00bbPablo Luque\u00bb position=\u00bbProfesor de Ingl\u00e9s\u00bb image_url=\u00bbhttps:\/\/blogsaverroes.juntadeandalucia.es\/iescarbulaweb\/files\/2025\/10\/INGLES-Pablo-Luque-Simon.jpg\u00bb image_url_tablet=\u00bbhttps:\/\/blogsaverroes.juntadeandalucia.es\/iescarbulaweb\/files\/2023\/10\/INGL\u00c9S-Andr\u00e9s-Jim\u00e9nez-Llorens.jpg\u00bb image_url_phone=\u00bbhttps:\/\/blogsaverroes.juntadeandalucia.es\/iescarbulaweb\/files\/2023\/10\/INGL\u00c9S-Andr\u00e9s-Jim\u00e9nez-Llorens.jpg\u00bb image_url_last_edited=\u00bbon|desktop\u00bb admin_label=\u00bbProfesor 1&#8243; _builder_version=\u00bb4.24.2&#8243; _module_preset=\u00bbdefault\u00bb position_text_color=\u00bb#000000&#8243; locked=\u00bboff\u00bb global_colors_info=\u00bb{}\u00bb]<\/p>\n<p><strong>Email:&nbsp; pluque.ing@iescarbula.net<\/strong><\/p>\n<p>[\/et_pb_team_member][\/et_pb_column][et_pb_column type=\u00bb1_4&#8243; _builder_version=\u00bb4.16&#8243; _module_preset=\u00bbdefault\u00bb global_colors_info=\u00bb{}\u00bb][et_pb_team_member name=\u00bbMayte Alcalde\u00bb position=\u00bbProfesora de Franc\u00e9s\u00bb image_url=\u00bbhttps:\/\/blogsaverroes.juntadeandalucia.es\/iescarbulaweb\/files\/2025\/10\/Captura-de-pantalla-2025-10-05-141322-1.png\u00bb image_url_tablet=\u00bbhttps:\/\/blogsaverroes.juntadeandalucia.es\/iescarbulaweb\/files\/2023\/10\/FRANC\u00c9S-Mayte-Alcalde-Sedano.jpg\u00bb image_url_phone=\u00bbhttps:\/\/blogsaverroes.juntadeandalucia.es\/iescarbulaweb\/files\/2023\/10\/FRANC\u00c9S-Mayte-Alcalde-Sedano.jpg\u00bb image_url_last_edited=\u00bbon|desktop\u00bb admin_label=\u00bbProfesor 1&#8243; _builder_version=\u00bb4.24.2&#8243; _module_preset=\u00bbdefault\u00bb position_text_color=\u00bb#000000&#8243; locked=\u00bboff\u00bb global_colors_info=\u00bb{}\u00bb]<\/p>\n<p><strong>Email: malcalde.fra@iescarbula.net<\/strong><\/p>\n<p>[\/et_pb_team_member][et_pb_team_member name=\u00bbMarta Gallardo\u00bb position=\u00bbProfesora de Ingl\u00e9s\u00bb image_url=\u00bbhttps:\/\/blogsaverroes.juntadeandalucia.es\/iescarbulaweb\/files\/2025\/10\/Marta-Gallardo-Cordon-INGLES.jpg\u00bb admin_label=\u00bbProfesor 1&#8243; _builder_version=\u00bb4.24.2&#8243; _module_preset=\u00bbdefault\u00bb position_text_color=\u00bb#000000&#8243; custom_padding=\u00bb|0px|48px|||\u00bb global_colors_info=\u00bb{}\u00bb]<\/p>\n<p><strong>Email:&nbsp; mgallardo.ing@iescarbula.net<\/strong><\/p>\n<p>[\/et_pb_team_member][\/et_pb_column][et_pb_column type=\u00bb1_4&#8243; _builder_version=\u00bb4.16&#8243; _module_preset=\u00bbdefault\u00bb global_colors_info=\u00bb{}\u00bb][et_pb_team_member name=\u00bbLaura Hidalgo\u00bb position=\u00bbProfesora de Ingl\u00e9s\u00bb image_url=\u00bbhttps:\/\/blogsaverroes.juntadeandalucia.es\/iescarbulaweb\/files\/2025\/10\/INGLES-Laura-Hidalgo-Lopez.jpg\u00bb image_url_tablet=\u00bbhttps:\/\/blogsaverroes.juntadeandalucia.es\/iescarbulaweb\/files\/2023\/10\/descarga-e1696144564685.png\u00bb image_url_phone=\u00bbhttps:\/\/blogsaverroes.juntadeandalucia.es\/iescarbulaweb\/files\/2023\/10\/descarga-e1696144564685.png\u00bb image_url_last_edited=\u00bbon|desktop\u00bb admin_label=\u00bbProfesor 1&#8243; _builder_version=\u00bb4.24.2&#8243; _module_preset=\u00bbdefault\u00bb position_text_color=\u00bb#000000&#8243; locked=\u00bboff\u00bb global_colors_info=\u00bb{}\u00bb]<\/p>\n<p><strong>Email: lhidalgo.ing@iescarbula.net<\/strong><\/p>\n<p>[\/et_pb_team_member][et_pb_team_member name=\u00bbCristina Castro\u00bb position=\u00bbProfesora de Ingl\u00e9s\u00bb image_url=\u00bbhttps:\/\/blogsaverroes.juntadeandalucia.es\/iescarbulaweb\/files\/2025\/10\/Cristina-Castro-Ballesteros-INGLES-1.jpg\u00bb image_url_tablet=\u00bbhttps:\/\/blogsaverroes.juntadeandalucia.es\/iescarbulaweb\/files\/2023\/10\/INGL\u00c9S-Maite-Santos-Casado.jpg\u00bb image_url_phone=\u00bbhttps:\/\/blogsaverroes.juntadeandalucia.es\/iescarbulaweb\/files\/2023\/10\/INGL\u00c9S-Maite-Santos-Casado.jpg\u00bb image_url_last_edited=\u00bbon|desktop\u00bb admin_label=\u00bbProfesor 1&#8243; _builder_version=\u00bb4.24.2&#8243; _module_preset=\u00bbdefault\u00bb position_text_color=\u00bb#000000&#8243; locked=\u00bboff\u00bb global_colors_info=\u00bb{}\u00bb]<\/p>\n<p><strong>Email:&nbsp; ccastro.ing@iescarbula.net<\/strong><\/p>\n<p>[\/et_pb_team_member][\/et_pb_column][et_pb_column type=\u00bb1_4&#8243; _builder_version=\u00bb4.16&#8243; _module_preset=\u00bbdefault\u00bb global_colors_info=\u00bb{}\u00bb][et_pb_team_member name=\u00bbEva Fernandez\u00bb position=\u00bbProfesora de Ingl\u00e9s\u00bb image_url=\u00bbhttps:\/\/blogsaverroes.juntadeandalucia.es\/iescarbulaweb\/files\/2025\/10\/INGLES-Eva-Ma-Ortiz-Egea.jpg\u00bb image_url_tablet=\u00bbhttps:\/\/blogsaverroes.juntadeandalucia.es\/iescarbulaweb\/files\/2023\/10\/INGL\u00c9S-Eva-M\u00aa-Ortiz-Egea.jpg\u00bb image_url_phone=\u00bbhttps:\/\/blogsaverroes.juntadeandalucia.es\/iescarbulaweb\/files\/2023\/10\/INGL\u00c9S-Eva-M\u00aa-Ortiz-Egea.jpg\u00bb image_url_last_edited=\u00bbon|desktop\u00bb admin_label=\u00bbProfesor 1&#8243; _builder_version=\u00bb4.24.2&#8243; _module_preset=\u00bbdefault\u00bb position_text_color=\u00bb#000000&#8243; locked=\u00bboff\u00bb global_colors_info=\u00bb{}\u00bb]<\/p>\n<p><strong>Email:&nbsp; eortiz.ing@iescarbula.net<\/strong><\/p>\n<p>[\/et_pb_team_member][et_pb_team_member name=\u00bbDaniel Vera\u00bb position=\u00bbProfesor de Ingl\u00e9s\u00bb image_url=\u00bbhttps:\/\/blogsaverroes.juntadeandalucia.es\/iescarbulaweb\/files\/2025\/10\/INGLES-Daniel-Vera-Ayala.jpg\u00bb image_url_tablet=\u00bbhttps:\/\/blogsaverroes.juntadeandalucia.es\/iescarbulaweb\/files\/2023\/10\/INGL\u00c9S-Daniel-Vera-Ayala.jpg\u00bb image_url_phone=\u00bbhttps:\/\/blogsaverroes.juntadeandalucia.es\/iescarbulaweb\/files\/2023\/10\/INGL\u00c9S-Daniel-Vera-Ayala.jpg\u00bb image_url_last_edited=\u00bbon|desktop\u00bb admin_label=\u00bbProfesor 1&#8243; _builder_version=\u00bb4.24.2&#8243; _module_preset=\u00bbdefault\u00bb position_text_color=\u00bb#000000&#8243; locked=\u00bboff\u00bb global_colors_info=\u00bb{}\u00bb]<\/p>\n<p><strong>Email:&nbsp; dvera.ing@iescarbula.net<\/strong><\/p>\n<p>[\/et_pb_team_member][\/et_pb_column][\/et_pb_row][et_pb_row admin_label=\u00bbPresentaciones de materias\u00bb _builder_version=\u00bb4.16&#8243; _module_preset=\u00bbdefault\u00bb locked=\u00bboff\u00bb collapsed=\u00bboff\u00bb global_colors_info=\u00bb{}\u00bb][et_pb_column type=\u00bb4_4&#8243; _builder_version=\u00bb4.16&#8243; _module_preset=\u00bbdefault\u00bb global_colors_info=\u00bb{}\u00bb][et_pb_text admin_label=\u00bbPresentaciones de materias\u00bb _builder_version=\u00bb4.16&#8243; _module_preset=\u00bbdefault\u00bb background_color=\u00bbrgba(0,0,0,0.01)\u00bb text_orientation=\u00bbcenter\u00bb min_height=\u00bb101px\u00bb custom_margin=\u00bb126px||14px|||\u00bb custom_padding=\u00bb0px||48px|||\u00bb box_shadow_style=\u00bbpreset2&#8243; global_colors_info=\u00bb{}\u00bb]<\/p>\n<h1>\u00a0<\/h1>\n<h1>Presentaciones de materias<\/h1>\n<p>[\/et_pb_text][\/et_pb_column][\/et_pb_row][et_pb_row column_structure=\u00bb1_3,1_3,1_3&#8243; admin_label=\u00bbPresentaciones de materias ESO\u00bb _builder_version=\u00bb4.16&#8243; _module_preset=\u00bbdefault\u00bb locked=\u00bboff\u00bb collapsed=\u00bboff\u00bb global_colors_info=\u00bb{}\u00bb][et_pb_column type=\u00bb1_3&#8243; _builder_version=\u00bb4.16&#8243; _module_preset=\u00bbdefault\u00bb global_colors_info=\u00bb{}\u00bb][et_pb_blurb title=\u00bbIngl\u00e9s\u00bb use_icon=\u00bbon\u00bb font_icon=\u00bb&#x69;||divi||400&#8243; image_icon_width=\u00bb70px\u00bb admin_label=\u00bb1ESO\u00bb _builder_version=\u00bb4.16&#8243; _module_preset=\u00bbdefault\u00bb header_text_align=\u00bbcenter\u00bb header_font_size=\u00bb24px\u00bb image_icon_custom_margin=\u00bb4px||||false|false\u00bb image_icon_custom_padding=\u00bb4px||||false|false\u00bb text_orientation=\u00bbcenter\u00bb link_option_url=\u00bbhttps:\/\/drive.google.com\/drive\/folders\/1tIgKSbfvDqNtjvwHmEEQF5Iea899UNkZ?usp=drive_link\u00bb border_color_all_image=\u00bb#000000&#8243; box_shadow_style=\u00bbpreset1&#8243; global_colors_info=\u00bb{}\u00bb]<\/p>\n<p style=\"text-align: center\">Presentaci\u00f3n de Materias<\/p>\n<p>[\/et_pb_blurb][\/et_pb_column][et_pb_column type=\u00bb1_3&#8243; _builder_version=\u00bb4.16&#8243; _module_preset=\u00bbdefault\u00bb global_colors_info=\u00bb{}\u00bb][et_pb_blurb title=\u00bbFranc\u00e9s\u00bb use_icon=\u00bbon\u00bb font_icon=\u00bb&#x69;||divi||400&#8243; image_icon_width=\u00bb70px\u00bb admin_label=\u00bb2ESO\u00bb _builder_version=\u00bb4.24.2&#8243; _module_preset=\u00bbdefault\u00bb header_font_size=\u00bb24px\u00bb image_icon_custom_margin=\u00bb4px||||false|false\u00bb image_icon_custom_padding=\u00bb4px||||false|false\u00bb text_orientation=\u00bbcenter\u00bb link_option_url=\u00bbhttps:\/\/drive.google.com\/drive\/folders\/1PaR4ud2rKMlVcrKmiVOMjuMfy9-F_Y1Y?usp=sharing\u00bb hover_enabled=\u00bb0&#8243; border_color_all_image=\u00bb#000000&#8243; box_shadow_style=\u00bbpreset1&#8243; locked=\u00bboff\u00bb global_colors_info=\u00bb{}\u00bb sticky_enabled=\u00bb0&#8243;]<\/p>\n<p style=\"text-align: center\">Presentaci\u00f3n de Materias<\/p>\n<p>[\/et_pb_blurb][\/et_pb_column][et_pb_column type=\u00bb1_3&#8243; _builder_version=\u00bb4.16&#8243; _module_preset=\u00bbdefault\u00bb global_colors_info=\u00bb{}\u00bb][et_pb_blurb title=\u00bb\u00c1mbito CSI (CFGB)\u00bb use_icon=\u00bbon\u00bb font_icon=\u00bb&#x69;||divi||400&#8243; image_icon_width=\u00bb70px\u00bb admin_label=\u00bb2ESO\u00bb _builder_version=\u00bb4.16&#8243; _module_preset=\u00bbdefault\u00bb header_font_size=\u00bb24px\u00bb image_icon_custom_margin=\u00bb4px||||false|false\u00bb image_icon_custom_padding=\u00bb4px||||false|false\u00bb text_orientation=\u00bbcenter\u00bb link_option_url=\u00bbhttps:\/\/drive.google.com\/drive\/folders\/1YWvpjPs1By3T3lSTYmF035-rVe_RyoVa?usp=drive_link\u00bb border_color_all_image=\u00bb#000000&#8243; box_shadow_style=\u00bbpreset1&#8243; locked=\u00bboff\u00bb global_colors_info=\u00bb{}\u00bb]<\/p>\n<p style=\"text-align: center\">Presentaci\u00f3n de Materias<\/p>\n<p>[\/et_pb_blurb][\/et_pb_column][\/et_pb_row][et_pb_row column_structure=\u00bb1_2,1_2&#8243; admin_label=\u00bbPresentaciones de materias BACH\u00bb _builder_version=\u00bb4.16&#8243; _module_preset=\u00bbdefault\u00bb locked=\u00bboff\u00bb collapsed=\u00bboff\u00bb global_colors_info=\u00bb{}\u00bb][et_pb_column type=\u00bb1_2&#8243; _builder_version=\u00bb4.16&#8243; _module_preset=\u00bbdefault\u00bb global_colors_info=\u00bb{}\u00bb][\/et_pb_column][et_pb_column type=\u00bb1_2&#8243; _builder_version=\u00bb4.16&#8243; _module_preset=\u00bbdefault\u00bb global_colors_info=\u00bb{}\u00bb][\/et_pb_column][\/et_pb_row][et_pb_row admin_label=\u00bbNoticias Departamento\u00bb _builder_version=\u00bb4.16&#8243; _module_preset=\u00bbdefault\u00bb collapsed=\u00bboff\u00bb global_colors_info=\u00bb{}\u00bb][et_pb_column type=\u00bb4_4&#8243; _builder_version=\u00bb4.16&#8243; _module_preset=\u00bbdefault\u00bb global_colors_info=\u00bb{}\u00bb][et_pb_text admin_label=\u00bbPresentaciones de materias\u00bb _builder_version=\u00bb4.16&#8243; _module_preset=\u00bbdefault\u00bb background_color=\u00bbrgba(0,0,0,0.01)\u00bb text_orientation=\u00bbcenter\u00bb min_height=\u00bb101px\u00bb custom_margin=\u00bb134px||14px|||\u00bb custom_padding=\u00bb0px||48px|||\u00bb box_shadow_style=\u00bbpreset2&#8243; global_colors_info=\u00bb{}\u00bb]<\/p>\n<h1>&nbsp;<\/h1>\n<h1>Noticias y actividades<\/h1>\n<p>[\/et_pb_text][et_pb_blog posts_number=\u00bb5&#8243; include_categories=\u00bb127,13&#8243; _builder_version=\u00bb4.16&#8243; _module_preset=\u00bbdefault\u00bb custom_margin=\u00bb71px|||||\u00bb global_colors_info=\u00bb{}\u00bb][\/et_pb_blog][\/et_pb_column][\/et_pb_row][\/et_pb_section]<\/p>\n","protected":false},"excerpt":{"rendered":"<p>&nbsp; ProfesoradoEmail:&nbsp; idiomas@iescarbula.netEmail:&nbsp; pluque.ing@iescarbula.netEmail: malcalde.fra@iescarbula.netEmail:&nbsp; mgallardo.ing@iescarbula.netEmail: lhidalgo.ing@iescarbula.netEmail:&nbsp; ccastro.ing@iescarbula.netEmail:&nbsp; eortiz.ing@iescarbula.netEmail:&nbsp; dvera.ing@iescarbula.net\u00a0 Presentaciones de materiasPresentaci\u00f3n de MateriasPresentaci\u00f3n de MateriasPresentaci\u00f3n de Materias&nbsp; Noticias y actividades<\/p>\n","protected":false},"author":3731,"featured_media":0,"parent":2378,"menu_order":0,"comment_status":"closed","ping_status":"closed","template":"","meta":{"_et_pb_use_builder":"on","_et_pb_old_content":"","_et_gb_content_width":"","ngg_post_thumbnail":0,"footnotes":""},"aioseo_notices":[],"_links":{"self":[{"href":"https:\/\/blogsaverroes.juntadeandalucia.es\/iescarbulaweb\/wp-json\/wp\/v2\/pages\/5652"}],"collection":[{"href":"https:\/\/blogsaverroes.juntadeandalucia.es\/iescarbulaweb\/wp-json\/wp\/v2\/pages"}],"about":[{"href":"https:\/\/blogsaverroes.juntadeandalucia.es\/iescarbulaweb\/wp-json\/wp\/v2\/types\/page"}],"author":[{"embeddable":true,"href":"https:\/\/blogsaverroes.juntadeandalucia.es\/iescarbulaweb\/wp-json\/wp\/v2\/users\/3731"}],"replies":[{"embeddable":true,"href":"https:\/\/blogsaverroes.juntadeandalucia.es\/iescarbulaweb\/wp-json\/wp\/v2\/comments?post=5652"}],"version-history":[{"count":19,"href":"https:\/\/blogsaverroes.juntadeandalucia.es\/iescarbulaweb\/wp-json\/wp\/v2\/pages\/5652\/revisions"}],"predecessor-version":[{"id":7422,"href":"https:\/\/blogsaverroes.juntadeandalucia.es\/iescarbulaweb\/wp-json\/wp\/v2\/pages\/5652\/revisions\/7422"}],"up":[{"embeddable":true,"href":"https:\/\/blogsaverroes.juntadeandalucia.es\/iescarbulaweb\/wp-json\/wp\/v2\/pages\/2378"}],"wp:attachment":[{"href":"https:\/\/blogsaverroes.juntadeandalucia.es\/iescarbulaweb\/wp-json\/wp\/v2\/media?parent=5652"}],"curies":[{"name":"wp","href":"https:\/\/api.w.org\/{rel}","templated":true}]}}