{"id":5730,"date":"2023-10-25T10:07:26","date_gmt":"2023-10-25T09:07:26","guid":{"rendered":"https:\/\/blogsaverroes.juntadeandalucia.es\/iescarbulaweb\/?page_id=5730"},"modified":"2025-10-05T13:37:33","modified_gmt":"2025-10-05T12:37:33","slug":"departamento-de-biologia-y-geologia","status":"publish","type":"page","link":"https:\/\/blogsaverroes.juntadeandalucia.es\/iescarbulaweb\/departamentos\/departamento-de-biologia-y-geologia\/","title":{"rendered":"Departamento de Biolog\u00eda y Geolog\u00eda"},"content":{"rendered":"<p>[et_pb_section fb_built=\u00bb1&#8243; admin_label=\u00bbSecci\u00f3n\u00bb _builder_version=\u00bb4.16&#8243; custom_margin=\u00bb|-73px||||\u00bb custom_padding=\u00bb0px||0px|\u00bb z_index_tablet=\u00bb500&#8243; box_shadow_horizontal_tablet=\u00bb0px\u00bb box_shadow_vertical_tablet=\u00bb0px\u00bb box_shadow_blur_tablet=\u00bb40px\u00bb box_shadow_spread_tablet=\u00bb0px\u00bb global_colors_info=\u00bb{}\u00bb][et_pb_row admin_label=\u00bbEncabezado\u00bb _builder_version=\u00bb4.16&#8243; background_size=\u00bbinitial\u00bb background_position=\u00bbtop_left\u00bb background_repeat=\u00bbrepeat\u00bb collapsed=\u00bboff\u00bb global_colors_info=\u00bb{}\u00bb][et_pb_column type=\u00bb4_4&#8243; _builder_version=\u00bb4.16&#8243; custom_padding=\u00bb|||\u00bb global_colors_info=\u00bb{}\u00bb custom_padding__hover=\u00bb|||\u00bb][et_pb_image src=\u00bbhttps:\/\/blogsaverroes.juntadeandalucia.es\/iescarbulaweb\/files\/2023\/10\/EncabezadosWeb.png\u00bb title_text=\u00bbEncabezado_byg\u00bb admin_label=\u00bbImagen departamento\u00bb _builder_version=\u00bb4.16&#8243; z_index_tablet=\u00bb500&#8243; box_shadow_horizontal_tablet=\u00bb0px\u00bb box_shadow_vertical_tablet=\u00bb0px\u00bb box_shadow_blur_tablet=\u00bb40px\u00bb box_shadow_spread_tablet=\u00bb0px\u00bb global_colors_info=\u00bb{}\u00bb][\/et_pb_image][\/et_pb_column][\/et_pb_row][et_pb_row admin_label=\u00bbTitulo Profesorado\u00bb _builder_version=\u00bb4.16&#8243; _module_preset=\u00bbdefault\u00bb collapsed=\u00bboff\u00bb global_colors_info=\u00bb{}\u00bb][et_pb_column type=\u00bb4_4&#8243; _builder_version=\u00bb4.16&#8243; _module_preset=\u00bbdefault\u00bb global_colors_info=\u00bb{}\u00bb][et_pb_text admin_label=\u00bbTitulo Profesorado\u00bb _builder_version=\u00bb4.16&#8243; _module_preset=\u00bbdefault\u00bb text_orientation=\u00bbcenter\u00bb custom_margin=\u00bb||1px|||\u00bb custom_padding=\u00bb||62px|||\u00bb animation_style=\u00bbfade\u00bb box_shadow_style=\u00bbpreset1&#8243; global_colors_info=\u00bb{}\u00bb]<\/p>\n<h1>&nbsp;<\/h1>\n<h1>Profesorado<\/h1>\n<p>[\/et_pb_text][\/et_pb_column][\/et_pb_row][et_pb_row column_structure=\u00bb1_3,1_3,1_3&#8243; admin_label=\u00bbProfesorado\u00bb _builder_version=\u00bb4.16&#8243; _module_preset=\u00bbdefault\u00bb collapsed=\u00bboff\u00bb global_colors_info=\u00bb{}\u00bb][et_pb_column type=\u00bb1_3&#8243; _builder_version=\u00bb4.16&#8243; _module_preset=\u00bbdefault\u00bb global_colors_info=\u00bb{}\u00bb][et_pb_team_member name=\u00bbJuan Rodr\u00edguez\u00bb position=\u00bbJefe de Departamento\u00bb image_url=\u00bbhttps:\/\/blogsaverroes.juntadeandalucia.es\/iescarbulaweb\/files\/2025\/10\/Juan-Rodriguez-Ramos-BIOLOGIA-Y-GEOLOGIA.jpg\u00bb admin_label=\u00bbProfesor 1&#8243; _builder_version=\u00bb4.24.2&#8243; _module_preset=\u00bbdefault\u00bb position_text_color=\u00bb#000000&#8243; hover_enabled=\u00bb0&#8243; global_colors_info=\u00bb{}\u00bb title_text=\u00bbJuan Rodr\u00edguez Ramos BIOLOG\u00cdA Y GEOLOG\u00cdA\u00bb sticky_enabled=\u00bb0&#8243;]<\/p>\n<p><strong>Email:&nbsp; byg@iescarbula.net<\/strong><\/p>\n<p>[\/et_pb_team_member][\/et_pb_column][et_pb_column type=\u00bb1_3&#8243; _builder_version=\u00bb4.16&#8243; _module_preset=\u00bbdefault\u00bb global_colors_info=\u00bb{}\u00bb][et_pb_team_member name=\u00bbDolores Cano\u00bb position=\u00bbProfesora de Biolog\u00eda y Geolog\u00eda\u00bb image_url=\u00bbhttps:\/\/blogsaverroes.juntadeandalucia.es\/iescarbulaweb\/files\/2025\/10\/BIOLOGIA-GEOLOGIA-Loli-Cano-Henares.jpg\u00bb admin_label=\u00bbProfesor 1&#8243; _builder_version=\u00bb4.24.2&#8243; _module_preset=\u00bbdefault\u00bb position_text_color=\u00bb#000000&#8243; hover_enabled=\u00bb0&#8243; locked=\u00bboff\u00bb global_colors_info=\u00bb{}\u00bb image_url__hover_enabled=\u00bbon|desktop\u00bb image_url__hover=\u00bb\u00bb title_text=\u00bbBIOLOG\u00cdA-GEOLOG\u00cdA Loli Cano Henares\u00bb sticky_enabled=\u00bb0&#8243;]<\/p>\n<p><strong>Email: dcano.byg@iescarbula.net<\/strong><\/p>\n<p>[\/et_pb_team_member][\/et_pb_column][et_pb_column type=\u00bb1_3&#8243; _builder_version=\u00bb4.16&#8243; _module_preset=\u00bbdefault\u00bb global_colors_info=\u00bb{}\u00bb][et_pb_team_member name=\u00bbBibiana Larios\u00bb position=\u00bbProfesora de Biolog\u00eda y Geolog\u00eda\u00bb image_url=\u00bbhttps:\/\/blogsaverroes.juntadeandalucia.es\/iescarbulaweb\/files\/2025\/10\/Bibiana-Larios-Bernal-BIOLOGIA-Y-GEOLOGIA.jpg\u00bb admin_label=\u00bbProfesor 1&#8243; _builder_version=\u00bb4.24.2&#8243; _module_preset=\u00bbdefault\u00bb position_text_color=\u00bb#000000&#8243; hover_enabled=\u00bb0&#8243; global_colors_info=\u00bb{}\u00bb title_text=\u00bbBibiana Larios Bernal BIOLOG\u00cdA Y GEOLOG\u00cdA\u00bb sticky_enabled=\u00bb0&#8243;]<\/p>\n<p><strong>Email:&nbsp; blarios<span data-sheets-root=\"1\">.byg@iescarbula.net<\/span><\/strong><\/p>\n<p>[\/et_pb_team_member][\/et_pb_column][\/et_pb_row][et_pb_row admin_label=\u00bbPresentaciones de materias\u00bb _builder_version=\u00bb4.16&#8243; _module_preset=\u00bbdefault\u00bb custom_padding=\u00bb0px|||||\u00bb locked=\u00bboff\u00bb collapsed=\u00bboff\u00bb global_colors_info=\u00bb{}\u00bb][et_pb_column type=\u00bb4_4&#8243; _builder_version=\u00bb4.16&#8243; _module_preset=\u00bbdefault\u00bb global_colors_info=\u00bb{}\u00bb][et_pb_text admin_label=\u00bbPresentaciones de materias\u00bb _builder_version=\u00bb4.16&#8243; _module_preset=\u00bbdefault\u00bb background_color=\u00bbrgba(0,0,0,0.01)\u00bb text_orientation=\u00bbcenter\u00bb min_height=\u00bb91px\u00bb custom_margin=\u00bb3px||14px||false|false\u00bb custom_padding=\u00bb0px||35px||false|false\u00bb box_shadow_style=\u00bbpreset2&#8243; global_colors_info=\u00bb{}\u00bb]<\/p>\n<h1>&nbsp;<\/h1>\n<h1>Presentaciones de materias<\/h1>\n<p>[\/et_pb_text][\/et_pb_column][\/et_pb_row][et_pb_row column_structure=\u00bb1_3,1_3,1_3&#8243; admin_label=\u00bbPresentaciones de materias ESO\u00bb _builder_version=\u00bb4.16&#8243; _module_preset=\u00bbdefault\u00bb locked=\u00bboff\u00bb collapsed=\u00bboff\u00bb global_colors_info=\u00bb{}\u00bb][et_pb_column type=\u00bb1_3&#8243; _builder_version=\u00bb4.16&#8243; _module_preset=\u00bbdefault\u00bb global_colors_info=\u00bb{}\u00bb][et_pb_blurb title=\u00bbBiolog\u00eda y Geolog\u00eda\u00bb url=\u00bbhttps:\/\/drive.google.com\/drive\/folders\/1XZb7a9qpXMtP1XQMjLmJaA1STWnslpxk?usp=drive_link\u00bb use_icon=\u00bbon\u00bb font_icon=\u00bbi||divi||400&#8243; image_icon_width=\u00bb70px\u00bb admin_label=\u00bb1ESO\u00bb _builder_version=\u00bb4.16&#8243; _module_preset=\u00bbdefault\u00bb header_text_align=\u00bbcenter\u00bb header_font_size=\u00bb24px\u00bb image_icon_custom_margin=\u00bb4px||||false|false\u00bb image_icon_custom_padding=\u00bb4px||||false|false\u00bb text_orientation=\u00bbcenter\u00bb link_option_url=\u00bbhttps:\/\/drive.google.com\/drive\/folders\/1XZb7a9qpXMtP1XQMjLmJaA1STWnslpxk?usp=drive_link\u00bb border_color_all_image=\u00bb#000000&#8243; box_shadow_style=\u00bbpreset1&#8243; global_colors_info=\u00bb{}\u00bb]<\/p>\n<p style=\"text-align: center\">Presentaci\u00f3n de Materias<\/p>\n<p style=\"text-align: center\">&nbsp;<\/p>\n<p>[\/et_pb_blurb][\/et_pb_column][et_pb_column type=\u00bb1_3&#8243; _builder_version=\u00bb4.16&#8243; _module_preset=\u00bbdefault\u00bb global_colors_info=\u00bb{}\u00bb][et_pb_blurb title=\u00bbCultura Cient\u00edfica\u00bb url=\u00bbhttps:\/\/drive.google.com\/drive\/folders\/15v752t3824b9tYMoJ5eXsKalI0W1DEn4?usp=drive_link\u00bb use_icon=\u00bbon\u00bb font_icon=\u00bbi||divi||400&#8243; image_icon_width=\u00bb70px\u00bb admin_label=\u00bb1ESO\u00bb _builder_version=\u00bb4.16&#8243; _module_preset=\u00bbdefault\u00bb header_text_align=\u00bbcenter\u00bb header_font_size=\u00bb24px\u00bb image_icon_custom_margin=\u00bb4px||||false|false\u00bb image_icon_custom_padding=\u00bb4px||||false|false\u00bb text_orientation=\u00bbcenter\u00bb border_color_all_image=\u00bb#000000&#8243; box_shadow_style=\u00bbpreset1&#8243; global_colors_info=\u00bb{}\u00bb]<\/p>\n<p style=\"text-align: center\">Presentaci\u00f3n de Materias<\/p>\n<p style=\"text-align: center\">&nbsp;<\/p>\n<p>[\/et_pb_blurb][\/et_pb_column][et_pb_column type=\u00bb1_3&#8243; _builder_version=\u00bb4.16&#8243; _module_preset=\u00bbdefault\u00bb global_colors_info=\u00bb{}\u00bb][et_pb_blurb title=\u00bbAnatom\u00eda\u00bb url=\u00bbhttps:\/\/drive.google.com\/drive\/folders\/15EwrK2i0dBqV-tbrIj3yI9pP0NrNBeKj?usp=drive_link\u00bb use_icon=\u00bbon\u00bb font_icon=\u00bbi||divi||400&#8243; image_icon_width=\u00bb70px\u00bb admin_label=\u00bb1ESO\u00bb _builder_version=\u00bb4.16&#8243; _module_preset=\u00bbdefault\u00bb header_text_align=\u00bbcenter\u00bb header_font_size=\u00bb24px\u00bb image_icon_custom_margin=\u00bb4px||||false|false\u00bb image_icon_custom_padding=\u00bb4px||||false|false\u00bb text_orientation=\u00bbcenter\u00bb border_color_all_image=\u00bb#000000&#8243; box_shadow_style=\u00bbpreset1&#8243; global_colors_info=\u00bb{}\u00bb]<\/p>\n<p style=\"text-align: center\">Presentaci\u00f3n de Materias<\/p>\n<p style=\"text-align: center\">&nbsp;<\/p>\n<p>[\/et_pb_blurb][\/et_pb_column][\/et_pb_row][et_pb_row admin_label=\u00bbNoticias Departamento\u00bb _builder_version=\u00bb4.16&#8243; _module_preset=\u00bbdefault\u00bb collapsed=\u00bboff\u00bb global_colors_info=\u00bb{}\u00bb][et_pb_column type=\u00bb4_4&#8243; _builder_version=\u00bb4.16&#8243; _module_preset=\u00bbdefault\u00bb global_colors_info=\u00bb{}\u00bb][et_pb_text admin_label=\u00bbNoticias y Actividades\u00bb _builder_version=\u00bb4.16&#8243; _module_preset=\u00bbdefault\u00bb background_color=\u00bbrgba(0,0,0,0.01)\u00bb text_orientation=\u00bbcenter\u00bb min_height=\u00bb101px\u00bb custom_margin=\u00bb5px||14px|||\u00bb custom_padding=\u00bb0px||48px|||\u00bb box_shadow_style=\u00bbpreset2&#8243; global_colors_info=\u00bb{}\u00bb]<\/p>\n<h1>&nbsp;<\/h1>\n<h1>Noticias y actividades<\/h1>\n<p>[\/et_pb_text][et_pb_blog posts_number=\u00bb5&#8243; include_categories=\u00bb29&#8243; _builder_version=\u00bb4.16&#8243; _module_preset=\u00bbdefault\u00bb custom_margin=\u00bb71px|||||\u00bb global_colors_info=\u00bb{}\u00bb][\/et_pb_blog][\/et_pb_column][\/et_pb_row][\/et_pb_section]<\/p>\n","protected":false},"excerpt":{"rendered":"<p>&nbsp; Profesorado Email:&nbsp; byg@iescarbula.net Email: dcano.byg@iescarbula.net Email:&nbsp; blarios.byg@iescarbula.net &nbsp; Presentaciones de materias Presentaci\u00f3n de Materias &nbsp; Presentaci\u00f3n de Materias &nbsp; Presentaci\u00f3n de Materias &nbsp; &nbsp; Noticias y actividades<\/p>\n","protected":false},"author":3731,"featured_media":0,"parent":2378,"menu_order":0,"comment_status":"closed","ping_status":"closed","template":"","meta":{"_et_pb_use_builder":"on","_et_pb_old_content":"","_et_gb_content_width":"","ngg_post_thumbnail":0,"footnotes":""},"aioseo_notices":[],"_links":{"self":[{"href":"https:\/\/blogsaverroes.juntadeandalucia.es\/iescarbulaweb\/wp-json\/wp\/v2\/pages\/5730"}],"collection":[{"href":"https:\/\/blogsaverroes.juntadeandalucia.es\/iescarbulaweb\/wp-json\/wp\/v2\/pages"}],"about":[{"href":"https:\/\/blogsaverroes.juntadeandalucia.es\/iescarbulaweb\/wp-json\/wp\/v2\/types\/page"}],"author":[{"embeddable":true,"href":"https:\/\/blogsaverroes.juntadeandalucia.es\/iescarbulaweb\/wp-json\/wp\/v2\/users\/3731"}],"replies":[{"embeddable":true,"href":"https:\/\/blogsaverroes.juntadeandalucia.es\/iescarbulaweb\/wp-json\/wp\/v2\/comments?post=5730"}],"version-history":[{"count":12,"href":"https:\/\/blogsaverroes.juntadeandalucia.es\/iescarbulaweb\/wp-json\/wp\/v2\/pages\/5730\/revisions"}],"predecessor-version":[{"id":7383,"href":"https:\/\/blogsaverroes.juntadeandalucia.es\/iescarbulaweb\/wp-json\/wp\/v2\/pages\/5730\/revisions\/7383"}],"up":[{"embeddable":true,"href":"https:\/\/blogsaverroes.juntadeandalucia.es\/iescarbulaweb\/wp-json\/wp\/v2\/pages\/2378"}],"wp:attachment":[{"href":"https:\/\/blogsaverroes.juntadeandalucia.es\/iescarbulaweb\/wp-json\/wp\/v2\/media?parent=5730"}],"curies":[{"name":"wp","href":"https:\/\/api.w.org\/{rel}","templated":true}]}}