{"id":6065,"date":"2024-01-20T12:55:45","date_gmt":"2024-01-20T11:55:45","guid":{"rendered":"https:\/\/blogsaverroes.juntadeandalucia.es\/iescarbulaweb\/?page_id=6065"},"modified":"2024-11-19T12:40:56","modified_gmt":"2024-11-19T11:40:56","slug":"programa-cima","status":"publish","type":"page","link":"https:\/\/blogsaverroes.juntadeandalucia.es\/iescarbulaweb\/programa-cima\/","title":{"rendered":"Programa CIMA"},"content":{"rendered":"<p>[et_pb_section fb_built=\u00bb1&#8243; admin_label=\u00bbSecci\u00f3n\u00bb _builder_version=\u00bb4.16&#8243; custom_margin=\u00bb|-73px||||\u00bb custom_padding=\u00bb0px||0px|\u00bb z_index_tablet=\u00bb500&#8243; box_shadow_horizontal_tablet=\u00bb0px\u00bb box_shadow_vertical_tablet=\u00bb0px\u00bb box_shadow_blur_tablet=\u00bb40px\u00bb box_shadow_spread_tablet=\u00bb0px\u00bb global_colors_info=\u00bb{}\u00bb][et_pb_row admin_label=\u00bbEncabezado\u00bb _builder_version=\u00bb4.16&#8243; background_size=\u00bbinitial\u00bb background_position=\u00bbtop_left\u00bb background_repeat=\u00bbrepeat\u00bb collapsed=\u00bboff\u00bb global_colors_info=\u00bb{}\u00bb][et_pb_column type=\u00bb4_4&#8243; _builder_version=\u00bb4.16&#8243; custom_padding=\u00bb|||\u00bb global_colors_info=\u00bb{}\u00bb custom_padding__hover=\u00bb|||\u00bb][et_pb_image src=\u00bbhttps:\/\/blogsaverroes.juntadeandalucia.es\/iescarbulaweb\/files\/2024\/01\/Logo-CIMA_max-calidad.png\u00bb title_text=\u00bbLogo-CIMA_max-calidad\u00bb admin_label=\u00bbImagen departamento\u00bb _builder_version=\u00bb4.16&#8243; width=\u00bb41%\u00bb max_width=\u00bb40%\u00bb module_alignment=\u00bbcenter\u00bb z_index_tablet=\u00bb500&#8243; box_shadow_horizontal_tablet=\u00bb0px\u00bb box_shadow_vertical_tablet=\u00bb0px\u00bb box_shadow_blur_tablet=\u00bb40px\u00bb box_shadow_spread_tablet=\u00bb0px\u00bb global_colors_info=\u00bb{}\u00bb][\/et_pb_image][et_pb_text _builder_version=\u00bb4.16&#8243; _module_preset=\u00bbdefault\u00bb global_colors_info=\u00bb{}\u00bb]<\/p>\n<h2>&nbsp;<\/h2>\n<h2 class=\"h2_cima_sidebar\">\u00bfQu\u00e9 es el programa CIMA?<\/h2>\n<p>Se trata de una herramienta pedag\u00f3gica para impulsar la innovaci\u00f3n y transformaci\u00f3n del proyecto educativo del centro (PE) desde el an\u00e1lisis, reflexi\u00f3n y evaluaci\u00f3n participativa garantizando la mejora continua y la personalizaci\u00f3n de los procesos seg\u00fan los centros de inter\u00e9s y necesidades del centro.<\/p>\n<p>El Programa CIMA surge con la misi\u00f3n de promover:<\/p>\n<ul>\n<li>El fomento y la coordinaci\u00f3n de la innovaci\u00f3n educativa a trav\u00e9s de proyectos integrales de transformaci\u00f3n y mejora de los aprendizajes.<\/li>\n<li>La gesti\u00f3n, coordinaci\u00f3n e integraci\u00f3n de las actuaciones y estrategias relativas a la innovaci\u00f3n educativa.<\/li>\n<li>La colaboraci\u00f3n y coordinaci\u00f3n con las instituciones competentes a nivel auton\u00f3mico, nacional e internacional en las tem\u00e1ticas relacionadas con los diferentes \u00e1mbitos de conocimiento y actuaci\u00f3n.<\/li>\n<li>La selecci\u00f3n, el reconocimiento y la difusi\u00f3n de pr\u00e1cticas educativas innovadoras.<\/li>\n<\/ul>\n<p>[\/et_pb_text][et_pb_text admin_label=\u00bbNoticias y Actividades\u00bb _builder_version=\u00bb4.16&#8243; _module_preset=\u00bbdefault\u00bb background_color=\u00bbrgba(0,0,0,0.01)\u00bb text_orientation=\u00bbcenter\u00bb min_height=\u00bb101px\u00bb custom_margin=\u00bb5px||14px|||\u00bb custom_padding=\u00bb0px||48px|||\u00bb box_shadow_style=\u00bbpreset2&#8243; global_colors_info=\u00bb{}\u00bb]<\/p>\n<h1>&nbsp;<\/h1>\n<h1>Lineas de actuaci\u00f3n<\/h1>\n<p>[\/et_pb_text][\/et_pb_column][\/et_pb_row][et_pb_row column_structure=\u00bb1_3,2_3&#8243; admin_label=\u00bbProfesorado\u00bb _builder_version=\u00bb4.16&#8243; _module_preset=\u00bbdefault\u00bb collapsed=\u00bboff\u00bb global_colors_info=\u00bb{}\u00bb][et_pb_column type=\u00bb1_3&#8243; _builder_version=\u00bb4.16&#8243; _module_preset=\u00bbdefault\u00bb global_colors_info=\u00bb{}\u00bb][et_pb_blurb image=\u00bbhttps:\/\/blogsaverroes.juntadeandalucia.es\/iescarbulaweb\/files\/2024\/01\/Cubo-verde_mouseover-1.png\u00bb image_icon_width=\u00bb70%\u00bb _builder_version=\u00bb4.16&#8243; _module_preset=\u00bbdefault\u00bb global_colors_info=\u00bb{}\u00bb][\/et_pb_blurb][\/et_pb_column][et_pb_column type=\u00bb2_3&#8243; _builder_version=\u00bb4.16&#8243; _module_preset=\u00bbdefault\u00bb global_colors_info=\u00bb{}\u00bb][et_pb_text _builder_version=\u00bb4.16&#8243; _module_preset=\u00bbdefault\u00bb global_colors_info=\u00bb{}\u00bb]<\/p>\n<p>&nbsp;<\/p>\n<table style=\"height: 240px;width: 100%;border-collapse: collapse;border-style: none\" border=\"0\">\n<tbody>\n<tr style=\"height: 127px\">\n<td style=\"width: 74.7232%;height: 127px\">\n<ul>\n<li><span style=\"font-size: 14pt\"><strong>Promoci\u00f3n de h\u00e1bitos de vida saludable<\/strong><\/span><\/li>\n<\/ul>\n<\/td>\n<td style=\"width: 25.2768%;height: 127px\">\n<p>Coordinador\/a:<\/p>\n<p>David de la Rosa<\/p>\n<p>&nbsp;<\/p>\n<\/td>\n<\/tr>\n<tr style=\"height: 113px\">\n<td style=\"width: 74.7232%;height: 113px\">\n<ul>\n<li><span style=\"font-size: 14pt\"><strong>Aldea. Educaci\u00f3n ambiental para la sostenibilidad<\/strong><\/span><\/li>\n<\/ul>\n<\/td>\n<td style=\"width: 25.2768%;height: 113px\">\n<p>&nbsp;<\/p>\n<p>Coordinador\/a:<\/p>\n<p>Gloria Gallardo<\/p>\n<p>&nbsp;<\/p>\n<\/td>\n<\/tr>\n<\/tbody>\n<\/table>\n<p>[\/et_pb_text][\/et_pb_column][\/et_pb_row][et_pb_row column_structure=\u00bb1_3,2_3&#8243; admin_label=\u00bbProfesorado\u00bb _builder_version=\u00bb4.16&#8243; _module_preset=\u00bbdefault\u00bb collapsed=\u00bboff\u00bb global_colors_info=\u00bb{}\u00bb][et_pb_column type=\u00bb1_3&#8243; _builder_version=\u00bb4.16&#8243; _module_preset=\u00bbdefault\u00bb global_colors_info=\u00bb{}\u00bb][et_pb_blurb image=\u00bbhttps:\/\/blogsaverroes.juntadeandalucia.es\/iescarbulaweb\/files\/2024\/01\/Cubo-azul_mouseover.png\u00bb image_icon_width=\u00bb70%\u00bb _builder_version=\u00bb4.16&#8243; _module_preset=\u00bbdefault\u00bb global_colors_info=\u00bb{}\u00bb][\/et_pb_blurb][\/et_pb_column][et_pb_column type=\u00bb2_3&#8243; _builder_version=\u00bb4.16&#8243; _module_preset=\u00bbdefault\u00bb global_colors_info=\u00bb{}\u00bb][et_pb_text _builder_version=\u00bb4.16&#8243; _module_preset=\u00bbdefault\u00bb global_colors_info=\u00bb{}\u00bb]<\/p>\n<p>&nbsp;<\/p>\n<table style=\"border-collapse: collapse;width: 100%;height: 240px\">\n<tbody>\n<tr style=\"height: 127px\">\n<td style=\"width: 74.7232%;height: 127px\">\n<ul>\n<li>\n<h2><strong>STEAM<\/strong><\/h2>\n<\/li>\n<\/ul>\n<\/td>\n<td style=\"width: 25.2768%;height: 127px\">\n<p>Coordinador\/a:<\/p>\n<p>Marta Madue\u00f1o<\/p>\n<p>&nbsp;<\/p>\n<\/td>\n<\/tr>\n<\/tbody>\n<\/table>\n<p>[\/et_pb_text][\/et_pb_column][\/et_pb_row][et_pb_row column_structure=\u00bb1_3,2_3&#8243; admin_label=\u00bbProfesorado\u00bb _builder_version=\u00bb4.16&#8243; _module_preset=\u00bbdefault\u00bb collapsed=\u00bboff\u00bb global_colors_info=\u00bb{}\u00bb][et_pb_column type=\u00bb1_3&#8243; _builder_version=\u00bb4.16&#8243; _module_preset=\u00bbdefault\u00bb global_colors_info=\u00bb{}\u00bb][et_pb_blurb image=\u00bbhttps:\/\/blogsaverroes.juntadeandalucia.es\/iescarbulaweb\/files\/2024\/01\/Cubo-rosa_mouseover.png\u00bb image_icon_width=\u00bb71%\u00bb content_max_width=\u00bb509px\u00bb _builder_version=\u00bb4.16&#8243; _module_preset=\u00bbdefault\u00bb global_colors_info=\u00bb{}\u00bb][\/et_pb_blurb][\/et_pb_column][et_pb_column type=\u00bb2_3&#8243; _builder_version=\u00bb4.16&#8243; _module_preset=\u00bbdefault\u00bb global_colors_info=\u00bb{}\u00bb][et_pb_text _builder_version=\u00bb4.16&#8243; _module_preset=\u00bbdefault\u00bb global_colors_info=\u00bb{}\u00bb]<\/p>\n<p>&nbsp;<\/p>\n<table style=\"border-collapse: collapse;width: 100%;height: 240px\">\n<tbody>\n<tr style=\"height: 127px\">\n<td style=\"width: 74.7232%;height: 127px\">\n<ul>\n<li>\n<h1><span style=\"font-size: 14pt\"><strong>Arte y Cultura<\/strong><\/span><\/h1>\n<\/li>\n<\/ul>\n<\/td>\n<td style=\"width: 25.2768%;height: 127px\">\n<p>Coordinador\/a:<\/p>\n<p>Pedro Sichar<\/p>\n<p>&nbsp;<\/p>\n<\/td>\n<\/tr>\n<tr style=\"height: 113px\">\n<td style=\"width: 74.7232%;height: 113px\">\n<ul>\n<li>\n<h1><span style=\"font-size: 14pt\"><strong>PLC, comunicaci\u00f3n y alfabetizaci\u00f3n medi\u00e1tica e informacional<\/strong><\/span><\/h1>\n<\/li>\n<\/ul>\n<\/td>\n<td style=\"width: 25.2768%;height: 113px\">\n<p>Coordinador\/a:<\/p>\n<p>Francisco Esquinas<\/p>\n<p>&nbsp;<\/p>\n<\/td>\n<\/tr>\n<\/tbody>\n<\/table>\n<p>[\/et_pb_text][\/et_pb_column][\/et_pb_row][et_pb_row admin_label=\u00bbNoticias Departamento\u00bb _builder_version=\u00bb4.16&#8243; _module_preset=\u00bbdefault\u00bb collapsed=\u00bboff\u00bb global_colors_info=\u00bb{}\u00bb][et_pb_column type=\u00bb4_4&#8243; _builder_version=\u00bb4.16&#8243; _module_preset=\u00bbdefault\u00bb global_colors_info=\u00bb{}\u00bb][et_pb_text admin_label=\u00bbNoticias y Actividades\u00bb _builder_version=\u00bb4.16&#8243; _module_preset=\u00bbdefault\u00bb background_color=\u00bbrgba(0,0,0,0.01)\u00bb text_orientation=\u00bbcenter\u00bb min_height=\u00bb101px\u00bb custom_margin=\u00bb5px||14px|||\u00bb custom_padding=\u00bb0px||48px|||\u00bb box_shadow_style=\u00bbpreset2&#8243; global_colors_info=\u00bb{}\u00bb]<\/p>\n<h1>&nbsp;<\/h1>\n<h1>Noticias y actividades<\/h1>\n<p>[\/et_pb_text][et_pb_blog posts_number=\u00bb5&#8243; include_categories=\u00bb165&#8243; _builder_version=\u00bb4.16&#8243; _module_preset=\u00bbdefault\u00bb custom_margin=\u00bb71px|||||\u00bb global_colors_info=\u00bb{}\u00bb][\/et_pb_blog][\/et_pb_column][\/et_pb_row][\/et_pb_section]<\/p>\n","protected":false},"excerpt":{"rendered":"<p>&nbsp; \u00bfQu\u00e9 es el programa CIMA? Se trata de una herramienta pedag\u00f3gica para impulsar la innovaci\u00f3n y transformaci\u00f3n del proyecto educativo del centro (PE) desde el an\u00e1lisis, reflexi\u00f3n y evaluaci\u00f3n participativa garantizando la mejora continua y la personalizaci\u00f3n de los procesos seg\u00fan los centros de inter\u00e9s y necesidades del centro. El Programa CIMA surge con [&hellip;]<\/p>\n","protected":false},"author":3731,"featured_media":0,"parent":0,"menu_order":0,"comment_status":"closed","ping_status":"closed","template":"","meta":{"_et_pb_use_builder":"on","_et_pb_old_content":"","_et_gb_content_width":"","ngg_post_thumbnail":0,"footnotes":""},"aioseo_notices":[],"_links":{"self":[{"href":"https:\/\/blogsaverroes.juntadeandalucia.es\/iescarbulaweb\/wp-json\/wp\/v2\/pages\/6065"}],"collection":[{"href":"https:\/\/blogsaverroes.juntadeandalucia.es\/iescarbulaweb\/wp-json\/wp\/v2\/pages"}],"about":[{"href":"https:\/\/blogsaverroes.juntadeandalucia.es\/iescarbulaweb\/wp-json\/wp\/v2\/types\/page"}],"author":[{"embeddable":true,"href":"https:\/\/blogsaverroes.juntadeandalucia.es\/iescarbulaweb\/wp-json\/wp\/v2\/users\/3731"}],"replies":[{"embeddable":true,"href":"https:\/\/blogsaverroes.juntadeandalucia.es\/iescarbulaweb\/wp-json\/wp\/v2\/comments?post=6065"}],"version-history":[{"count":14,"href":"https:\/\/blogsaverroes.juntadeandalucia.es\/iescarbulaweb\/wp-json\/wp\/v2\/pages\/6065\/revisions"}],"predecessor-version":[{"id":6910,"href":"https:\/\/blogsaverroes.juntadeandalucia.es\/iescarbulaweb\/wp-json\/wp\/v2\/pages\/6065\/revisions\/6910"}],"wp:attachment":[{"href":"https:\/\/blogsaverroes.juntadeandalucia.es\/iescarbulaweb\/wp-json\/wp\/v2\/media?parent=6065"}],"curies":[{"name":"wp","href":"https:\/\/api.w.org\/{rel}","templated":true}]}}