{"id":141,"date":"2015-03-17T07:13:24","date_gmt":"2015-03-17T07:13:24","guid":{"rendered":"http:\/\/blogsaverroes.juntadeandalucia.es\/pre\/ceip\/?page_id=141"},"modified":"2020-09-28T15:53:42","modified_gmt":"2020-09-28T15:53:42","slug":"escolarizacion","status":"publish","type":"page","link":"https:\/\/blogsaverroes.juntadeandalucia.es\/iescarlinda\/escolarizacion\/","title":{"rendered":"Escolarizaci\u00f3n"},"content":{"rendered":"<p><a href=\"https:\/\/blogsaverroes.juntadeandalucia.es\/iescarlinda\/files\/2015\/03\/escolarizaci\u00f3n.jpg\"><img loading=\"lazy\" decoding=\"async\" class=\"size-full wp-image-2743 alignnone aligncenter\" src=\"https:\/\/blogsaverroes.juntadeandalucia.es\/iescarlinda\/files\/2015\/03\/escolarizaci\u00f3n.jpg\" alt=\"\" width=\"1600\" height=\"784\" srcset=\"https:\/\/blogsaverroes.juntadeandalucia.es\/iescarlinda\/files\/2015\/03\/escolarizaci\u00f3n.jpg 1600w, https:\/\/blogsaverroes.juntadeandalucia.es\/iescarlinda\/files\/2015\/03\/escolarizaci\u00f3n-300x147.jpg 300w, https:\/\/blogsaverroes.juntadeandalucia.es\/iescarlinda\/files\/2015\/03\/escolarizaci\u00f3n-768x376.jpg 768w, https:\/\/blogsaverroes.juntadeandalucia.es\/iescarlinda\/files\/2015\/03\/escolarizaci\u00f3n-1024x502.jpg 1024w, https:\/\/blogsaverroes.juntadeandalucia.es\/iescarlinda\/files\/2015\/03\/escolarizaci\u00f3n-700x343.jpg 700w, https:\/\/blogsaverroes.juntadeandalucia.es\/iescarlinda\/files\/2015\/03\/escolarizaci\u00f3n-24x12.jpg 24w, https:\/\/blogsaverroes.juntadeandalucia.es\/iescarlinda\/files\/2015\/03\/escolarizaci\u00f3n-36x18.jpg 36w, https:\/\/blogsaverroes.juntadeandalucia.es\/iescarlinda\/files\/2015\/03\/escolarizaci\u00f3n-48x24.jpg 48w\" sizes=\"(max-width: 1600px) 100vw, 1600px\" \/><\/a>Esta secci\u00f3n puede contener cuanta informaci\u00f3n sea de utilidad para las familias a la hora de de iniciar el proceso de escolarizaci\u00f3n: plazos, documentos, normativa, enlaces, etc.<\/p>\n<p><a title=\"Portal escolarizaci\u00f3n\" href=\"http:\/\/www.juntadeandalucia.es\/educacion\/webportal\/web\/portal-escolarizacion\/infantil-primaria-eso-bachillerato\" target=\"_blank\" rel=\"noopener noreferrer\">Enlace al portal de escolarizaci\u00f3n.<\/a><\/p>\n<p><a title=\"Procedimiento\" href=\"https:\/\/www.juntadeandalucia.es\/educacion\/portals\/web\/educacion-permanente\/planes\/normativa\/escolarizacion\" target=\"_blank\" rel=\"noopener noreferrer\">Normativa<\/a>&nbsp;sobre el proceso de escolarizaci\u00f3n.<\/p>\n","protected":false},"excerpt":{"rendered":"<p>Esta secci\u00f3n puede contener cuanta informaci\u00f3n sea de utilidad para las familias a la hora de de iniciar el proceso de escolarizaci\u00f3n: plazos, documentos, normativa, enlaces, etc. Enlace al portal de escolarizaci\u00f3n. Normativa&nbsp;sobre el proceso de escolarizaci\u00f3n.<\/p>\n","protected":false},"author":1,"featured_media":0,"parent":0,"menu_order":0,"comment_status":"closed","ping_status":"open","template":"template-full-width.php","meta":{"ngg_post_thumbnail":0,"footnotes":"","_mc_calendar":[]},"aioseo_notices":[],"_links":{"self":[{"href":"https:\/\/blogsaverroes.juntadeandalucia.es\/iescarlinda\/wp-json\/wp\/v2\/pages\/141"}],"collection":[{"href":"https:\/\/blogsaverroes.juntadeandalucia.es\/iescarlinda\/wp-json\/wp\/v2\/pages"}],"about":[{"href":"https:\/\/blogsaverroes.juntadeandalucia.es\/iescarlinda\/wp-json\/wp\/v2\/types\/page"}],"author":[{"embeddable":true,"href":"https:\/\/blogsaverroes.juntadeandalucia.es\/iescarlinda\/wp-json\/wp\/v2\/users\/1"}],"replies":[{"embeddable":true,"href":"https:\/\/blogsaverroes.juntadeandalucia.es\/iescarlinda\/wp-json\/wp\/v2\/comments?post=141"}],"version-history":[{"count":7,"href":"https:\/\/blogsaverroes.juntadeandalucia.es\/iescarlinda\/wp-json\/wp\/v2\/pages\/141\/revisions"}],"predecessor-version":[{"id":2742,"href":"https:\/\/blogsaverroes.juntadeandalucia.es\/iescarlinda\/wp-json\/wp\/v2\/pages\/141\/revisions\/2742"}],"wp:attachment":[{"href":"https:\/\/blogsaverroes.juntadeandalucia.es\/iescarlinda\/wp-json\/wp\/v2\/media?parent=141"}],"curies":[{"name":"wp","href":"https:\/\/api.w.org\/{rel}","templated":true}]}}