{"id":162,"date":"2015-03-17T07:51:10","date_gmt":"2015-03-17T07:51:10","guid":{"rendered":"http:\/\/blogsaverroes.juntadeandalucia.es\/pre\/ceip\/?page_id=162"},"modified":"2025-09-26T11:11:12","modified_gmt":"2025-09-26T11:11:12","slug":"tecnologia","status":"publish","type":"page","link":"https:\/\/blogsaverroes.juntadeandalucia.es\/iescarlinda\/tecnologia\/","title":{"rendered":"Tecnolog\u00eda"},"content":{"rendered":"<p><span style=\"color: #ff0000\"><strong>Componentes del Departamento (curso 2025\/26):<\/strong><\/span><\/p>\n<ul>\n<li>D. Jose F. Navarro (Jefe de Departamento, Coordinador TDE, y Coordinador C\u00f3digo Escuela 4.0)<\/li>\n<\/ul>\n<p>&nbsp;<\/p>\n<p><span style=\"color: #ff0000\"><strong>Recuperaci\u00f3n de pendientes del curso anterior:<\/strong><\/span><\/p>\n<p>Para recuperar las materias pendientes habr\u00e1 que entregar y superar trimestralmente un cuadernillo de actividades o trabajo monogr\u00e1fico, y\/o realizar una prueba escrita de los contenidos m\u00ednimos requeridos.<\/p>\n<p>Las fechas de entrega de las tareas y\/o realizaci\u00f3n de las pruebas escritas ser\u00e1n las siguientes:<\/p>\n<ul style=\"list-style-type: disc\">\n<li>PRIMER TRIMESTRE: 5 de diciembre de 2025.<\/li>\n<li>SEGUNDO TRIMESTRE: 13 de marzo de 2026.<\/li>\n<li>TERCER TRIMESTRE: 5 de junio de 2026.<\/li>\n<\/ul>\n<p>Si no se entrega el cuadernillo, el alumno deber\u00e1 realizar una prueba escrita. El peso del cuadernillo, o en su caso de la prueba escrita, ser\u00e1 el 100% de la nota.<\/p>\n<p>&nbsp;<\/p>\n<p><span style=\"color: #ff0000\"><strong>Criterios de calificaci\u00f3n<\/strong><\/span><\/p>\n<p>Para superar la materia hay que cumplir 2 condiciones:<\/p>\n<ol>\n<li>Aprobar al menos 2 trimestres.<\/li>\n<li>La media aritm\u00e9tica de los 3 trimestres sea mayor o igual que 5.<\/li>\n<\/ol>\n<p>Los criterios de calificaci\u00f3n estar\u00e1n basados en la superaci\u00f3n de los diferentes criterios de evaluaci\u00f3n descritos en la Orden del 30 de mayo y, por tanto, de las competencias espec\u00edficas.<br \/>\nLa calificaci\u00f3n de la materia se calcular\u00e1 haciendo la media de las calificaciones de las Competencias Espec\u00edficas, las cuales a su vez se obtienen haciendo la media de las calificaciones de los Criterios de Evaluaci\u00f3n de cada Competencia Espec\u00edfica.<br \/>\nPara la evaluaci\u00f3n del alumnado se har\u00e1 una observaci\u00f3n continua y global de la evoluci\u00f3n del proceso de aprendizaje de cada alumno o alumna en relaci\u00f3n con los criterios de evaluaci\u00f3n y el grado de desarrollo de las competencias de la materia. Se har\u00e1 un seguimiento diario por parte del profesor de la materia. Se pretende con ello llevar un control de su trabajo diario, detectar dificultades y actuar en consecuencia para superarlas.<br \/>\nSe utilizar\u00e1n diferentes herramientas para la evaluaci\u00f3n de los distintos criterios, tales como:<br \/>\nSituaciones de aprendizaje, tareas, observaci\u00f3n directa, pruebas escritas y orales, trabajos propios o grupales, informes, proyectos, infograf\u00edas, presentaciones, r\u00fabricas, lecturas, entre otros, ajustados a los criterios de evaluaci\u00f3n y a las caracter\u00edsticas espec\u00edficas del alumnado, favoreciendo la coevaluaci\u00f3n y autoevaluaci\u00f3n por parte del propio alumnado.<\/p>\n<p>Materias impartidas por el Departamento:<\/p>\n<ul>\n<li>Computaci\u00f3n y Rob\u00f3tica: 1\u00ba ESO<\/li>\n<li>Tecnolog\u00eda y Digitalizaci\u00f3n: 2\u00ba y 3\u00ba ESO<\/li>\n<li><del>Tecnolog\u00eda: 4\u00ba ESO.<\/del><\/li>\n<li>Digitalizaci\u00f3n: 4\u00ba ESO.<\/li>\n<\/ul>\n<table style=\"width: 659px\" width=\"481\">\n<tbody>\n<tr>\n<td style=\"width: 219px\" width=\"160\"><strong>Grupo<\/strong><\/td>\n<td style=\"width: 219px\" width=\"160\"><strong>% Pruebas evaluables<\/strong><\/td>\n<td style=\"width: 221px\" width=\"161\"><strong>% Trabajos y Proyectos (*)<\/strong><\/td>\n<\/tr>\n<tr>\n<td style=\"width: 219px\" width=\"160\">1\u00ba E.S.O.<\/td>\n<td style=\"width: 219px\" width=\"160\">40<\/td>\n<td style=\"width: 221px\" width=\"161\">60<\/td>\n<\/tr>\n<tr>\n<td style=\"width: 219px\" width=\"160\">2\u00ba E.S.O.<\/td>\n<td style=\"width: 219px\" width=\"160\">40<\/td>\n<td style=\"width: 221px\" width=\"161\">60<\/td>\n<\/tr>\n<tr>\n<td style=\"width: 219px\" width=\"160\">3\u00ba E.S.O.<\/td>\n<td style=\"width: 219px\" width=\"160\">50<\/td>\n<td style=\"width: 221px\" width=\"161\">50<\/td>\n<\/tr>\n<tr>\n<td style=\"width: 219px\" width=\"160\">3\u00ba DIVER<\/td>\n<td style=\"width: 219px\" width=\"160\">40<\/td>\n<td style=\"width: 221px\" width=\"161\">60<\/td>\n<\/tr>\n<tr>\n<td style=\"width: 219px\" width=\"160\">4\u00ba E.S.O.<\/td>\n<td style=\"width: 219px\" width=\"160\">50<\/td>\n<td style=\"width: 221px\" width=\"161\">50<\/td>\n<\/tr>\n<tr>\n<td style=\"width: 219px\" width=\"160\">4\u00ba DIVER<\/td>\n<td style=\"width: 219px\" width=\"160\">40<\/td>\n<td style=\"width: 221px\" width=\"161\">60<\/td>\n<\/tr>\n<tr>\n<td style=\"width: 219px\" width=\"160\">&nbsp;<\/td>\n<td style=\"width: 219px\" width=\"160\">&nbsp;<\/td>\n<td style=\"width: 221px\" width=\"161\">&nbsp;<\/td>\n<\/tr>\n<\/tbody>\n<\/table>\n<p><strong>(*)<\/strong> Se entiende por &#8216;Trabajos y proyectos&#8217; lo siguiente:<\/p>\n<ul>\n<li>Cumplimentaci\u00f3n del cuaderno del alumno.<\/li>\n<li>Presentaci\u00f3n y limpieza del cuaderno.<\/li>\n<li>Actividades y pr\u00e1cticas inform\u00e1ticas.<\/li>\n<li>Actividades de lectura.<\/li>\n<li>Trabajos y fichas.<\/li>\n<li>Registro del trabajo individual y en grupo.<\/li>\n<li>Elaboraci\u00f3n de Informes t\u00e9cnicos y Memorias.<\/li>\n<li>Proyectos de construcci\u00f3n.<\/li>\n<li>Buena actitud y respecto al \u00e1rea.<\/li>\n<li>Otras actividades que pudieran surgir en el transcurso del curso.<\/li>\n<\/ul>\n","protected":false},"excerpt":{"rendered":"<p>Componentes del Departamento (curso 2025\/26): D. Jose F. Navarro (Jefe de Departamento, Coordinador TDE, y Coordinador C\u00f3digo Escuela 4.0) &nbsp; Recuperaci\u00f3n de pendientes del curso anterior: Para recuperar las materias pendientes habr\u00e1 que entregar y superar trimestralmente un cuadernillo de actividades o trabajo monogr\u00e1fico, y\/o realizar una prueba escrita de los contenidos m\u00ednimos requeridos. Las &hellip; <\/p>\n<p><a class=\"more-link btn\" href=\"https:\/\/blogsaverroes.juntadeandalucia.es\/iescarlinda\/tecnologia\/\">Seguir leyendo<\/a><\/p>\n","protected":false},"author":1,"featured_media":0,"parent":0,"menu_order":0,"comment_status":"closed","ping_status":"open","template":"","meta":{"ngg_post_thumbnail":0,"footnotes":"","_mc_calendar":[]},"aioseo_notices":[],"_links":{"self":[{"href":"https:\/\/blogsaverroes.juntadeandalucia.es\/iescarlinda\/wp-json\/wp\/v2\/pages\/162"}],"collection":[{"href":"https:\/\/blogsaverroes.juntadeandalucia.es\/iescarlinda\/wp-json\/wp\/v2\/pages"}],"about":[{"href":"https:\/\/blogsaverroes.juntadeandalucia.es\/iescarlinda\/wp-json\/wp\/v2\/types\/page"}],"author":[{"embeddable":true,"href":"https:\/\/blogsaverroes.juntadeandalucia.es\/iescarlinda\/wp-json\/wp\/v2\/users\/1"}],"replies":[{"embeddable":true,"href":"https:\/\/blogsaverroes.juntadeandalucia.es\/iescarlinda\/wp-json\/wp\/v2\/comments?post=162"}],"version-history":[{"count":19,"href":"https:\/\/blogsaverroes.juntadeandalucia.es\/iescarlinda\/wp-json\/wp\/v2\/pages\/162\/revisions"}],"predecessor-version":[{"id":5516,"href":"https:\/\/blogsaverroes.juntadeandalucia.es\/iescarlinda\/wp-json\/wp\/v2\/pages\/162\/revisions\/5516"}],"wp:attachment":[{"href":"https:\/\/blogsaverroes.juntadeandalucia.es\/iescarlinda\/wp-json\/wp\/v2\/media?parent=162"}],"curies":[{"name":"wp","href":"https:\/\/api.w.org\/{rel}","templated":true}]}}