{"id":168,"date":"2015-03-17T07:54:01","date_gmt":"2015-03-17T07:54:01","guid":{"rendered":"http:\/\/blogsaverroes.juntadeandalucia.es\/pre\/ceip\/?page_id=168"},"modified":"2025-11-14T19:01:17","modified_gmt":"2025-11-14T19:01:17","slug":"fp","status":"publish","type":"page","link":"https:\/\/blogsaverroes.juntadeandalucia.es\/iescarlinda\/fp\/","title":{"rendered":"Formaci\u00f3n Profesional"},"content":{"rendered":"<h2>Formaci\u00f3n Profesional B\u00e1sica (FPB)<\/h2>\n<p><span style=\"color: #ff0000\"><strong>Componentes del Departamento de Reforma y Mantenimiento de Edificios (curso 2025\/26)<\/strong><\/span><\/p>\n<ul>\n<li>Asunci\u00f3n Marcos Hern\u00e1ndez (Jefe de Departamento)<\/li>\n<li>Mar\u00eda Concepci\u00f3n Gonz\u00e1lez Fern\u00e1ndez<\/li>\n<\/ul>\n<p>&nbsp;<\/p>\n<p><span style=\"color: #ff0000\"><strong>Componentes del Departamento de Peluquer\u00eda y Est\u00e9tica (curso 2025\/26)<\/strong><\/span><\/p>\n<ul>\n<li>Antonio M. Prieto Pino<\/li>\n<li>Mar\u00eda Rodr\u00edguez Canillas<\/li>\n<\/ul>\n<p>&nbsp;<\/p>\n<p><span style=\"color: #ff0000\"><strong>Recuperaci\u00f3n de pendientes del curso anterior<\/strong><\/span><\/p>\n<p>&nbsp;<\/p>\n<p><span style=\"color: #ff0000\"><strong>Criterios de Calificaci\u00f3n<\/strong><\/span><\/p>\n<div>Cada m\u00f3dulo profesional est\u00e1 formado por una serie de unidades did\u00e1cticas, y a su vez \u00e9stas est\u00e1n vinculadas a uno o varios Resultados de Aprendizaje, que son los fines a conseguir de las mismas. Para conseguir este prop\u00f3sito nos apoyamos en unos criterios de evaluaci\u00f3n que se desarrollan para cada resultado de aprendizaje.<\/div>\n<div>El curso se divide en dos evaluaciones parciales y dos finales.<\/div>\n<div>La primera evaluaci\u00f3n parcial coincide con la Navidad y se obtiene con la media aritm\u00e9tica de las calificaciones de unidades did\u00e1cticas tratadas hasta ese momento en cada caso. Para superar cada unidad debe tener una calificaci\u00f3n mayor o igual que cinco puntos.<\/div>\n<div>La segunda evaluaci\u00f3n parcial se obtiene en marzo y la tercera para mayo con iguales caracter\u00edsticas a la primera. A su vez habr\u00e1 recuperaciones de las unidades did\u00e1cticas no superadas en cada trimestre al&nbsp;comienzo del siguiente.<\/div>\n<div>A principios de junio tiene lugar la primera evaluaci\u00f3n final, donde el alumnado tiene opci\u00f3n de aprobar por evaluaci\u00f3n cont\u00ednua o por curso en caso de tener todas las evaluaciones&nbsp;parciales superadas.<\/div>\n<div>A final de junio es la segunda evaluaci\u00f3n final, donde tras recuperar en junio las partes no superadas, el alumnado tendr\u00e1 opci\u00f3n de aprobar. Adem\u00e1s tendr\u00e1 lugar una prueba global del m\u00f3dulo para aquel alumnado que tenga todo sin superar.<\/div>\n<div>El alumnado que supere todo puede promocionar de curso.<\/div>\n","protected":false},"excerpt":{"rendered":"<p>Formaci\u00f3n Profesional B\u00e1sica (FPB) Componentes del Departamento de Reforma y Mantenimiento de Edificios (curso 2025\/26) Asunci\u00f3n Marcos Hern\u00e1ndez (Jefe de Departamento) Mar\u00eda Concepci\u00f3n Gonz\u00e1lez Fern\u00e1ndez &nbsp; Componentes del Departamento de Peluquer\u00eda y Est\u00e9tica (curso 2025\/26) Antonio M. Prieto Pino Mar\u00eda Rodr\u00edguez Canillas &nbsp; Recuperaci\u00f3n de pendientes del curso anterior &nbsp; Criterios de Calificaci\u00f3n Cada m\u00f3dulo &hellip; <\/p>\n<p><a class=\"more-link btn\" href=\"https:\/\/blogsaverroes.juntadeandalucia.es\/iescarlinda\/fp\/\">Seguir leyendo<\/a><\/p>\n","protected":false},"author":1,"featured_media":0,"parent":0,"menu_order":0,"comment_status":"closed","ping_status":"closed","template":"","meta":{"ngg_post_thumbnail":0,"footnotes":"","_mc_calendar":[]},"aioseo_notices":[],"_links":{"self":[{"href":"https:\/\/blogsaverroes.juntadeandalucia.es\/iescarlinda\/wp-json\/wp\/v2\/pages\/168"}],"collection":[{"href":"https:\/\/blogsaverroes.juntadeandalucia.es\/iescarlinda\/wp-json\/wp\/v2\/pages"}],"about":[{"href":"https:\/\/blogsaverroes.juntadeandalucia.es\/iescarlinda\/wp-json\/wp\/v2\/types\/page"}],"author":[{"embeddable":true,"href":"https:\/\/blogsaverroes.juntadeandalucia.es\/iescarlinda\/wp-json\/wp\/v2\/users\/1"}],"replies":[{"embeddable":true,"href":"https:\/\/blogsaverroes.juntadeandalucia.es\/iescarlinda\/wp-json\/wp\/v2\/comments?post=168"}],"version-history":[{"count":11,"href":"https:\/\/blogsaverroes.juntadeandalucia.es\/iescarlinda\/wp-json\/wp\/v2\/pages\/168\/revisions"}],"predecessor-version":[{"id":5592,"href":"https:\/\/blogsaverroes.juntadeandalucia.es\/iescarlinda\/wp-json\/wp\/v2\/pages\/168\/revisions\/5592"}],"wp:attachment":[{"href":"https:\/\/blogsaverroes.juntadeandalucia.es\/iescarlinda\/wp-json\/wp\/v2\/media?parent=168"}],"curies":[{"name":"wp","href":"https:\/\/api.w.org\/{rel}","templated":true}]}}