{"id":170,"date":"2015-03-17T07:55:32","date_gmt":"2015-03-17T07:55:32","guid":{"rendered":"http:\/\/blogsaverroes.juntadeandalucia.es\/pre\/ceip\/?page_id=170"},"modified":"2025-11-12T10:16:00","modified_gmt":"2025-11-12T10:16:00","slug":"ciencias","status":"publish","type":"page","link":"https:\/\/blogsaverroes.juntadeandalucia.es\/iescarlinda\/ciencias\/","title":{"rendered":"Ciencias"},"content":{"rendered":"<p><span style=\"color: #ff0000\"><strong>Componentes del Departamento (curso 2025\/26):<\/strong> <\/span><\/p>\n<ul>\n<li>D. Pedro Florido Moreno (Jefe de Departamento)<\/li>\n<li>D\u00f1a. Elena Quevedo Caro (Jefe del FEIE)<\/li>\n<\/ul>\n<p>&nbsp;<\/p>\n<p><span style=\"color: #ff0000\"><strong>Recuperaci\u00f3n de pendientes del curso anterior:<\/strong><\/span><\/p>\n<p>Para recuperar las materias pendientes habr\u00e1 que entregar y superar trimestralmente un cuadernillo de actividades. Durante cada trimestre, en el horario de clase, se asesorar\u00e1 y orientar\u00e1 al alumnado sobre la realizaci\u00f3n de las actividades propuestas. El peso del cuadernillo constituir\u00e1 la totalidad de la calificaci\u00f3n. De no entregarse el cuadernillo en alguno de los trimestres, el alumnado tendr\u00e1 que realizar una prueba escrita a final de curso para recuperar la materia pendiente. Las fechas de entrega de los cuadernillos al profesorado del departamento ser\u00e1n las siguientes:<\/p>\n<p>&nbsp;<\/p>\n<p>PRIMER TRIMESTRE: 1 a 5 de diciembre de 2025.<\/p>\n<p>SEGUNDO TRIMESTRE: 2 a 6 de marzo de 2026.<\/p>\n<p>TERCER TRIMESTRE: 25 a 29 de mayo de 2026.<\/p>\n<p>&nbsp;<\/p>\n<p><strong><span style=\"color: #ff0000\">Criterios de Calificaci\u00f3n<\/span><\/strong><\/p>\n<p>Para determinar la calificaci\u00f3n del alumnado no se ponderar\u00e1n los criterios de evaluaci\u00f3n, ni los instrumentos de evaluaci\u00f3n. Los criterios de calificaci\u00f3n har\u00e1n referencia a los criterios de evaluaci\u00f3n, pudiendo ser evaluados mediante diferentes instrumentos de evaluaci\u00f3n. De acuerdo a la normativa vigente, para determinar la calificaci\u00f3n final se tendr\u00e1 en cuenta lo establecido en la Orden de 30 de mayo de 2023.<\/p>\n<p>Cap\u00edtulo III. Secci\u00f3n 1\u00aa. Art\u00edculo 11: Procedimientos e instrumentos de evaluaci\u00f3n<\/p>\n<ol start=\"5\">\n<li>Los criterios de evaluaci\u00f3n contribuyen, en la misma medida, al grado de desarrollo de la competencia espec\u00edfica, por lo que tendr\u00e1n el mismo valor a la hora de determinar su grado de desarrollo.<\/li>\n<\/ol>\n<ul>\n<li>Los criterios de evaluaci\u00f3n contribuyen en la misma medida al desarrollo de la competencia espec\u00edfica.<\/li>\n<li>El conjunto de los criterios de evaluaci\u00f3n tiene el mismo valor en la materia.<\/li>\n<\/ul>\n","protected":false},"excerpt":{"rendered":"<p>Componentes del Departamento (curso 2025\/26): D. Pedro Florido Moreno (Jefe de Departamento) D\u00f1a. Elena Quevedo Caro (Jefe del FEIE) &nbsp; Recuperaci\u00f3n de pendientes del curso anterior: Para recuperar las materias pendientes habr\u00e1 que entregar y superar trimestralmente un cuadernillo de actividades. Durante cada trimestre, en el horario de clase, se asesorar\u00e1 y orientar\u00e1 al alumnado &hellip; <\/p>\n<p><a class=\"more-link btn\" href=\"https:\/\/blogsaverroes.juntadeandalucia.es\/iescarlinda\/ciencias\/\">Seguir leyendo<\/a><\/p>\n","protected":false},"author":1,"featured_media":0,"parent":0,"menu_order":0,"comment_status":"closed","ping_status":"closed","template":"","meta":{"ngg_post_thumbnail":0,"footnotes":"","_mc_calendar":[]},"aioseo_notices":[],"_links":{"self":[{"href":"https:\/\/blogsaverroes.juntadeandalucia.es\/iescarlinda\/wp-json\/wp\/v2\/pages\/170"}],"collection":[{"href":"https:\/\/blogsaverroes.juntadeandalucia.es\/iescarlinda\/wp-json\/wp\/v2\/pages"}],"about":[{"href":"https:\/\/blogsaverroes.juntadeandalucia.es\/iescarlinda\/wp-json\/wp\/v2\/types\/page"}],"author":[{"embeddable":true,"href":"https:\/\/blogsaverroes.juntadeandalucia.es\/iescarlinda\/wp-json\/wp\/v2\/users\/1"}],"replies":[{"embeddable":true,"href":"https:\/\/blogsaverroes.juntadeandalucia.es\/iescarlinda\/wp-json\/wp\/v2\/comments?post=170"}],"version-history":[{"count":25,"href":"https:\/\/blogsaverroes.juntadeandalucia.es\/iescarlinda\/wp-json\/wp\/v2\/pages\/170\/revisions"}],"predecessor-version":[{"id":5587,"href":"https:\/\/blogsaverroes.juntadeandalucia.es\/iescarlinda\/wp-json\/wp\/v2\/pages\/170\/revisions\/5587"}],"wp:attachment":[{"href":"https:\/\/blogsaverroes.juntadeandalucia.es\/iescarlinda\/wp-json\/wp\/v2\/media?parent=170"}],"curies":[{"name":"wp","href":"https:\/\/api.w.org\/{rel}","templated":true}]}}